{"id":3549,"date":"2019-02-05T12:54:36","date_gmt":"2019-02-05T12:54:36","guid":{"rendered":"https:\/\/www.nlq24.de\/?post_type=product&#038;p=3549"},"modified":"2026-04-13T18:39:35","modified_gmt":"2026-04-13T18:39:35","slug":"pinsel-fuer-glasflasche-din18","status":"publish","type":"product","link":"https:\/\/shop.nlq24.eu\/de\/Produkt\/pinsel-fuer-glasflasche-din18\/","title":{"rendered":"Pinsel Verschluss f\u00fcr Glasflasche DIN18"},"content":{"rendered":"<p><strong>Pinsel Verschluss f\u00fcr Glasflasche DIN18 wei\u00df oder schwarz<\/strong><\/p>\n<p><strong>Dieser Pinselverschluss erm\u00f6glicht es dir, Fl\u00fcssigkeiten aufzutragen.\u00a0<\/strong><\/p>\n<p>Er eignet sich insbesondere f\u00fcr die DIN18 Glasflaschen der Gr\u00f6\u00dfe 30 und 50 ml. Bei gr\u00f6\u00dferen Flaschen m\u00fcsste man diese kippen, damit der Pinsel an die Fl\u00fcssigkeit gelangt. Die Farbe des Schraubdeckelverschlusses ist <strong>wei\u00df oder schwarz<\/strong>, je nach Verf\u00fcgbarkeit.<\/p>\n<p>Der Pinsel ist best\u00e4ndig und wurde sogar in DMSO100 (L\u00f6semittel) getestet. Er hielt der Probe stand. Dazu wurde der Pinsel f\u00fcr 24 Stunden in DMSO100 eingetaucht. Wenn man diesen Test mit Einmalspritzen vornimmt, und DMSO darin aufzieht, erkennt man eine Schlierenbildung, welche anzeigt, dass sich etwas aus dem Kunststoff der Spritze l\u00f6st. Bei diesem Verschluss konnte dies nicht beobachtet werden, so dass eine Ausl\u00f6sung, sofern diese stattfindet, minimal w\u00e4re. Bein einer L\u00f6sung mit niedrigerer DMSO Konzentration ist kaum mit einer messbaren Ausl\u00f6sung zu rechnen. Best\u00e4ndigkeit liegt auf jeden Fall vor.<\/p>\n<p>Ben\u00f6tigst du diesen Pinsel gleich mit Flasche, findest du diesen <a href=\"https:\/\/shop.nlq24.eu\/produkt\/glasflasche-din18-slim-braun\/\">HIER<\/a><\/p>\n<p>&nbsp;<\/p>\n<p>&nbsp;<\/p>\n","protected":false},"excerpt":{"rendered":"<p>Pinselverschluss DIN18<\/p>\n","protected":false},"featured_media":87623,"comment_status":"open","ping_status":"closed","template":"","meta":[],"product_brand":[],"product_cat":[43,81,109,327],"product_tag":[530,531,724,725,726],"class_list":{"0":"post-3549","1":"product","2":"type-product","3":"status-publish","4":"has-post-thumbnail","6":"product_cat-dosieren-abmessen","7":"product_cat-alle-produkte-im-ueberblick","8":"product_cat-verschluesse-din18","9":"product_cat-verschluesse-und-zubehoer","10":"product_tag-din18","11":"product_tag-slim","12":"product_tag-pinselverschluss-din18","13":"product_tag-pinselverschluss","14":"product_tag-pinsel","15":"product_shipping_class-standard","17":"first","18":"instock","19":"taxable","20":"shipping-taxable","21":"purchasable","22":"product-type-variable"},"_links":{"self":[{"href":"https:\/\/shop.nlq24.eu\/de\/wp-json\/wp\/v2\/product\/3549","targetHints":{"allow":["GET"]}}],"collection":[{"href":"https:\/\/shop.nlq24.eu\/de\/wp-json\/wp\/v2\/product"}],"about":[{"href":"https:\/\/shop.nlq24.eu\/de\/wp-json\/wp\/v2\/types\/product"}],"replies":[{"embeddable":true,"href":"https:\/\/shop.nlq24.eu\/de\/wp-json\/wp\/v2\/comments?post=3549"}],"wp:featuredmedia":[{"embeddable":true,"href":"https:\/\/shop.nlq24.eu\/de\/wp-json\/wp\/v2\/media\/87623"}],"wp:attachment":[{"href":"https:\/\/shop.nlq24.eu\/de\/wp-json\/wp\/v2\/media?parent=3549"}],"wp:term":[{"taxonomy":"product_brand","embeddable":true,"href":"https:\/\/shop.nlq24.eu\/de\/wp-json\/wp\/v2\/product_brand?post=3549"},{"taxonomy":"product_cat","embeddable":true,"href":"https:\/\/shop.nlq24.eu\/de\/wp-json\/wp\/v2\/product_cat?post=3549"},{"taxonomy":"product_tag","embeddable":true,"href":"https:\/\/shop.nlq24.eu\/de\/wp-json\/wp\/v2\/product_tag?post=3549"}],"curies":[{"name":"wp","href":"https:\/\/api.w.org\/{rel}","templated":true}]}}