{"id":3592,"date":"2019-02-06T16:48:30","date_gmt":"2019-02-06T16:48:30","guid":{"rendered":"https:\/\/www.nlq24.de\/?post_type=product&#038;p=3592"},"modified":"2025-03-18T18:13:40","modified_gmt":"2025-03-18T18:13:40","slug":"doser-einsatz-fuer-doser-system-10-28-mm","status":"publish","type":"product","link":"https:\/\/shop.nlq24.eu\/de\/Produkt\/doser-einsatz-fuer-doser-system-10-28-mm\/","title":{"rendered":"Doser-Einsatz f\u00fcr Doser-System 10, 28 mm"},"content":{"rendered":"<p class=\"Normal\"><strong>Der Doser-Einsatz f\u00fcr Doser-System 10, 28 mm<\/strong>\u00a0ist auch ein Teil vom <strong><span class=\"tm6\">Doser-System f\u00fcr Glasflaschen der Gr\u00f6\u00dfe PP28, also 28 mm Flaschen\u00f6ffnung.<br \/>\n<\/span><\/strong><\/p>\n<p class=\"Normal\">Dieser kleine Kunststoff-Einsatz nennt sich <strong>Doser-Einsatz<\/strong>. Er kann in Flaschen der Gr\u00f6\u00dfe PP28 hineingepresst werden. Nach dem Hineinpressen vom Doser-Einsatz in den Flaschenhals, wurde dieser so verkleinert, dass der Doser (Dosierspritze) genau in die \u00d6ffnung des Flaschen Einsatzes passt. So kannst du mit dem Einsatz und dem passenden Doser, Fl\u00fcssigkeiten entnehmen und dabei gleichzeitig abmessen.<\/p>\n<p class=\"Normal\">Das Tolle an dem gesamten Doser-System ist, dass du die Fl\u00fcssigkeit beim Aufziehen in den Doser gleichzeitig abmessen kannst. Dies erm\u00f6glicht die Skala, welche im Kolben des Dosers angebracht ist.<\/p>\n<p>&nbsp;<\/p>\n<h2>Verschiedene F\u00fcllmengen m\u00f6glich<\/h2>\n<p>W\u00e4hle, welche Dosierspritze zu ben\u00f6tigst. Zur Auswahl stehen, die 10 ml sowie die 5 ml Spritze.<\/p>\n<h2>Kaufe im Set<\/h2>\n<p>Du kannst den Doser-Einsatz f\u00fcr Doser-System 10, 28 mm und den Doser (Spritze) auch als Set erhalten.<\/p>\n<p>Dieses gibt es in zwei Varianten:<br \/>\n1. das <a href=\"https:\/\/shop.nlq24.eu\/produkt\/doser-cdh-doser-10-ml\/\"><span style=\"color: #0000ff;\"><strong>Doser-System f\u00fcr Braunglasflaschen der Gr\u00f6\u00dfe PP28<\/strong><\/span><\/a>.<br \/>\n2. das <strong><a href=\"https:\/\/shop.nlq24.eu\/produkt\/doser-doser-system-fuer-mironglasflaschen\/\">Doser-System f\u00fcr Miron-Glasflaschen<\/a><\/strong> der Gr\u00f6\u00dfe PP28<\/p>\n<p class=\"Normal\">Ben\u00f6tigst du eine Flasche inclusive Doser-System, kannst du hier eine<strong><a href=\"https:\/\/shop.nlq24.eu\/produkt\/doser-system-flasche\/\"> Flasche mit die Doser-System<\/a><\/strong>, kaufen.<\/p>\n<p class=\"Normal\">Ben\u00f6tigst du nur einen Doser (Dosierspritze) findest du diese <a href=\"https:\/\/shop.nlq24.eu\/produkt\/doser-cdh-doser-10-ml\/\"><span style=\"color: #0000ff;\"><strong>hier.<\/strong><\/span><\/a><\/p>\n","protected":false},"excerpt":{"rendered":"<p>Doser-Einsatz f\u00fcr Doser-System 10, 28 mm<\/p>\n","protected":false},"featured_media":3597,"comment_status":"open","ping_status":"closed","template":"","meta":[],"product_brand":[],"product_cat":[43,46,81,3742],"product_tag":[678,733,82,286,294],"class_list":{"0":"post-3592","1":"product","2":"type-product","3":"status-publish","4":"has-post-thumbnail","6":"product_cat-dosieren-abmessen","7":"product_cat-doser-fuer-pp28-flaschen","8":"product_cat-alle-produkte-im-ueberblick","9":"product_cat-alle-doser-systeme","10":"product_tag-doser-system","11":"product_tag-einsatz","12":"product_tag-doser","13":"product_tag-dosierspritze","14":"product_tag-doser-einsatz","15":"product_shipping_class-standard","16":"pa_milliliter-10-ml","17":"pa_milliliter-5-ml","19":"first","20":"instock","21":"taxable","22":"shipping-taxable","23":"purchasable","24":"product-type-variable"},"_links":{"self":[{"href":"https:\/\/shop.nlq24.eu\/de\/wp-json\/wp\/v2\/product\/3592","targetHints":{"allow":["GET"]}}],"collection":[{"href":"https:\/\/shop.nlq24.eu\/de\/wp-json\/wp\/v2\/product"}],"about":[{"href":"https:\/\/shop.nlq24.eu\/de\/wp-json\/wp\/v2\/types\/product"}],"replies":[{"embeddable":true,"href":"https:\/\/shop.nlq24.eu\/de\/wp-json\/wp\/v2\/comments?post=3592"}],"wp:featuredmedia":[{"embeddable":true,"href":"https:\/\/shop.nlq24.eu\/de\/wp-json\/wp\/v2\/media\/3597"}],"wp:attachment":[{"href":"https:\/\/shop.nlq24.eu\/de\/wp-json\/wp\/v2\/media?parent=3592"}],"wp:term":[{"taxonomy":"product_brand","embeddable":true,"href":"https:\/\/shop.nlq24.eu\/de\/wp-json\/wp\/v2\/product_brand?post=3592"},{"taxonomy":"product_cat","embeddable":true,"href":"https:\/\/shop.nlq24.eu\/de\/wp-json\/wp\/v2\/product_cat?post=3592"},{"taxonomy":"product_tag","embeddable":true,"href":"https:\/\/shop.nlq24.eu\/de\/wp-json\/wp\/v2\/product_tag?post=3592"}],"curies":[{"name":"wp","href":"https:\/\/api.w.org\/{rel}","templated":true}]}}