{"id":391,"date":"2018-12-12T17:42:27","date_gmt":"2018-12-12T17:42:27","guid":{"rendered":"https:\/\/www.nlq24.de\/?post_type=product&#038;p=391"},"modified":"2026-04-17T07:07:07","modified_gmt":"2026-04-17T07:07:07","slug":"himalaya-salz-naturrein-1-kg","status":"publish","type":"product","link":"https:\/\/shop.nlq24.eu\/de\/Produkt\/himalaya-salz-naturrein-1-kg\/","title":{"rendered":"Himalaya Salz naturrein Natao"},"content":{"rendered":"<p class=\"Normal\"><strong><u><span class=\"tm5\">Natao Himalaya Salz ist ein Ur-Salz.<\/span><\/u><\/strong><\/p>\n<p class=\"Normal\">Dieses weltbekannte Salz ist von nat\u00fcrlicher Qualit\u00e4t. Es ist frei von Zusatzstoffen und Rieselhilfen. Optimal auch zur Krisenvorsorge&#8230;.<br \/>\nDas gesch\u00e4tzte Alter dieses Salz liegt bei \u00fcber 200 Millionen Jahren. Ein naturreines Erbe des Ur-Meeres. Ein Heer von Alexander des Gro\u00dfen entdeckte einst die Vorkommen. Daher wir es auch \u201eAlexandersalz\u201c genannt.<\/p>\n<p class=\"Normal\">Dieses Natursalz liegt gut gesch\u00fctzt vor Umwelteinfl\u00fcssen und Verschmutzungen der modernen Welt. Es ist verborgen unter Felsen. Das Salz liegt in einer Tiefe von bis zu 600 Metern. In der Zeit der Entstehung gab es die heutige Umweltverschmutzung noch nicht. Zudem wird Himalaya-Salz ohne Chemie abgebaut. Daher gilt es als besonders rein. Das Salz besteht aus einheitlichen gro\u00dfen Salzkristallen im Vergleich zu den relativ kleinen Salzkristallen des Meersalzes. Bei der Entstehung von Salzgestein entscheiden die Mineralstoffe des damaligen Urmeeres \u00fcber seine Bestandteile. Schon seit der Entdeckung dieses Salzes, wird es schonend per Hand abgebaut. Das gr\u00f6\u00dfte Abbaugebiet liegt ca. 250 km vom Himalaya Gebirge entfernt in Pakistan. Jedoch geh\u00f6rt es aus geografischer Sicht zum Gebiet im Himalaya. Kritiker meinen, dass die Namensgebung irref\u00fchrend w\u00e4re, da das Himalaya Salz in einem anderen H\u00f6henzug abgebaut w\u00fcrde.<\/p>\n<h3>Vergleich zu Natriumchlorid &#8222;Speisesalz&#8220;<\/h3>\n<p class=\"Normal\">Zwar stecken im Himalaya Salz bis zu 98% des gew\u00f6hnlichen Natriumchlorids, jedoch garantieren die Abbaumethoden eine besonders hohe Reinheit und die Freiheit von Umweltgiften. Das ist der wesentliche Unterschied zu Meersalz. Himalaya Salz ist also frei von Teilen von Mikro-Plastik, Erd\u00f6l oder anderen nicht erw\u00fcnschten Spurenelementen. Die 2 % an Spurenelementen im Himalaya Salz aber haben definitiv eine gesundheitsf\u00f6rdernde Wirkung. Das Eisenoxyd, welches man an der sch\u00f6nen Rotf\u00e4rbung dieses Salzes erkennt, soll sich positiv auf den H\u00e4moglobin-Haushalt auswirken. Als Badezusatz pflegt es die Haut, wie das Wasser des Urmeeres. Angeblich geh\u00f6rt es zu den nat\u00fcrlichen Geheimnissen von Sch\u00f6nheit.<\/p>\n<p class=\"Normal\">Neben dem Eisengehalt wurden Kalzium, Magnesium, Mangan, Kalium, Kobalt, Fluorid und Kupfer in chemischen Analysen nachgewiesen. Geben wir unseren Fischen nur das Beste, denn es eignet sich wunderbar f\u00fcr Salzwasseraquarien.<\/p>\n<p class=\"Normal\">\n","protected":false},"excerpt":{"rendered":"<p>Himalaya Salz, Ursalz<\/p>\n","protected":false},"featured_media":88633,"comment_status":"open","ping_status":"closed","template":"","meta":[],"product_brand":[],"product_cat":[38,81,2879,3825],"product_tag":[564,303,304,307,308],"class_list":{"0":"post-391","1":"product","2":"type-product","3":"status-publish","4":"has-post-thumbnail","6":"product_cat-mineralien","7":"product_cat-alle-produkte-im-ueberblick","8":"product_cat-weihnachtstipps","9":"product_cat-salze-steinsalze","10":"product_tag-himalaya","11":"product_tag-himalaya-salz","12":"product_tag-salz","13":"product_tag-natursalz","14":"product_tag-ursalz","15":"product_shipping_class-standard","17":"first","18":"instock","19":"taxable","20":"shipping-taxable","21":"purchasable","22":"product-type-simple"},"_links":{"self":[{"href":"https:\/\/shop.nlq24.eu\/de\/wp-json\/wp\/v2\/product\/391","targetHints":{"allow":["GET"]}}],"collection":[{"href":"https:\/\/shop.nlq24.eu\/de\/wp-json\/wp\/v2\/product"}],"about":[{"href":"https:\/\/shop.nlq24.eu\/de\/wp-json\/wp\/v2\/types\/product"}],"replies":[{"embeddable":true,"href":"https:\/\/shop.nlq24.eu\/de\/wp-json\/wp\/v2\/comments?post=391"}],"wp:featuredmedia":[{"embeddable":true,"href":"https:\/\/shop.nlq24.eu\/de\/wp-json\/wp\/v2\/media\/88633"}],"wp:attachment":[{"href":"https:\/\/shop.nlq24.eu\/de\/wp-json\/wp\/v2\/media?parent=391"}],"wp:term":[{"taxonomy":"product_brand","embeddable":true,"href":"https:\/\/shop.nlq24.eu\/de\/wp-json\/wp\/v2\/product_brand?post=391"},{"taxonomy":"product_cat","embeddable":true,"href":"https:\/\/shop.nlq24.eu\/de\/wp-json\/wp\/v2\/product_cat?post=391"},{"taxonomy":"product_tag","embeddable":true,"href":"https:\/\/shop.nlq24.eu\/de\/wp-json\/wp\/v2\/product_tag?post=391"}],"curies":[{"name":"wp","href":"https:\/\/api.w.org\/{rel}","templated":true}]}}