{"id":39143,"date":"2019-09-19T10:38:11","date_gmt":"2019-09-19T10:38:11","guid":{"rendered":"https:\/\/www.nlq24.de\/?post_type=product&#038;p=39143"},"modified":"2026-02-16T18:39:09","modified_gmt":"2026-02-16T18:39:09","slug":"cdl3000-long-chlordioxid-loesung-unaktiviert-mit-aktivator","status":"publish","type":"product","link":"https:\/\/shop.nlq24.eu\/de\/Produkt\/cdl3000-long-chlordioxid-loesung-unaktiviert-mit-aktivator\/","title":{"rendered":"CDH3000 LONG Chlordioxid L\u00f6sung unaktiviert"},"content":{"rendered":"<p><span style=\"font-size: 100%;\">Diese CDH3000 LONG Chlordioxid L\u00f6sung unaktiviert b<\/span><span style=\"font-size: 100%;\">esteht aus 2 Komponenten<\/span><\/p>\n<p>Perfekt f\u00fcr eine sp\u00e4tere Aktivierung der Frequenzen.<\/p>\n<p>&nbsp;<\/p>\n<h3><strong>Praktische Aktivierung:<\/strong><\/h3>\n<p>Der Aktivator Salzs\u00e4ure 4% befindet sich in einer kleinen gesonderten Flasche. Nach dem \u00d6ffnen beider Flaschen dr\u00fccke den Aktivator aus der kleinen Flasche komplett direkt in die Stamml\u00f6sung (gro\u00dfe Glasflasche). Diese danach gleich wieder verschlie\u00dfen. Hast du ein Doser-System mit Doser (Dosierspritze) gekauft, dr\u00fccke den Dosereinsatz (kleines rundes Plastik mit kleinem Loch) mit dem Daumen fest in die Glasflasche und schraube den Deckel wieder auf die Flasche. Die L\u00f6sung aktiviert sich nun \u00fcber 6 -12 Stunden bei Raumtemperatur zu einer fertigen L\u00f6sung. F\u00fcr eine l\u00e4ngere Lagerung empfiehlt sich die Lagerung an einem k\u00fchlen Ort.<\/p>\n<p>Die besonderen Frequenzen dieser Fl\u00fcssigkeiten k\u00f6nnen mit einem Orgonstrahler oder Urteilchenstrahler auf andere Objekte eingeschwungen werden.<\/p>\n<h3><strong>Perfekte Mischung:<\/strong><\/h3>\n<p>Die Komponenten sind genau aufeinander abgestimmt und berechnet so dass Sie daraus eine perfekte Chlordioxid L\u00f6sung (CDL) &lt; 0,3 % erhalten.<\/p>\n<h3><strong>Inhalt des Sets:<\/strong><\/h3>\n<p><span style=\"font-size: 100%;\"><strong>Stamml\u00f6sung:<\/strong> Natriumchlorit-L\u00f6sung 1,8%, verd\u00fcnnt aus Natriumchlorit 25%. <\/span><span style=\"font-size: 100%;\">Bei der Stamml\u00f6sung handelt es sich um ein EU Qualit\u00e4tsprodukt. Sie hat <strong>keine<\/strong> technische oder Industrie-Qualit\u00e4t.\u00a0 <strong>A<\/strong><\/span><span style=\"font-size: 100%;\"><strong>ktivator:<\/strong> Salzs\u00e4ure 4% in gesonderter Flasche.<\/span><\/p>\n<p>&nbsp;<\/p>\n<p><span class=\"style7\"><strong>CDH3000 LONG vorsichtig verwenden und vor Gebrauch stets Etikett und Produktinformationen lesen.<\/strong><\/span><\/p>\n<h3><span class=\"style7\"><span style=\"font-size: 85%;\">Gefahren- und Sicherheitshinweise f\u00fcr die stoffliche L\u00f6sung<\/span><br \/>\n<\/span><\/h3>\n<p><span class=\"style7\"><strong>Natriumchlorit 1,8 %:<br \/>\n<\/strong><strong><br \/>\n<\/strong><\/span><span style=\"color: #282828;\"><span style=\"color: #282828;\">Hinweise:<br \/>\nBei Verschlucken: Reichlich Wasser zur Verd\u00fcnnung trinken.<\/span><\/span><\/p>\n<hr \/>\n<p><span class=\"style7\"><strong>f\u00fcr den Aktivator: <\/strong><\/span><\/p>\n<p><span class=\"style7\"><strong>Salzs\u00e4ure 4%:<br \/>\n<\/strong><strong><img loading=\"lazy\" decoding=\"async\" class=\"alignnone wp-image-34427\" src=\"https:\/\/shop.nlq24.eu\/wp-content\/uploads\/2019\/01\/Achtung-Gefahrzeichen-Pictogram.jpg\" alt=\"\" width=\"67\" height=\"67\" \/><br \/>\nAchtung<br \/>\n<\/strong><\/span>Kann gegen\u00fcber Metallen korrosiv sein. Verursacht Hautreizungen. Verursacht schwere Augenreizung. Bei Kontakt mit den Augen: Einige Minuten lang behutsam mit Wasser sp\u00fclen. Vorhandene Kontaktlinsen nach M\u00f6glichkeit entfernen. Weiter sp\u00fclen. Bei Verschlucken: Mund aussp\u00fclen. Kein Erbrechen herbeif\u00fchren. Schutzhandschuhe\/Schutzkleidung\/ Augenschutz\/Gesichtsschutz tragen. Bei der Mischung der Stamml\u00f6sung Natriumchlorit 1,8% und S\u00e4ure entsteht Chlordioxid-Gas.<\/p>\n<p>&nbsp;<\/p>\n<hr \/>\n<h4><strong>F\u00fcr die aktivierte CDH3000 LONG Chlordioxid L\u00f6sung beachte<\/strong><strong>:<\/strong><\/h4>\n<p>Die fertige L\u00f6sung dann bitte vor Licht sch\u00fctzen, um die Frequenzen zu erhalten. Nicht erhitzen. M\u00f6glichst k\u00fchl lagern. Die entstandene L\u00f6sung kann unverd\u00fcnnt organisches Material entf\u00e4rben. Nach Einatmen von \u00fcber der Fl\u00fcssigkeit befindlichem Gas, sorge f\u00fcr Frischluft. Bei Kontakt mit den Augen, sp\u00fcle das Auge bei ge\u00f6ffnetem Lidspalt mit Wasser. Nach versehentlichem Verschlucken, trinke reichlich Wasser zur Verd\u00fcnnung. Solltest du anhaltende Beschwerden haben, suche einen Arzt oder Heilpraktiker auf. Lasse keine gr\u00f6\u00dferen Mengen in die Kanalisation oder Gew\u00e4sser gelangen. Lagere es k\u00fchl und vor Licht gesch\u00fctzt in der geschlossenen Flasche.<\/p>\n<p>Die besonderen Frequenzen dieser L\u00f6sung k\u00f6nnen mit einem Orgonstrahler oder Urteilchenstrahler auf andere Objekte eingeschwungen werden.<\/p>\n<hr \/>\n<p>Suchst du eine fertig aktivierte Chlordioxid L\u00f6sung, schaue <span style=\"color: #0000ff;\"><a style=\"color: #0000ff;\" href=\"https:\/\/shop.nlq24.eu\/produkt\/cdh3000-chlordioxid-loesung\/\"><strong>hier<\/strong>.<\/a><\/span><br \/>\nSoll diese in einer Flasche mit perfektem Lichtschutz geliefert werden, schaue dir einfach einmal das <a href=\"https:\/\/shop.nlq24.eu\/produkt\/cdh3000-premium-chlordioxid-loesung-03-in-mironglas\/\"><strong>CDH3000 Premium<\/strong><\/a> an. Hier sind die Frequenzen noch intensiver und langanhaltender durch das Mironglas gesch\u00fctzt.<\/p>\n<p>&nbsp;<\/p>\n<p>Qualit\u00e4t unter dem Namen <a href=\"https:\/\/www.natao.org\/cdh3000-cdl-wasserdesinfektion.htm\">OX-IT<\/a><\/p>\n","protected":false},"excerpt":{"rendered":"<p>CDH3000 LONG Chlordioxid L\u00f6sung (CDL) unaktiviert<span class=\"style7\">.<\/span><\/p>\n","protected":false},"featured_media":70748,"comment_status":"open","ping_status":"closed","template":"","meta":[],"product_brand":[],"product_cat":[3415,81],"product_tag":[123,1660,1661,1662,1831,188,576],"class_list":{"0":"post-39143","1":"product","2":"type-product","3":"status-publish","4":"has-post-thumbnail","6":"product_cat-cdh3000-long-unaktiviert-laenger-haltbar","7":"product_cat-alle-produkte-im-ueberblick","8":"product_tag-cds","9":"product_tag-cdh3000-long","10":"product_tag-cdh3000-lang-haltbar","11":"product_tag-cdl-laenger-haltbar","12":"product_tag-chlorine-dioxide-solution-2","13":"product_tag-chlordioxid-set","14":"product_tag-aktivator","15":"product_shipping_class-standard","16":"pa_milliliter-250-ml","17":"pa_milliliter-500-ml","18":"pa_milliliter-1000-ml","19":"pa_milliliter-2-x-500-ml","21":"first","22":"instock","23":"taxable","24":"shipping-taxable","25":"purchasable","26":"product-type-variable"},"_links":{"self":[{"href":"https:\/\/shop.nlq24.eu\/de\/wp-json\/wp\/v2\/product\/39143","targetHints":{"allow":["GET"]}}],"collection":[{"href":"https:\/\/shop.nlq24.eu\/de\/wp-json\/wp\/v2\/product"}],"about":[{"href":"https:\/\/shop.nlq24.eu\/de\/wp-json\/wp\/v2\/types\/product"}],"replies":[{"embeddable":true,"href":"https:\/\/shop.nlq24.eu\/de\/wp-json\/wp\/v2\/comments?post=39143"}],"wp:featuredmedia":[{"embeddable":true,"href":"https:\/\/shop.nlq24.eu\/de\/wp-json\/wp\/v2\/media\/70748"}],"wp:attachment":[{"href":"https:\/\/shop.nlq24.eu\/de\/wp-json\/wp\/v2\/media?parent=39143"}],"wp:term":[{"taxonomy":"product_brand","embeddable":true,"href":"https:\/\/shop.nlq24.eu\/de\/wp-json\/wp\/v2\/product_brand?post=39143"},{"taxonomy":"product_cat","embeddable":true,"href":"https:\/\/shop.nlq24.eu\/de\/wp-json\/wp\/v2\/product_cat?post=39143"},{"taxonomy":"product_tag","embeddable":true,"href":"https:\/\/shop.nlq24.eu\/de\/wp-json\/wp\/v2\/product_tag?post=39143"}],"curies":[{"name":"wp","href":"https:\/\/api.w.org\/{rel}","templated":true}]}}