{"id":399,"date":"2018-12-13T12:44:54","date_gmt":"2018-12-13T12:44:54","guid":{"rendered":"https:\/\/www.nlq24.de\/?post_type=product&#038;p=399"},"modified":"2026-04-03T13:46:05","modified_gmt":"2026-04-03T13:46:05","slug":"tachyon-anhaenger-pure-energy","status":"publish","type":"product","link":"https:\/\/shop.nlq24.eu\/de\/Produkt\/tachyon-anhaenger-pure-energy\/","title":{"rendered":"Tachyon Anh\u00e4nger &#8211; Energie-Anh\u00e4nger"},"content":{"rendered":"<div>\n<div><strong>Tachyonen Energie Anh\u00e4nger &#8222;Pure Energy&#8220;<br \/>\n<\/strong><\/div>\n<div>\n<p class=\"western\"><span lang=\"de-DE\">Dieser Tachyon Anh\u00e4nger &#8211; Energie Anh\u00e4nger hat laut Hersteller eine Power von 6000-7000 nio. (negative Ionen). Den Ion Test k\u00f6nnen Sie unten im Video sehen. <\/span><\/p>\n<p class=\"western\"><span lang=\"de-DE\">Ihr zus\u00e4tzlicher Bonus ist die beigef\u00fcgte <\/span>Autentiti\u00e4ts-<span lang=\"de-DE\">Karte. Sie hat auch noch einmal 2000 nio. <\/span>Ein Schmuckst\u00fcck mit richtig Power.<\/p>\n<\/div>\n<p><span lang=\"de-DE\">\u2022 Gr\u00f6\u00dfe: 43 mm<\/span><\/p>\n<\/div>\n<p><strong>Neue Charge jetzt eingetroffen und wieder verf\u00fcgbar! Mit noch mehr Power als zuvor!<\/strong><\/p>\n<p>Schon Nicola Tesla beschrieb die freie Energie, welche auch als Tachyonen bezeichnet werden.<\/p>\n<h3><strong>Die Geschichte der Tachyon Energie:<\/strong><\/h3>\n<p class=\"Normal\">Die Entdeckung der Tachyon Energie kann James Clark Maxwell zugeschrieben werden. Er war Schotte und wurde im 19. Jahrhundert geboren. Maxwell war ein mathematisches Genie. Seine Arbeit f\u00fchrte zur Entwicklung der Quantenphysik. Albert Einstein arbeitete auf Maxwells Erkenntnissen weiter und entdeckte dabei schlie\u00dflich die Relativit\u00e4tstheorie.<\/p>\n<p class=\"Normal\">Es dauerte jedoch noch f\u00fcnfzig Jahre nach der Entdeckung von Maxwell, bis die Existenz der Tachyon Energie bewiesen wurde. Nikola Tesla wurde um 1856-1857 in Jugoslawien geboren. Erst im Jahre 1891 wurde er US-B\u00fcrger. Er demonstrierte schlie\u00dflich die Existenz dieser Form der Energie. Auf der Basis von Maxwells Arbeiten begann er bald, die Tachyon Energie zu nutzen. Und dies, ganz ohne Kabel. Tesla bezeichnete diese Energie als <strong><span class=\"tm6\">freie Energie <\/span><\/strong>oder <strong><span class=\"tm6\">universelle Wellen<\/span><\/strong>. Albert Einstein erkannte die Existenz dieser Form von Energie erst in den 1920 er Jahren.<\/p>\n<p class=\"Normal\">Nikola Tesla wird in der Regel als der Vater der Tachyon-Energie betrachtet. Seine Namen f\u00fcr diese Energie waren: <strong><span class=\"tm6\">Tachyon Energie<\/span><\/strong>, <strong><span class=\"tm6\">Nullpunkt Energie<\/span><\/strong> oder auch <strong><span class=\"tm6\">strahlende Energie<\/span><\/strong>. Es handelt sich um eine subtile, harmonisierende Energie. Es ist eine Energie, die sich harmonisierend auf die Materie der Sch\u00f6pfung auswirkt. Die Wissenschaft hat erst vor Kurzem die Existenz und positive Wirkung unter Beweis gestellt. Sie forscht auch an der Nutzung f\u00fcr gesundheitliche Zwecke.<\/p>\n<p class=\"Normal\">Mittlerweile gibt es eine M\u00f6glichkeit diese regenerierende Energie auf Gegenst\u00e4nde zu \u00fcbertragen. Diese &#8222;tachyonisierten&#8220; Gegenst\u00e4nde geben dann diese harmonisierende Energie ab. Sie sind wie Antennen. Es handelt sich aber nicht um eine Strahlung im herk\u00f6mmlichen Sinne. Je nach Gr\u00f6\u00dfe des tachyonisierten Gegenstandes und der Intensit\u00e4t, k\u00f6nne man diese auch f\u00fcr die Gesundung und Gesundheitserhaltung nutzen. So schreibt es der Hersteller. Um so gr\u00f6\u00dfer das Objekt, desto mehr Wirkung also. Dies gilt ebenfalls f\u00fcr den Power-Level der negativen Ionen.<\/p>\n<h3><strong>Was ist ein Tachyon-Anh\u00e4nger?<\/strong><\/h3>\n<p class=\"Normal\">Seine Mineralien sind strukturell miteinander verbunden und h\u00e4ngen auf molekularer Ebene zusammen. Der Anh\u00e4nger gibt die Tachyon Energie ab. Dies soll helfen, das k\u00f6rpereigene Bio-Energiefeld zu verbessern. Der Quanten Tachyon-Anh\u00e4nger f\u00f6rdert den positiven Energiefluss und hilft, die Energie im Gleichgewicht zu halten oder auch auszugleichen. Durch die Wiederherstellung einer harmonischen Energiebilanz st\u00e4rke\u00a0 er das Wohlbefinden. Er pushe den Energielevel auf ein harmonisches Ma\u00df. Der Tachyon-Anh\u00e4nger basiert auf einer japanischen Technologie. Er soll die Tachyon Energie sofort in Bio-Energie verwandeln. Die Bio-Energie in unserem K\u00f6rper f\u00f6rdert dann die molekularen energetischen Aktivit\u00e4ten der Wassermolek\u00fcle in uns.<\/p>\n<h3><strong>Woraus ist der Tachyon-Anh\u00e4nger?<\/strong><\/h3>\n<p class=\"Normal\">Der Tachyon-Anh\u00e4nger wird aus nat\u00fcrlichen Mineralien hergestellt (vulkanische Lava &#8211; Keramik). Diese ist fixiert und strukturell miteinander auf molekularer Ebene gebunden sind.<\/p>\n<h3><strong>Wie benutzt man den Quantum Tachyon-Anh\u00e4nger?<\/strong><\/h3>\n<p class=\"Normal\">Sie k\u00f6nnen diesen an einer Kette, an dem mitgelieferten Lederband oder in auch der Tasche tragen. Die Tachyon Energie aus dem Anh\u00e4nger arbeitet sich in ihren K\u00f6rper von au\u00dfen nach innen. Das \u00e4u\u00dferliche Tragen soll das k\u00f6rperliche Bio-Energiefeld verbessern. Innerlich wirke er sich energetisch auf die Permeabilit\u00e4t der Zellen (Durchl\u00e4ssigkeit der Zellen) aus. Dies verbessere dadurch das Wohlbefinden.<\/p>\n<h3><strong>Wie soll der Tachyon-Anh\u00e4nger funktionieren?<\/strong><\/h3>\n<p class=\"Normal\">Im Allgemeinen wurden die Anh\u00e4nger daf\u00fcr kreiert, um sofort den Energielevel zu erh\u00f6hen und damit die geistige Fitness zu steigern. Andere berichten von einer Erh\u00f6hung der Ausdauer, Schutz vor sch\u00e4dlichen elektromagnetischen Strahlung. Weiterhin die Verbesserung des Gleichgewichtssinnes. Auch von zunehmender Steigerung der Widerstandsf\u00e4higkeit gegen Stress. Manche Benutzer sagen, dass sogar Schmerzen allm\u00e4hlich verschwinden w\u00fcrden. Bei Bedarf k\u00f6nne der Tachyon Anh\u00e4nger hierzu direkt \u00fcber die schmerzende Stelle gerieben werden.<\/p>\n<h3><strong>Wie schnell kann man Auswirkungen sp\u00fcren und erleben?<\/strong><\/h3>\n<p class=\"Normal\">Einige Menschen meinen, innerhalb weniger Stunden Ver\u00e4nderungen zu registrieren, w\u00e4hrend andere diese erst nach bis zu einem Monat bemerken. Wenn nach einem Monat keine Ver\u00e4nderung zu bemerken ist, kann man den Anh\u00e4nger zum Vergleich eine Woche lang nicht tragen, um sich dann der Ver\u00e4nderungen bewusst zu werden.<\/p>\n<p class=\"Normal\">H\u00e4ufige Fragen:<\/p>\n<p class=\"Normal\"><strong><span class=\"tm6\">Ist Anh\u00e4nger magnetisch?<\/span><\/strong> Nein, er ist nicht magnetisch.<\/p>\n<p class=\"Normal\"><strong><span class=\"tm6\">Welche Beweise gibt es, dass die Tachyon Energie, flie\u00dft?<\/span><\/strong> Es gibt drei bemerkenswerte Tests die Auswirkungen der Tachyon Energie auf Ihren K\u00f6rper zu demonstrieren.<br \/>\n1. Den kinesiologischen Test (Arm-druck-Test)<br \/>\n2. Einen Test mit einer radionischen Ausr\u00fcstung<br \/>\n3. Die Kirlian-Fotografie. Sie zeigt die verst\u00e4rkende, harmonisierende Energie als Abstrahlung in dem aufgenommenen Bild.<\/p>\n<h3><strong>Gibt es \u201eNebenwirkungen\u201c durch den Tachyon-Anh\u00e4nger?<\/strong><\/h3>\n<p class=\"Normal\">Nein, denn es handelt sich nat\u00fcrlich nicht um ein Medikament. Er ist nicht magnetisch, nicht elektrisch und nicht radioaktiv. Einige Tr\u00e4ger haben jedoch von einem seltsamen oder komischen Gef\u00fchl, w\u00e4hrend der ersten paar Tage gesprochen. Dies k\u00f6nnte auf die Anpassung des K\u00f6rpers auf die erh\u00f6hende, harmonisierende Energie hinweisen. Wenn das Gef\u00fchl nicht angenehmer wird, solle man den Anh\u00e4nger zun\u00e4chst nur f\u00fcr ein paar Stunden am Tag tragen. Schlie\u00dflich kann man die Tragezeit nach und nach erh\u00f6hen.<\/p>\n<h3><strong>Wie energetisiert man damit Wasser?<\/strong><\/h3>\n<p class=\"Normal\">Dazu soll man den Tachyon-Anh\u00e4nger neben oder unter eine Tasse, Flasche oder Karaffe mit Wasser, f\u00fcr etwa f\u00fcnfzehn Minuten, legen. Dieses energetisierte Wasser soll dann ausgezeichnet zur Trinkwasserversorgung dienen. Das gilt auch f\u00fcr der Verwendung bei Tieren und der Bew\u00e4sserung von Pflanzen. Grunds\u00e4tzlich kann auch jede andere Fl\u00fcssigkeit wie Saft, Wein und Bier energetisiert werden. Viele Anwender sagen, dass auch Wein und Bier harmonischer schmecken w\u00fcrden.<\/p>\n<p><strong><span class=\"tm19\">Hinweis: <\/span><\/strong><span class=\"tm18\">Lesen Sie den Haftungsausschluss am Ende dieses Dokumentes.<\/span><\/p>\n<h3 class=\"Normal\"><strong><span class=\"tm6\">Fake Anh\u00e4nger?<br \/>\n<\/span><\/strong><\/h3>\n<p class=\"Normal\">Lassen Sie sich nicht verunsichern. Manche Anbieter behaupten, dass die Anh\u00e4nger, die ich auch im Sortiment f\u00fchre, vermeintlich unecht seien. Jeder Anbieter versucht, sich abzugrenzen und ein Alleinstellungsmerkmal zu erreichen. Zudem wird nat\u00fcrlich versucht einen m\u00f6glichst hohen Preis zu erzielen (bis zu 200 \u20ac). Aus diesem Grunde werden Qualit\u00e4tsmerkmale erfunden, die der Hersteller dann entsprechend auf Wunsch anbringt. Die kann zum Beispiel ein Passwort sein. Es soll die &#8222;Echtheit&#8220; beweisen. Dann wird behauptet, dass andere Produkte dieser Art, F\u00e4lschungen w\u00e4ren. Und das, obwohl sie h\u00e4ufig sogar von demselben Hersteller stammen. Die &#8222;Fakes&#8220; w\u00e4ren viel zu billig und m\u00fcssten viel mehr kosten, hei\u00dft es dann. Manche versuchen eben, aus den gleichen Grundstoffen und derselben Bearbeitung sehr viel mehr Geld zu schlagen.<\/p>\n<p class=\"Normal\">Wenn man sich die, mittlerweile alten, englischen Videos aber genau ansieht und richtig zuh\u00f6rt, stellt man fest, dass dort gar nicht wirklich behauptet wird, dass &#8222;andere&#8220; Anh\u00e4nger nicht funktionieren. Auch die Fragen unter den &#8222;YouTube Videos&#8220; nach der Echtheit und der Wirksamkeit oder Nicht-Wirksamkeit der anderen Anh\u00e4nger gegen\u00fcber den dort vorgestellten Anh\u00e4ngern, werden nicht beantwortet.<\/p>\n<p class=\"Normal\">Offenbar ein Fake \u00fcber einen angeblichen Fake? Der Hersteller, der das zweifelhafte Video dort gepostet hat, ist \u00fcbrigens nicht mehr existent.<\/p>\n<h3><strong>Meine Tachyonen Energie Anh\u00e4nger<\/strong><\/h3>\n<p class=\"Normal\">Die von mir angebotenen Anh\u00e4nger verf\u00fcgen \u00fcber eine Identifikationsnummer, die sich auf der Originalit\u00e4ts-Karte findet. \u00dcbrigens: Manche dieser &#8222;Aufkl\u00e4rer&#8220; kaufen sogar bei demselben Hersteller von dem die angeblichen &#8222;Fakes&#8220; stammen. Mit anderen Worten: Es sind die selben Anh\u00e4nger, von der Grundsubstanz und Bearbeitung. Sie haben lediglich eine Marke daraus gemacht und ein paar optische Ver\u00e4nderungen machen lassen, die der Hersteller f\u00fcr sie umgesetzt hat. Damit wird dann der hohe Preis gerechtfertigt. Es gibt noch viel h\u00f6here Preise, damit ist es aber nicht hilfreicher oder seri\u00f6ser, sondern das Gegenteil. Es wird hier gezielt versucht, Verunsicherung zu stiften, um einen h\u00f6heren Preis zu erzielen. Dann wird auch noch das Schreckenswort Radioaktivit\u00e4t in das Spiel gebracht. Die von mir angebotenen Anh\u00e4nger weisen keine ungew\u00f6hnliche Radioaktivit\u00e4t auf. Sonst d\u00fcrften diese gar nicht transportiert werden.<\/p>\n<h3>Haben die Anh\u00e4nger tats\u00e4chlich die Energie?<\/h3>\n<p>Hier finden Sie das Video, welches den Test zeigt:<\/p>\n<div style=\"width: 960px;\" class=\"wp-video\"><video class=\"wp-video-shortcode\" id=\"video-399-1\" width=\"960\" height=\"544\" loop autoplay preload=\"metadata\" controls=\"controls\"><source type=\"video\/mp4\" src=\"https:\/\/shop.nlq24.eu\/wp-content\/uploads\/2021\/01\/Test-Tachyon-Anhaenger.mp4?_=1\" \/><a href=\"https:\/\/shop.nlq24.eu\/wp-content\/uploads\/2021\/01\/Test-Tachyon-Anhaenger.mp4\">https:\/\/shop.nlq24.eu\/wp-content\/uploads\/2021\/01\/Test-Tachyon-Anhaenger.mp4<\/a><\/video><\/div>\n<p class=\"Normal\">Ich habe die Anh\u00e4nger selbst mit einigen Bekannten getestet, bevor ich diese in mein Sortiment aufgenommen habe. Testen Sie den Anh\u00e4nger einfach unvoreingenommen selbst. F\u00fchlen und h\u00f6ren Sie mal in sich hinein. Dann werden Sie die Antwort f\u00fcr sich bekommen. Sollte Ihnen der Anh\u00e4nger nichts bringen w\u00e4re er immer noch ein sch\u00f6ner Schmuck.<\/p>\n<p>&nbsp;<\/p>\n<h3 class=\"Normal\"><strong><u><span class=\"tm6\">Haftungsausschluss \/ Nutzungsbedingungen f\u00fcr Tachyon Produkte<\/span><\/u><\/strong><\/h3>\n<p class=\"Normal\"><strong><span class=\"tm6\">Inhalt:<\/span><\/strong> Die Texte auf meiner Website erheben keinen Anspruch auf naturwissenschaftliche Vollst\u00e4ndigkeit. Tachyonen Produkte und deren Anwendung ersetzen keinesfalls Unterst\u00fctzung oder Therapie durch einen Arzt, Heilpraktiker oder anderer medizinischen oder psychologischen Therapeuten. Diese Produkte dienen nicht als Alternative zu klassischem Heilmitteln und Methoden, sondern als Hilfsmittel f\u00fcr ein besseres Wohlbefinden. Die Messverfahren, welche die Wirkung nachweisen k\u00f6nnen, werden nur nach <u>aktuellen wissenschaftlichen Standards<\/u> nicht anerkannt. Aber was ist Wissenschaft und kann diese auf alles zutreffen? Sie versucht, alles zu erkl\u00e4ren. Aber erst, nachdem es bereits da ist und funktioniert. Zudem besteht sie immer wieder aus Versuch und Irrtum. Dazu unten mehr.<\/p>\n<p class=\"Normal\">Die genannten Eigenschaften dieser Produkte beruhen alle auf praktischen Erfahrungen. Ich kann f\u00fcr die dargestellten Anwendungen und Erfahrungen sowie die Ausf\u00fchrungen des Herstellers weder eine Haftung noch eine Garantie \u00fcbernehmen. Ich \u00fcbernehme keine Haftung f\u00fcr evtl. Fehlanwendungen. Ich gebe keine Heilversprechen. Der Anwender und Besteller dieser Produkte wird darauf hingewiesen, dass die Nutzung nur seiner eigenen Verantwortung unterstellt bleibt. Sollten gesundheitliche St\u00f6rungen bei den Anwendern auftreten, die die Anwender in Zusammenhang mit den Produkten sehen, so bitte ich um R\u00fcckmeldung. Gleichzeitig mache ich darauf aufmerksam, dass bei jeder physischen oder psychischen Befindlichkeitsst\u00f6rung auf jeden Fall ein entsprechender Arzt, Therapeut oder psychologischer Sachverst\u00e4ndiger zur Hilfe herangezogen werden sollte. Tachyon Produkte d\u00fcrfen Sie weder essen, noch herunterschlucken. Sie sind auch keine Spielzeuge f\u00fcr unbeaufsichtigte Kleinkinder. Nur unter diesen Bedingungen vertreibe ich diese Produkte und gebe die Informationen, die ich dazu gesammelt habe, weiter. Es gibt weltweit viele zufriedene Anwender.<\/p>\n<h3><strong>Zu wissenschaftlichen Standards:<\/strong><\/h3>\n<p class=\"Normal\">Physiker versprechen immer wieder, eine umfassende Theorie zu entwickeln, welches die gesamte Welt erkl\u00e4rt. Dabei m\u00fcsste jeder wissen, der sich diese Disziplin zu seinem Beruf gemacht hat, dass sogar in l\u00e4ngst fertig geglaubten Theorien, teils gewaltige Unstimmigkeiten vorherrschen.<\/p>\n<p class=\"Normal\">Die Physik ist einer der fundamentalsten der Naturwissenschaften. So zumindest, sehen es die Physiker. Diese Ansicht, und Sichtweise pr\u00e4gt nat\u00fcrlich auch die Art und Weise, wie die Physik gelehrt wird. Man glaubt, die Wissenschaft w\u00e4re allumfassend, frei von inneren Widerspr\u00fcchen, mit schl\u00fcssigem Konzept immer richtig.<\/p>\n<p class=\"Normal\">Je weiter sich ein Physiker entwickelt, desto auff\u00e4lliger m\u00fcsste ihm manche Widerspr\u00fcchlichkeit auffallen.<\/p>\n<p class=\"Normal\">Jedem ist doch bei genauerem Nachdenken klar, dass noch immer viele wirklich grundlegende Fragen nicht beantwortet sind. Zum Beispiel bei der Masse der Tr\u00e4gheit. Welcher physikalische Mechanismus steckt nun dahinter?<\/p>\n<p class=\"Normal\">Wie viele Dimensionen besitzt ein Raum? Wirklich nur drei? Schon weit vor diesen Fragen gibt es gro\u00dfe L\u00fccken. Dennoch pr\u00e4sentiert die &#8222;Wissenschaft&#8220; ihre Themen als vollst\u00e4ndig verstanden und erkl\u00e4rt. Man glaubt, vieles erkl\u00e4ren zu k\u00f6nnen. Aber es bleibt auch meist beim Glauben. Aber Glaube ist in Wirklichkeit keine Wissenschaft. Sondern ihr Vorl\u00e4ufer. Man behauptet einfach, dass es f\u00fcr jedes Problem eine exakte L\u00f6sung g\u00e4be. Aber dem ist leider in der Wirklichkeit nicht so. Schon zwei verschiedene Einfl\u00fcsse machen eine genaue Berechnung unm\u00f6glich. Meist treffen aber weit mehr als zwei zusammen.<\/p>\n<p class=\"Normal\">Was ich damit sagen will, ist, dass die Wissenschaft ein Versuch ist, das Bestehende und Erlebte zu erkl\u00e4ren. Mehr aber auch nicht. Nicht umsonst war Einstein auch so ehrlich und nannte seine Relativit\u00e4ts<strong>theorie<\/strong> eine Theorie.<\/p>\n<p class=\"Normal\">Die Welt der subatomaren Teilchen und der Quantenphysik bringen jede Menge Mysterien hervor. Die Frage ist letztlich, ob man auf die Erkl\u00e4rung, also die Wissenschaft warten sollte, bis man Dinge und M\u00f6glichkeiten nutzt.<\/p>\n","protected":false},"excerpt":{"rendered":"<p>Tachyon Anh\u00e4nger &#8222;Pure Energy&#8220; 43 mm<\/p>\n","protected":false},"featured_media":74233,"comment_status":"open","ping_status":"closed","template":"","meta":[],"product_brand":[],"product_cat":[81,225],"product_tag":[517,518,729,233,309,504,516],"class_list":{"0":"post-399","1":"product","2":"type-product","3":"status-publish","4":"has-post-thumbnail","6":"product_cat-alle-produkte-im-ueberblick","7":"product_cat-tachyon-produkte","8":"product_tag-tachyon","9":"product_tag-anhaenger","10":"product_tag-bioenergie","11":"product_tag-negative-ionen","12":"product_tag-tachyon-anhaenger","13":"product_tag-energy","14":"product_tag-scalar","15":"product_shipping_class-standard","16":"pa_stueck-156","17":"pa_stueck-6er-set","19":"first","20":"instock","21":"taxable","22":"shipping-taxable","23":"purchasable","24":"product-type-simple"},"_links":{"self":[{"href":"https:\/\/shop.nlq24.eu\/de\/wp-json\/wp\/v2\/product\/399","targetHints":{"allow":["GET"]}}],"collection":[{"href":"https:\/\/shop.nlq24.eu\/de\/wp-json\/wp\/v2\/product"}],"about":[{"href":"https:\/\/shop.nlq24.eu\/de\/wp-json\/wp\/v2\/types\/product"}],"replies":[{"embeddable":true,"href":"https:\/\/shop.nlq24.eu\/de\/wp-json\/wp\/v2\/comments?post=399"}],"wp:featuredmedia":[{"embeddable":true,"href":"https:\/\/shop.nlq24.eu\/de\/wp-json\/wp\/v2\/media\/74233"}],"wp:attachment":[{"href":"https:\/\/shop.nlq24.eu\/de\/wp-json\/wp\/v2\/media?parent=399"}],"wp:term":[{"taxonomy":"product_brand","embeddable":true,"href":"https:\/\/shop.nlq24.eu\/de\/wp-json\/wp\/v2\/product_brand?post=399"},{"taxonomy":"product_cat","embeddable":true,"href":"https:\/\/shop.nlq24.eu\/de\/wp-json\/wp\/v2\/product_cat?post=399"},{"taxonomy":"product_tag","embeddable":true,"href":"https:\/\/shop.nlq24.eu\/de\/wp-json\/wp\/v2\/product_tag?post=399"}],"curies":[{"name":"wp","href":"https:\/\/api.w.org\/{rel}","templated":true}]}}