{"id":407,"date":"2018-12-13T19:28:27","date_gmt":"2018-12-13T19:28:27","guid":{"rendered":"https:\/\/www.nlq24.de\/?post_type=product&#038;p=407"},"modified":"2024-12-12T19:37:15","modified_gmt":"2024-12-12T19:37:15","slug":"tachyon-nano-energie-schuessel-1-stueck","status":"publish","type":"product","link":"https:\/\/shop.nlq24.eu\/de\/Produkt\/tachyon-nano-energie-schuessel-1-stueck\/","title":{"rendered":"Tachyon Nano-Energie-Sch\u00fcssel"},"content":{"rendered":"<div>\n<div class=\"western\">Preis f\u00fcr 1 St\u00fcck Tachyon Nano Sch\u00fcsselchen<\/div>\n<div class=\"western\"><\/div>\n<div class=\"western\">Power: 2000 nio. jedoch gro\u00dfe Oberfl\u00e4che<\/div>\n<div class=\"western\"><span lang=\"de-DE\"><b>Material: <\/b><\/span><span lang=\"de-DE\">Keramik mit Tachyon Energie<\/span><\/div>\n<div class=\"western\"><span lang=\"de-DE\">Durchmesser: ca. 9,8 cm<\/span><\/div>\n<div>Sie ist nur zur Verteilung von Tachyon Energie in die Umgebung konstruiert, nicht als Trinkgef\u00e4\u00df. Aufstellung z.B. im K\u00fchlschrank zur Energetiesierung.<\/div>\n<\/div>\n<div><strong><span class=\"tm19\"><br \/>\nHinweis: <\/span><\/strong><span class=\"tm18\"><span class=\"tm18\">Lesen Sie den Haftungsausschluss am Ende dieses Dokumentes.<\/span><\/span>Schon Nicola Tesla beschrieb die freie Energie die als Tachyonen bezeichnet werden. Geschichte der Tachyon Energie Die Entdeckung der Tachyon Energie kann James Clark Maxwell zugeschrieben werden, ein Schotte, der im 19. Jahrhundert geboren wurde. Maxwell war ein mathematisches Genie, dessen Arbeit zur Entwicklung der Quantenphysik gef\u00fchrt hat. Albert Einstein arbeitete auf Maxwells Erkenntnisse und entdeckte dabei die \u201eRelativit\u00e4tstheorie&#8220;.<\/div>\n<div>\n<p>Es dauerte jedoch noch f\u00fcnfzig Jahre nach der Maxwell-Entdeckung, bis die Existenz der Tachyon Energie bewiesen wurde. Nikola Tesla, der in Jugoslawien um 1856-1857 geboren wurde, demonstrierte die Existenz dieser Form der Energie. Tesla wurde im Jahr 1891 US-B\u00fcrger. Auf der Basis von Maxwells Arbeiten begann er bald, die Tachyon Energie zu nutzen. Und das ganz ohne Kabel. Tesla bezeichnete diese Energie als freie Energie oder universelle Wellen. Albert Einstein erkannte die Existenz dieser Form von Energie und durch Bezugnahme auf die Tachyon Energie in den 1920er Jahren.<\/p>\n<p>Nikola Tesla ist in der Regel als der Vater der Tachyon-Energie betrachtet. Teslas Namen f\u00fcr diese Energie, waren: &#8222;Tachyon Energie&#8220; oder &#8222;Nullpunkt Energie&#8220; oder auch &#8222;strahlende Energie.&#8220; Es ist eine subtile harmonisierende Energie. Die Wissenschaft hat erst vor kurzem die Existenz und positive Wirkung unter Beweis gestellt und forscht an der Nutzung f\u00fcr gesundheitliche Zwecke. Es ist eine Energie, die sich harmonisierend auf die \u201eMaterie der Sch\u00f6pfung\u201c auswirkt.<br \/>\nMittlerweile gibt eine M\u00f6glichkeit diese regenerierende Energie auf Gegenst\u00e4nde zu \u00fcbertragen. Diese tachyonisierten Gegenst\u00e4nde \u201estrahlen\u201c dann die harmonisierende Energie ab. Es handelt sich aber nicht um eine Strahlung im herk\u00f6mmlichen Sinne. Je nach Gr\u00f6\u00dfe und Intensit\u00e4t k\u00f6nne man diese auch f\u00fcr die Gesundung und Gesunderhaltung nutzen, so der Hersteller. Um so gr\u00f6\u00dfer das Objekt, desto mehr Wirkung. Dies gilt ebenfalls f\u00fcr den Powerlevel.<\/p>\n<\/div>\n<div>\n<p class=\"Textbody\"><strong><u><span class=\"tm8\">Haftungsausschluss \/ Nutzungsbedingungen f\u00fcr Tachyon Produkte<br \/>\n<\/span><\/u><\/strong><strong><span class=\"Strong_Emphasis\">Inhalt:<\/span><\/strong> Die Texte auf meiner Website erheben keinen Anspruch auf naturwissenschaftliche Vollst\u00e4ndigkeit. Tachyonen Produkte und deren Anwendung ersetzen keinesfalls Unterst\u00fctzung oder Therapie eines Arztes, Heilpraktikers oder anderer medizinischer oder psychologischer Therapeuten oder Sachverst\u00e4ndigen. Die Produkte dienen nicht als Alternative zu klassischem Heilmitteln und Methoden, sondern als Hilfsmittel f\u00fcr ein besseres Wohlbefinden. Die Messverfahren, welche die Wirkung nachweisen k\u00f6nnen, werden nach <u><a href=\"http:\/\/www.spektrum.de\/alias\/wissenschaftstheorie\/die-physik-ein-baufaelliger-turm-von-babel\/1139123\" data-cke-saved-href=\"http:\/\/www.spektrum.de\/alias\/wissenschaftstheorie\/die-physik-ein-baufaelliger-turm-von-babel\/1139123\">aktuellen wissenschaftlichen Standards<\/a><\/u> nicht anerkannt. Die genannten Eigenschaften dieser Produkte beruhen alle auf praktischen Erfahrungen. Ich kann f\u00fcr die dargestellten Anwendungen und Erfahrungen sowie die Ausf\u00fchrungen des Herstellers weder eine Haftung noch eine Garantie \u00fcbernehmen. Ich \u00fcbernehme keine Haftung f\u00fcr evtl. Fehlanwendungen. Ich gebe keine Heilversprechen. Der Anwender und Besteller dieser Produkte wird darauf hingewiesen, dass die Anwendung seiner eigenen Verantwortung unterstellt bleibt. Sollten gesundheitliche St\u00f6rungen bei den Anwendern auftreten, die die Anwender in Zusammenhang mit den Produkten sehen, so bitte ich um R\u00fcckmeldung. Gleichzeitig mache ich darauf aufmerksam, dass bei jeder physischen oder psychischen Befindlichkeitsst\u00f6rung auf jeden Fall ein entsprechender Arzt, Therapeut oder psychologischer Sachverst\u00e4ndiger zur Hilfe herangezogen werden sollte. Tachyon Produkte d\u00fcrfen weder gegessen noch geschluckt werden. Sie sind auch keine Spielzeuge f\u00fcr unbeaufsichtigte Kleinkinder. Nur unter diesen Bedingungen vertreibe ich diese Produkte und gebe die Informationen, die ich dazu gesammelt habe, weiter. Es gibt weltweit viele zufriedene Anwender.<\/p>\n<p class=\"Textbody\"><strong><span class=\"Strong_Emphasis\">Links:<\/span><\/strong> Trotz sorgf\u00e4ltiger inhaltlicher Kontrolle \u00fcbernehme ich keine Haftung f\u00fcr die Inhalte externer Links. F\u00fcr den Inhalt der verlinkten Seiten sind ausschlie\u00dflich deren Betreiber verantwortlich.<\/p>\n<\/div>\n","protected":false},"excerpt":{"rendered":"<p>Tachyon Sch\u00fcsselchen 9,8 cm, 2000 nio.<\/p>\n","protected":false},"featured_media":411,"comment_status":"open","ping_status":"closed","template":"","meta":[],"product_brand":[],"product_cat":[81,225],"product_tag":[504,514,516,517],"class_list":{"0":"post-407","1":"product","2":"type-product","3":"status-publish","4":"has-post-thumbnail","6":"product_cat-alle-produkte-im-ueberblick","7":"product_cat-tachyon-produkte","8":"product_tag-energy","9":"product_tag-ionen","10":"product_tag-scalar","11":"product_tag-tachyon","12":"product_shipping_class-standard","13":"pa_stueck-156","14":"pa_stueck-6er-set","16":"first","17":"outofstock","18":"taxable","19":"shipping-taxable","20":"purchasable","21":"product-type-simple"},"_links":{"self":[{"href":"https:\/\/shop.nlq24.eu\/de\/wp-json\/wp\/v2\/product\/407","targetHints":{"allow":["GET"]}}],"collection":[{"href":"https:\/\/shop.nlq24.eu\/de\/wp-json\/wp\/v2\/product"}],"about":[{"href":"https:\/\/shop.nlq24.eu\/de\/wp-json\/wp\/v2\/types\/product"}],"replies":[{"embeddable":true,"href":"https:\/\/shop.nlq24.eu\/de\/wp-json\/wp\/v2\/comments?post=407"}],"wp:featuredmedia":[{"embeddable":true,"href":"https:\/\/shop.nlq24.eu\/de\/wp-json\/wp\/v2\/media\/411"}],"wp:attachment":[{"href":"https:\/\/shop.nlq24.eu\/de\/wp-json\/wp\/v2\/media?parent=407"}],"wp:term":[{"taxonomy":"product_brand","embeddable":true,"href":"https:\/\/shop.nlq24.eu\/de\/wp-json\/wp\/v2\/product_brand?post=407"},{"taxonomy":"product_cat","embeddable":true,"href":"https:\/\/shop.nlq24.eu\/de\/wp-json\/wp\/v2\/product_cat?post=407"},{"taxonomy":"product_tag","embeddable":true,"href":"https:\/\/shop.nlq24.eu\/de\/wp-json\/wp\/v2\/product_tag?post=407"}],"curies":[{"name":"wp","href":"https:\/\/api.w.org\/{rel}","templated":true}]}}