{"id":414,"date":"2018-12-13T20:27:39","date_gmt":"2018-12-13T20:27:39","guid":{"rendered":"https:\/\/www.nlq24.de\/?post_type=product&#038;p=414"},"modified":"2026-02-19T18:01:30","modified_gmt":"2026-02-19T18:01:30","slug":"tds-wassertester-tds-meter-farbe-weiss-oder-grau-links-pruefen","status":"publish","type":"product","link":"https:\/\/shop.nlq24.eu\/de\/Produkt\/tds-wassertester-tds-meter-farbe-weiss-oder-grau-links-pruefen\/","title":{"rendered":"Wassertester (Leitwert Messger\u00e4t) TDS"},"content":{"rendered":"<h4 class=\"Normal\"><strong><u><span class=\"tm7\">TDS Wassertester, TDS Meter &#8211; ohne Batterien<\/span><\/u><\/strong><\/h4>\n<p class=\"Normal\">Er eignet sich zum Testen der Leitf\u00e4higkeit von Wasser. Der TDS Wassertester ist sehr gut geeignet f\u00fcr <strong><span class=\"tm7\">Camping, Boot, Caravan, Fernreise, Outdoor und Gesundheit<\/span><\/strong>!<\/p>\n<p class=\"Normal\">Dieses Ger\u00e4t ist hochwertig. Zudem ist es effizient und sehr pr\u00e4zise. Auch seine einfache Bedienung sticht hervor. Mit diesem Ger\u00e4t haben Sie eine g\u00fcnstige M\u00f6glichkeit zur Messung Ihres Wassers.<\/p>\n<p class=\"Normal\">Testen Sie Ihr Wasser einfach selbst. Wasser ist das wichtigste Lebensmittel! Auf Kopfdruck erfahren Sie, wie es um mein Wasser steht. \u00dcberwachen auch Sie damit ihr Trinkwasser, Ihren Wasserfilter, Hydroponik, Aquarien,\u00a0\u00a0Essen und Kaffee, Badewasser, etc. Der TDS ist jedoch kein Schadstoff Messger\u00e4t.<\/p>\n<h4><strong>Was misst man mit dem TDS?<\/strong><\/h4>\n<p>Dieser Wassertester (Leitwert Messger\u00e4t) misst den Anteil an Salzen, Mineralien und leitf\u00e4higen Stoffen im Wasser. Die Leitf\u00e4higkeit also. Reines Wasser leitet z.B. keinen Strom. Das kann man aus Experimenten im Schulunterricht.<\/p>\n<p>Gibt man zwei Strom Elektroden in Wasser, unterbricht das Wasser den Stromfluss. F\u00fcgt man dem Wasser nun Salz hinzu, leitet es pl\u00f6tzlich den Strom. Daraus kann man erkennen, dass noch andere Stoffe im Wasser sind, als nur das reine Wassermolek\u00fcl. Und diese Leitf\u00e4higkeit zeigt der Wassertester an. Um so h\u00f6her der Wert, desto mehr Fremdteile sind im Wasser enthalten. Daraus kann man den Reinheitsgrad des Wassers ableiten.<\/p>\n<p class=\"Normal\">Mit diesem hochwertigen Wassertester (Leitwert Messger\u00e4t) TDS messen Sie sehr effizient und pr\u00e4zise die Parts per Million = <strong><span class=\"tm7\">ppm. <\/span><\/strong>Das hei\u00dft Teile von einer Million Teilen. Bezogen auf die Messung von Wasser kann man also feststellen, wie viele Stoffe noch, au\u00dfer der Wassermolek\u00fcle, im Wasser sind. Daraus l\u00e4sst sich schlie\u00dfen, wie rein das Wasser ist. Bei einem reinen Wasser von einer Umkehrosmoseanlage, liegt man z. B. bei 0 bis 14 ppm. Wasser welches einen sehr hohen Wert hat, ist nicht rein und das schmeckt man auch. Nur freies, reines Wasser kann andere Stoffe mitnehmen und ausleiten. Wenn Wasser bereits mit vielen anderen Molek\u00fclen besetzt ist, kann es nichts mehr mitnehmen. Sie w\u00fcrden ja auch nicht mit dreckigem Wasser Ihr Geschirr sauber sp\u00fclen wollen. Der TDS misst jedoch ausschlie\u00dflich die Anzahl der gel\u00f6sten Feststoffe im Wasser, die leitf\u00e4hig sind. Es handelt sich also nicht um eine chemische Analyse des Wassers nach seinen genauen Inhaltsstoffen. Daher sind dies rein quantitative Messungen. Jedoch l\u00e4sst ein niedrigerer Wert den groben Schluss zu, dass das Wasser besser ist. Hier gelangen Sie zur <strong><u><a href=\"https:\/\/shop.nlq24.eu\/tds-bedienungsanleitung\/\"><span class=\"tm7\">Bedienungsanleitung<\/span><\/a><\/u><\/strong>.<\/p>\n<h4><strong>Technische Daten:<\/strong><\/h4>\n<p class=\"Normal\">Der Messbereich liegt zwischen 0-9990 ppm\/mg\/L. Der Temperaturmessbereich liegt zwischen 0-50\u00baC. Es ist mit einer Temperaturanzeige ausgestattet. Die Ein- oder Abschaltung erfolgt automatisch nach 10 Minuten. Das spart Batterieleistung. Die sogenannte <strong><span class=\"tm7\">Data-Hold-Funktion<\/span><\/strong> erm\u00f6glicht Ihnen das <strong><span class=\"tm7\">sp\u00e4tere Ablesen des Wertes<\/span><\/strong>. Das ist z. B. wichtig, wenn Sie in Bereichen messen, in denen Sie den Wert nicht bei der Messung ablesen k\u00f6nnen. Mit einer Messgenauigkeit von \u00b12 % liegen Sie auf der sicheren Seite. F\u00fcr die Stromversorgung ben\u00f6tigen Sie noch 2 LR44 Knopfzellen (nicht enthalten).<\/p>\n","protected":false},"excerpt":{"rendered":"<p>Wassertester (Leitwert Messger\u00e4t) TDS<\/p>\n","protected":false},"featured_media":5122,"comment_status":"open","ping_status":"closed","template":"","meta":[],"product_brand":[],"product_cat":[48,54,81],"product_tag":[313,315,634],"class_list":{"0":"post-414","1":"product","2":"type-product","3":"status-publish","4":"has-post-thumbnail","6":"product_cat-wasserfilter-umkehrosmose","7":"product_cat-umkehrosmose-zubehoer","8":"product_cat-alle-produkte-im-ueberblick","9":"product_tag-tds","10":"product_tag-tds-meter","11":"product_tag-wassertester","12":"product_shipping_class-standard","14":"first","15":"instock","16":"taxable","17":"shipping-taxable","18":"purchasable","19":"product-type-simple"},"_links":{"self":[{"href":"https:\/\/shop.nlq24.eu\/de\/wp-json\/wp\/v2\/product\/414","targetHints":{"allow":["GET"]}}],"collection":[{"href":"https:\/\/shop.nlq24.eu\/de\/wp-json\/wp\/v2\/product"}],"about":[{"href":"https:\/\/shop.nlq24.eu\/de\/wp-json\/wp\/v2\/types\/product"}],"replies":[{"embeddable":true,"href":"https:\/\/shop.nlq24.eu\/de\/wp-json\/wp\/v2\/comments?post=414"}],"wp:featuredmedia":[{"embeddable":true,"href":"https:\/\/shop.nlq24.eu\/de\/wp-json\/wp\/v2\/media\/5122"}],"wp:attachment":[{"href":"https:\/\/shop.nlq24.eu\/de\/wp-json\/wp\/v2\/media?parent=414"}],"wp:term":[{"taxonomy":"product_brand","embeddable":true,"href":"https:\/\/shop.nlq24.eu\/de\/wp-json\/wp\/v2\/product_brand?post=414"},{"taxonomy":"product_cat","embeddable":true,"href":"https:\/\/shop.nlq24.eu\/de\/wp-json\/wp\/v2\/product_cat?post=414"},{"taxonomy":"product_tag","embeddable":true,"href":"https:\/\/shop.nlq24.eu\/de\/wp-json\/wp\/v2\/product_tag?post=414"}],"curies":[{"name":"wp","href":"https:\/\/api.w.org\/{rel}","templated":true}]}}