{"id":4145,"date":"2019-02-13T19:32:30","date_gmt":"2019-02-13T19:32:30","guid":{"rendered":"https:\/\/www.nlq24.de\/?post_type=product&#038;p=4145"},"modified":"2024-12-12T19:20:16","modified_gmt":"2024-12-12T19:20:16","slug":"pipette-fuer-10-ml-glasflasche-din18","status":"publish","type":"product","link":"https:\/\/shop.nlq24.eu\/de\/Produkt\/pipette-fuer-10-ml-glasflasche-din18\/","title":{"rendered":"Pipette f\u00fcr 10 ml Glasflasche DIN18"},"content":{"rendered":"<p class=\"Normal\"><strong><span class=\"tm6\">Pipette f\u00fcr 10 ml Glasflasche DIN18<br \/>\n<\/span><\/strong><\/p>\n<p class=\"Normal\">Diese Pipette mit Glasr\u00f6hrchen, eignet sich f\u00fcr die 10 ml Glasflasche. Sie k\u00f6nnen diese einfach aufschrauben und als Verschluss benutzen. Sie passt nur zu der 10 ml Glasflasche.<\/p>\n<p class=\"Normal\">Das Fassungsverm\u00f6gen liegt bei ca. 0,6 ml.<\/p>\n<p class=\"Normal\">Die verwendeten Materialien sind: PE, f\u00fcr den Verschluss, Gummi f\u00fcr den roten Balg und\u00a0Glas f\u00fcr das R\u00f6hrchen.<\/p>\n<p class=\"Normal\">Der Originalit\u00e4tsring sorgt daf\u00fcr, dass man erkennen kann, wenn die Flasche einmal ge\u00f6ffnet wurde. Er l\u00f6st sich beim ersten \u00d6ffnen der Flasche und verbleibt dann unter dem Verschluss.<\/p>\n<p class=\"Normal\">Ma\u00dfe:\u00a0\u00a07,25 x 60 mm<\/p>\n","protected":false},"excerpt":{"rendered":"<p><strong>Pipette f\u00fcr 10 ml Glasflasche DIN18<\/strong><\/p>\n","protected":false},"featured_media":5069,"comment_status":"open","ping_status":"closed","template":"","meta":[],"product_brand":[],"product_cat":[43,81,89,843,109,327],"product_tag":[747,748,364,366,3258,388,389,391],"class_list":{"0":"post-4145","1":"product","2":"type-product","3":"status-publish","4":"has-post-thumbnail","6":"product_cat-dosieren-abmessen","7":"product_cat-alle-produkte-im-ueberblick","8":"product_cat-glasflaschen","9":"product_cat-pipetten","10":"product_cat-verschluesse-din18","11":"product_cat-verschluesse-und-zubehoer","12":"product_tag-pipette-fuer-10-ml-glasflasche","13":"product_tag-pipette-10-ml-glasflasche","14":"product_tag-pipette","15":"product_tag-pipette-fuer-glasflasche-din18","16":"product_tag-tropf-pipette","17":"product_tag-glaspipette","18":"product_tag-pipette-fuer-glasflasche","19":"product_tag-tropferpipette","20":"product_shipping_class-standard","22":"first","23":"instock","24":"taxable","25":"shipping-taxable","26":"purchasable","27":"product-type-simple"},"_links":{"self":[{"href":"https:\/\/shop.nlq24.eu\/de\/wp-json\/wp\/v2\/product\/4145","targetHints":{"allow":["GET"]}}],"collection":[{"href":"https:\/\/shop.nlq24.eu\/de\/wp-json\/wp\/v2\/product"}],"about":[{"href":"https:\/\/shop.nlq24.eu\/de\/wp-json\/wp\/v2\/types\/product"}],"replies":[{"embeddable":true,"href":"https:\/\/shop.nlq24.eu\/de\/wp-json\/wp\/v2\/comments?post=4145"}],"wp:featuredmedia":[{"embeddable":true,"href":"https:\/\/shop.nlq24.eu\/de\/wp-json\/wp\/v2\/media\/5069"}],"wp:attachment":[{"href":"https:\/\/shop.nlq24.eu\/de\/wp-json\/wp\/v2\/media?parent=4145"}],"wp:term":[{"taxonomy":"product_brand","embeddable":true,"href":"https:\/\/shop.nlq24.eu\/de\/wp-json\/wp\/v2\/product_brand?post=4145"},{"taxonomy":"product_cat","embeddable":true,"href":"https:\/\/shop.nlq24.eu\/de\/wp-json\/wp\/v2\/product_cat?post=4145"},{"taxonomy":"product_tag","embeddable":true,"href":"https:\/\/shop.nlq24.eu\/de\/wp-json\/wp\/v2\/product_tag?post=4145"}],"curies":[{"name":"wp","href":"https:\/\/api.w.org\/{rel}","templated":true}]}}