{"id":420,"date":"2018-12-13T20:52:31","date_gmt":"2018-12-13T20:52:31","guid":{"rendered":"https:\/\/www.nlq24.de\/?post_type=product&#038;p=420"},"modified":"2026-04-13T11:46:23","modified_gmt":"2026-04-13T11:46:23","slug":"ph-meter-ph-tester","status":"publish","type":"product","link":"https:\/\/shop.nlq24.eu\/de\/Produkt\/ph-meter-ph-tester\/","title":{"rendered":"pH Meter, pH Tester"},"content":{"rendered":"<p><u><strong>pH Meter &#8211; Messger\u00e4t elektronisch, ohne Batterie<\/strong><\/u><\/p>\n<p>zum Testen des pH Wertes (S\u00e4ure\/Basenwert)<\/p>\n<p>Das BILD weicht vom derzeitigen Ger\u00e4t ab!<\/p>\n<p>Das Ger\u00e4t ist hochwertig, effizient und pr\u00e4zise. Sie k\u00f6nnen es ganz einfach bedienen. Leichter k\u00f6nnen Sie einen pH Wert nicht ermitteln.<\/p>\n<p>* <a href=\"https:\/\/shop.nlq24.eu\/bedienungsanleitung-ph-meter-ph-tester\/\" data-link-type=\"filemanager\" data-type=\"linkpicker\" data-cke-saved-href=\"\/WebRoot\/Store\/Shops\/neue-lebensqualitaet\/MediaGallery\/Anleitung_pH_Meter.pdf\">Bedienungsanleitung HIER<\/a><\/p>\n<p><strong>Technische Daten:<br \/>\n<\/strong>Messbereich: 0.0 &#8211; 14.0 pH<br \/>\nAufl\u00f6sung: 0.1 pH<br \/>\nGenauigkeit: \u00b10.1 pH (20\u00b0C), \u00b10.2 pH<br \/>\nBetriebstemperatur: 0 &#8211; 50\u00b0C (32 &#8211; 122\u00b0F)<br \/>\nStromversorgung \u00fcber drei 1.5 Volt Knopfzellen<br \/>\nAbmessung: 150 mm x 29 mm x 20 mm<\/p>\n<p>Hinweise:<br \/>\nManchmal ist eine Kristallbildung an der Messsonde ist m\u00f6glich. Bitte s\u00e4ubern Sie daher das Ger\u00e4t vor Ihrer Messung mit destilliertem Wasser.<\/p>\n<div><\/div>\n","protected":false},"excerpt":{"rendered":"<p>pH Meter &#8211; Messger\u00e4t elektronisch, ohne Batterie zum Testen des pH Wertes (S\u00e4ure\/Basenwert) Das BILD weicht vom derzeitigen Ger\u00e4t ab! Das Ger\u00e4t ist hochwertig, effizient und pr\u00e4zise. Sie k\u00f6nnen es ganz einfach bedienen. Leichter k\u00f6nnen Sie einen pH Wert nicht ermitteln. * Bedienungsanleitung HIER Technische Daten: Messbereich: 0.0 &#8211; 14.0 pH Aufl\u00f6sung: 0.1 pH Genauigkeit: [&#8230;]\n","protected":false},"featured_media":81687,"comment_status":"open","ping_status":"closed","template":"","meta":[],"product_brand":[],"product_cat":[48,54,81],"product_tag":[634,730,731],"class_list":{"0":"post-420","1":"product","2":"type-product","3":"status-publish","4":"has-post-thumbnail","6":"product_cat-wasserfilter-umkehrosmose","7":"product_cat-umkehrosmose-zubehoer","8":"product_cat-alle-produkte-im-ueberblick","9":"product_tag-wassertester","10":"product_tag-ph-meter","11":"product_tag-ph-tester","12":"product_shipping_class-standard","14":"first","15":"instock","16":"taxable","17":"shipping-taxable","18":"purchasable","19":"product-type-simple"},"_links":{"self":[{"href":"https:\/\/shop.nlq24.eu\/de\/wp-json\/wp\/v2\/product\/420","targetHints":{"allow":["GET"]}}],"collection":[{"href":"https:\/\/shop.nlq24.eu\/de\/wp-json\/wp\/v2\/product"}],"about":[{"href":"https:\/\/shop.nlq24.eu\/de\/wp-json\/wp\/v2\/types\/product"}],"replies":[{"embeddable":true,"href":"https:\/\/shop.nlq24.eu\/de\/wp-json\/wp\/v2\/comments?post=420"}],"wp:featuredmedia":[{"embeddable":true,"href":"https:\/\/shop.nlq24.eu\/de\/wp-json\/wp\/v2\/media\/81687"}],"wp:attachment":[{"href":"https:\/\/shop.nlq24.eu\/de\/wp-json\/wp\/v2\/media?parent=420"}],"wp:term":[{"taxonomy":"product_brand","embeddable":true,"href":"https:\/\/shop.nlq24.eu\/de\/wp-json\/wp\/v2\/product_brand?post=420"},{"taxonomy":"product_cat","embeddable":true,"href":"https:\/\/shop.nlq24.eu\/de\/wp-json\/wp\/v2\/product_cat?post=420"},{"taxonomy":"product_tag","embeddable":true,"href":"https:\/\/shop.nlq24.eu\/de\/wp-json\/wp\/v2\/product_tag?post=420"}],"curies":[{"name":"wp","href":"https:\/\/api.w.org\/{rel}","templated":true}]}}