{"id":42541,"date":"2019-10-21T11:51:56","date_gmt":"2019-10-21T11:51:56","guid":{"rendered":"https:\/\/www.nlq24.de\/?post_type=product&#038;p=42541"},"modified":"2025-12-14T19:30:37","modified_gmt":"2025-12-14T19:30:37","slug":"umkehr-osmose-tank-6-liter","status":"publish","type":"product","link":"https:\/\/shop.nlq24.eu\/de\/Produkt\/umkehr-osmose-tank-6-liter\/","title":{"rendered":"Umkehr Osmose Tank &#8211; Vorratstank 6 Liter"},"content":{"rendered":"<p>Dieser schmale <a href=\"https:\/\/de.wikipedia.org\/wiki\/Umkehrosmose\" target=\"_blank\" rel=\"noopener noreferrer\"><strong>Umkehr Osmose<\/strong><\/a> Tank (Zubeh\u00f6r f\u00fcr <a href=\"https:\/\/shop.nlq24.eu\/produkt\/umkehrosmoseanlage-osmoseanlage-proline-600-gpd-x3\/\" target=\"_blank\" rel=\"noopener noreferrer\">Umkehr Osmose Anlage<\/a>) spart durch seine geringen Ma\u00dfe viel Platz. Er bevorratet das Umkehr Osmose Wasser. Daher wird er auch als Vorratstank bezeichnet. Er hat lediglich eine H\u00f6he von 34,5 cm und einem Durchmesser von 24,5 cm. Damit ist er die ideale L\u00f6sung f\u00fcr einen engen Sp\u00fclen-Unterschrank. Der Tank kann stehend oder sogar liegend betrieben verwendet werden. Die Aufnahmekapazit\u00e4t liegt bei bis zu 12,11 Liter (3,2 Gallonen) gereinigtem Umkehr-Osmose-Wasser und Luft, um den Druck aufzubauen. Die Kapazit\u00e4t an Wasser liegt bei 6 Litern.<\/p>\n<p>Im Inneren dieses Vorratstanks wurde eine f\u00fcr Lebensmittel zugelassene Beschichtung vorgenommen. Somit kommt das darin gespeicherte Wasser nicht direkt mit Metall in Ber\u00fchrung. Die integrierte Membrane aus Kautschuk, sorgt f\u00fcr das eigenst\u00e4ndige Nachlaufen des Wasser aus dem Tank, da dieser unter Druck steht. Wenn Sie den Umkehr Osmose Tank &#8211; Wasserhahn \u00f6ffnen, dr\u00fcckt der Druck das Wasser durch die Kautschuk-Membrane aus dem Tank. Und das ganz ohne Strom!<\/p>\n<p>Der Vorratstank hat einem Fu\u00df, der aus ABS-Kunststoff besteht.<\/p>\n<p>Bitte beachten Sie, dass ein Tank-Ventil nicht in der Lieferung enthalten ist, da Sie beim Kauf eines Tanks als Ersatz, meist noch \u00fcber das Ventil von dem alten Tank verf\u00fcgen. Ben\u00f6tigen Sie ein solches, k\u00f6nnen Sie es im Shop zus\u00e4tzlich bestellen. Zur Installation einfach das Tank-Ventil mit Gewinde-Dichtband aufschrauben und Tank an den Schlauch der Umkehrosmose-Anlage anschlie\u00dfen.<\/p>\n<div>Abmessungen: Durchmesser 245 mm, H\u00f6he 345 mm<\/div>\n<div>Anschluss: 1\/4&#8243; Au\u00dfengewinde<\/div>\n<div>Bruttoinhalt (Wasser + Luft): 12 Liter<\/div>\n<div>Maximale Nettokapazit\u00e4t (Wasser): 6 Liter<\/div>\n<div>Betriebsdruck: von 2,5 bis 6 bar<\/div>\n<div>Betriebstemperatur: 2-45 \u00b0C<\/div>\n","protected":false},"excerpt":{"rendered":"<p>6 Liter Tank<\/p>\n","protected":false},"featured_media":81951,"comment_status":"open","ping_status":"closed","template":"","meta":[],"product_brand":[],"product_cat":[54],"product_tag":[1682,1683,1684,1685],"class_list":{"0":"post-42541","1":"product","2":"type-product","3":"status-publish","4":"has-post-thumbnail","6":"product_cat-umkehrosmose-zubehoer","7":"product_tag-osmosetank","8":"product_tag-umkehrosmose-tank","9":"product_tag-umkehrosmose-ersatztank","10":"product_tag-osmosetank-3-liter","12":"first","13":"instock","14":"taxable","15":"shipping-taxable","16":"purchasable","17":"product-type-simple"},"_links":{"self":[{"href":"https:\/\/shop.nlq24.eu\/de\/wp-json\/wp\/v2\/product\/42541","targetHints":{"allow":["GET"]}}],"collection":[{"href":"https:\/\/shop.nlq24.eu\/de\/wp-json\/wp\/v2\/product"}],"about":[{"href":"https:\/\/shop.nlq24.eu\/de\/wp-json\/wp\/v2\/types\/product"}],"replies":[{"embeddable":true,"href":"https:\/\/shop.nlq24.eu\/de\/wp-json\/wp\/v2\/comments?post=42541"}],"wp:featuredmedia":[{"embeddable":true,"href":"https:\/\/shop.nlq24.eu\/de\/wp-json\/wp\/v2\/media\/81951"}],"wp:attachment":[{"href":"https:\/\/shop.nlq24.eu\/de\/wp-json\/wp\/v2\/media?parent=42541"}],"wp:term":[{"taxonomy":"product_brand","embeddable":true,"href":"https:\/\/shop.nlq24.eu\/de\/wp-json\/wp\/v2\/product_brand?post=42541"},{"taxonomy":"product_cat","embeddable":true,"href":"https:\/\/shop.nlq24.eu\/de\/wp-json\/wp\/v2\/product_cat?post=42541"},{"taxonomy":"product_tag","embeddable":true,"href":"https:\/\/shop.nlq24.eu\/de\/wp-json\/wp\/v2\/product_tag?post=42541"}],"curies":[{"name":"wp","href":"https:\/\/api.w.org\/{rel}","templated":true}]}}