{"id":42674,"date":"2019-10-22T20:56:22","date_gmt":"2019-10-22T20:56:22","guid":{"rendered":"https:\/\/www.nlq24.de\/?post_type=product&#038;p=42674"},"modified":"2025-06-17T10:18:35","modified_gmt":"2025-06-17T10:18:35","slug":"dosier-set-messbecher-spritze","status":"publish","type":"product","link":"https:\/\/shop.nlq24.eu\/de\/Produkt\/dosier-set-messbecher-spritze\/","title":{"rendered":"Dosier Set &#8211; Messbecher + Spritze"},"content":{"rendered":"<p>Dieses Dosier Set besteht aus einem Messbecher und einer Spritze. Mit diesem kannst du Fl\u00fcssigkeiten genau abmessen. Die Spritze ist zwar eigentlich eine Eimalspritze, kann aber f\u00fcr andere Substanzen durchaus h\u00e4ufiger benutzt werden. Die Spritze ist mit einer gut sichtbaren und genauen Skala versehen.<\/p>\n<p>Die 2 ml Spritze hat eine Skalierung in 0,1 ml Schritten.<br \/>\nDie 5 (6) ml Spritze hat eine Skalierung in 0,2 ml Schritten.<br \/>\nDie 10 ml Spritze hat eine Skalierung in 0,25 ml Schritten.<br \/>\nDie 20 ml Spritze hat eine Skalierung in 1,0 ml Schritten.<\/p>\n<p>Der durchsichtige Messbecher hat ein Fassungsverm\u00f6gen von bis zu 30 ml. Mit ihm kannst du hervorragend Fl\u00fcssigkeiten bis zu dieser Menge aus Vorratsflaschen entnehmen und dann diese aus diesem Becher genau mit der Spritze abmessen.<\/p>\n<p>Das Dosier Set eignet sich ebenso f\u00fcr CDL L\u00f6sungen wie CDH3000, als auch f\u00fcr MKB und DMKB. Nach einmaliger &#8222;Vorsp\u00fclung&#8220; mit DMSO100, auch f\u00fcr die Verwendung von DMSO100. Ziehe dazu die Spritze mit etwas DMSO100 auf, schwenke sie hin und her. Leere die Spritze anschlie\u00dfend. Nun sind m\u00f6gliche Weichmacher aus der Spritze entfernt. So kannst du die Spritze danach auch zum Abmessen von DMSO100 verwenden. Jedoch geht sie dann eben auch schwerer&#8230;<\/p>\n<p>Du kannst die Spritzen auch ohne Messbecher einzeln kaufen:<br \/>\n<a href=\"https:\/\/shop.nlq24.eu\/produkt\/einmalspritze-spritze-2-ml-terumo-ohne-kanuele\/\">Einmalspritze 2 ml<\/a><br \/>\n<a href=\"https:\/\/shop.nlq24.eu\/produkt\/einmalspritze-5-ml\/\">Einmalspritze 5 (6) ml<\/a><br \/>\n<a href=\"https:\/\/shop.nlq24.eu\/produkt\/einmalspritze-10-ml-chirana\/\">Einmalspritze 10 ml<\/a><br \/>\n<a href=\"https:\/\/shop.nlq24.eu\/produkt\/einmalspritze-20-ml-chirana\/\">Einmalspritze 20 ml<\/a><\/p>\n<p>Weitere Produkte zum Dosieren findest du in der Rubrik <a href=\"https:\/\/shop.nlq24.eu\/produkt-kategorien\/dosieren-abmessen\/\">DOSIEREN \/ ABMESSEN<\/a><\/p>\n","protected":false},"excerpt":{"rendered":"<p>Dieses Dosier Set besteht aus einem Messbecher und einer Spritze. Mit diesem kannst du Fl\u00fcssigkeiten genau abmessen. Die Spritze ist zwar eigentlich eine Eimalspritze, kann aber f\u00fcr andere Substanzen durchaus h\u00e4ufiger benutzt werden. Die Spritze ist mit einer gut sichtbaren und genauen Skala versehen. Die 2 ml Spritze hat eine Skalierung in 0,1 ml Schritten. [&#8230;]\n","protected":false},"featured_media":68879,"comment_status":"open","ping_status":"closed","template":"","meta":[],"product_brand":[],"product_cat":[466,43,45,46,941,89,116,329,330,393],"product_tag":[1700,99,1698,371,1699],"class_list":{"0":"post-42674","1":"product","2":"type-product","3":"status-publish","4":"has-post-thumbnail","6":"product_cat-glasflaschen-pp28","7":"product_cat-dosieren-abmessen","8":"product_cat-messbecher","9":"product_cat-doser-fuer-pp28-flaschen","10":"product_cat-glasflaschen-din18","11":"product_cat-glasflaschen","12":"product_cat-einmalspritzen","13":"product_cat-pp-flaschen-bruchsicher","14":"product_cat-hdpe-flaschen-weiss-durchgefaerbt","15":"product_cat-hdpe-flaschen-zubehoer","16":"product_tag-dosier-system","17":"product_tag-messbecher","18":"product_tag-dosier-set","19":"product_tag-spritze","20":"product_tag-dosierset-messbecher-spritze","21":"product_shipping_class-standard","23":"first","24":"instock","25":"taxable","26":"shipping-taxable","27":"purchasable","28":"product-type-variable"},"_links":{"self":[{"href":"https:\/\/shop.nlq24.eu\/de\/wp-json\/wp\/v2\/product\/42674","targetHints":{"allow":["GET"]}}],"collection":[{"href":"https:\/\/shop.nlq24.eu\/de\/wp-json\/wp\/v2\/product"}],"about":[{"href":"https:\/\/shop.nlq24.eu\/de\/wp-json\/wp\/v2\/types\/product"}],"replies":[{"embeddable":true,"href":"https:\/\/shop.nlq24.eu\/de\/wp-json\/wp\/v2\/comments?post=42674"}],"wp:featuredmedia":[{"embeddable":true,"href":"https:\/\/shop.nlq24.eu\/de\/wp-json\/wp\/v2\/media\/68879"}],"wp:attachment":[{"href":"https:\/\/shop.nlq24.eu\/de\/wp-json\/wp\/v2\/media?parent=42674"}],"wp:term":[{"taxonomy":"product_brand","embeddable":true,"href":"https:\/\/shop.nlq24.eu\/de\/wp-json\/wp\/v2\/product_brand?post=42674"},{"taxonomy":"product_cat","embeddable":true,"href":"https:\/\/shop.nlq24.eu\/de\/wp-json\/wp\/v2\/product_cat?post=42674"},{"taxonomy":"product_tag","embeddable":true,"href":"https:\/\/shop.nlq24.eu\/de\/wp-json\/wp\/v2\/product_tag?post=42674"}],"curies":[{"name":"wp","href":"https:\/\/api.w.org\/{rel}","templated":true}]}}