{"id":44,"date":"2018-09-16T12:24:27","date_gmt":"2018-09-16T12:24:27","guid":{"rendered":"https:\/\/www.nlq24.de\/?post_type=product&#038;p=44"},"modified":"2025-11-10T12:27:40","modified_gmt":"2025-11-10T12:27:40","slug":"mkb-magnesium-kalium-borax-mischung-in-glasflasche-100-ml","status":"publish","type":"product","link":"https:\/\/shop.nlq24.eu\/de\/Produkt\/mkb-magnesium-kalium-borax-mischung-in-glasflasche-100-ml\/","title":{"rendered":"MKB Vital &#8211; Magnesium Kalium Borax L\u00f6sung"},"content":{"rendered":"<p class=\"Normal tm5\"><strong><span class=\"tm6\">MKB Vital &#8211; ist die Magnesium Kalium Borax L\u00f6sung<br \/>\n<\/span><\/strong><\/p>\n<p class=\"Normal tm5\">Bei MKB Vital handelt es sich um eine sehr fein abgestimmte L\u00f6sung aus Spurenelementen in reiner Qualit\u00e4t. Es hat einen sehr hohen Anteil an Magnesiumchlorid. Daher kann MKB Vital auch beim Eintrocknen kristallisieren. Hier wird dann der hohe Anteil dieses Sonnensalzes sichtbar. Dieses Magnesiumchlorid wurde durch Sonnentrocknung aus dem Toten Meer gewonnen. Der kleine aber wichtige Anteil von Kaliumchlorid rundet die Mischung ab. Ein weiterer geringer, aber wichtiger Bestandteil ist das nat\u00fcrliche Borax. Es wird auch als Dinatriumtetraborat-Decahydrat oder Tinkal bezeichnet. Es handelt sich um das nat\u00fcrliche Mineral Borax aus Kalifornien, welches aus Salzseen entstammt. Borax ist generell schwer in Wasser l\u00f6slich. In dieser speziellen Mischung ist es jedoch gelungen.<\/p>\n<p class=\"Normal tm5\">Diese Mischung enth\u00e4lt ca.: 62 % Wasser, 35 % Magnesiumchlorid, 1,5% Kaliumchlorid,\u00a01,1% Borax.<\/p>\n<p><u><strong>MKB Vital &#8211; ist die Magnesium Kalium Borax L\u00f6sung<br \/>\n<\/strong><\/u><\/p>\n<p>&nbsp;<\/p>\n<div>\n<div><img loading=\"lazy\" decoding=\"async\" class=\"alignnone size-full wp-image-1675\" src=\"https:\/\/shop.nlq24.eu\/wp-content\/uploads\/2018\/09\/Achtung-Gefahrzeichen-Pictogram.jpg\" alt=\"\" width=\"77\" height=\"77\" \/><\/div>\n<div><strong>\u00a0 Achtung<\/strong><\/div>\n<div><\/div>\n<div><strong>Gefahrenhinweise:<\/strong> Verursacht Hautreizungen. Verursacht schwere Augenreizungen.<\/div>\n<\/div>\n<div><\/div>\n<div><strong>MKB gibt es in verschiedenen Mengen und Varianten:<\/strong><\/div>\n<div>50 ml in PP-, HDPE- oder Glasflasche DIN18 mit Tropfer<\/div>\n<div>100 ml in PP-, HDPE- oder Glasflasche DIN18 STD mit Tropfer<\/div>\n<div>250 ml Glasflasche PP28 braun<\/div>\n<div>500 ml Glasflasche PP28 braun<\/div>\n<div>1000 ml Glasflasche PP28 braun<\/div>\n","protected":false},"excerpt":{"rendered":"<p><u><strong>MKB Magnesium, Kalium Borax Mischung<\/strong><\/u><\/p>\n<p>Eine Mischung aus Mineralien und Spurenelementen in reiner Qualit\u00e4t<\/p>\n","protected":false},"featured_media":5067,"comment_status":"open","ping_status":"closed","template":"","meta":[],"product_brand":[],"product_cat":[145,38,77,78,81],"product_tag":[140,703,72,73,954,74,955,75,76],"class_list":{"0":"post-44","1":"product","2":"type-product","3":"status-publish","4":"has-post-thumbnail","6":"product_cat-magnesium-produkte","7":"product_cat-mineralien","8":"product_cat-mkb-vital","9":"product_cat-magnesium-kalium-borax-mkb-vital","10":"product_cat-alle-produkte-im-ueberblick","11":"product_tag-magnesiumchlorid","12":"product_tag-magnesium-kalium-borax","13":"product_tag-mkb-vital","14":"product_tag-mkb","15":"product_tag-kaliumchlorid","16":"product_tag-magnesium","17":"product_tag-dinatriumtetraborat-decahydrat","18":"product_tag-kalium","19":"product_tag-borax","20":"product_shipping_class-standard","21":"pa_flaschenart-glasflasche-pp28","22":"pa_flaschenart-pp-flasche-halbtransparent","23":"pa_flaschenart-hdpe-flasche","24":"pa_flaschenart-glasflasche-din18","25":"pa_milliliter-30-ml","26":"pa_milliliter-50-ml","27":"pa_milliliter-100-ml","28":"pa_milliliter-250-ml","29":"pa_milliliter-500-ml","30":"pa_milliliter-1000-ml","32":"first","33":"instock","34":"taxable","35":"shipping-taxable","36":"purchasable","37":"product-type-variable"},"_links":{"self":[{"href":"https:\/\/shop.nlq24.eu\/de\/wp-json\/wp\/v2\/product\/44","targetHints":{"allow":["GET"]}}],"collection":[{"href":"https:\/\/shop.nlq24.eu\/de\/wp-json\/wp\/v2\/product"}],"about":[{"href":"https:\/\/shop.nlq24.eu\/de\/wp-json\/wp\/v2\/types\/product"}],"replies":[{"embeddable":true,"href":"https:\/\/shop.nlq24.eu\/de\/wp-json\/wp\/v2\/comments?post=44"}],"wp:featuredmedia":[{"embeddable":true,"href":"https:\/\/shop.nlq24.eu\/de\/wp-json\/wp\/v2\/media\/5067"}],"wp:attachment":[{"href":"https:\/\/shop.nlq24.eu\/de\/wp-json\/wp\/v2\/media?parent=44"}],"wp:term":[{"taxonomy":"product_brand","embeddable":true,"href":"https:\/\/shop.nlq24.eu\/de\/wp-json\/wp\/v2\/product_brand?post=44"},{"taxonomy":"product_cat","embeddable":true,"href":"https:\/\/shop.nlq24.eu\/de\/wp-json\/wp\/v2\/product_cat?post=44"},{"taxonomy":"product_tag","embeddable":true,"href":"https:\/\/shop.nlq24.eu\/de\/wp-json\/wp\/v2\/product_tag?post=44"}],"curies":[{"name":"wp","href":"https:\/\/api.w.org\/{rel}","templated":true}]}}