{"id":44862,"date":"2019-11-11T18:29:35","date_gmt":"2019-11-11T18:29:35","guid":{"rendered":"https:\/\/www.nlq24.de\/?post_type=product&#038;p=44862"},"modified":"2026-04-09T16:09:30","modified_gmt":"2026-04-09T16:09:30","slug":"spruehverschluss-glasflasche-pp28","status":"publish","type":"product","link":"https:\/\/shop.nlq24.eu\/de\/Produkt\/spruehverschluss-glasflasche-pp28\/","title":{"rendered":"Spr\u00fchverschluss f\u00fcr Glasflasche PP28"},"content":{"rendered":"<h3 class=\"Normal\"><u>Spr\u00fchverschluss f\u00fcr braune Glasflasche PP28<\/u><\/h3>\n<p class=\"Normal\">Dieser Spr\u00fchverschluss f\u00fcr die braune Glasflasche PP28 passt auf Ihre braunen Glasflaschen mit der <strong>Gewindegr\u00f6\u00dfe PP28<\/strong>, also 28 mm. Er ist mit einem <strong>Schraubverschluss<\/strong> versehen. Zudem verf\u00fcgt er \u00fcber eine <strong>Spr\u00fchpumpe<\/strong>, welche mit einer <strong>transparenten Schutzkappe<\/strong> versehen ist. Damit sch\u00fctzen Sie das F\u00fcllgut vor dem Auslaufen. Dadurch findet auch <strong>keine Ausgasungen<\/strong> von drucklosen Gasen statt. Er besteht aus dem Material PE. Der Hub, das ist die Dosis pro Bet\u00e4tigung der Spr\u00fchpumpe des Spr\u00fchverschlusses, betr\u00e4gt ca. 0,15 ml. Auch geeignet als Desinfektions Spr\u00fchkopf \/ Desinfektions Spr\u00fchger\u00e4t.<\/p>\n<h3>Der Spr\u00fchverschluss PP28 besteht aus folgenden Materialen:<\/h3>\n<p>Der Schraubverschluss aus wei\u00dfem PP, der Schlauch<span style=\"color: #333333;\"> aus transparentem PE und die Kappe <\/span><span style=\"color: #333333;\">aus transparentem Luran<\/span><\/p>\n<h3>Spr\u00fchverschluss &#8211; Ansaugrohr variierbar<\/h3>\n<p class=\"Normal\">Das Ansaugrohr hat eine ausreichende L\u00e4nge f\u00fcr alle Flaschen mit der Gewindegr\u00f6\u00dfe PP28. Sie k\u00f6nnen es ganz einfach mit einem Cuttermesser auf die ben\u00f6tigte L\u00e4nge k\u00fcrzen.<\/p>\n<h3>Ma\u00dfe und Gewichte des Spr\u00fchverschlusses PP28:<\/h3>\n<p>Die L\u00e4nge des Saugschlauches betr\u00e4gt insgesamt: ca. 157 mm. Das Gewicht des Spr\u00fchverschlusses PP28 betr\u00e4gt ca. 8 Gramm.<\/p>\n<h3>Eignung des Spr\u00fchverschlusses:<\/h3>\n<p>Dieser Spr\u00fchverschluss ist geeignet f\u00fcr alle w\u00e4ssrigen oder alkoholischen Fl\u00fcssigkeiten, die Sie zerst\u00e4uben m\u00f6chten. Dies k\u00f6nnten z.B. Bachbl\u00fcten sein.<\/p>\n<h3>Nicht verwenden f\u00fcr:<\/h3>\n<p>Der Spr\u00fchverschluss ist nicht ausgelegt f\u00fcr das Zerst\u00e4uben von \u00e4therischen \u00d6len, aggressive Chemikalien oder \u00d6len.<\/p>\n<p>Vielleicht suchen Sie auch eine so eine <a href=\"https:\/\/shop.nlq24.eu\/produkt\/sprayer-glasflasche-100-ml-din18\/\">ko<\/a><a href=\"https:\/\/shop.nlq24.eu\/produkt\/sprayer-glasflasche-100-ml-din18\/\">mplette Spr\u00fchflasche?<\/a><\/p>\n<p class=\"Normal\">\n","protected":false},"excerpt":{"rendered":"<p>Spr\u00fchverschluss f\u00fcr braune Glasflasche PP28 Dieser Spr\u00fchverschluss f\u00fcr die braune Glasflasche PP28 passt auf Ihre braunen Glasflaschen mit der Gewindegr\u00f6\u00dfe PP28, also 28 mm. Er ist mit einem Schraubverschluss versehen. Zudem verf\u00fcgt er \u00fcber eine Spr\u00fchpumpe, welche mit einer transparenten Schutzkappe versehen ist. Damit sch\u00fctzen Sie das F\u00fcllgut vor dem Auslaufen. Dadurch findet auch keine [&#8230;]\n","protected":false},"featured_media":64990,"comment_status":"open","ping_status":"closed","template":"","meta":[],"product_brand":[],"product_cat":[43,466,81,89,90,91,113,327,328],"product_tag":[361,644,645,776,93,103,1741,1742],"class_list":{"0":"post-44862","1":"product","2":"type-product","3":"status-publish","4":"has-post-thumbnail","6":"product_cat-dosieren-abmessen","7":"product_cat-glasflaschen-pp28","8":"product_cat-alle-produkte-im-ueberblick","9":"product_cat-glasflaschen","10":"product_cat-sprayerflaschen-aus-hdpe-oder-glas","11":"product_cat-sprayer-flaschen","12":"product_cat-verschluesse-fuer-pp28-glasflaschen","13":"product_cat-verschluesse-und-zubehoer","14":"product_cat-flaschen-verschluesse-zubehoer","15":"product_tag-spruehpumpe","16":"product_tag-sprayeraufsatz","17":"product_tag-spruehopf","18":"product_tag-sprayer-aufsatz","19":"product_tag-sprayer","20":"product_tag-glasflasche","21":"product_tag-spruehaufsatz","22":"product_tag-spruehverschluss","23":"product_shipping_class-standard","25":"first","26":"instock","27":"taxable","28":"shipping-taxable","29":"purchasable","30":"product-type-simple"},"_links":{"self":[{"href":"https:\/\/shop.nlq24.eu\/de\/wp-json\/wp\/v2\/product\/44862","targetHints":{"allow":["GET"]}}],"collection":[{"href":"https:\/\/shop.nlq24.eu\/de\/wp-json\/wp\/v2\/product"}],"about":[{"href":"https:\/\/shop.nlq24.eu\/de\/wp-json\/wp\/v2\/types\/product"}],"replies":[{"embeddable":true,"href":"https:\/\/shop.nlq24.eu\/de\/wp-json\/wp\/v2\/comments?post=44862"}],"wp:featuredmedia":[{"embeddable":true,"href":"https:\/\/shop.nlq24.eu\/de\/wp-json\/wp\/v2\/media\/64990"}],"wp:attachment":[{"href":"https:\/\/shop.nlq24.eu\/de\/wp-json\/wp\/v2\/media?parent=44862"}],"wp:term":[{"taxonomy":"product_brand","embeddable":true,"href":"https:\/\/shop.nlq24.eu\/de\/wp-json\/wp\/v2\/product_brand?post=44862"},{"taxonomy":"product_cat","embeddable":true,"href":"https:\/\/shop.nlq24.eu\/de\/wp-json\/wp\/v2\/product_cat?post=44862"},{"taxonomy":"product_tag","embeddable":true,"href":"https:\/\/shop.nlq24.eu\/de\/wp-json\/wp\/v2\/product_tag?post=44862"}],"curies":[{"name":"wp","href":"https:\/\/api.w.org\/{rel}","templated":true}]}}