{"id":44877,"date":"2019-11-11T19:46:23","date_gmt":"2019-11-11T19:46:23","guid":{"rendered":"https:\/\/www.nlq24.de\/?post_type=product&#038;p=44877"},"modified":"2024-12-12T19:14:45","modified_gmt":"2024-12-12T19:14:45","slug":"spruehflasche-glas-pp28","status":"publish","type":"product","link":"https:\/\/shop.nlq24.eu\/de\/Produkt\/spruehflasche-glas-pp28\/","title":{"rendered":"Spr\u00fchflasche aus Glas, PP28"},"content":{"rendered":"<p class=\"Normal\">Diese runde <strong>Spr\u00fchflasche aus Glas PP28<\/strong> verf\u00fcgt \u00fcber eine Spr\u00fchpumpe. Diese hat einen Hub von ca. 0,15 ml pro Spr\u00fchsto\u00df. Sie hat eine Gewindegr\u00f6\u00dfe von 28 mm. Die braune F\u00e4rbung dieses Glases, bietet einen <strong>hohen Lichtschutz<\/strong> f\u00fcr Ihr F\u00fcllgut.<\/p>\n<p>Bei dieser handlichen Flasche k\u00f6nnen ein F\u00fcllvolumen von 250 und 500 ml ausw\u00e4hlen.<\/p>\n<p>&nbsp;<\/p>\n<p class=\"Normal\">Tipp: Jedoch bieten solche <strong><a href=\"https:\/\/shop.nlq24.eu\/produkt\/miron-glasflasche\/\">Mironglasflaschen<\/a><\/strong> noch mehr und den optimalsten Schutz vor Licht. Diese sind noch besser als Braunglasflaschen.<\/p>\n<p class=\"Normal\">Mironglas erh\u00e4lt zudem die im F\u00fcllgut vorhandenen Frequenzen. Auch geeignet als Desinfektions Spr\u00fchflasche \/ Desinfektions Spr\u00fchger\u00e4t.<\/p>\n<h3>Spr\u00fchflasche aus Glas mit 250 ml Volumen<\/h3>\n<p class=\"Normal\">Die 250 ml Spr\u00fchflasche vereint ein <strong>gr\u00f6\u00dferes Volumen<\/strong> mit den <strong>Vorz\u00fcgen der Handlichkeit<\/strong>. Herk\u00f6mmliche Spr\u00fchflaschen haben meist nur ein Volumen von 100 ml. Diese 250 ml Spr\u00fchflasche PP28 <strong>liegt<\/strong> durch Ihren <strong>geringen Durchmesser<\/strong>, von etwas \u00fcber 6 cm, sehr <strong>gut in der Hand<\/strong>. Die Leichtigkeit, mit der Sie den Spr\u00fchkopf bet\u00e4tigen k\u00f6nnen, wird sie von der Handlichkeit dieser Spr\u00fchflasche ganz sicher \u00fcberzeugen. Diese ist auch besonders handlich als Desinfektions Spr\u00fchflasche.<\/p>\n<h3>Spr\u00fchflasche aus Glas mit 500 ml Volumen<\/h3>\n<p>Die 500 ml Volumen Variante dieser Spr\u00fchflasche vereint ein gro\u00dfes Volumen mit den Vorz\u00fcgen einer <strong>guten Handlichkeit<\/strong>. Diese 500 ml Spr\u00fchflasche hat nur einen <strong>verh\u00e4ltnism\u00e4\u00dfig geringen Durchmesser<\/strong> von etwas \u00fcber 7,5 cm. Dies ist f\u00fcr eine Flasche dieser Volumens ziemlich gering. Dadurch liegt auch diese noch sehr gut in der Hand. Die Mischung aus <strong>hohem Volumen<\/strong> und guter <strong>Handlichkeit<\/strong> dieser Spr\u00fchflasche wird Sie ganz sicher \u00fcberzeugen.<\/p>\n<h3 class=\"Normal\"><strong><span class=\"tm5\">Praktisch<\/span> f\u00fcr Sie <\/strong><\/h3>\n<p class=\"Normal\">Die Spr\u00fchpumpe dieser Spr\u00fchflasche PP28 ist mit einer Abdeckkappe ausgestattet. Dies erm\u00f6glicht es Ihnen, auch F\u00fcllgut zu nutzen, welches nicht ausd\u00fcnsten oder ausgasen darf. Durch die Abdeckkappe kann Ihnen das Gas nicht entweichen. Das Ansaugrohr des Spr\u00fchverschlusses hat eine ausreichende L\u00e4nge f\u00fcr beide w\u00e4hlbare Volumen. Sie k\u00f6nnen es ggf. manuell mit einem Cuttermesser einfach k\u00fcrzen werden.<\/p>\n<h3>Ma\u00dfe und Gewichte des Spr\u00fchverschlusses PP28:<\/h3>\n<p>Die L\u00e4nge des Saugschlauches betr\u00e4gt insgesamt: ca. 157 mm. Das Gewicht des Spr\u00fchverschlusses PP28 betr\u00e4gt ca. 8 Gramm<\/p>\n<h3>Der Spr\u00fchverschluss PP28 besteht aus folgenden Materialen:<\/h3>\n<p>Der Schraubverschluss aus wei\u00dfem PP, der Schlauch aus transparentem PE und die Kappe aus transparentem Luran<\/p>\n<p class=\"Normal\">Diese Spr\u00fchflasche ist f\u00fcr viele Fl\u00fcssigkeiten verwendbar, jedoch nicht f\u00fcr aggressive Substanzen. Daher sollten Sie dies jeweils zun\u00e4chst pr\u00fcfen.<\/p>\n<p class=\"Normal\">Das Material dieser braunen Glasflasche ist best\u00e4ndig gegen S\u00e4ure und Basen mit pH Werten zwischen pH 4 &#8211; 9. F\u00fcr diese Flaschengr\u00f6\u00dfe gibt es auch noch <a href=\"https:\/\/shop.nlq24.eu\/produkt-kategorien\/flaschen-verschluesse-zubehoer\/verschluesse-fuer-pp28-glasflaschen\/\">andere Verschl\u00fcsse<\/a>.<\/p>\n<p class=\"Normal\">Andere Glasflaschen und Zubeh\u00f6r f\u00fcr PP28 finden sie in der Kategorie <a href=\"https:\/\/shop.nlq24.eu\/produkt-kategorien\/flaschen-verschluesse-zubehoer\/glasflaschen\/glasflaschen-pp28\/\">Glasflaschen PP28.<\/a><\/p>\n","protected":false},"excerpt":{"rendered":"<p>Spr\u00fchflasche aus Braunglas mit 28 mm Gewinde<\/p>\n","protected":false},"featured_media":44626,"comment_status":"open","ping_status":"closed","template":"","meta":[],"product_brand":[],"product_cat":[43,81,90,91,328,466],"product_tag":[1750,1751,1752,1753,92,1754,93,103],"class_list":{"0":"post-44877","1":"product","2":"type-product","3":"status-publish","4":"has-post-thumbnail","6":"product_cat-dosieren-abmessen","7":"product_cat-alle-produkte-im-ueberblick","8":"product_cat-sprayerflaschen-aus-hdpe-oder-glas","9":"product_cat-sprayer-flaschen","10":"product_cat-flaschen-verschluesse-zubehoer","11":"product_cat-glasflaschen-pp28","12":"product_tag-spruehflasche-pp28","13":"product_tag-spruehflasche-pp28-250-ml","14":"product_tag-spruehflasche-pp28-500-ml","15":"product_tag-spruehflasche-250-ml","16":"product_tag-sprayerflasche","17":"product_tag-spruehflasche-500-ml","18":"product_tag-sprayer","19":"product_tag-glasflasche","20":"product_shipping_class-standard","22":"first","23":"instock","24":"taxable","25":"shipping-taxable","26":"purchasable","27":"product-type-variable"},"_links":{"self":[{"href":"https:\/\/shop.nlq24.eu\/de\/wp-json\/wp\/v2\/product\/44877","targetHints":{"allow":["GET"]}}],"collection":[{"href":"https:\/\/shop.nlq24.eu\/de\/wp-json\/wp\/v2\/product"}],"about":[{"href":"https:\/\/shop.nlq24.eu\/de\/wp-json\/wp\/v2\/types\/product"}],"replies":[{"embeddable":true,"href":"https:\/\/shop.nlq24.eu\/de\/wp-json\/wp\/v2\/comments?post=44877"}],"wp:featuredmedia":[{"embeddable":true,"href":"https:\/\/shop.nlq24.eu\/de\/wp-json\/wp\/v2\/media\/44626"}],"wp:attachment":[{"href":"https:\/\/shop.nlq24.eu\/de\/wp-json\/wp\/v2\/media?parent=44877"}],"wp:term":[{"taxonomy":"product_brand","embeddable":true,"href":"https:\/\/shop.nlq24.eu\/de\/wp-json\/wp\/v2\/product_brand?post=44877"},{"taxonomy":"product_cat","embeddable":true,"href":"https:\/\/shop.nlq24.eu\/de\/wp-json\/wp\/v2\/product_cat?post=44877"},{"taxonomy":"product_tag","embeddable":true,"href":"https:\/\/shop.nlq24.eu\/de\/wp-json\/wp\/v2\/product_tag?post=44877"}],"curies":[{"name":"wp","href":"https:\/\/api.w.org\/{rel}","templated":true}]}}