{"id":459,"date":"2018-12-18T17:36:55","date_gmt":"2018-12-18T17:36:55","guid":{"rendered":"https:\/\/www.nlq24.de\/?post_type=product&#038;p=459"},"modified":"2025-12-08T10:04:50","modified_gmt":"2025-12-08T10:04:50","slug":"pp-flaschen-bruchsicher-mit-tropfer","status":"publish","type":"product","link":"https:\/\/shop.nlq24.eu\/de\/Produkt\/pp-flaschen-bruchsicher-mit-tropfer\/","title":{"rendered":"PP-Flasche bruchsicher mit Tropfer"},"content":{"rendered":"<p>Diese PP-Flasche ist nicht nur bruchsicher. Sie ist auch mit einem sehr genauen Tropfer ausgestattet. Sie ist ungef\u00e4rbt, also naturbelassen und dadurch halb-transparent. Jede Flasche ist mit einem Sicherheitsverschluss best\u00fcckt. Somit ist ist das F\u00fcllgut\u00a0 Kindersicher verschlossen. Sie k\u00f6nnen diese Flasche in verschiedene Volumen ausw\u00e4hlen. Unter dem kindersicheren Verschluss verbirgt sich eine Dosier-Spitze, die perfektes und genaues Tropfen erm\u00f6glicht. Die Dosier-Spitze hat eine L\u00e4nge von 9 mm.<br \/>\nDie Flasche ist zertifiziert nach ISO 8317. Der Verschluss verf\u00fcgt \u00fcber einen Originalit\u00e4ts-Ring, der beim ersten \u00d6ffnen den Anbruch der Flasche durch Abrei\u00dfen anzeigt. So ist man sicher, dass die Flasche zuvor noch original verschlossen war.<\/p>\n<h4><strong>PP-Flasche bruchsicher mit Tropfer &#8211; Materialien<\/strong><\/h4>\n<p>Das Material PP ist einfach und weich eindr\u00fcckbar. Somit kann man Fl\u00fcssigkeiten nicht nur tropfen, sondern auch spritzen. Weiterhin sorgt diese Konsistenz f\u00fcr eine enorme Bruchsicherheit. PP ist hoch best\u00e4ndig gegen viele Chemikalien und kann z.B. f\u00fcr eine Salzs\u00e4ure 4 %, Natriumchlorit 25 %, DMSO100 und nat\u00fcrlich auch f\u00fcr MKB Vital genutzt werden. Sie sind zudem sind <strong>absolut best\u00e4ndig<\/strong> gegen Ethylacetat, Essigs\u00e4ure-Verbindungen.<\/p>\n<p>Der Verschluss ist wahlweise in den Farben: <strong>wei\u00df, schwarz, <span style=\"color: #800000;\">rot<\/span>, <span style=\"color: #000080;\">blau<\/span>, <span style=\"color: #008000;\">gr\u00fcn<\/span> oder\u00a0<span style=\"color: #ffcc00;\"> gelb <\/span>erh\u00e4ltlich.<\/strong><br \/>\nDer Durchmesser betr\u00e4gt 41 mm und die H\u00f6he\u00a0der Flasche: 111 mm (ohne Verschluss) und 125 mm mit Verschluss.<\/p>\n<p>Bei diesen Flaschen wurden nur reine Rohstoffe verwendet. Recyclingmaterialien (wie bei vielen billigeren Flaschen \u00fcblich, werden hier <strong>nicht<\/strong> eingesetzt. Alle verwendeten Materialien sind sogar nach der europ\u00e4ischen Arzneimittelverordnung (ph. Eur.) zugelassen. Diese Liquidflaschen sind komplett zertifiziert (Unbedenklichkeitsbescheinigungen, Rohstoffnachweise mit Vertr\u00e4glichkeiten, Zertifizierung der Kindersicherung nach ISO 8317). Somit erf\u00fcllen sie h\u00f6chste Anspr\u00fcche und sind zulassungf\u00e4hig im Sinne eines Medizinproduktes.<\/p>\n<p>Ein weiterer Vorteil von PP ist nat\u00fcrlich das geringe Eigengewicht. Dies ist gerade beim <strong>Versand<\/strong> und<strong> auf Reisen <\/strong>wichtig.<\/p>\n<p><strong>Varianten:<\/strong> 10, 30, 50 und 100 ml<\/p>\n<p>Zum Bef\u00fcllen dieser Flaschen empfehle ich den <strong><a href=\"https:\/\/shop.nlq24.eu\/produkt\/glastrichter-30-mm\/\">Glastrichter 30 mm<\/a><\/strong> und f\u00fcr gr\u00f6\u00dfere Mengen den <strong><a href=\"https:\/\/shop.nlq24.eu\/produkt\/glastrichter-55-mm-aus-kalk-soda-glas\/\">Glastrichter 55 mm<\/a><\/strong>.<\/p>\n","protected":false},"excerpt":{"rendered":"<p>Diese PP-Flasche ist nicht nur bruchsicher. Sie ist auch mit einem sehr genauen Tropfer ausgestattet. Sie ist ungef\u00e4rbt, also naturbelassen und dadurch halb-transparent. Jede Flasche ist mit einem Sicherheitsverschluss best\u00fcckt. Somit ist ist das F\u00fcllgut\u00a0 Kindersicher verschlossen. Sie k\u00f6nnen diese Flasche in verschiedene Volumen ausw\u00e4hlen. Unter dem kindersicheren Verschluss verbirgt sich eine Dosier-Spitze, die perfektes [&#8230;]\n","protected":false},"featured_media":5554,"comment_status":"open","ping_status":"closed","template":"","meta":[],"product_brand":[],"product_cat":[81,329],"product_tag":[657,105,110,535,544,654,655,656],"class_list":{"0":"post-459","1":"product","2":"type-product","3":"status-publish","4":"has-post-thumbnail","6":"product_cat-alle-produkte-im-ueberblick","7":"product_cat-pp-flaschen-bruchsicher","8":"product_tag-pp-flasche","9":"product_tag-tropfer","10":"product_tag-kindersicherheitsverschluss","11":"product_tag-pp","12":"product_tag-flasche","13":"product_tag-bruchsicher","14":"product_tag-flaschen","15":"product_tag-chemiebestaendig","16":"product_shipping_class-standard","17":"pa_milliliter-10-ml","18":"pa_milliliter-30-ml","19":"pa_milliliter-50-ml","20":"pa_milliliter-100-ml","22":"first","23":"instock","24":"taxable","25":"shipping-taxable","26":"purchasable","27":"product-type-variable"},"_links":{"self":[{"href":"https:\/\/shop.nlq24.eu\/de\/wp-json\/wp\/v2\/product\/459","targetHints":{"allow":["GET"]}}],"collection":[{"href":"https:\/\/shop.nlq24.eu\/de\/wp-json\/wp\/v2\/product"}],"about":[{"href":"https:\/\/shop.nlq24.eu\/de\/wp-json\/wp\/v2\/types\/product"}],"replies":[{"embeddable":true,"href":"https:\/\/shop.nlq24.eu\/de\/wp-json\/wp\/v2\/comments?post=459"}],"wp:featuredmedia":[{"embeddable":true,"href":"https:\/\/shop.nlq24.eu\/de\/wp-json\/wp\/v2\/media\/5554"}],"wp:attachment":[{"href":"https:\/\/shop.nlq24.eu\/de\/wp-json\/wp\/v2\/media?parent=459"}],"wp:term":[{"taxonomy":"product_brand","embeddable":true,"href":"https:\/\/shop.nlq24.eu\/de\/wp-json\/wp\/v2\/product_brand?post=459"},{"taxonomy":"product_cat","embeddable":true,"href":"https:\/\/shop.nlq24.eu\/de\/wp-json\/wp\/v2\/product_cat?post=459"},{"taxonomy":"product_tag","embeddable":true,"href":"https:\/\/shop.nlq24.eu\/de\/wp-json\/wp\/v2\/product_tag?post=459"}],"curies":[{"name":"wp","href":"https:\/\/api.w.org\/{rel}","templated":true}]}}