{"id":45955,"date":"2019-11-20T16:42:03","date_gmt":"2019-11-20T16:42:03","guid":{"rendered":"https:\/\/www.nlq24.de\/?post_type=product&#038;p=45955"},"modified":"2024-12-19T12:39:22","modified_gmt":"2024-12-19T12:39:22","slug":"glastrichter-55-mm-aus-kalk-soda-glas","status":"publish","type":"product","link":"https:\/\/shop.nlq24.eu\/de\/Produkt\/glastrichter-55-mm-aus-kalk-soda-glas\/","title":{"rendered":"Glastrichter 55 mm aus Borosilikat-Glas 3.3"},"content":{"rendered":"<p class=\"Normal\">Dieser Glastrichter\u00a0 55 mm besteht aus Borosilikat-Glas 3.3. Er hat einen Durchmesser von guten 55 mm und ist damit ein optimaler Trichter zum Bef\u00fcllen von 100 ml Flaschen. Er eignet sich sehr gut f\u00fcr diese Mengen. Zum Beispiel in die 30, 50, 100 ml <strong><a href=\"https:\/\/shop.nlq24.eu\/produkt\/glasflasche-din18-slim-braun\/\">Glasflaschen DIN18<\/a><\/strong>. Aber auch f\u00fcr das Bef\u00fcllen der bruchsicheren <strong><a href=\"https:\/\/shop.nlq24.eu\/produkt\/pp-flaschen-bruchsicher-halbtransparent-mit-kindersicherheitsverschluss-div-groessen-farben\/\">PP-Flaschen<\/a><\/strong> in allen Gr\u00f6\u00dfen, ist dieser aufgrund des geringen Durchmessers am Auslauf bestens geeignet. Dieser Glastrichter ist zudem hitzebest\u00e4ndig nach DIN ISO 4798. Damit f\u00fcllen Sie auch Ihre hei\u00dfen, kalten Fl\u00fcssigkeiten oder auch kleink\u00f6rnige Stoffe ab.<\/p>\n<h3>Der Glastrichter 55 mm aus Kalk-Soda-Glas ist best\u00e4ndig<\/h3>\n<p>Dieser Glastrichter aus Borosilikat-Glas 3.3 ist best\u00e4ndig gegen DMSO100 und 99,99 % und somit ideal zum Abf\u00fcllen von DMSO und andere L\u00f6semittel geeignet. Auch die meisten aggressiven Stoffe, machen Ihrem neuen Glastrichter kein Problem. Egal ob S\u00e4ure Laugen oder L\u00f6semittel, aus Ihrem neuen Glas kann sich nichts herausl\u00f6sen. Dadurch erhalten Sie zum Beispiel bei DMSO eine Abf\u00fcllung ohne Plastik-L\u00f6semittel. Sogar Pulver k\u00f6nnen Sie nun, dank der gleitenden Oberfl\u00e4che, recht gut damit verf\u00fcllen. Nat\u00fcrlich gilt dies auch f\u00fcr Lebensmittel. Sein steiler <strong>60\u00b0 Winkel<\/strong>\u00a0macht ein leichtes durchgleiten Ihres F\u00fcllgutes m\u00f6glich.<\/p>\n<p>Mit Ihrem neuen Mini- Glastrichter bef\u00fcllen Sie also Ihre kleinen Gef\u00e4\u00dfe<strong> sicher<\/strong>.<\/p>\n<p class=\"Normal\">Dieser kleine Glastrichter 30 mm wird Ihnen besonders gefallen, wenn Sie <strong>kleine und mittlere Flaschen oder Gef\u00e4\u00dfe<\/strong> zu bef\u00fcllen haben. F\u00fcr das Bef\u00fcllen von DIN18 Flaschen eignet er sich hervorragend.<\/p>\n<h3>Daten des Glastrichters auf einen Blick<\/h3>\n<p><strong>Das Gewicht betr\u00e4gt <\/strong>ca. 23 g, die <strong>Gesamtl\u00e4nge<\/strong> ca. 107 mm, der <strong>Durchmesser der \u00d6ffnung<\/strong> ca. 55 mm, der <strong>Durchmesser vom Stiel<\/strong> ca. 8 mm und die <strong>L\u00e4nge des Stieles<\/strong> ca. 55 mm. Der <strong>Winkel betr\u00e4gt<\/strong> ca. 60\u00b0 und der <strong>Durchmesser am Auslauf<\/strong> ca. 6 mm.<\/p>\n<p>F\u00fcr diesen Filter ist auch Filterpapier erh\u00e4ltlich.<\/p>\n<p>Suchen Sie einen g\u00fcnstigen Trichter aus best\u00e4ndigem PP, dann schauen Sie sich den <strong><a href=\"https:\/\/shop.nlq24.eu\/produkt\/trichter-minitrichter-6-cm\/\">Minitrichter 60 mm<\/a><\/strong> einmal an.<\/p>\n","protected":false},"excerpt":{"rendered":"<p>Glastrichter 55 mm Durchmesser, Auslauf ca. 6 mm<\/p>\n","protected":false},"featured_media":45944,"comment_status":"open","ping_status":"closed","template":"","meta":[],"product_brand":[],"product_cat":[43,44,81],"product_tag":[203,635,1801,1815],"class_list":{"0":"post-45955","1":"product","2":"type-product","3":"status-publish","4":"has-post-thumbnail","6":"product_cat-dosieren-abmessen","7":"product_cat-trichter-zum-abfuellen","8":"product_cat-alle-produkte-im-ueberblick","9":"product_tag-trichter","10":"product_tag-kleiner","11":"product_tag-glastrichter","12":"product_tag-glastrichter-55-mm","13":"product_shipping_class-standard","15":"first","16":"outofstock","17":"taxable","18":"shipping-taxable","19":"purchasable","20":"product-type-simple"},"_links":{"self":[{"href":"https:\/\/shop.nlq24.eu\/de\/wp-json\/wp\/v2\/product\/45955","targetHints":{"allow":["GET"]}}],"collection":[{"href":"https:\/\/shop.nlq24.eu\/de\/wp-json\/wp\/v2\/product"}],"about":[{"href":"https:\/\/shop.nlq24.eu\/de\/wp-json\/wp\/v2\/types\/product"}],"replies":[{"embeddable":true,"href":"https:\/\/shop.nlq24.eu\/de\/wp-json\/wp\/v2\/comments?post=45955"}],"wp:featuredmedia":[{"embeddable":true,"href":"https:\/\/shop.nlq24.eu\/de\/wp-json\/wp\/v2\/media\/45944"}],"wp:attachment":[{"href":"https:\/\/shop.nlq24.eu\/de\/wp-json\/wp\/v2\/media?parent=45955"}],"wp:term":[{"taxonomy":"product_brand","embeddable":true,"href":"https:\/\/shop.nlq24.eu\/de\/wp-json\/wp\/v2\/product_brand?post=45955"},{"taxonomy":"product_cat","embeddable":true,"href":"https:\/\/shop.nlq24.eu\/de\/wp-json\/wp\/v2\/product_cat?post=45955"},{"taxonomy":"product_tag","embeddable":true,"href":"https:\/\/shop.nlq24.eu\/de\/wp-json\/wp\/v2\/product_tag?post=45955"}],"curies":[{"name":"wp","href":"https:\/\/api.w.org\/{rel}","templated":true}]}}