{"id":46616,"date":"2019-11-27T11:27:52","date_gmt":"2019-11-27T11:27:52","guid":{"rendered":"https:\/\/www.nlq24.de\/?post_type=product&#038;p=46616"},"modified":"2026-04-06T10:41:42","modified_gmt":"2026-04-06T10:41:42","slug":"energetisierungs-kartusche","status":"publish","type":"product","link":"https:\/\/shop.nlq24.eu\/de\/Produkt\/energetisierungs-kartusche\/","title":{"rendered":"Energetisierungs-Kartusche"},"content":{"rendered":"<h3>Energetisierungs-Kartusche f\u00fcr Umkehrosmose-Anlagen<\/h3>\n<div class=\"Description SmallTopPadding\">\n<div>Durch diese <strong>Energetisierungs-Kartusche<\/strong> kannst du dein gefiltertes Wasser energetisch wieder beleben. Warum ist dies sinnvoll?<\/div>\n<div>Durch Ihre Umkehrosmose hast du nun schon sehr gut gefiltertes Wasser. Ist jedoch die energetische Struktur nach dem Prozess noch wirklich in Ordnung?<\/div>\n<div><\/div>\n<div>Das Ziel der Wasserbelebung ist es, die urspr\u00fcngliche Struktur des Wassers wieder herzustellen. Also die nat\u00fcrliche Energie und die Informationen, die es nat\u00fcrlicher Weise besitzt. Durch Faktoren wie: Druck in den Wasserrohren, gerade Wasserleitungen, die Zugabe von Chemikalien und Metall-Ausl\u00f6sungen, k\u00f6nnen diese n\u00e4mlich verloren gehen. Zumindest aber, k\u00f6nnte sie besch\u00e4digt werden. Man sagt unter Wasser-Forschern, dass Leitungswasser auf energetischer Ebene &#8222;gestresst&#8220; w\u00e4re.<\/div>\n<div><\/div>\n<div>Wissenschaftler entdeckten, dass <strong>hochfrequente Schwingungen<\/strong>, durch <strong>magnetische Einwirkung<\/strong> erzeugt werden kann. Diese wiederum wird dauerhaft an das Wasser abgegeben. Wasser ist somit in der Lage, Schwingungen aufzunehmen und auch wieder abzugeben. Es hat also ein &#8222;Ged\u00e4chtnis&#8220;. Mit diesem kann es sozusagen Informationen ansammeln, bewahren und an andere Objekte, wie zum Beispiel lebende Organismen, \u00fcbermitteln.<\/div>\n<div><\/div>\n<div>Diese Energetisierungs-Kartusche strukturiert das Wasser auf der Basis von Biokeramik neu. Sie baut die nat\u00fcrliche Struktur des Wassers wieder auf. Dabei nutzt sie die Energie des Sonnenspektrums. Die dabei freigesetzte Energie, f\u00f6rdert \/unterst\u00fctzt offenbar auch das k\u00f6rpereigene Immunsystem. Es soll sich auch positiv auf das Blutsystem und damit wiederum auf den gesamten Organismus auswirken, ist aber hier kein Heilversprechen.<\/div>\n<\/div>\n<div><\/div>\n<h3>Was passiert, wenn das Wasser die Energetisierungs-Kartusche durchstr\u00f6mt?<\/h3>\n<div>Alle negativen Informationen werden gel\u00f6scht und durch positive ersetzt. Auf diese Weise erhalten Sie, ohne physikalischen Kontakt oder chemische Modifikation Wasser, mit dem darin aufgenommenen positiven Informationen. Sie erhalten restrukturiertes Wasser.<\/div>\n<div class=\"Description SmallTopPadding\">\n<div><\/div>\n<div>Die Verwendung des durch die Kartusche mit <strong>restrukturiertem Wassers<\/strong> hat folgenden Einfluss auf die Eigenschaften ihre Wassers<\/div>\n<div><\/div>\n<div>&#8211; Erh\u00f6hte Regenerationsf\u00e4higkeit sowie verst\u00e4rkte Selbstreinigungskraft, au\u00dferdem bessere Best\u00e4ndigkeit, eine bessere Haltbarkeit sowie eine geringere H\u00e4rte. Eine niedrigere Radioaktivit\u00e4t ebenso, wie eine\u00a0niedrigere Oberfl\u00e4chenspannung.<\/div>\n<\/div>\n<div><\/div>\n<div>Dies wirst du vielleicht auch bei dem Genuss dieses Wassers sp\u00fcren und sch\u00e4tzen.<\/div>\n<div class=\"Description SmallTopPadding\">\n<div><\/div>\n<\/div>\n<div><span style=\"color: #555555;\">Dies Kartusche passt zu allen <\/span><a href=\"https:\/\/shop.nlq24.eu\/produkt\/mini-umkehrosmoseanlage-smartline-gold\/\">Umkehrosmose-Anlagen<\/a><span style=\"color: #555555;\"> im Shop. Auch ist diese mit jedem Umkehrosmose Wasserhahn kompatibel. Somit kannst du\u00a0 also auch deine alte Anlage damit nachr\u00fcsten.<\/span><\/div>\n<div class=\"Description SmallTopPadding\">\n<p>Mehr zum Thema &#8222;Wasser ist Leben&#8220;, erfahren Sie auf <strong><a href=\"https:\/\/www.natao.org\/wasserreinigung.htm\">Natao.org.<\/a><\/strong><\/p>\n<p><strong>Inhalt:\u00a0 1 Kartusche<\/strong><\/p>\n<p>Die Gr\u00f6\u00dfe des Anschlusses ist 1\/4 Zoll.<\/p>\n<p>Diese Energetisierungs Kartusche wird als letzte Kartusche, direkt vor dem Wasserhahn, angebracht. Sie ist nur f\u00fcr den Gebrauch in kaltem Wasser vorgesehen. Bitte ausschlie\u00dflich f\u00fcr kaltes Wasser verwenden.<\/p>\n<p>Diese Kartusche sollten Sie alle 12 Monate wechseln.<\/p>\n<\/div>\n","protected":false},"excerpt":{"rendered":"<p>Energetisierungs-Kartusche f\u00fcr Umkehrosmose-Anlage<\/p>\n","protected":false},"featured_media":46634,"comment_status":"open","ping_status":"closed","template":"","meta":[],"product_brand":[],"product_cat":[48,54,81,415,416],"product_tag":[1786,1787,1783,1784,1785],"class_list":{"0":"post-46616","1":"product","2":"type-product","3":"status-publish","4":"has-post-thumbnail","6":"product_cat-wasserfilter-umkehrosmose","7":"product_cat-umkehrosmose-zubehoer","8":"product_cat-alle-produkte-im-ueberblick","9":"product_cat-wasserveredelung","10":"product_cat-wasserveredelung-wasserfilter","11":"product_tag-ph-wert-korrektur","12":"product_tag-ph-neutral-kartusche-fuer-umkehrosmose-anlage","13":"product_tag-ph-neutralisierung","14":"product_tag-alkaline-filter","15":"product_tag-ph-kartusche","16":"product_shipping_class-standard","18":"first","19":"instock","20":"sale","21":"taxable","22":"shipping-taxable","23":"purchasable","24":"product-type-simple"},"_links":{"self":[{"href":"https:\/\/shop.nlq24.eu\/de\/wp-json\/wp\/v2\/product\/46616","targetHints":{"allow":["GET"]}}],"collection":[{"href":"https:\/\/shop.nlq24.eu\/de\/wp-json\/wp\/v2\/product"}],"about":[{"href":"https:\/\/shop.nlq24.eu\/de\/wp-json\/wp\/v2\/types\/product"}],"replies":[{"embeddable":true,"href":"https:\/\/shop.nlq24.eu\/de\/wp-json\/wp\/v2\/comments?post=46616"}],"wp:featuredmedia":[{"embeddable":true,"href":"https:\/\/shop.nlq24.eu\/de\/wp-json\/wp\/v2\/media\/46634"}],"wp:attachment":[{"href":"https:\/\/shop.nlq24.eu\/de\/wp-json\/wp\/v2\/media?parent=46616"}],"wp:term":[{"taxonomy":"product_brand","embeddable":true,"href":"https:\/\/shop.nlq24.eu\/de\/wp-json\/wp\/v2\/product_brand?post=46616"},{"taxonomy":"product_cat","embeddable":true,"href":"https:\/\/shop.nlq24.eu\/de\/wp-json\/wp\/v2\/product_cat?post=46616"},{"taxonomy":"product_tag","embeddable":true,"href":"https:\/\/shop.nlq24.eu\/de\/wp-json\/wp\/v2\/product_tag?post=46616"}],"curies":[{"name":"wp","href":"https:\/\/api.w.org\/{rel}","templated":true}]}}