{"id":50428,"date":"2020-01-04T10:58:18","date_gmt":"2020-01-04T10:58:18","guid":{"rendered":"https:\/\/www.nlq24.de\/?post_type=product&#038;p=50428"},"modified":"2025-11-17T11:46:24","modified_gmt":"2025-11-17T11:46:24","slug":"cdh3000-ms-chlordioxid-loesung-03-cdl","status":"publish","type":"product","link":"https:\/\/shop.nlq24.eu\/de\/Produkt\/cdh3000-ms-chlordioxid-loesung-03-cdl\/","title":{"rendered":"CDH3000-MS &#8211; Chlordioxid L\u00f6sung 0,3 % &#8211; (CDL)"},"content":{"rendered":"<p class=\"Normal\"><strong>CDH3000-MS<\/strong> ist eine Chlordioxid L\u00f6sung (CDL) &lt; 0,3 % Chlordioxid Anteil. Diese wurde mit <strong>rechtsdrehender Milchs\u00e4ure aktiviert<\/strong>.<\/p>\n<h3><strong>CDH3000-MS <span class=\"tm6\">Hinweise:<\/span><\/strong><\/h3>\n<p class=\"Normal\">CDH3000-MS bitte vor Licht sch\u00fctzen und nicht erhitzen. M\u00f6glichst k\u00fchl lagern. Die Fl\u00fcssigkeit kann unverd\u00fcnnt organisches Material entf\u00e4rben. Nach Einatmen von \u00fcber der Fl\u00fcssigkeit befindlichem Gas, sorge f\u00fcr Frischluft. Bei Kontakt mit den Augen, sp\u00fcle das Auge bei ge\u00f6ffnetem Lidspalt mit Wasser. Nach versehentlichem Verschlucken, trinke reichlich Wasser zur Verd\u00fcnnung. Solltest du anhaltende Beschwerden haben, suche einen Arzt oder Heilpraktiker auf. Lasse keine gr\u00f6\u00dferen Mengen in die Kanalisation oder Gew\u00e4sser gelangen. Lagere es k\u00fchl und vor Licht gesch\u00fctzt in der geschlossenen Flasche.<\/p>\n<h3 class=\"Normal\"><strong><span class=\"tm6\">Folgende Varianten von CDH3000-MS stehen zur Auswahl:<\/span><\/strong><\/h3>\n<p class=\"Normal\">Die <strong><span class=\"tm6\">100 ml<\/span><\/strong> Variante gibt es in HDPE- oder Glasflasche DIN18 jeweils mit Tropfer.<\/p>\n<ul>\n<li class=\"Normal\">F\u00fcr die 100 ml Glasflasche gibt es jetzt auch ein <strong><a href=\"https:\/\/shop.nlq24.eu\/de\/produkt\/doser-system-din18\/\">Doser-System DIN18<\/a><\/strong> (Dosiersystem).<\/li>\n<\/ul>\n<p class=\"Normal\">Die <strong>250 m<\/strong>l Variante: Diese biete ich in der Glasflasche PP28 an.<\/p>\n<p class=\"Normal\">Die <strong>500 ml<\/strong> Variante: Auch diese biete ich in der Glasflasche PP28 an. Zudem gibt es noch<\/p>\n<p>die <strong>1000 ml<\/strong> Variante.<\/p>\n<p class=\"Normal\">Wahlweise kannst du zu diesen Flaschen einen Doser (Dosiersystem) gleich mit ausw\u00e4hlen.<\/p>\n<p class=\"Normal\">Ohne die Bestellung eines Dosers liefere ich keinen Doser-Einsatz mit. Auch der Deckel bei der Bestellung ohne Doser-System, passt nicht zu dem <strong><a href=\"https:\/\/shop.nlq24.eu\/de\/produkt\/verschluss-deckel-pp28-schwarz\/\">Deckel f\u00fcr das Doser System PP28.<\/a><\/strong><\/p>\n<p>&nbsp;<\/p>\n<h3 class=\"Normal\"><strong><span class=\"tm6\">Mein Pflege-TIPP f\u00fcr Doser-System10 28mm:<\/span><\/strong><\/h3>\n<div>Doser und Skala\u00a0Pflegehinweis:<\/div>\n<div><\/div>\n<div>Die Skala vom Doser 10 ml f\u00fcr 28 mm Flaschen ist innen am Stempel aufgebracht. Werden nun Substanzen damit aufgezogen und abgemessen, k\u00f6nnen Reste dieser l\u00f6senden Substanzen von diesen, die im Innenraum des K\u00f6rpers vom Doser anhaften zum langsamen Anl\u00f6sen der Skala f\u00fchren. Aus diesem Grund sollte man bei Nutzung des Dosers mit solchen Substanzen diesen gleich nach der Nutzung, gut absp\u00fclen.<\/div>\n<div><\/div>\n<div>Der kleine Gummiring am Stempel in dem Doser kann nach einem gewissen Zeitraum der Nutzung an Geschmeidigkeit verlieren. Wenn dann der Doser schwerg\u00e4ngig wird, kann man den Stempel komplett aus dem Geh\u00e4use des Dosers herausziehen und den Gummi Dichtungsring mit einem Tropfen Pflanzen\u00f6l benetzen und wieder einf\u00fchren. Danach bewege man den Stempel im Doser Geh\u00e4use ein wenig hin- und her bzw. nach oben und unten, dann wird er wieder leichtg\u00e4ngig.<\/div>\n<div>Suchst du ein best\u00e4ndigeres Doser-System findest du es <a href=\"https:\/\/shop.nlq24.eu\/de\/produkt\/doser-system-bestaendig\/\">HIER.<\/a><\/div>\n<div><\/div>\n<h3>Best\u00e4ndigeres Doser-System<\/h3>\n<div>Du kannst aber auch gleich ein <a href=\"https:\/\/shop.nlq24.eu\/de\/produkt\/doser-system-6-28-mm\/\">best\u00e4ndigeres Doser-System mit einer 6 ml<\/a> Spritze f\u00fcr PP28 auch als Variante ausw\u00e4hlen.<\/div>\n<div>Oder dieses gibt es auch als <a href=\"https:\/\/shop.nlq24.eu\/de\/produkt\/doser-system-6-ml-bestaendig-din18mm\/\">Doser-System best\u00e4ndig f\u00fcr DIN18<\/a> (f\u00fcr kleine Tropferflasche)<\/div>\n<p>&nbsp;<\/p>\n<p>Ein Qualit\u00e4tsprodukt von <a href=\"https:\/\/www.natao.org\/cdh3000-cdl-wasserdesinfektion.htm\">OX-IT.<\/a><\/p>\n<p>M\u00f6chtest du eine CDL (Chlordioxid L\u00f6sung), die noch l\u00e4nger haltbar ist? Dann schaue dir einmal das <span style=\"color: #0000ff;\"><strong><a style=\"color: #0000ff;\" href=\"https:\/\/shop.nlq24.eu\/produkt\/cdh3000-premium-chlordioxid-loesung-03-in-mironglas\/\">CDH3000 Premium<\/a><\/strong><\/span> an.<\/p>\n<p><span class=\"tm6\">Alle CDH Produkte werden im Shop als reine Chemikalie verkauft.<\/span><\/p>\n","protected":false},"excerpt":{"rendered":"<p><span style=\"font-size: 110%;\"><span class=\"tm6\">CDH3000-MS vorsichtig verwenden. Vor Gebrauch stets Etikett und Produktinformationen lesen.<\/span><\/span><\/p>\n","protected":false},"featured_media":70360,"comment_status":"open","ping_status":"closed","template":"","meta":[],"product_brand":[],"product_cat":[31,81],"product_tag":[1798,1835,1836,64,1837,68,617,1838,706,124,784],"class_list":{"0":"post-50428","1":"product","2":"type-product","3":"status-publish","4":"has-post-thumbnail","6":"product_cat-cdh3000-cdl3000","7":"product_cat-alle-produkte-im-ueberblick","8":"product_tag-chlordioxid-fertigloesung","9":"product_tag-cdh3000-ms","10":"product_tag-cdh-milchsaeure","11":"product_tag-cdh3000","12":"product_tag-cdl-milchsaeure","13":"product_tag-chlordioxid-loesung","14":"product_tag-cdh","15":"product_tag-cdl-rechtsdrehende-milchsaeure","16":"product_tag-cds-cdl","17":"product_tag-cdl","18":"product_tag-cdh3000-chlordioxid-loesung","19":"product_shipping_class-standard","20":"pa_flaschenart-hdpe-flasche","21":"pa_flaschenart-glasflasche-din18","22":"pa_flaschenart-glasflasche-pp28","23":"pa_milliliter-2-x-500-ml","24":"pa_milliliter-100-ml","25":"pa_milliliter-250-ml","26":"pa_milliliter-500-ml","27":"pa_milliliter-1000-ml","29":"first","30":"instock","31":"taxable","32":"shipping-taxable","33":"purchasable","34":"product-type-variable"},"_links":{"self":[{"href":"https:\/\/shop.nlq24.eu\/de\/wp-json\/wp\/v2\/product\/50428","targetHints":{"allow":["GET"]}}],"collection":[{"href":"https:\/\/shop.nlq24.eu\/de\/wp-json\/wp\/v2\/product"}],"about":[{"href":"https:\/\/shop.nlq24.eu\/de\/wp-json\/wp\/v2\/types\/product"}],"replies":[{"embeddable":true,"href":"https:\/\/shop.nlq24.eu\/de\/wp-json\/wp\/v2\/comments?post=50428"}],"wp:featuredmedia":[{"embeddable":true,"href":"https:\/\/shop.nlq24.eu\/de\/wp-json\/wp\/v2\/media\/70360"}],"wp:attachment":[{"href":"https:\/\/shop.nlq24.eu\/de\/wp-json\/wp\/v2\/media?parent=50428"}],"wp:term":[{"taxonomy":"product_brand","embeddable":true,"href":"https:\/\/shop.nlq24.eu\/de\/wp-json\/wp\/v2\/product_brand?post=50428"},{"taxonomy":"product_cat","embeddable":true,"href":"https:\/\/shop.nlq24.eu\/de\/wp-json\/wp\/v2\/product_cat?post=50428"},{"taxonomy":"product_tag","embeddable":true,"href":"https:\/\/shop.nlq24.eu\/de\/wp-json\/wp\/v2\/product_tag?post=50428"}],"curies":[{"name":"wp","href":"https:\/\/api.w.org\/{rel}","templated":true}]}}