{"id":50753,"date":"2024-09-10T15:34:39","date_gmt":"2024-09-10T15:34:39","guid":{"rendered":"https:\/\/www.nlq24.de\/?post_type=product&#038;p=50753"},"modified":"2026-04-21T15:53:02","modified_gmt":"2026-04-21T15:53:02","slug":"ersatzpatrone-duschfilter","status":"publish","type":"product","link":"https:\/\/shop.nlq24.eu\/de\/Produkt\/ersatzpatrone-duschfilter\/","title":{"rendered":"Ersatzpatrone f\u00fcr Duschfilter \/ Badefilter"},"content":{"rendered":"<p>Diese <strong>Ersatzpatrone f\u00fcr den<\/strong> <a href=\"https:\/\/shop.nlq24.eu\/produkt\/duschfilter-badefilter-gegen-kalk-chlor\/\"><strong>Duschfilter<\/strong> \/ <strong>Badefilter<\/strong><\/a> erf\u00fcllt gleich zwei Aufgaben. Er entfernt im Filtergeh\u00e4use wieder m\u00fchelos <strong>Kalk, Chlor<\/strong> und andere sch\u00e4dliche Stoffe aus dem Wasser. Der Austausch ist meist ganz einfach und ohne Werkzeug m\u00f6glich! Tauschen Sie Ihre Filterpatrone also ganz einfach gegen die Ersatzpatrone f\u00fcr Duschfilter\/Badefilter.<\/p>\n<p>Nach dem Tausch eliminiert Ihr Filter wieder Kalk und freie Chlor-Partikel aus dem Wasser, die einen sch\u00e4dlichen Einfluss auf den menschlichen K\u00f6rper haben k\u00f6nnen. Hierzu z\u00e4hlt die Reizwirkung auf die Augen ebenso, wie auf den Atmungsapparat und die Schleimhaut sowie die Nase. Sie kennen es sicherlich, dass Chlor Ihre Haut austrocknet. Zudem schont er durch das gefilterte Wasser Ihre empfindliche Haut. Auch mechanische Verunreinigungen wie z.B. Rost sind in Ihrem Wasser dann kein Problem mehr.<\/p>\n<p>Durch die Filterung werden au\u00dferdem Schwermetalle wie: Arsen, Cadmium, Blei, Quecksilber entfernt. Die KDF* Filterschicht wirkt bakteriostatisch. Sie beugt somit der Vermehrung der Bakterien auf an dem Filter vor.<\/p>\n<div>Suchen Sie nicht nur eine Ersatzpatrone f\u00fcr den Duschfilter, sondern auch das Duschfiltergeh\u00e4use inclusive Filter, schauen Sie sich diesen kompletten <a href=\"https:\/\/shop.nlq24.eu\/produkt\/duschfilter-badefilter-gegen-kalk-chlor\/\">Duschfilter\/Badefilter<\/a> an.<\/div>\n<div><\/div>\n<h3><strong>Vorteile des Duschfilter und Badefilter nach dem Ersatz:<\/strong><\/h3>\n<div>WaterCell \u2122 Ersatzpatrone f\u00fcr Duschfilter \/ Badefilter<\/div>\n<div>&#8211; entfernt die Haut austrocknendes Chlor.<\/div>\n<div>&#8211; reduziert effektiv Hautirritationen und verhindert das Austrocknen.<\/div>\n<div>&#8211; beseitigt Verunreinigungen, die Schuppen und spr\u00f6des Haar verursachen k\u00f6nnen.<\/div>\n<div>&#8211; Bestes Wasser besonders f\u00fcr Kinder und Menschen mit empfindlicher oder sehr empfindlicher Haut.<\/div>\n<div><\/div>\n<div>Dieser Duschfilter ist eine \u00e4u\u00dferst einfache und effektive M\u00f6glichkeit, das Aussehen unserer Haut zu verbessern.<\/div>\n<div><\/div>\n<div>\n<h3><strong>Einfache Installation:<\/strong><\/h3>\n<div>Der Wechsel der Ersatzpatrone dauert nur wenige Augenblicke und erfordert nicht einmal den Einsatz von Werkzeug. Zun\u00e4chst trennen Sie die beiden Schl\u00e4uche der Dusche vom dem Filtergeh\u00e4use.<\/div>\n<\/div>\n<div>Dann schrauben Sie den Duschfilter einfach auf, indem Sie ihn oben und unten jeweils in entgegen gesetzte Richtung drehen. Das Ober- und das Unterteil l\u00f6sen sich dann voneinander. Sie schrauben es auf und tauschen den alten Filtereinsatz gegen die neue Ersatzpatrone. Jetzt nur noch die Dichtung fixieren und wieder zusammenschrauben.<\/div>\n<div><\/div>\n<div><\/div>\n<div>\u00dcberpr\u00fcfen Sie Ihre Wasserh\u00e4rte und Sie wissen, wie n\u00f6tig Sie den Filtereinsatz wechseln m\u00fcssen. Dies ist einen billigen und einfachen Teststreifen m\u00f6glich.<\/div>\n<div><\/div>\n<div>H\u00e4rteskala in deutschen Graden:<\/div>\n<div>&#8211; 0-4 dH &#8211; sehr weiches Wasser<\/div>\n<div>&#8211; 5-8 dH &#8211; weiches Wasser<\/div>\n<div>&#8211; 9-12 dH &#8211; mittel hartes Wasser<\/div>\n<div>&#8211; 13-18 dH &#8211; hartes Wasser<\/div>\n<div>&#8211; 19 und mehr &#8211; sehr hartes Wasser<\/div>\n<div><\/div>\n<div>F\u00fcr eine Wasserh\u00e4rte \u00fcber 10 dH wird eine Enth\u00e4rtung zum Schutz von Wasserinstallationen, Armaturen und Haushaltsger\u00e4ten angeraten.<\/div>\n<div><\/div>\n<h3><strong>Die 3 Filterstufen des Duschfilter \/ Badefilter gegen Kalk, Chlor auf einen Blick:<\/strong><\/h3>\n<div><strong>1. Sediment Filter<\/strong><br \/>\nDer Sedimentfilter entfernt Schwebe-Partikel, wie Sand, Rost und andere, die \u00fcber einer Gr\u00f6\u00dfe von 15 Mikron liegen.<\/div>\n<div><strong>2. KDF &#8211; Filter<\/strong><br \/>\n<strong style=\"color: #555555;\"><span class=\"tm6\">Was ist KDF? <\/span><\/strong><span style=\"color: #555555;\">Es handelt sich dabei um eine hochreine, granulierte kupfer- und zink basierte Beimischung, also ein Redoxmittel. Diese arbeitet mit Oxidation und Ionen-Reduktion. Der Redox-Prozess funktioniert durch den Austausch von Elektronen. Dieser Austausch verwandelt viele sch\u00e4dliche Verunreinigungen in harmlose Zusatzstoffe (wie z.B. Chlor zu Chlorid). Andere Schadstoffe, wie beispielsweise Schwermetalle, binden sich in dem KDF-Mittel. Es reduziert bzw. beseitigt somit diese Substanzen. Die Keramik-B\u00e4llchen verringern den Gehalt an Chlor und verbessern somit die Wirkung des KDF zus\u00e4tzlich. Somit verringern Sie den Anteil der Chemikalien, Bakterien und anderen Schadstoffen, die sich im Leitungswasser befinden k\u00f6nnen abermals. <\/span>Der KDF entfernt etwas \u00fcber 90% des freie Chlors im Duschwasser.<\/div>\n<div><strong><br \/>\n3. Polyphosphat-Filter<\/strong><\/div>\n<div>Dieser Filter enth\u00e4rtet Ihr Wasser und sorgt daf\u00fcr, dass Kalk keine Sch\u00e4den verursachen kann.<\/div>\n<div><\/div>\n<div>Kaufen Sie jetzt diesen g\u00fcnstigen Filter. Sp\u00fcren Sie das weiche Wasser! Ihr neuer Duschfilter und Badefilter ist nur ein paar Klicks entfernt.<\/div>\n<div><\/div>\n<div>Einen kompletten Duschkopf mit integriertem Duschfilter finden Sie <strong><a href=\"https:\/\/shop.nlq24.eu\/produkt\/duschfilter-sanfter-regen\/\">hier.<\/a><\/strong><\/div>\n","protected":false},"excerpt":{"rendered":"<p>Ersatzpatrone f\u00fcr Dusch- und Badefilter 0,5 Zoll<\/p>\n","protected":false},"featured_media":50816,"comment_status":"open","ping_status":"closed","template":"","meta":[],"product_brand":[],"product_cat":[48,49,50,54,81,415,416,2879],"product_tag":[1817,1818,1819,131,2849,2850,2851],"class_list":{"0":"post-50753","1":"product","2":"type-product","3":"status-publish","4":"has-post-thumbnail","6":"product_cat-wasserfilter-umkehrosmose","7":"product_cat-duschfilter-zubehoer","8":"product_cat-umkehrosmose-anlagen-wasserfilter","9":"product_cat-umkehrosmose-zubehoer","10":"product_cat-alle-produkte-im-ueberblick","11":"product_cat-wasserveredelung","12":"product_cat-wasserveredelung-wasserfilter","13":"product_cat-weihnachtstipps","14":"product_tag-badefilter","15":"product_tag-dusch-filter","16":"product_tag-kleiner-duschfilter","17":"product_tag-duschfilter","18":"product_tag-ersatzpatrone","19":"product_tag-ersatz-duschfilter","20":"product_tag-ersatzpatrone-fuer-duschfilter","21":"product_shipping_class-standard","23":"first","24":"instock","25":"taxable","26":"shipping-taxable","27":"purchasable","28":"product-type-simple"},"_links":{"self":[{"href":"https:\/\/shop.nlq24.eu\/de\/wp-json\/wp\/v2\/product\/50753","targetHints":{"allow":["GET"]}}],"collection":[{"href":"https:\/\/shop.nlq24.eu\/de\/wp-json\/wp\/v2\/product"}],"about":[{"href":"https:\/\/shop.nlq24.eu\/de\/wp-json\/wp\/v2\/types\/product"}],"replies":[{"embeddable":true,"href":"https:\/\/shop.nlq24.eu\/de\/wp-json\/wp\/v2\/comments?post=50753"}],"wp:featuredmedia":[{"embeddable":true,"href":"https:\/\/shop.nlq24.eu\/de\/wp-json\/wp\/v2\/media\/50816"}],"wp:attachment":[{"href":"https:\/\/shop.nlq24.eu\/de\/wp-json\/wp\/v2\/media?parent=50753"}],"wp:term":[{"taxonomy":"product_brand","embeddable":true,"href":"https:\/\/shop.nlq24.eu\/de\/wp-json\/wp\/v2\/product_brand?post=50753"},{"taxonomy":"product_cat","embeddable":true,"href":"https:\/\/shop.nlq24.eu\/de\/wp-json\/wp\/v2\/product_cat?post=50753"},{"taxonomy":"product_tag","embeddable":true,"href":"https:\/\/shop.nlq24.eu\/de\/wp-json\/wp\/v2\/product_tag?post=50753"}],"curies":[{"name":"wp","href":"https:\/\/api.w.org\/{rel}","templated":true}]}}