{"id":52533,"date":"2020-01-25T08:58:06","date_gmt":"2020-01-25T08:58:06","guid":{"rendered":"https:\/\/www.nlq24.de\/?post_type=product&#038;p=52533"},"modified":"2026-04-13T15:07:31","modified_gmt":"2026-04-13T15:07:31","slug":"chlordioxid-set-natriumchlorit-25-milchsaeure-21","status":"publish","type":"product","link":"https:\/\/shop.nlq24.eu\/de\/Produkt\/chlordioxid-set-natriumchlorit-25-milchsaeure-21\/","title":{"rendered":"Natriumchlorit 25% + Milchs\u00e4ure 21%"},"content":{"rendered":"<p><span style=\"font-size: 100%;\"><strong>Natriumchlorit 25% und Milchs\u00e4ure 21%.<\/strong><\/span><\/p>\n<p><span style=\"font-size: 100%;\">Das <strong>Natriumchlorit 25%ige L\u00f6sung <\/strong>ist ein deutsches <strong>Qualit\u00e4tsprodukt<\/strong>. Es hat <strong>keine technische<\/strong> und auch <strong>keine<\/strong> <strong>Industrie-Qualit\u00e4t<\/strong>. Flaschen nicht mischen.<\/span><\/p>\n<p><span class=\"style7\" style=\"font-size: 110%;\"><span style=\"font-size: 100%;\">Natriumchlorit 25% und Milchs\u00e4ure 21% <\/span>vorsichtig verwenden und vor Gebrauch stets Etikett und Produktinformationen lesen.<\/span><\/p>\n<p><span class=\"style7\" style=\"font-size: 110%;\">Die besonderen Frequenzen dieser Fl\u00fcssigkeiten k\u00f6nnen mit einem Orgonstrahler oder Urteilchenstrahler auf andere Objekte eingeschwungen werden.<\/span><\/p>\n<p>&nbsp;<\/p>\n<p><strong>Natriumchlorit 25 %<\/strong><strong>:<br \/>\n<\/strong><strong><img decoding=\"async\" src=\"https:\/\/shop.nlq24.eu\/wp-content\/uploads\/2018\/09\/Achtung-Gefahrzeichen-Pictogram.jpg\" \/><br \/>\nAchtung\u00a0 \u00a0 \u00a0\u00a0<\/strong><\/p>\n<p class=\"Standard_1\"><span class=\"tm6\">Gefahren- und Sicherheitshinweise <\/span><\/p>\n<p class=\"Standard_1\"><span class=\"tm6\">stofflicher Fl\u00fcssigkeiten:<\/span><\/p>\n<p class=\"Standard_1\"><span class=\"tm6\">Entwickelt bei Ber\u00fchrung mit S\u00e4ure sehr giftige Gase. Gesundheitssch\u00e4dlich bei Verschlucken. Verursacht schwere Augenreizung. Gesundheitssch\u00e4dlich bei Einatmen. Gas\/Nebel\/Dampf\/Aerosol nicht einatmen. Darf nicht in die H\u00e4nde von Kindern gelangen.<\/span><\/p>\n<p class=\"Standard_1\"><span class=\"tm6\">Schutzhandschuhe\/Schutzkleidung, Augenschutz\/Gesichtsschutz tragen. Nur in Original Verpackung unter Verschluss aufbewahren. Bei Verschlucken: Sofort Giftinformationszentrum oder Arzt anrufen. Bei Kontakt mit den Augen: Einige Minuten lang behutsam mit Wasser aussp\u00fclen. Eventuell vorhandene Kontaktlinsen nach M\u00f6glichkeit entfernen. Weiter aussp\u00fclen. Ist \u00e4rztlicher Rat erforderlich, Kennzeichnungsetikett bereithalten.<\/span><\/p>\n<p class=\"Normal tm7\"><span class=\"tm8\">Dieses Gemisch enth\u00e4lt keine Stoffe, die als PBT- oder vPvB-Stoff beurteilt werden.<\/span><\/p>\n<p>Diese L\u00f6sung hat einen pH Wert unter 11.<\/p>\n<p>&nbsp;<\/p>\n<hr \/>\n<div><u><strong>Milchs\u00e4ure 21% rechtsdrehend<\/strong><\/u><\/div>\n<div>Diese Milchs\u00e4ure 21 % rechtsdrehend hat eine Top Qualit\u00e4t und wurde nat\u00fcrlich gewonnen.<\/div>\n<div>\n<p><img loading=\"lazy\" decoding=\"async\" class=\"alignnone\" src=\"https:\/\/shop.es-drei.de\/images\/ghs\/50px-GHS-pictogram-acid.svg.jpg\" alt=\"GHS-Piktogramm-\u00e4tzend\" width=\"71\" height=\"71\" data-cke-saved-src=\"https:\/\/shop.es-drei.de\/images\/ghs\/50px-GHS-pictogram-acid.svg.jpg\" \/><\/p>\n<p><strong>\u00a0 Gefahr<\/strong><\/p>\n<p>Gefahren- und Sicherheitshinweise:<br \/>\nVerursacht schwere Augensch\u00e4den. Verursacht Hautreizungen. Schutzhandschuhe\/Schutzkleidung\/Augenschutz\/Gesichtsschutz tragen. BEI BER\u00dcHRUNG MIT DER HAUT: Mit viel Wasser waschen. BEI KONTAKT MIT DEN AUGEN: Einige Minuten lang behutsam mit Wasser aussp\u00fclen. Eventuell vorhandene Kontaktlinsen nach M\u00f6glichkeit entfernen. Weiter sp\u00fclen.<\/p>\n<\/div>\n<p>&nbsp;<\/p>\n<p>Suchst du die Sorten einzeln? Hier findest du <strong><a href=\"https:\/\/shop.nlq24.eu\/produkt\/natriumchlorit-25-loesung\/\">Natriumchlorit 25%<\/a><\/strong> (Basisch) und hier verschiedene S\u00e4uren, wie <strong><a href=\"https:\/\/shop.nlq24.eu\/produkt\/salzsaeure-4\/\">Salzs\u00e4ure 4%<\/a><\/strong>, <strong><a href=\"https:\/\/shop.nlq24.eu\/produkt\/milchsaeure-21-rechtsdrehend\/\">Milchs\u00e4ure 21 %<\/a><\/strong> und <strong><a href=\"https:\/\/shop.nlq24.eu\/produkt\/zitronensaeure-50\/\">Zitronens\u00e4ure 50 %<\/a><\/strong>.<\/p>\n","protected":false},"excerpt":{"rendered":"<p><span class=\"style7\"><strong>Set Natriumchlorit 25% + Milchs\u00e4ure 21% je 100 ml<\/strong><\/span><\/p>\n","protected":false},"featured_media":87291,"comment_status":"open","ping_status":"closed","template":"","meta":[],"product_brand":[],"product_cat":[42,81],"product_tag":[846,1820,188,1821,196,2044,576,759,768],"class_list":{"0":"post-52533","1":"product","2":"type-product","3":"status-publish","4":"has-post-thumbnail","6":"product_cat-natriumchlorit-saeure","7":"product_cat-alle-produkte-im-ueberblick","8":"product_tag-wps1","9":"product_tag-milchsaeure","10":"product_tag-chlordioxid-set","11":"product_tag-milchsaeure-21","12":"product_tag-natriumchlorit-25","13":"product_tag-aktivator-milchsaeure","14":"product_tag-aktivator","15":"product_tag-hydrochloric-acid","16":"product_tag-hcl","17":"product_shipping_class-standard","18":"pa_flaschenart-glasflasche-pp28","19":"pa_flaschenart-pp-flasche-halbtransparent","20":"pa_flaschenart-hdpe-flasche-2","21":"pa_flaschenart-glasflasche-din18","22":"pa_milliliter-10-ml","23":"pa_milliliter-30-ml","24":"pa_milliliter-50-ml","25":"pa_milliliter-100-ml","26":"pa_milliliter-5-x-100-ml","27":"pa_milliliter-250-ml","28":"pa_milliliter-10-x-100-ml","29":"pa_milliliter-500-ml","30":"pa_milliliter-1000-ml","32":"first","33":"instock","34":"taxable","35":"shipping-taxable","36":"purchasable","37":"product-type-variable"},"_links":{"self":[{"href":"https:\/\/shop.nlq24.eu\/de\/wp-json\/wp\/v2\/product\/52533","targetHints":{"allow":["GET"]}}],"collection":[{"href":"https:\/\/shop.nlq24.eu\/de\/wp-json\/wp\/v2\/product"}],"about":[{"href":"https:\/\/shop.nlq24.eu\/de\/wp-json\/wp\/v2\/types\/product"}],"replies":[{"embeddable":true,"href":"https:\/\/shop.nlq24.eu\/de\/wp-json\/wp\/v2\/comments?post=52533"}],"wp:featuredmedia":[{"embeddable":true,"href":"https:\/\/shop.nlq24.eu\/de\/wp-json\/wp\/v2\/media\/87291"}],"wp:attachment":[{"href":"https:\/\/shop.nlq24.eu\/de\/wp-json\/wp\/v2\/media?parent=52533"}],"wp:term":[{"taxonomy":"product_brand","embeddable":true,"href":"https:\/\/shop.nlq24.eu\/de\/wp-json\/wp\/v2\/product_brand?post=52533"},{"taxonomy":"product_cat","embeddable":true,"href":"https:\/\/shop.nlq24.eu\/de\/wp-json\/wp\/v2\/product_cat?post=52533"},{"taxonomy":"product_tag","embeddable":true,"href":"https:\/\/shop.nlq24.eu\/de\/wp-json\/wp\/v2\/product_tag?post=52533"}],"curies":[{"name":"wp","href":"https:\/\/api.w.org\/{rel}","templated":true}]}}