{"id":530,"date":"2018-12-20T08:00:26","date_gmt":"2018-12-20T08:00:26","guid":{"rendered":"https:\/\/www.nlq24.de\/?post_type=product&#038;p=530"},"modified":"2024-12-12T19:36:02","modified_gmt":"2024-12-12T19:36:02","slug":"soft-water-energy","status":"publish","type":"product","link":"https:\/\/shop.nlq24.eu\/de\/Produkt\/soft-water-energy\/","title":{"rendered":"Soft-Water-Energy Kartusche zur Wasserbelebung 0,5 Zoll"},"content":{"rendered":"<p class=\"Normal\"><strong><span class=\"tm6\">Soft-Water-Energy Kartusche zur Wasserbelebung in 0,5 Zoll<\/span><\/strong><\/p>\n<p class=\"Normal\">Produzieren Sie ihr weiches, belebtes Wasser selbst! Diese Kartusche magnetisiert und energetisiert Ihr Wasser in einem Schritt. Sie erhalten dadurch eine super Wasserqualit\u00e4t f\u00fcr K\u00fcche, Bad, WC, Warmwasserbereiter, Waschmaschine und auch f\u00fcr Ihre Duschen. Benutzen Sie eine Osmoseanlage, dann ben\u00f6tigen Sie mit dieser Kartusche weniger Filterwechsel als zuvor. Im Garten bringt sie klares Teichwasser. Nat\u00fcrlich auch im heimischen Aquarium.<\/p>\n<p class=\"Normal\">Mit starken 9000 Gauss, magnetischer Kraft, verbessern Sie Ihr Wasser. Eine Superpower, die ihresgleichen sucht. Die Kartusche hat beste Qualit\u00e4t durch die Verwendung von Edelstahl. Daher wird vom Hersteller eine sehr lange Lebensdauer von bis zu 50 Jahren angegeben. Die Soft Water Energy verursacht keine Wartungskosten. Auch sind keine Verbrauchsmaterialien n\u00f6tig. Sie ben\u00f6tigen nicht einmal einen elektrischen Stromanschluss. Auch deshalb sparen Sie bares Geld.<\/p>\n<p class=\"Normal\">Im Kaufpreis enthalten ist die Kartusche, ohne Anschluss-Set. Das liegt daran, dass es in H\u00e4usern verschiedener Anschlussgr\u00f6\u00dfen an den Wasserleitungen gibt. Anschlussmuffen oder Adapter bekommen Sie jedoch einfach in Ihrem Baumarkt oder nat\u00fcrlich auch bei Ihren Wasserinstallateur.<\/p>\n<p class=\"Normal\"><strong><span class=\"tm6\">Jetzt bestellen!\u00a0Einf\u00fchrungspreis!<\/span><\/strong><\/p>\n<h3><strong>Wie funktioniert diese Kartusche?<\/strong><\/h3>\n<p class=\"Normal\">Soft Water Energy verwendet supermagnetische Materialien. Diese magnetischen NdFeB-Materialien im Rohmaterial ver\u00e4ndert die Struktur anders, als ein gew\u00f6hnlicher Magnetisierer. Wenn Wasser durch das supermagnetische Feld flie\u00dft, beschleunigt es den Wasserfluss so, dass jeder Wassertropfen gut magnetisiert wird. Das magnetische Feld hat\u00a0Feld 9000 Gauss, das sind 0.9000 Tesla! Diese Magnetisierung macht aus gro\u00dfen Wassermolek\u00fclen sehr kleine (Mikrocluster). Sie haben dann die F\u00e4higkeit, magnetische und anderen Eigenschaften besser aufzunehmen. Durch das magnetisches Feld, der makromolekularen Gruppe (H2O) N, wird es in bi-molekulares (H2O) 2 oder in ein einzelnes Molek\u00fcl H2O geteilt. Magnetische Kraft kann Wassermolek\u00fcle aktivieren. Dieser Vorgang erh\u00f6ht zum einen die L\u00f6slichkeit, reduziert zudem die Oberfl\u00e4chenspannung und l\u00e4sst au\u00dferdem das Wasser leichter durch Zellmembranen gelangen. Dadurch steht es dem Stoffwechsel einfacher zur Verf\u00fcgung.<\/p>\n<p class=\"Normal\">Zum Vergleich: Viele magnetische Wasser- Getr\u00e4nke St\u00e4be haben nur 2500 Gau\u00df (0,2500 Tesla).<\/p>\n<p class=\"Normal\">Bei Soft Water Energy sorgt der Aufbau der Kartusche zus\u00e4tzlich f\u00fcr eine Verwirbelung des Wassers, wie in der Natur. <strong><span class=\"tm6\">Der Magnet befreit das Wasser von st\u00f6renden Schwingungen und neutralisiert diese. Die Verwirbelung bringt ein harmonisches Schwingungsmuster in das Wasser. Sie haben hier also 2 Aktionen in nur einer Kartusche.<\/span><\/strong><\/p>\n<h3><strong>Vermeidung magnetische St\u00f6rungen<\/strong><\/h3>\n<p class=\"Normal\">Soft Water Energy ist im Design eines Pr\u00e4zisionsmagnetkreises hergestellt. Alle magnetischen Feldlinien, die durch NdFeB erzeugt werden, sind in der Mittelr\u00f6hre konzentriert. Das Abschirmungsdesign der Kartusche verhindert die Beeinflussung von Ger\u00e4ten, wie: Telefone, Fernseher, Uhren und andere. Ebenso, wie Auswirkungen auf den menschlichen K\u00f6rper. Also kann man hier ganz sorglos sein.<\/p>\n<h3><strong>Langfristige Vorteile<\/strong><\/h3>\n<p class=\"Normal\">Soft Water Energy besteht aus NdFeB Magneten. Das magnetische Material wird nicht von Wasser ber\u00fchrt. Daher kann es so niemals entmagnetisieren. Das ganze Geh\u00e4use besteht von innen nach au\u00dfen aus 304er Edelstahl. Seine Lebensdauer betr\u00e4gt mehr als 50 Jahre. Damit profitieren Sie sehr langfristig von der einmaligen Investition. Dadurch wird der Kaufpreis sehr g\u00fcnstig.<\/p>\n<h3><strong>Rostfreier Stahl<\/strong><\/h3>\n<p class=\"Normal\">Soft Water Energy ist von innen nach au\u00dfen von einem 304 Edelstahl-Geh\u00e4use gesch\u00fctzt und wird daher also nicht rosten. Damit erhalten Sie ein reines, gesundes, sicheres, Trink- und Brauchwasser in hoher Wasserqualit\u00e4t. Damit kann eine sekund\u00e4re Verschmutzung wirksam vermieden werden. Die Soft Water Energy Kartusche ist dazu einfach zu handhaben. Sie wird einfach nur einmalig vor der Entnahmestelle des Wasserst angeschlossen.<\/p>\n<h3><strong>Wasserenth\u00e4rtung<\/strong><\/h3>\n<p class=\"Normal\">Durch die kleineren Wassermolek\u00fcle haftet Kalk nicht mehr an. Er hat somit seine sch\u00e4dliche Wirkung auf Leitungen, Ger\u00e4te, etc. verloren.<\/p>\n<h3><strong>Antifouling<\/strong><\/h3>\n<p class=\"Normal\">Nach der Magnetisierungsbehandlung wird die elektrische Aufladung im Wasser gespeichert. Das Wasser weist dann die selbe elektrische Ladung auf. Dies ver\u00e4ndert die urspr\u00fcngliche gravitative Assoziation von Verunreinigungen. Dies wiederum verhindert, dass Kalzium, Magnesium und so weiter im Wasser kombiniert werden, und vermeidet\/reduziert somit das Fouling. Kurz gesagt, zerst\u00f6rt die Magnetisierung eine sch\u00e4digende Zusammensetzung im Wasser.<\/p>\n<h3><strong>Sterilisation von Algen<\/strong><\/h3>\n<p class=\"Normal\">In der direkten Wirkung des Magnetfeldes nehmen BOD &amp; COB ab, sodass Energie und N\u00e4hrstoffe f\u00fcr Mikroben reduziert werden, was zu einem schnelleren Tod von Bakterien f\u00fchrt, als deren Proliferationsrate (Vermehrungsrate). Die meisten Bakterien sterben unter dem Magnetfeld, auf Grund Ihrer Unf\u00e4higkeit, sich an Ver\u00e4nderungen der physikalischen und chemischen und energetischen Eigenschaften von Wasser anzupassen.<\/p>\n<h3><strong>Installationsanleitung:<\/strong><\/h3>\n<p class=\"Normal\">Dieser hoch energetische Magnetisierer wird in der Regel am Hauptwasseranschluss installiert, im Grunde also vor allen Ger\u00e4ten, die Wasser verwenden. Damit w\u00e4re das ganze Haus mit magnetisiertem, energetisierten, neutralem Wasser versorgt. Nat\u00fcrlich kann er aber auch vor dem Wassereinlass oder Auslass von Wasserreinigern angebracht werden. Sogar eine kurzfristige und einfache Installation vor Duschk\u00f6pfen \/Wasserh\u00e4hnen ist m\u00f6glich, die meist ein Anschlussma\u00df von <strong>0,5 Zoll<\/strong> haben. Man kann so zum Beispiel den Schlauch einer Dusche von der Wasserarmatur abschrauben, die Kartusche dazwischen anschrauben und dann den Schlauch der Dusche wieder installieren. Mit solch einer einfachen Installation, ist sogar die Anwendung von nur einer Kartusche an verschiedenen Orten m\u00f6glich. So k\u00f6nnen Sie die Kartusche an Ihre Dusche anschlie\u00dfen, wieder abschrauben und dann z.B. f\u00fcr die Badewanne benutzen. Dar\u00fcber hinaus kann sie nat\u00fcrlich auch hinter einer Teichpumpe oder einer Aquariumpumpe angeschlossen werden. Dort installiert, bringt die Kartusche bestes Wasser f\u00fcr gesunde Fische.<\/p>\n<p class=\"Normal\">Letztlich kann sie in den Einlass- oder Auslass Bereichen jedes Wasserverbrauchers installiert werden. Da sich die Wirkung der Magnetisierung sich auf l\u00e4ngeren Leitungsstrecken reduzieren k\u00f6nnte, sollte der Abstand zwischen Soft Water Energy und der Wasser- Entnahmestelle 30 Meter nicht \u00fcberschreiten. Je dichter die Kartusche an der Entnahmestelle installiert ist, desto besser und kr\u00e4ftiger ist die Wirkung. Die optimale Wassertemperatur f\u00fcr Soft Water Energy liegt unterhalb von 80 Grad Celsius. Pr\u00fcfen Sie nach der Installation immer, ob die Verbindung fest und dicht angeschlossen ist. Beginnen Sie mit der Nutzung erst, nachdem die Dichtigkeit best\u00e4tigt gepr\u00fcft wurde und keine Fehler beim Anschlie\u00dfen vorliegen. Die Installation sollte nur von geschultem Fachpersonal durchgef\u00fchrt werden, um Besch\u00e4digungen zu vermeiden.<\/p>\n<h3><strong>Ma\u00dfe und Gewicht:<\/strong><\/h3>\n<p>Anschlussma\u00df: 22 mm (1\/2 Zoll),<br \/>\nGesamtl\u00e4nge: 400 mm,<br \/>\nDurchmesser: 89 mm<br \/>\nGewict: 4,3 kg<\/p>\n<p>VR-WS-D-0008<\/p>\n<h3><strong><br \/>\nErste Erfahrungen:<\/strong><\/h3>\n<p class=\"Normal\">Folgende erste Erfahrungen wurden gemacht \/zur\u00fcckgemeldet:<br \/>\nIch habe die Kartusche f\u00fcr den Zulauf in meinen Gartenteich installiert. HAMMER! Das Wasser ist klar wie nie zuvor. Ich kann glasklar bis auf den Grund es Teiches sehen. Das hatte ich trotz Wasserfilter vorher nicht.<\/p>\n<p class=\"Normal\">&#8230;die Fische im Teich f\u00fchlen sich in dem energetisierten, klaren Wasser offenbar sehr wohl. Sie flitzen hin und her.<\/p>\n<p class=\"Normal\">&#8230;das Gef\u00fchl beim Duschen ist echt sanft. Die Haare werden weich. Das Wasser ist sehr angenehm auf der Haut. Es scheint, als wenn man weniger Shampoo ben\u00f6tigt mit dem selben Ergebnis. Das kommt dann auch der Umwelt zu gute!&#8230;<\/p>\n<p class=\"Normal\">&#8230;Dieses softe Wasser nutzte ich f\u00fcr ein Vollbad. Das war sehr entspannend. Ich habe die Kartusche einfach zwischen Dusch-Schlauch und Duscharmatur angeschraubt. So kann ich sie sogar an mehreren Stellen im Haus verwenden. Sowohl f\u00fcr ein Vollbad, als auch zum Duschen. Super Erfindung!<\/p>\n<p class=\"Normal\">Ich habe damit bewusst nur einen Teil meiner Blumen und Pflanzen gegossen. Sie scheinen kr\u00e4ftiger zu werden, als die, die ich nicht mit diesem Wasser gegossen habe&#8230;<\/p>\n<p class=\"Normal\">Suchen auch Sie eine einfache und g\u00fcnstige Wasserbelebung? Falls ja, sind sie bei dem Wassermagnet &#8222;<strong>Soft Water Energy<\/strong>&#8220; richtig. Die Wasser-Magnetisierung erfolgt einfach und automatisch. Sie erhalten lebendiges und belebtes Wasser. Diese Wasseraufbereitung strukturiert, verwirbelt, und belebt das Wasser neu. Es wird quasi aktiviert, aufgeladen, informiert bzw. wieder energetisch neutralisiert. Sie erhalten ganz einfach klares oder, man k\u00f6nnte sagen, glasklares Wasser. Normales Leitungswasser wird somit so wertvoll wie Bergwasser. Auch tr\u00fcbes Teichwasser bekommen Sie mit Soft Water Energy einfach wieder klar. Algen nat\u00fcrlich reduzieren, ohne Chemie. Das funktioniert mit Soft Water Energy. Wasserenth\u00e4rter, die allein auf eine Entkalkung ausgerichtet sind, schaffen dies nicht.<\/p>\n<p class=\"Normal\">Mit Soft Water Energy erfolgt eine <strong><span class=\"tm6\">effektive Aufl\u00f6sung<\/span><\/strong> von im Wasser vorhandenen <strong><span class=\"tm6\">Eigenschwingungen von Stoffen oder Schadstoffen.<\/span><\/strong> Diese geh\u00f6ren n\u00e4mlich nicht in reines Wasser. Erlangen Sie ein &#8222;Wohlf\u00fchlwasser&#8220;. Das Heilen mit Magneten, ist viel diskutiert. Aus meinen Beobachtungen scheint es auch zu funktionieren. Auch wenn es hierf\u00fcr keine Anerkennung gibt.<\/p>\n<p class=\"Normal\">Probieren auch Sie es einfach aus!<\/p>\n","protected":false},"excerpt":{"rendered":"<p>Soft Water Energy, Wasser-Energetisierungs-Kartusche 0,5 Zoll. Ma\u00dfe: Anschluss: 22 mm (1\/2 Zoll), Gesamtl\u00e4nge: 400 mm, Durchmesser: 89 mm<\/p>\n","protected":false},"featured_media":532,"comment_status":"open","ping_status":"closed","template":"","meta":[],"product_brand":[],"product_cat":[416,48,49,50,54,81,336,415],"product_tag":[637,638,767,844,337,341,2703,344,2704],"class_list":{"0":"post-530","1":"product","2":"type-product","3":"status-publish","4":"has-post-thumbnail","6":"product_cat-wasserveredelung-wasserfilter","7":"product_cat-wasserfilter-umkehrosmose","8":"product_cat-duschfilter-zubehoer","9":"product_cat-umkehrosmose-anlagen-wasserfilter","10":"product_cat-umkehrosmose-zubehoer","11":"product_cat-alle-produkte-im-ueberblick","12":"product_cat-wasser-energetisierung","13":"product_cat-wasserveredelung","14":"product_tag-energetisiertes","15":"product_tag-kalkfreies","16":"product_tag-belebtes-wasser","17":"product_tag-soft-water-energy-kartusche-zur-wasserbelebung","18":"product_tag-soft-water-energy","19":"product_tag-wasserenergetisierung","20":"product_tag-energie-wasser","21":"product_tag-wasserkartusche","22":"product_tag-energetisiertes-wasser","23":"product_shipping_class-standard","25":"first","26":"instock","27":"taxable","28":"shipping-taxable","29":"purchasable","30":"product-type-simple"},"_links":{"self":[{"href":"https:\/\/shop.nlq24.eu\/de\/wp-json\/wp\/v2\/product\/530","targetHints":{"allow":["GET"]}}],"collection":[{"href":"https:\/\/shop.nlq24.eu\/de\/wp-json\/wp\/v2\/product"}],"about":[{"href":"https:\/\/shop.nlq24.eu\/de\/wp-json\/wp\/v2\/types\/product"}],"replies":[{"embeddable":true,"href":"https:\/\/shop.nlq24.eu\/de\/wp-json\/wp\/v2\/comments?post=530"}],"wp:featuredmedia":[{"embeddable":true,"href":"https:\/\/shop.nlq24.eu\/de\/wp-json\/wp\/v2\/media\/532"}],"wp:attachment":[{"href":"https:\/\/shop.nlq24.eu\/de\/wp-json\/wp\/v2\/media?parent=530"}],"wp:term":[{"taxonomy":"product_brand","embeddable":true,"href":"https:\/\/shop.nlq24.eu\/de\/wp-json\/wp\/v2\/product_brand?post=530"},{"taxonomy":"product_cat","embeddable":true,"href":"https:\/\/shop.nlq24.eu\/de\/wp-json\/wp\/v2\/product_cat?post=530"},{"taxonomy":"product_tag","embeddable":true,"href":"https:\/\/shop.nlq24.eu\/de\/wp-json\/wp\/v2\/product_tag?post=530"}],"curies":[{"name":"wp","href":"https:\/\/api.w.org\/{rel}","templated":true}]}}