{"id":543,"date":"2018-12-20T12:30:54","date_gmt":"2018-12-20T12:30:54","guid":{"rendered":"https:\/\/www.nlq24.de\/?post_type=product&#038;p=543"},"modified":"2025-12-01T10:07:56","modified_gmt":"2025-12-01T10:07:56","slug":"umkehrosmoseanlage-smart-premium","status":"publish","type":"product","link":"https:\/\/shop.nlq24.eu\/de\/Produkt\/umkehrosmoseanlage-smart-premium\/","title":{"rendered":"Umkehrosmose-Anlage Smart Premium"},"content":{"rendered":"<div class=\"Description\">\n<h3><b>Umkehrosmose-Anlage Smart Premium<br \/>\n<\/b><\/h3>\n<p><b>Kleine, platzsparende und g\u00fcnstige <\/b><b>Umkehrosmose Anlage Smartline Gold premium<\/b><\/p>\n<p>Das g\u00fcnstige<strong> Einsteigermodell<\/strong> f\u00fcr Ihr reines Wasser an jedem Ort. Dennoch verf\u00fcgt sie \u00fcber einen <strong>3 Liter Tank<\/strong> und einen <strong>Wasserhahn<\/strong>. Dies ist f\u00fcr ganz kleine Anlagen kein Standard.<\/p>\n<p>Diese <b>Umkehrosmose Anlage Smartline Gold premium<\/b> ist leicht zu transportieren. Somit k\u00f6nnen Sie diese auch unterwegs auf Reisen nutzen. Die <strong>F\u00f6rderleistung<\/strong> betr\u00e4gt<strong> bis zu 285 Liter in 24 Stunden<\/strong>. Die Anlage arbeitet mit einem <strong>3 Liter Vorratstank<\/strong> und ben\u00f6tigt<strong> keinen Elektroanschluss<\/strong>. Dies ist durch die Nutzung des Drucks vom Leitungswassers m\u00f6glich. <span style=\"color: #333333;\">Wasserreinigung ohne Strom \u2013 nur 3 bar Leitungsdruck sind erforderlich.<\/span><\/p>\n<h3><b>Umkehrosmose-Anlage Smart Premium &#8211; ein Platzwunder<\/b><\/h3>\n<p>Mit einer Aufh\u00e4ngevorrichtung und 4 Gummif\u00fc\u00dfe, kann man diese g\u00fcnstige Anlage an der Wand oder im\u00a0 Unterschrank montieren. Diese Anlage hat keine gro\u00dfen Vorfilter. Dies spart Platz. Aufgrund fehlender Vorfilter m\u00fcssen Sie daher die Filter etwas h\u00e4ufiger wechseln. Jedoch ist der Preis f\u00fcr dieses ben\u00f6tigte<strong> <a href=\"https:\/\/shop.nlq24.eu\/de\/produkt\/umkehrosmose-filter-set-fuer-smartline\/\">Filter-Set<\/a><\/strong> f\u00fcr diese Anlage entsprechend gering.<\/p>\n<p>Die Anlage filtert coliforme Keime, Bakterien, Herbizide, Phosphate, Schwermetalle, Fungizide, Nitrat, Nitrit, Arzneimittelr\u00fcckst\u00e4nde oder einfach nur Kalk bis zu 100% aus dem Leitungswasser.<\/p>\n<p><b>Erleben Sie den puren Geschmack von reinstem Wasser. Zudem ist diese Anlage bereits mit einer <a href=\"https:\/\/shop.nlq24.eu\/de\/produkt\/energetisierungs-kartusche\/\">Energetisierungskartusche<\/a> ausgestattet, die das Wasser energetisiert.<\/b><\/p>\n<\/div>\n<h3><strong>Technische Daten:<\/strong><\/h3>\n<p>Die Filterleistung pro Tag betr\u00e4gt bis zu 285 Liter.<br \/>\n<span style=\"color: #333333;\">Das Verh\u00e4ltnis Umkehrosmose-Wasser zu Abwasser ist 1 zu 4.<br \/>\nKlein und handlich mit folgenden Ma\u00dfen: <\/span><span style=\"color: #333333;\">35,5 cm x 13,5 cm x 12 cm (L x B x H)<br \/>\nDer 3 Liter Vorratstank ben\u00f6tigt nur folgenden geringen Platz: 24,5\u00a0 x 24,5 x 34,3 cm (L x B x H)<br \/>\nDas Gewicht der Anlage selbst betr\u00e4gt lediglich 4,8 kg.<\/span><\/p>\n<h3><strong>Wartung und Pflege<\/strong><\/h3>\n<p>Der Filterwechsel wird alle 5 Monate empfohlen, da diese Anlage keine groben Vorfilter hat. Kaufen Sie dazu dieses <strong><a href=\"https:\/\/shop.nlq24.eu\/produkt\/umkehrosmose-filter-set-fuer-smartline\/\">Filter Set<\/a> <\/strong>f\u00fcr Ihre Anlage. Die <a href=\"https:\/\/shop.nlq24.eu\/produkt\/membrane-fuer-umkehrosmoseanlage\/\"><strong>Membrane <\/strong><\/a><strong>ist alle 24 Monate<\/strong> zu wechseln.<\/p>\n<p>Beim Wechsel der Membrane empfehle ich nach der groben Vorreinigung des Geh\u00e4uses von der Membrane, eine Desinfektion.<\/p>\n<p>Verwenden Sie dazu <span style=\"color: #0000ff;\"><strong><a style=\"color: #0000ff;\" href=\"https:\/\/shop.nlq24.eu\/produkt\/cdh3000-chlordioxid-loesung\/\">CDH3000<\/a><\/strong><\/span>. Sperren Sie zuvor den Wasserzufluss ab. Schrauben Sie das Membrangeh\u00e4use auf und entleeren das Wasser. F\u00fcgen Sie dazu dem Membrangeh\u00e4use (mit der alten Membrane darin)\u00a0 einfach 1-2 ml CDH3000 hinzu. Schlie\u00dfen Sie das Geh\u00e4use wieder und nehmen die Anlage in Betrieb, so dass Wasser in die Anlage l\u00e4uft. Entnehmen Sie am UO Hahn 2 Liter Wasser. Dann lassen die Anlage so eine halbe Stunde ruhen. Chlordioxid durchstr\u00f6mt dabei die Membrane sowie Tank und Wasserhahn und desinfiziert diese dadurch.<\/p>\n<p>Danach \u00f6ffnen sie das Membrangeh\u00e4use und tauschen die alte gegen die neue Membrane aus. Schlie\u00dfen sie wieder alles an.<\/p>\n<h3><strong>Lieferumfang: <\/strong><\/h3>\n<p><strong>Dieser <\/strong>Umkehrosmose Wasserfilter besteht aus:<br \/>\ndem 3 Liter Vorratstank, einem Sedimentfilter 5 Mikron,<br \/>\neinem Aktivkohlefilter,<br \/>\neiner TFC Hochleistungsmembrane 100 GPD,<br \/>\n1 x Anschluss-Set f\u00fcr Montage an einen Wasserhahn Anschluss,<br \/>\nalle Schlauchleitungen und einem Schl\u00fcssel f\u00fcr Membrangeh\u00e4use und einem Keramik Wasserhahn.<\/p>\n<p>&nbsp;<\/p>\n<p>W\u00fcnschen Sie einen Edelstahl Wasserhahn k\u00f6nnen Sie diesen gesondert bestellen.<\/p>\n<p>Eine bebilderte Anschluss-Anleitung finden hier:<br \/>\n<strong><a href=\"https:\/\/shop.nlq24.eu\/wp-content\/uploads\/2021\/06\/Bedienungsanleitung-Smart-Premium-Ukehrosmose-Anlage-2021_05.pdf\">Bedienungsanleitung Smart Premium Umkehrosmose Anlage<\/a><\/strong><\/p>\n<p>&nbsp;<\/p>\n<p>&nbsp;<\/p>\n","protected":false},"excerpt":{"rendered":"<p>Mini Umkehrosmoseanlage Smart Premium<\/p>\n","protected":false},"featured_media":77055,"comment_status":"open","ping_status":"closed","template":"","meta":[],"product_brand":[],"product_cat":[48,50,81],"product_tag":[596,638,639,642,490,491,591,592,594],"class_list":{"0":"post-543","1":"product","2":"type-product","3":"status-publish","4":"has-post-thumbnail","6":"product_cat-wasserfilter-umkehrosmose","7":"product_cat-umkehrosmose-anlagen-wasserfilter","8":"product_cat-alle-produkte-im-ueberblick","9":"product_tag-wasser","10":"product_tag-kalkfreies","11":"product_tag-optimiertes","12":"product_tag-anlage","13":"product_tag-umkehrosmose","14":"product_tag-osmoseanlage","15":"product_tag-guenstige","16":"product_tag-umkehrosmoseanlage","17":"product_tag-tank","18":"product_shipping_class-standard","20":"first","21":"instock","22":"taxable","23":"shipping-taxable","24":"purchasable","25":"product-type-simple"},"_links":{"self":[{"href":"https:\/\/shop.nlq24.eu\/de\/wp-json\/wp\/v2\/product\/543","targetHints":{"allow":["GET"]}}],"collection":[{"href":"https:\/\/shop.nlq24.eu\/de\/wp-json\/wp\/v2\/product"}],"about":[{"href":"https:\/\/shop.nlq24.eu\/de\/wp-json\/wp\/v2\/types\/product"}],"replies":[{"embeddable":true,"href":"https:\/\/shop.nlq24.eu\/de\/wp-json\/wp\/v2\/comments?post=543"}],"wp:featuredmedia":[{"embeddable":true,"href":"https:\/\/shop.nlq24.eu\/de\/wp-json\/wp\/v2\/media\/77055"}],"wp:attachment":[{"href":"https:\/\/shop.nlq24.eu\/de\/wp-json\/wp\/v2\/media?parent=543"}],"wp:term":[{"taxonomy":"product_brand","embeddable":true,"href":"https:\/\/shop.nlq24.eu\/de\/wp-json\/wp\/v2\/product_brand?post=543"},{"taxonomy":"product_cat","embeddable":true,"href":"https:\/\/shop.nlq24.eu\/de\/wp-json\/wp\/v2\/product_cat?post=543"},{"taxonomy":"product_tag","embeddable":true,"href":"https:\/\/shop.nlq24.eu\/de\/wp-json\/wp\/v2\/product_tag?post=543"}],"curies":[{"name":"wp","href":"https:\/\/api.w.org\/{rel}","templated":true}]}}