{"id":55967,"date":"2020-02-23T10:11:34","date_gmt":"2020-02-23T10:11:34","guid":{"rendered":"https:\/\/www.nlq24.de\/?post_type=product&#038;p=55967"},"modified":"2026-03-23T11:14:21","modified_gmt":"2026-03-23T11:14:21","slug":"spruehaufsatz-pumpzerstaeuber-fuer-glasflasche-din18-weiss","status":"publish","type":"product","link":"https:\/\/shop.nlq24.eu\/de\/Produkt\/spruehaufsatz-pumpzerstaeuber-fuer-glasflasche-din18-weiss\/","title":{"rendered":"Sprayer Aufsatz &#8211; Spr\u00fchpumpe f\u00fcr Glasflasche DIN18 wei\u00df"},"content":{"rendered":"<h3 class=\"Normal\">Sprayer Aufsatz &#8211; Spr\u00fchpumpe f\u00fcr Glasflasche DIN18 wei\u00df<\/h3>\n<p class=\"Normal\">Dieser Spr\u00fchverschluss f\u00fcr Glasflasche passt auf Ihre Glasflaschen mit der Gewindegr\u00f6\u00dfe DIN18. Er ist mit einem Schraubverschluss versehen. Zudem verf\u00fcgt er \u00fcber eine Spr\u00fchpumpe, welche mit einer Schutzkappe versehen ist. Damit sch\u00fctzen Sie das F\u00fcllgut vor dem Auslaufen. Dadurch findet auch keine Ausgasung von drucklosen Gasen statt.<\/p>\n<ul type=\"circle\">\n<li>Gewicht: ca 4 g<\/li>\n<li>Gewinde: ND 18 (18 mm), passend zu Glasflaschen mit Gewinde ND18 &#8211; DIN18 (18 mm)<\/li>\n<li>Ausf\u00fchrung: Pumpzerst\u00e4uber (Spraykopf) mit transparenter Schutzkappe<\/li>\n<li><strong>Volumen pro Spraysto\u00df: ca 0,13 ml pro Hub<\/strong><\/li>\n<li>L\u00e4nge des Saugschlauches gesamt: ca. 122 mm (Schlauch einfach auf gew\u00fcnschte L\u00e4nge k\u00fcrzen)<\/li>\n<li>Verschlussart: Standard<\/li>\n<li>Material und Bestandteile:\n<ul>\n<li>Schraubkappe aus weissem PP<\/li>\n<li>Schlauch aus transparentem PE<\/li>\n<li>Kappe aus transparentem Luran<\/li>\n<\/ul>\n<\/li>\n<li>Geeignet f\u00fcr alle w\u00e4ssrigen\/alkoholischen Fl\u00fcssigkeiten, die zerst\u00e4ubt werden sollen, z.B. Bachbl\u00fcten, Desinfektionsmittel.<\/li>\n<li>Nicht zul\u00e4ssig f\u00fcr: Aroma \u00f6le, \u00d6l, aggressive Chemikalien etc.<\/li>\n<\/ul>\n<p class=\"Normal\">Er besteht aus dem Material PE. Der Hub, das ist die Dosis pro Bet\u00e4tigung der Spr\u00fchpumpe, betr\u00e4gt ca. 0,15 ml.<\/p>\n<h4><strong>Ansaugrohr variierbar\u00a0<\/strong><\/h4>\n<p class=\"Normal\">Das Ansaugrohr hat eine ausreichende L\u00e4nge f\u00fcr alle Flaschen mit der Gewindegr\u00f6\u00dfe DIN18. Sie k\u00f6nnen es einfach mit einem Cuttermesser auf die ben\u00f6tigte L\u00e4nge k\u00fcrzen.<\/p>\n<p>Vielleicht suchen Sie auch eine <a href=\"https:\/\/shop.nlq24.eu\/produkt\/sprayer-glasflasche-100-ml-din18\/\">komplette Spr\u00fchflasche<\/a> ?<\/p>\n<p class=\"Normal\">\n","protected":false},"excerpt":{"rendered":"<p>Sprayer-Aufsatz &#8211; Spr\u00fchpumpe f\u00fcr Glasflasche DIN18<\/p>\n","protected":false},"featured_media":5225,"comment_status":"open","ping_status":"closed","template":"","meta":[],"product_brand":[],"product_cat":[43,81,90,91,941,109,327,328],"product_tag":[530,644,645,776,93,103,361],"class_list":{"0":"post-55967","1":"product","2":"type-product","3":"status-publish","4":"has-post-thumbnail","6":"product_cat-dosieren-abmessen","7":"product_cat-alle-produkte-im-ueberblick","8":"product_cat-sprayerflaschen-aus-hdpe-oder-glas","9":"product_cat-sprayer-flaschen","10":"product_cat-glasflaschen-din18","11":"product_cat-verschluesse-din18","12":"product_cat-verschluesse-und-zubehoer","13":"product_cat-flaschen-verschluesse-zubehoer","14":"product_tag-din18","15":"product_tag-sprayeraufsatz","16":"product_tag-spruehopf","17":"product_tag-sprayer-aufsatz","18":"product_tag-sprayer","19":"product_tag-glasflasche","20":"product_tag-spruehpumpe","21":"product_shipping_class-standard","23":"first","24":"instock","25":"taxable","26":"shipping-taxable","27":"purchasable","28":"product-type-simple"},"_links":{"self":[{"href":"https:\/\/shop.nlq24.eu\/de\/wp-json\/wp\/v2\/product\/55967","targetHints":{"allow":["GET"]}}],"collection":[{"href":"https:\/\/shop.nlq24.eu\/de\/wp-json\/wp\/v2\/product"}],"about":[{"href":"https:\/\/shop.nlq24.eu\/de\/wp-json\/wp\/v2\/types\/product"}],"replies":[{"embeddable":true,"href":"https:\/\/shop.nlq24.eu\/de\/wp-json\/wp\/v2\/comments?post=55967"}],"wp:featuredmedia":[{"embeddable":true,"href":"https:\/\/shop.nlq24.eu\/de\/wp-json\/wp\/v2\/media\/5225"}],"wp:attachment":[{"href":"https:\/\/shop.nlq24.eu\/de\/wp-json\/wp\/v2\/media?parent=55967"}],"wp:term":[{"taxonomy":"product_brand","embeddable":true,"href":"https:\/\/shop.nlq24.eu\/de\/wp-json\/wp\/v2\/product_brand?post=55967"},{"taxonomy":"product_cat","embeddable":true,"href":"https:\/\/shop.nlq24.eu\/de\/wp-json\/wp\/v2\/product_cat?post=55967"},{"taxonomy":"product_tag","embeddable":true,"href":"https:\/\/shop.nlq24.eu\/de\/wp-json\/wp\/v2\/product_tag?post=55967"}],"curies":[{"name":"wp","href":"https:\/\/api.w.org\/{rel}","templated":true}]}}