{"id":56,"date":"2018-09-18T12:58:49","date_gmt":"2018-09-18T12:58:49","guid":{"rendered":"https:\/\/www.nlq24.de\/?post_type=product&#038;p=56"},"modified":"2025-05-05T12:33:52","modified_gmt":"2025-05-05T12:33:52","slug":"bentonit-pulver-naturbelassen","status":"publish","type":"product","link":"https:\/\/shop.nlq24.eu\/de\/Produkt\/bentonit-pulver-naturbelassen\/","title":{"rendered":"Bentonit Pulver fein &#8211; naturbelassen"},"content":{"rendered":"<p class=\"Normal\">Dieses Bentonit Pulver fein &#8211; naturbelassen von Natao stammt aus Deutschland. Es handelt sich also um ein feines Pulver. <strong>Made in Germany<\/strong>. Es ist nicht gereinigt, sondern in seiner wertvollen Nat\u00fcrlichkeit f\u00fcr Sie belassen.<\/p>\n<h4><strong>Vorkommen und Herkunft<\/strong><\/h4>\n<p class=\"Normal\">Bentonit wurde nach dem Fort Benton, Montana in den USA benannt. Das hier angebotene Bentonit Pulver fein &#8211; naturbelassen stammt jedoch aus den Vorkommen in Deutschland. Die Abbaugebiete liegen im \u00f6stlichen Oberbayern und in Niederbayern. Es handelt sich um ein Gestein, mit einer Mischung aus verschiedenen Tonmineralien.<\/p>\n<h4><strong>Bestandteile<\/strong><\/h4>\n<p class=\"Normal\">Der wichtigste Bestandteil ist Montmorillonit mit 60-80 %. Es hat die F\u00e4higkeit einer starken Wasseraufnahme und zum Quellen. Es entsteht durch Verwitterung aus vulkanischer Asche. Die innere Oberfl\u00e4che eines Gramms betr\u00e4gt <strong><span class=\"tm5\">400\u2013600 <\/span><\/strong>Quadratmeter. Normaler Ton hat lediglich eine innere Oberfl\u00e4che von 2 Quadratmeter. Das ist der Grund, warum Bentonit besonders wertvolle Ton-Humus-Komplexe bildet. Eine gute Zugabe also auch zum Kompost!<\/p>\n<h4><strong>Nutzungsgebiete<\/strong><\/h4>\n<p class=\"Normal\">Bentonit wird unter anderem auch in der Bautechnik verwendet. Zum Beispiel bei Bauwerksabdichtungen und sogar im Deichbau. Es dient auch als Gleitmittel beim Vortrieb von Tunneln und Rohren sowie beim Einvibrieren von Schmalw\u00e4nden. Zudem wird es als St\u00fctzfl\u00fcssigkeit bei ungest\u00fctzten Bohrungen eingesetzt. Bei der Gewinnung von Erdw\u00e4rme durch Erdsonden werden die Kollektor-Rohre im Erdreich h\u00e4ufig mit Bentonit umgeben. Der Grund liegt darin, weil es das Wasser bindet und die Entstehung von Hohlr\u00e4umen beim Gefrieren verhindert. Dar\u00fcber hinaus gibt es zahlreiche Anwendungsm\u00f6glichkeiten.<\/p>\n<h4><strong>Bentonit und dessen energetische Ladung<\/strong><\/h4>\n<p class=\"Normal\">Bentonit-Partikel sind negativ geladen. Diese Eigenschaften bringt eine <strong>au\u00dfergew\u00f6hnlich hohe Absorptionsf\u00e4higkeit<\/strong> von positiven Stoffen mit sich. Positiv geladen sind z.B. Stoffe, die f\u00fcr unseren K\u00f6rper sch\u00e4dlich und ungesund sein k\u00f6nnen. Das sind unter anderem: Schwermetalle, S\u00e4uren, Pestizid-R\u00fcckst\u00e4nde, Histamin und sogar radioaktive Teilchen. Dies bedeutet, dass an der Oberfl\u00e4che des feinen naturbelassenen Bentonit Pulvers von <a href=\"http:\/\/www.natao.org\">Natao<\/a> andere Substanzen haften bleiben und sich dort anreichern. Sp\u00fclt man es dann weg, verschwinden diese damit.<\/p>\n<p class=\"Normal\"><strong><span class=\"tm5\">Varianten:<br \/>\n<\/span><\/strong>100 g in Beutel oder PE-Dose,<br \/>\n250 g in Beutel,<br \/>\n500 g in Beutel,<br \/>\n400 g in PE-Dose,<br \/>\n800 g im kleinen Eimer<\/p>\n<p>Weitere Mineralien, wie Natron, findest du <a href=\"https:\/\/shop.nlq24.eu\/de\/produkt\/natron-natriumhydrogencarbonat-feinstes-pulver-verschiedene-varianten-zur-auswahl\/\">hier<\/a>.<\/p>\n","protected":false},"excerpt":{"rendered":"<p>Deutsches Bentonit Pulver, naturbelassen<\/p>\n","protected":false},"featured_media":87210,"comment_status":"open","ping_status":"closed","template":"","meta":[],"product_brand":[],"product_cat":[38,39,81],"product_tag":[255,79,80,702],"class_list":{"0":"post-56","1":"product","2":"type-product","3":"status-publish","4":"has-post-thumbnail","6":"product_cat-mineralien","7":"product_cat-bentonit","8":"product_cat-alle-produkte-im-ueberblick","9":"product_tag-deutsches-bentonit","10":"product_tag-bentonit","11":"product_tag-bentonit-pulver","12":"product_tag-natuerliches-bentonit","13":"product_shipping_class-standard","14":"pa_dose-oder-beutel-pe-beutel","15":"pa_dose-oder-beutel-in-dose","16":"pa_gramm-179","17":"pa_gramm-800-g","18":"pa_gramm-171","19":"pa_gramm-174","20":"pa_gramm-176","21":"pa_gramm-177","23":"first","24":"instock","25":"taxable","26":"shipping-taxable","27":"purchasable","28":"product-type-variable"},"_links":{"self":[{"href":"https:\/\/shop.nlq24.eu\/de\/wp-json\/wp\/v2\/product\/56","targetHints":{"allow":["GET"]}}],"collection":[{"href":"https:\/\/shop.nlq24.eu\/de\/wp-json\/wp\/v2\/product"}],"about":[{"href":"https:\/\/shop.nlq24.eu\/de\/wp-json\/wp\/v2\/types\/product"}],"replies":[{"embeddable":true,"href":"https:\/\/shop.nlq24.eu\/de\/wp-json\/wp\/v2\/comments?post=56"}],"wp:featuredmedia":[{"embeddable":true,"href":"https:\/\/shop.nlq24.eu\/de\/wp-json\/wp\/v2\/media\/87210"}],"wp:attachment":[{"href":"https:\/\/shop.nlq24.eu\/de\/wp-json\/wp\/v2\/media?parent=56"}],"wp:term":[{"taxonomy":"product_brand","embeddable":true,"href":"https:\/\/shop.nlq24.eu\/de\/wp-json\/wp\/v2\/product_brand?post=56"},{"taxonomy":"product_cat","embeddable":true,"href":"https:\/\/shop.nlq24.eu\/de\/wp-json\/wp\/v2\/product_cat?post=56"},{"taxonomy":"product_tag","embeddable":true,"href":"https:\/\/shop.nlq24.eu\/de\/wp-json\/wp\/v2\/product_tag?post=56"}],"curies":[{"name":"wp","href":"https:\/\/api.w.org\/{rel}","templated":true}]}}