{"id":5779,"date":"2019-03-12T05:55:56","date_gmt":"2019-03-12T05:55:56","guid":{"rendered":"https:\/\/www.nlq24.de\/?post_type=product&#038;p=5779"},"modified":"2025-03-18T18:13:21","modified_gmt":"2025-03-18T18:13:21","slug":"doser-system-flasche","status":"publish","type":"product","link":"https:\/\/shop.nlq24.eu\/de\/Produkt\/doser-system-flasche\/","title":{"rendered":"Doser-System-Flasche 28mm"},"content":{"rendered":"<p>Die Doser-System-Flasche kann mit einem Entnahmesystem ausgew\u00e4hlt werden. Ein Plastik-Pfropfen, der so genannten <strong><a href=\"https:\/\/shop.nlq24.eu\/de\/produkt\/doser-einsatz-fuer-doser-system\/\">Doser-Einsatz<\/a><\/strong>, wird nach dem Bef\u00fcllen der Flasche bis zum Anschlag in den Flaschenhals hinein gedr\u00fcckt. Der Doser-Einsatz wiederum ist pass genau auf den Doser (Dosierspritze) abgestimmt. Er ist die Kupplung zwischen Doser-Einsatz und Doser. Der Doser ist eine Dosierspritze mit welcher Sie Ihr F\u00fcllgut durch den Doser-Einsatz sauber und verlustfrei aus der Glasflasche entnehmen k\u00f6nnen. Die Entnahme mit dem Doser ist sehr einfach und l\u00e4uft wie folgt ab, wenn der Doser-Einsatz erst einmal im Flaschenhals steckt. <strong>Erstens<\/strong> \u00f6ffnen Sie die Flasche, <strong>zweitens<\/strong> stecken Sie den Doser (Dosierspritze)fest in den Doser-Einsatz (Kupplung). <strong>Drittens<\/strong> kippen Sie nun die Flasche \u00dcberkopf. Viertens entnehmen Sie mit dem Doser Ihre Menge. Durch seine Graduierung (eine Skala) k\u00f6nnen Sie die F\u00fcllmenge w\u00e4hrend des Aufziehens der Fl\u00fcssigkeit gleichzeitig abmessen.<\/p>\n<h4><strong>Technische Daten der Doser-System-Flasche PP28:<\/strong><\/h4>\n<p>Der Glask\u00f6rper der Doser-System-Flasche PP28 besteht aus Braunglas der hydrolytischen Klasse 3. Mit ihrer Durchf\u00e4rbung bietet Sie Ihrem F\u00fcllgut einen hohen Lichtschutz. Das Gewinde hat die Gr\u00f6\u00dfe PP28. Diese Flasche ist sogar resistent gegen S\u00e4uren und andere aggressive Substanzen. Dadurch hat sie hervorragende Barriere- Eigenschaften und verf\u00fcgt au\u00dferdem \u00fcber ein hochwertiges Aussehen. Sie k\u00f6nnen diese sehr gut f\u00fcr CDH verwenden. Die Flasche verf\u00fcgt \u00fcber einen Kindersicherheitsverschluss.<\/p>\n<p>Sie k\u00f6nnen zwischen verschiedenen Volumen w\u00e4hlen. Au\u00dferdem ob Sie einen Doser zum Entnehmen w\u00fcnschen, oder nicht.<\/p>\n<p>M\u00f6chten Sie einfach nur eine Flasche PP28 mit w\u00e4hlbarem Deckel?<\/p>\n<p>Dann schauen Sie sich die <a href=\"https:\/\/shop.nlq24.eu\/produkt\/glasflasche-pp28\/\">Glasflasche PP28- Doserflasche<\/a> an. Bestellen Sie einen Doser mit, k\u00f6nnen Sie zwischen 5 und 10 ml w\u00e4hlen.<\/p>\n<p>Ben\u00f6tigen Sie nur einen Deckel Verschluss, PP28, der zu dem Doser-System auch passt, finden Sie diesen <strong><a href=\"https:\/\/shop.nlq24.eu\/de\/produkt\/verschluss-deckel-pp28-schwarz\/\">HIER<\/a><\/strong>.<\/p>\n","protected":false},"excerpt":{"rendered":"<p>Doser-System-Flasche PP28 Verschlussma\u00df in verschiedenen Ausf\u00fchrungen<\/p>\n","protected":false},"featured_media":5456,"comment_status":"open","ping_status":"closed","template":"","meta":[],"product_brand":[],"product_cat":[3742,81,89,466],"product_tag":[467,468,83,469,544,678,286],"class_list":{"0":"post-5779","1":"product","2":"type-product","3":"status-publish","4":"has-post-thumbnail","6":"product_cat-alle-doser-systeme","7":"product_cat-alle-produkte-im-ueberblick","8":"product_cat-glasflaschen","9":"product_cat-glasflaschen-pp28","10":"product_tag-doser-system-flasche","11":"product_tag-sirupflasche","12":"product_tag-cdh-doser","13":"product_tag-glasflasche-pp28","14":"product_tag-flasche","15":"product_tag-doser-system","16":"product_tag-dosierspritze","17":"product_shipping_class-standard","18":"pa_milliliter-250-ml","19":"pa_milliliter-500-ml","20":"pa_milliliter-1000-ml","22":"first","23":"instock","24":"taxable","25":"shipping-taxable","26":"purchasable","27":"product-type-variable"},"_links":{"self":[{"href":"https:\/\/shop.nlq24.eu\/de\/wp-json\/wp\/v2\/product\/5779","targetHints":{"allow":["GET"]}}],"collection":[{"href":"https:\/\/shop.nlq24.eu\/de\/wp-json\/wp\/v2\/product"}],"about":[{"href":"https:\/\/shop.nlq24.eu\/de\/wp-json\/wp\/v2\/types\/product"}],"replies":[{"embeddable":true,"href":"https:\/\/shop.nlq24.eu\/de\/wp-json\/wp\/v2\/comments?post=5779"}],"wp:featuredmedia":[{"embeddable":true,"href":"https:\/\/shop.nlq24.eu\/de\/wp-json\/wp\/v2\/media\/5456"}],"wp:attachment":[{"href":"https:\/\/shop.nlq24.eu\/de\/wp-json\/wp\/v2\/media?parent=5779"}],"wp:term":[{"taxonomy":"product_brand","embeddable":true,"href":"https:\/\/shop.nlq24.eu\/de\/wp-json\/wp\/v2\/product_brand?post=5779"},{"taxonomy":"product_cat","embeddable":true,"href":"https:\/\/shop.nlq24.eu\/de\/wp-json\/wp\/v2\/product_cat?post=5779"},{"taxonomy":"product_tag","embeddable":true,"href":"https:\/\/shop.nlq24.eu\/de\/wp-json\/wp\/v2\/product_tag?post=5779"}],"curies":[{"name":"wp","href":"https:\/\/api.w.org\/{rel}","templated":true}]}}