{"id":59,"date":"2018-09-18T13:08:01","date_gmt":"2018-09-18T13:08:01","guid":{"rendered":"https:\/\/www.nlq24.de\/?post_type=product&#038;p=59"},"modified":"2025-06-17T10:14:00","modified_gmt":"2025-06-17T10:14:00","slug":"doser-cdh-doser-5-oder-10-ml","status":"publish","type":"product","link":"https:\/\/shop.nlq24.eu\/de\/Produkt\/doser-cdh-doser-5-oder-10-ml\/","title":{"rendered":"Doser-System STD 28 mm &#8211; f\u00fcr Braunglasflasche"},"content":{"rendered":"<p class=\"Normal\"><strong><span class=\"tm6\">Der Doser<\/span><\/strong> ist ein Teil des <strong><span class=\"tm6\">ORIGINAL Doser-System.<br \/>\n<\/span><\/strong><\/p>\n<p>Dieses Doser-System STD 28 mm passt nur auf PP28 Flaschen, <strong>NICHT jedoch nicht auf die Mironglasflasche 1000 ml.<\/strong><\/p>\n<p class=\"Normal\">Dieser Doser ist eine genaue Dosierhilfe f\u00fcr Fl\u00fcssigkeiten, wie: CDH, Wasser, S\u00e4fte etc. Es handelt sich um eine Art Dosierspritze. Diese wird durch einen Flascheneinsatz, dem so genannten Doser-Einsatz, zu einer Entnahmevorrichtung. Er kann in Flaschen der Gr\u00f6\u00dfe PP28 hineingepresst werden. Der<strong> Doser<\/strong> wiederum, <strong>passt<\/strong> genau <strong>in den Doser-Einsatz<\/strong>. So k\u00f6nnen Sie mit dem Doser-Einsatz und dem pass genauen Doser <strong>Fl\u00fcssigkeiten<\/strong> aus diesen Flaschen <strong>entnehmen<\/strong>. Und dies <strong>ohne Verluste<\/strong> und ganz sauber. Das Tolle an diesem System ist, dass du die Fl\u00fcssigkeit beim Aufziehen in den Doser<strong> gleichzeitig abmessen<\/strong> kannst. Dies erm\u00f6glicht die Graduierung des 10 ml Dosers. Sie ist in 0,5 ml &#8211; Schritte aufgeteilt. So kannst du mit diesem <strong>viel genauer dosieren,<\/strong> als mit einem Messbecher.<\/p>\n<p>Das <strong>Doser-System passt sowohl in PP28 Glasflaschen, als auch in PET Flaschen<\/strong> dieser Gr\u00f6\u00dfe. Der St\u00f6\u00dfel im Doser ist aus dem Material PE.<\/p>\n<h3 class=\"Normal\"><strong><span class=\"tm6\">Mein Pflege-TIPP:<\/span><\/strong><\/h3>\n<p class=\"Normal\">Sollte der Doser einmal schwer g\u00e4ngig werden, gehen einfach wie folgt vor.<br \/>\n1.) Ziehen den St\u00f6\u00dfel aus dem Doser-Geh\u00e4use.<br \/>\n2.) Benetze\u00a0 die um den St\u00f6\u00dfel angebrachte Dichtungsgummi mit einem Tropfen Pflanzen\u00f6l.<br \/>\n3.) Schiebe den St\u00f6\u00dfel wieder hinein und bewege diesen ein paar Mal auf und ab. Danach ist er wieder leichtg\u00e4ngig!<\/p>\n<p class=\"Normal\"><strong><span class=\"tm6\">Doser-Varianten:<br \/>\n<\/span><\/strong>Den Doser gibt es mit 5 ml oder 10 ml Volumen.<\/p>\n<p class=\"Normal\">1.) Der Doser f\u00fcr 10 ml Volumen hat 13,6 mm Durchmesser und 134 mm L\u00e4nge. Die Graduierung l\u00e4sst sich in 0,5 ml Schritten gut ablesen.<\/p>\n<p class=\"Normal\">2.) Der Doser f\u00fcr 5 ml Volumen hat einen Durchmesser von 11 mm und eine L\u00e4nge von 123 mm. Die Graduierung ist in 0,1 ml-Schritten eingeteilt. Das erm\u00f6glicht eine sehr genaue Dosierung.<\/p>\n<p class=\"Normal\">-&gt; Beide Gr\u00f6\u00dfen sind jeweils mit oder ohne Doser-Einsatz w\u00e4hlbar.<\/p>\n<p>3.) Eine noch <strong><a href=\"https:\/\/shop.nlq24.eu\/de\/produkt\/doser-system-28mm-dosierspritze\/\">best\u00e4ndigere Dosierspritze findest du im Doser-System best\u00e4ndig<\/a><\/strong> mit 12 ml Spritze.<\/p>\n<p class=\"Normal\">Eine <strong><span class=\"tm6\">Doser-System-Flasche<\/span><\/strong> kannst du<strong><u><a href=\"https:\/\/shop.nlq24.eu\/produkt\/glasflasche-pp28-grosse-oeffnung-mit-verschiedenem-groessen-und-zubehoer\/\"><span class=\"tm6\"><span style=\"color: #0000ff;\">\u00a0hier<\/span><\/span><\/a><\/u><\/strong> nach belieben ausstatten und kaufen.<\/p>\n<p class=\"Normal\">Ben\u00f6tigst du <strong>nur<\/strong> einen Doser-Einsatz, findest du diesen <strong><u><a href=\"https:\/\/shop.nlq24.eu\/produkt\/doser-einsatz\/\"><span class=\"tm6\">hier<\/span><\/a><\/u><span class=\"tm7\">.<\/span><\/strong><\/p>\n<p class=\"Normal\">Hast du bereits eine PP28 Flasche gekauft? Wenn du den Doser f\u00fcr eine solche Flasche nutzen m\u00f6chtest, ben\u00f6tigst du eventuell einen gesonderten Verschluss. Der konische Verschluss, welcher auf DMSO und MKB Flaschen verwendet wird, kann z.B. nicht f\u00fcr den Doser Einsatz verwendet werden. Hier br\u00e4uchtest du dann den passenden <a href=\"https:\/\/shop.nlq24.eu\/produkt\/verschluss-kindersicher-fuer-glasflasche-pp28-grosse-oeffnung\/\">Verschluss PP28 Kindersicher<\/a>. Dieser ist in diesem Produkt hier auch als Zubeh\u00f6r ausw\u00e4hlbar.<\/p>\n<p>&nbsp;<\/p>\n","protected":false},"excerpt":{"rendered":"<p>Doser &#8211; Doser-System<\/p>\n","protected":false},"featured_media":5773,"comment_status":"open","ping_status":"closed","template":"","meta":[],"product_brand":[],"product_cat":[43,46,81,3742],"product_tag":[286,287,294,2929,3055,678,82,83,732],"class_list":{"0":"post-59","1":"product","2":"type-product","3":"status-publish","4":"has-post-thumbnail","6":"product_cat-dosieren-abmessen","7":"product_cat-doser-fuer-pp28-flaschen","8":"product_cat-alle-produkte-im-ueberblick","9":"product_cat-alle-doser-systeme","10":"product_tag-dosierspritze","11":"product_tag-dosierer","12":"product_tag-doser-einsatz","13":"product_tag-dosier-system-28-mm","14":"product_tag-doserspritze","15":"product_tag-doser-system","16":"product_tag-doser","17":"product_tag-cdh-doser","18":"product_tag-dosierpipette","19":"product_shipping_class-standard","20":"pa_milliliter-10-ml","21":"pa_milliliter-5-ml","23":"first","24":"instock","25":"taxable","26":"shipping-taxable","27":"purchasable","28":"product-type-variable"},"_links":{"self":[{"href":"https:\/\/shop.nlq24.eu\/de\/wp-json\/wp\/v2\/product\/59","targetHints":{"allow":["GET"]}}],"collection":[{"href":"https:\/\/shop.nlq24.eu\/de\/wp-json\/wp\/v2\/product"}],"about":[{"href":"https:\/\/shop.nlq24.eu\/de\/wp-json\/wp\/v2\/types\/product"}],"replies":[{"embeddable":true,"href":"https:\/\/shop.nlq24.eu\/de\/wp-json\/wp\/v2\/comments?post=59"}],"wp:featuredmedia":[{"embeddable":true,"href":"https:\/\/shop.nlq24.eu\/de\/wp-json\/wp\/v2\/media\/5773"}],"wp:attachment":[{"href":"https:\/\/shop.nlq24.eu\/de\/wp-json\/wp\/v2\/media?parent=59"}],"wp:term":[{"taxonomy":"product_brand","embeddable":true,"href":"https:\/\/shop.nlq24.eu\/de\/wp-json\/wp\/v2\/product_brand?post=59"},{"taxonomy":"product_cat","embeddable":true,"href":"https:\/\/shop.nlq24.eu\/de\/wp-json\/wp\/v2\/product_cat?post=59"},{"taxonomy":"product_tag","embeddable":true,"href":"https:\/\/shop.nlq24.eu\/de\/wp-json\/wp\/v2\/product_tag?post=59"}],"curies":[{"name":"wp","href":"https:\/\/api.w.org\/{rel}","templated":true}]}}