{"id":62,"date":"2018-09-18T13:30:48","date_gmt":"2018-09-18T13:30:48","guid":{"rendered":"https:\/\/www.nlq24.de\/?post_type=product&#038;p=62"},"modified":"2025-11-17T11:34:52","modified_gmt":"2025-11-17T11:34:52","slug":"salzsaeure-4","status":"publish","type":"product","link":"https:\/\/shop.nlq24.eu\/de\/Produkt\/salzsaeure-4\/","title":{"rendered":"Salzs\u00e4ure 4 %"},"content":{"rendered":"<div>Hier finden Sie Salzs\u00e4ure 4 % in Top Qualit\u00e4t. Es handelt sich nicht um technische Qualit\u00e4t. Diese Salzs\u00e4ure 4 % entspricht Lebensmittelqualit\u00e4t.<\/div>\n<div>So eine chemisch reine Salzs\u00e4ure 4 % findet z. B. Verwendung in der Halbleiterindustrie zum leichten \u00c4tzen. Des Weiteren eignet sie sich wunderbar zum Reinigen und entkalken. Aber auch in der Pharma-Produktion sowie in der industriellen Verarbeitung von Pflanzenschutzmittel wird sie verwendet. Diese Salzs\u00e4ure ist fl\u00fcssig. Sie ist fast farblos bis schwach gelblich. Sie weist einen leichtem Geruch auf um Gegensatz zu der \u00e4tzenden Salzs\u00e4ure 80 %. Weiterhin k\u00f6nnen Sie diese Salzs\u00e4ure wunderbar als Aktivator zur Herstellung von CDL verwenden. Diese <strong><a href=\"https:\/\/shop.nlq24.eu\/produkt\/milchsaeure-21-rechtsdrehend\/\">Milchs\u00e4ure 21 %<\/a><\/strong> weist einen \u00e4hnlichen S\u00e4ure Grad auf. Ebenso diese <strong><a href=\"https:\/\/shop.nlq24.eu\/produkt\/zitronensaeure-50\/\">Zitronens\u00e4ure 50 %<\/a><\/strong>.<\/div>\n<div>\n<p>Zur Herstellung von Chlordioxid (CDL) k\u00f6nnen Sie dieses <span style=\"color: #0000ff;\"><strong><a style=\"color: #0000ff;\" href=\"https:\/\/shop.nlq24.eu\/produkt\/chlordioxid-set-typ-mms\/\">Chlordioxid Set Typ MMS<\/a><\/strong><\/span> (Multieffektive Mineral Substanz) verwenden.<\/p>\n<\/div>\n<div>\n<hr \/>\n<p><strong>Dieses Produkt gibt es in den Varianten:<\/strong><br \/>\n50 ml in PP-Flasche (bruchsicher) oder Glasflasche mit Tropfer.<br \/>\n100 ml in PP-Flasche (bruchsicher) oder in Glasflasche mit Tropfer.<br \/>\n250 ml in Glasflasche PP28 ohne Tropfer.<br \/>\n500 ml in Glasflasche PP28 ohne Tropfer.<\/p>\n<p><strong>Salzs\u00e4ure 4 % in w\u00e4ssriger L\u00f6sung:<\/strong><\/p>\n<p><img loading=\"lazy\" decoding=\"async\" class=\"\" src=\"https:\/\/shop.es-drei.de\/images\/ghs\/50px-GHS-pictogram-exclam.svg.jpg\" alt=\"GHS-Piktogramm-Ausrufezeichen\" width=\"64\" height=\"64\" \/><\/p>\n<p><strong>Achtung<\/strong><\/p>\n<p><strong>Gefahren- und Sicherheitshinweise:<\/strong> Kann gegen\u00fcber Metallen korrosiv sein. Verursacht Hautreizungen. Verursacht schwere Augenreizung. BEI KONTAKT MIT DEN AUGEN: Einige Minuten lang behutsam mit Wasser sp\u00fclen. Vorhandene Kontaktlinsen nach M\u00f6glichkeit entfernen. Weiter sp\u00fclen. BEI VERSCHLUCKEN: Mund aussp\u00fclen. Kein Erbrechen herbeif\u00fchren. Schutzhandschuhe \/ Schutzkleidung \/ Augenschutz \/ Gesichtsschutz tragen.<\/p>\n<p>&nbsp;<\/p>\n<\/div>\n","protected":false},"excerpt":{"rendered":"<p><strong>Salzs\u00e4ure 4%, w\u00e4ssrige L\u00f6sung<\/strong><strong><br \/>\n<\/strong><\/p>\n","protected":false},"featured_media":5110,"comment_status":"open","ping_status":"closed","template":"","meta":[],"product_brand":[],"product_cat":[81,859],"product_tag":[88,759,768],"class_list":{"0":"post-62","1":"product","2":"type-product","3":"status-publish","4":"has-post-thumbnail","6":"product_cat-alle-produkte-im-ueberblick","7":"product_cat-saeuren","8":"product_tag-salzsaeure-4","9":"product_tag-hydrochloric-acid","10":"product_tag-hcl","11":"product_shipping_class-standard","12":"pa_flaschenart-glasflasche-din18","13":"pa_flaschenart-glasflasche-pp28","14":"pa_flaschenart-pp-flasche-halbtransparent","15":"pa_flaschenart-hdpe-flasche","16":"pa_milliliter-10-ml","17":"pa_milliliter-30-ml","18":"pa_milliliter-50-ml","19":"pa_milliliter-100-ml","20":"pa_milliliter-250-ml","21":"pa_milliliter-500-ml","22":"pa_milliliter-1000-ml","24":"first","25":"instock","26":"taxable","27":"shipping-taxable","28":"purchasable","29":"product-type-variable"},"_links":{"self":[{"href":"https:\/\/shop.nlq24.eu\/de\/wp-json\/wp\/v2\/product\/62","targetHints":{"allow":["GET"]}}],"collection":[{"href":"https:\/\/shop.nlq24.eu\/de\/wp-json\/wp\/v2\/product"}],"about":[{"href":"https:\/\/shop.nlq24.eu\/de\/wp-json\/wp\/v2\/types\/product"}],"replies":[{"embeddable":true,"href":"https:\/\/shop.nlq24.eu\/de\/wp-json\/wp\/v2\/comments?post=62"}],"wp:featuredmedia":[{"embeddable":true,"href":"https:\/\/shop.nlq24.eu\/de\/wp-json\/wp\/v2\/media\/5110"}],"wp:attachment":[{"href":"https:\/\/shop.nlq24.eu\/de\/wp-json\/wp\/v2\/media?parent=62"}],"wp:term":[{"taxonomy":"product_brand","embeddable":true,"href":"https:\/\/shop.nlq24.eu\/de\/wp-json\/wp\/v2\/product_brand?post=62"},{"taxonomy":"product_cat","embeddable":true,"href":"https:\/\/shop.nlq24.eu\/de\/wp-json\/wp\/v2\/product_cat?post=62"},{"taxonomy":"product_tag","embeddable":true,"href":"https:\/\/shop.nlq24.eu\/de\/wp-json\/wp\/v2\/product_tag?post=62"}],"curies":[{"name":"wp","href":"https:\/\/api.w.org\/{rel}","templated":true}]}}