{"id":63590,"date":"2020-03-23T06:11:21","date_gmt":"2020-03-23T06:11:21","guid":{"rendered":"https:\/\/www.nlq24.de\/?post_type=product&#038;p=63590"},"modified":"2025-06-27T09:34:55","modified_gmt":"2025-06-27T09:34:55","slug":"doser-system-din18","status":"publish","type":"product","link":"https:\/\/shop.nlq24.eu\/de\/Produkt\/doser-system-din18\/","title":{"rendered":"Doser-System DIN18 &#8211; Spritze + Einsatz + Deckel (ohne Flasche)"},"content":{"rendered":"<p class=\"Normal\"><strong><span class=\"tm6\">Der Doser<\/span><\/strong> ist ein Teil vom <strong><span class=\"tm6\">ORIGINAL Doser-System DIN18 (ohne Flasche).<br \/>\n<\/span><\/strong><\/p>\n<p>Dieses Doser-System DIN18<strong> passt sowohl auf DIN18 Braunglasflasche, als auch auf die DIN18 Miron Glasflaschen<\/strong><strong>. Eine Flasche ist in diesem Angebot NICHT enthalten.<\/strong><\/p>\n<p class=\"Normal\">Dieses Doser-Systen DIN18 ist eine genaue Dosier-Hilfe f\u00fcr Fl\u00fcssigkeiten, wie: CDH, Wasser, S\u00e4fte etc. Es handelt sich um eine Art Dosierspritze mit <strong>12 ml Volumen<\/strong>. Diese wird durch einen Flascheneinsatz, dem Doser-Einsatz, zu einer Entnahmevorrichtung. Das <strong>Doser-System passt nur in die kleinen DIN18 Medizinflaschen \/ Apothekerflaschen mit 18 mm \u00d6ffnung<\/strong>. Der St\u00f6\u00dfel im Doser ist aus dem Material PE. Passend zu diesem Doser gibt es einem kleinen Kunststoff-Einsatz, den sogenannten Doser-Einsatz. Er kann in Flaschen der Gr\u00f6\u00dfe DIN18 (also die g\u00e4ngigen Tropferflaschen) hineingepresst werden. Der<strong> Doser<\/strong> (also die Dosierspritze) wiederum, <strong>passt<\/strong> genau <strong>in den Doser-Einsatz, welchen Sie in die Flasche hinein gedr\u00fcckt haben<\/strong>. So k\u00f6nnen Sie mit dem Doser-Einsatz und dem pass genauen Doser, <strong>Fl\u00fcssigkeiten<\/strong>\u00a0<strong>entnehmen<\/strong>. Beim Entnehmen der Fl\u00fcssigkeit, durch das Aufziehen in den Doser, k\u00f6nnen Sie diese <strong>gleichzeitig abmessen.<\/strong> Dies ist durch die gut sichtbare Dosierskalierung auf dem Doser leicht m\u00f6glich. Die Graduierung ist in <strong>0,25 ml &#8211; Schritte aufgeteilt<\/strong>. So k\u00f6nnen sie viertel, und auch halbe Milliliter wunderbar ablesen und dadurch <strong>sehr genau dosieren.<\/strong> Hier haben Sie einen klaren Vorteil gegen\u00fcber dem Abmessen mit einem ungenaueren Messbecher.<\/p>\n<h3 class=\"Normal\"><strong><span class=\"tm6\">Mein Pflege-TIPP f\u00fcr Doser-System DIN18:<\/span><\/strong><\/h3>\n<div>Pflegehinweis:\u00a0Damit der Doser (die Spritze) leichtg\u00e4ngig bleibt, sp\u00fclen Sie diese also gleich nach der Benutzung mit klarem Wasser.<\/div>\n<p>&nbsp;<\/p>\n<p class=\"Normal\"><strong><span class=\"tm6\">Doser-Varianten:<br \/>\n<\/span><\/strong>Den Doser gibt es derzeit mit 12 ml Volumen. Der Durchmesser betr\u00e4gt 30 mm. Die Gesamtl\u00e4nge des Dosers betr\u00e4gt 100 mm.<\/p>\n<p class=\"Normal\">Eine <strong><span class=\"tm6\">Glasflasche DIN18,<\/span><\/strong> auf die zu dem System passt, k\u00f6nnen Sie<strong><u><a href=\"https:\/\/shop.nlq24.eu\/produkt\/glasflasche-din18-slim-braun\/\"><span class=\"tm6\"><span style=\"color: #0000ff;\"> hier<\/span><\/span><\/a><\/u><\/strong> nach belieben ausstatten und dazu kaufen.<\/p>\n<p class=\"Normal\">Haben Sie bereits eine DIN18 Flasche gekauft? Wenn Sie den Doser mit Doser-Einsatz f\u00fcr eine solche Flasche nutzen m\u00f6chten, ben\u00f6tigen Sie immer auch den gesonderten Verschluss, der keinen Tropfer enth\u00e4lt. Er ist <strong>in diesem System enthalten<\/strong>.<\/p>\n","protected":false},"excerpt":{"rendered":"<p>Doser-System DIN18 mit Spritze, Einsatz und Deckel<\/p>\n","protected":false},"featured_media":86927,"comment_status":"open","ping_status":"closed","template":"","meta":[],"product_brand":[],"product_cat":[31,3742,43,81,109],"product_tag":[732,82,83,2172,286,2173,287,2174,294],"class_list":{"0":"post-63590","1":"product","2":"type-product","3":"status-publish","4":"has-post-thumbnail","6":"product_cat-cdh3000-cdl3000","7":"product_cat-alle-doser-systeme","8":"product_cat-dosieren-abmessen","9":"product_cat-alle-produkte-im-ueberblick","10":"product_cat-verschluesse-din18","11":"product_tag-dosierpipette","12":"product_tag-doser","13":"product_tag-cdh-doser","14":"product_tag-doser-din18","15":"product_tag-dosierspritze","16":"product_tag-dosier-system-din18","17":"product_tag-dosierer","18":"product_tag-dosier-system-18-mm","19":"product_tag-doser-einsatz","20":"product_shipping_class-standard","22":"first","23":"instock","24":"taxable","25":"shipping-taxable","26":"purchasable","27":"product-type-simple"},"_links":{"self":[{"href":"https:\/\/shop.nlq24.eu\/de\/wp-json\/wp\/v2\/product\/63590","targetHints":{"allow":["GET"]}}],"collection":[{"href":"https:\/\/shop.nlq24.eu\/de\/wp-json\/wp\/v2\/product"}],"about":[{"href":"https:\/\/shop.nlq24.eu\/de\/wp-json\/wp\/v2\/types\/product"}],"replies":[{"embeddable":true,"href":"https:\/\/shop.nlq24.eu\/de\/wp-json\/wp\/v2\/comments?post=63590"}],"wp:featuredmedia":[{"embeddable":true,"href":"https:\/\/shop.nlq24.eu\/de\/wp-json\/wp\/v2\/media\/86927"}],"wp:attachment":[{"href":"https:\/\/shop.nlq24.eu\/de\/wp-json\/wp\/v2\/media?parent=63590"}],"wp:term":[{"taxonomy":"product_brand","embeddable":true,"href":"https:\/\/shop.nlq24.eu\/de\/wp-json\/wp\/v2\/product_brand?post=63590"},{"taxonomy":"product_cat","embeddable":true,"href":"https:\/\/shop.nlq24.eu\/de\/wp-json\/wp\/v2\/product_cat?post=63590"},{"taxonomy":"product_tag","embeddable":true,"href":"https:\/\/shop.nlq24.eu\/de\/wp-json\/wp\/v2\/product_tag?post=63590"}],"curies":[{"name":"wp","href":"https:\/\/api.w.org\/{rel}","templated":true}]}}