{"id":64028,"date":"2020-03-25T21:31:34","date_gmt":"2020-03-25T21:31:34","guid":{"rendered":"https:\/\/www.nlq24.de\/?post_type=product&#038;p=64028"},"modified":"2026-04-10T09:32:47","modified_gmt":"2026-04-10T09:32:47","slug":"spruehflasche-glas-250-ml","status":"publish","type":"product","link":"https:\/\/shop.nlq24.eu\/de\/Produkt\/spruehflasche-glas-250-ml\/","title":{"rendered":"Spr\u00fchflasche aus Glas 28 mm mit Pistolengriff"},"content":{"rendered":"<p class=\"Normal\">Diese runde <strong>Spr\u00fchflasche aus Glas 28 mm (PP28)<\/strong> verf\u00fcgt \u00fcber eine <strong>stufenlos einstellbare Spr\u00fchpumpe<\/strong> &#8211; optimal zur Desinfektion. Diese hat einen <strong>gro\u00dfen Hub von ca. 1,3 ml<\/strong> pro Spr\u00fchsto\u00df. Sie hat eine Gewindegr\u00f6\u00dfe von 28 mm. Die braune F\u00e4rbung dieses Glases, bietet einen <strong>hohen Lichtschutz<\/strong> f\u00fcr Ihr F\u00fcllgut. Diese Spr\u00fchflasche geeignet sich optimal als Desinfektion Spr\u00fchflasche \/ Desinfektion Spr\u00fchger\u00e4t.<\/p>\n<p>Der Spr\u00fchkopf ist je nach Verf\u00fcgbarkeit entweder SCHWARZ oder WEISS.<\/p>\n<p class=\"Normal\">Diese handliche Spr\u00fchflasche hat ein F\u00fcllvolumen von 250 ml.<\/p>\n<h3>Spr\u00fchflasche aus Glas mit 250 ml Volumen &#8211; optimal zur Desinfektion<\/h3>\n<p class=\"Normal\">Die <strong>250 ml Spr\u00fchflasche<\/strong> vereint ein <strong>gr\u00f6\u00dferes Volumen<\/strong> mit den <strong>Vorz\u00fcgen der Handlichkeit<\/strong>. Herk\u00f6mmliche Spr\u00fchflaschen haben meist nur ein Volumen von nur 100 ml. Die 250 ml Spr\u00fchflasche PP28 <strong>liegt<\/strong> durch Ihren <strong>geringen Durchmesser<\/strong>, von etwas \u00fcber 6 cm, <strong>sehr gut in der Hand<\/strong>. Die Leichtigkeit, mit der Sie den Spr\u00fchkopf bet\u00e4tigen k\u00f6nnen, wird sie von der Handlichkeit dieser Spr\u00fchflasche ganz sicher \u00fcberzeugen. Diese ist auch besonders handlich als Desinfektion Spr\u00fchflasche.<\/p>\n<h3>Spr\u00fchflasche aus Glas 500 oder 1000 ml Volumen<\/h3>\n<p class=\"Normal\">Die Flasche ist jedoch auch in gr\u00f6\u00dferen Volumen ausw\u00e4hlbar. Mit stolzen <strong>500 und 1000 ml Flaschen<\/strong> haben Sie eine noch gr\u00f6\u00dfere Menge pro Einsatz dabei! Diese gr\u00f6\u00dfere Kapazit\u00e4t hat dann ihre eigenen Vorteile.<\/p>\n<p>&nbsp;<\/p>\n<h3 class=\"Normal\"><strong><span class=\"tm5\">Praktisch<\/span> f\u00fcr Sie <\/strong><\/h3>\n<p class=\"Normal\">Das Ansaugrohr vom Spr\u00fchverschluss hat eine ausreichende L\u00e4nge. Jedoch <strong>nicht f\u00fcr Mironglasflaschen<\/strong>.<\/p>\n<h3>Ma\u00dfe und Gewichte vom Spr\u00fchverschluss 28 mm:<\/h3>\n<p>Die L\u00e4nge des Saugschlauches betr\u00e4gt insgesamt: ca. 225 mm. Das Gewicht des Spr\u00fchpumpe PP28 betr\u00e4gt ca. 34 Gramm. Den Spr\u00fchkopf k\u00f6nnen Sie daher f\u00fcr alle <strong>3 Flaschengr\u00f6\u00dfen (250, 500 und 1000 ml)<\/strong> verwenden.<\/p>\n<h3>Der Spr\u00fchverschluss der Spr\u00fchflasche Glas zur Desinfektion besteht aus folgenden Materialen:<\/h3>\n<p>Optimal f\u00fcr denn h\u00e4ufigen Einsatz mit Reinigungsmitteln, findet Sie aber auch Ihre Bestimmung f\u00fcr anderen Fl\u00fcssigkeiten.<\/p>\n<p>Durch den Pistolengriff ist der Spr\u00fch-Vorgang leicht und sauber auszuf\u00fchren. Die verstellbare D\u00fcse erm\u00f6glicht einen Strahl, kann aber stufenlos bis hin zu einem breiten Spr\u00fchsto\u00df verstellt werden. Pro Spr\u00fchsto\u00df betr\u00e4gt die ausgesto\u00dfene Menge (bei Wasser!) ca. 1,3 ml. Diese Spr\u00fchflasche ist f\u00fcr viele Fl\u00fcssigkeiten verwendbar, jedoch nicht f\u00fcr aggressive Substanzen. Daher sollten Sie dies jeweils zun\u00e4chst pr\u00fcfen.<\/p>\n<p class=\"Normal\">Das Material dieser braunen Glasflasche ist best\u00e4ndig gegen S\u00e4ure und Basen mit pH Werten zwischen pH 4 &#8211; 9. F\u00fcr diese Flaschengr\u00f6\u00dfe gibt es auch noch <a href=\"https:\/\/shop.nlq24.eu\/produkt-kategorien\/flaschen-verschluesse-zubehoer\/verschluesse-fuer-pp28-glasflaschen\/\">andere Verschl\u00fcsse<\/a>.<\/p>\n<p class=\"Normal\">Andere Glasflaschen und Zubeh\u00f6r f\u00fcr PP28 finden sie in der Kategorie <a href=\"https:\/\/shop.nlq24.eu\/produkt-kategorien\/flaschen-verschluesse-zubehoer\/glasflaschen\/glasflaschen-pp28\/\">Glasflaschen PP28.<\/a><\/p>\n","protected":false},"excerpt":{"rendered":"<p>Spr\u00fchflasche Power aus Braunglas mit 28 mm Gewinde PP28<\/p>\n","protected":false},"featured_media":88653,"comment_status":"open","ping_status":"closed","template":"","meta":[],"product_brand":[],"product_cat":[43,81,90,91,328,466],"product_tag":[1750,1751,3215,1753,3216,92,93,103,2180,2181],"class_list":{"0":"post-64028","1":"product","2":"type-product","3":"status-publish","4":"has-post-thumbnail","6":"product_cat-dosieren-abmessen","7":"product_cat-alle-produkte-im-ueberblick","8":"product_cat-sprayerflaschen-aus-hdpe-oder-glas","9":"product_cat-sprayer-flaschen","10":"product_cat-flaschen-verschluesse-zubehoer","11":"product_cat-glasflaschen-pp28","12":"product_tag-spruehflasche-pp28","13":"product_tag-spruehflasche-pp28-250-ml","14":"product_tag-triggerpumpe","15":"product_tag-spruehflasche-250-ml","16":"product_tag-triggersprueher","17":"product_tag-sprayerflasche","18":"product_tag-sprayer","19":"product_tag-glasflasche","20":"product_tag-desinfektion-spruehflasche","21":"product_tag-desinfektion-spruehgeraet","22":"product_shipping_class-standard","24":"first","25":"instock","26":"taxable","27":"shipping-taxable","28":"purchasable","29":"product-type-variable"},"_links":{"self":[{"href":"https:\/\/shop.nlq24.eu\/de\/wp-json\/wp\/v2\/product\/64028","targetHints":{"allow":["GET"]}}],"collection":[{"href":"https:\/\/shop.nlq24.eu\/de\/wp-json\/wp\/v2\/product"}],"about":[{"href":"https:\/\/shop.nlq24.eu\/de\/wp-json\/wp\/v2\/types\/product"}],"replies":[{"embeddable":true,"href":"https:\/\/shop.nlq24.eu\/de\/wp-json\/wp\/v2\/comments?post=64028"}],"wp:featuredmedia":[{"embeddable":true,"href":"https:\/\/shop.nlq24.eu\/de\/wp-json\/wp\/v2\/media\/88653"}],"wp:attachment":[{"href":"https:\/\/shop.nlq24.eu\/de\/wp-json\/wp\/v2\/media?parent=64028"}],"wp:term":[{"taxonomy":"product_brand","embeddable":true,"href":"https:\/\/shop.nlq24.eu\/de\/wp-json\/wp\/v2\/product_brand?post=64028"},{"taxonomy":"product_cat","embeddable":true,"href":"https:\/\/shop.nlq24.eu\/de\/wp-json\/wp\/v2\/product_cat?post=64028"},{"taxonomy":"product_tag","embeddable":true,"href":"https:\/\/shop.nlq24.eu\/de\/wp-json\/wp\/v2\/product_tag?post=64028"}],"curies":[{"name":"wp","href":"https:\/\/api.w.org\/{rel}","templated":true}]}}