{"id":64725,"date":"2020-04-01T21:01:35","date_gmt":"2020-04-01T21:01:35","guid":{"rendered":"https:\/\/www.nlq24.de\/?post_type=product&#038;p=64725"},"modified":"2026-04-13T09:56:44","modified_gmt":"2026-04-13T09:56:44","slug":"hdpe-spritzflasche-desinfektionsflasche","status":"publish","type":"product","link":"https:\/\/shop.nlq24.eu\/de\/Produkt\/hdpe-spritzflasche-desinfektionsflasche\/","title":{"rendered":"HDPE Spritzflasche &#8211; Desinfektionsflasche 200 ml"},"content":{"rendered":"<p class=\"Normal\">Diese HDPE Spritzflasche &#8211; Desinfektionsflasche aus HDPE verf\u00fcgt \u00fcber einen <strong>Spritzeinsatz<\/strong>. Mit diesem k\u00f6nnen Sie auch Desinfektionmittel gut verspritzen.<\/p>\n<p class=\"Normal\">Das wei\u00df durchgef\u00e4rbte HDPE bietet dem Inhalt einen hohen Lichtschutz. Der Spritzeinsatz besteht aus dem Material PE\/PP und ist zu vielen F\u00fcllmedien chemiebest\u00e4ndig. Jedoch sollten Sie dies jeweils pr\u00fcfen. Das Material ist best\u00e4ndig gegen S\u00e4ure und Basen mit pH Werten zwischen pH 4 &#8211; 9. F\u00fcr diese Flaschengr\u00f6\u00dfe gibt es auch noch andere Verschl\u00fcsse, wie den <span style=\"color: #0000ff;\"><strong><a style=\"color: #0000ff;\" href=\"https:\/\/shop.nlq24.eu\/produkt\/verschluesse-tropfer-sprayer-fuer-weisse-pe-flaschen\/\">Tropferverschluss<\/a><\/strong><\/span>.<\/p>\n<p>Weitere HDPE Flaschen finden sie <a href=\"https:\/\/shop.nlq24.eu\/produkt\/pe-flaschen-weiss-in-verschiedenen-varianten-groessen-und-zubehoer\/\">hier.<\/a><\/p>\n<p class=\"Normal\"><strong><span class=\"tm5\">Diese HDPE Flasche gibt es in 200 ml<\/span><\/strong>.<\/p>\n<p class=\"Normal\">\n","protected":false},"excerpt":{"rendered":"<p>HDPE Spritzflasche &#8211; Desinfektionsflasche HDPE 20-410 &#8211; 200 ml<\/p>\n","protected":false},"featured_media":69196,"comment_status":"open","ping_status":"closed","template":"","meta":[],"product_brand":[],"product_cat":[43,81,90,91,328,330,393],"product_tag":[433,2187,2188,2190],"class_list":{"0":"post-64725","1":"product","2":"type-product","3":"status-publish","4":"has-post-thumbnail","6":"product_cat-dosieren-abmessen","7":"product_cat-alle-produkte-im-ueberblick","8":"product_cat-sprayerflaschen-aus-hdpe-oder-glas","9":"product_cat-sprayer-flaschen","10":"product_cat-flaschen-verschluesse-zubehoer","11":"product_cat-hdpe-flaschen-weiss-durchgefaerbt","12":"product_cat-hdpe-flaschen-zubehoer","13":"product_tag-pe-flasche","14":"product_tag-spritzflasche","15":"product_tag-hdpe-flasche-200-ml","16":"product_tag-hdpe-flasche-weiss","17":"product_shipping_class-standard","18":"pa_milliliter-200-ml","19":"pa_milliliter-30-ml","20":"pa_milliliter-50-ml","21":"pa_milliliter-100-ml","23":"first","24":"instock","25":"taxable","26":"shipping-taxable","27":"purchasable","28":"product-type-simple"},"_links":{"self":[{"href":"https:\/\/shop.nlq24.eu\/de\/wp-json\/wp\/v2\/product\/64725","targetHints":{"allow":["GET"]}}],"collection":[{"href":"https:\/\/shop.nlq24.eu\/de\/wp-json\/wp\/v2\/product"}],"about":[{"href":"https:\/\/shop.nlq24.eu\/de\/wp-json\/wp\/v2\/types\/product"}],"replies":[{"embeddable":true,"href":"https:\/\/shop.nlq24.eu\/de\/wp-json\/wp\/v2\/comments?post=64725"}],"wp:featuredmedia":[{"embeddable":true,"href":"https:\/\/shop.nlq24.eu\/de\/wp-json\/wp\/v2\/media\/69196"}],"wp:attachment":[{"href":"https:\/\/shop.nlq24.eu\/de\/wp-json\/wp\/v2\/media?parent=64725"}],"wp:term":[{"taxonomy":"product_brand","embeddable":true,"href":"https:\/\/shop.nlq24.eu\/de\/wp-json\/wp\/v2\/product_brand?post=64725"},{"taxonomy":"product_cat","embeddable":true,"href":"https:\/\/shop.nlq24.eu\/de\/wp-json\/wp\/v2\/product_cat?post=64725"},{"taxonomy":"product_tag","embeddable":true,"href":"https:\/\/shop.nlq24.eu\/de\/wp-json\/wp\/v2\/product_tag?post=64725"}],"curies":[{"name":"wp","href":"https:\/\/api.w.org\/{rel}","templated":true}]}}