{"id":64850,"date":"2020-04-02T17:03:37","date_gmt":"2020-04-02T17:03:37","guid":{"rendered":"https:\/\/www.nlq24.de\/?post_type=product&#038;p=64850"},"modified":"2025-06-10T11:42:01","modified_gmt":"2025-06-10T11:42:01","slug":"cdh1500-cdl","status":"publish","type":"product","link":"https:\/\/shop.nlq24.eu\/de\/Produkt\/cdh1500-cdl\/","title":{"rendered":"CDH1500 &#8211; Chlordioxid L\u00f6sung 0,15 % &#8211; (CDL)"},"content":{"rendered":"<h3 class=\"Normal\">CDH1500 ist eine Chlordioxid L\u00f6sung (CDL) &lt; 0,15 % Chlordioxid-Anteil<\/h3>\n<p class=\"Normal\"><strong><span class=\"tm6\">CDH\u00a0Hinweise:<\/span><\/strong><\/p>\n<p class=\"Normal\"><span class=\"tm6\">CDH1500 vorsichtig verwenden. Vor Gebrauch stets Etikett und Produktinformationen lesen. <\/span>CDH1500 bitte vor Licht sch\u00fctzen und nicht erhitzen. Die CDH3000-Fl\u00fcssigkeit kann unverd\u00fcnnt organisches Material entf\u00e4rben. Nach Einatmen von \u00fcber der Fl\u00fcssigkeit befindlichem Gas, sorge f\u00fcr Frischluft. Bei Kontakt mit den Augen, sp\u00fcle das Auge bei ge\u00f6ffnetem Lidspalt mit Wasser. Nach versehentlichem Verschlucken, trinke reichlich Wasser zur Verd\u00fcnnung. Solltest du anhaltende Beschwerden haben, suche einen Arzt oder Heilpraktiker auf. Lasse keine gr\u00f6\u00dferen Mengen in die Kanalisation oder Gew\u00e4sser gelangen. Lagere es k\u00fchl und vor Licht gesch\u00fctzt in der geschlossenen Flasche.<\/p>\n<p>Dieses Produkt wird als reine Chemikalie angeboten.<\/p>\n<h3 class=\"Normal\"><strong><span class=\"tm6\">Folgende CDH (CDL) -Varianten stehen zur Auswahl:<\/span><\/strong><\/h3>\n<p class=\"Normal\">Die <strong><span class=\"tm6\">100 ml<\/span><\/strong> Variante gibt es in der Glasflasche DIN18 mit Tropfer. Ein <strong><span class=\"tm6\"><a href=\"https:\/\/shop.nlq24.eu\/produkt\/doser-system-din18\/\">Doser System DIN18<\/a> passt zu dieser Flasche<\/span><\/strong>. Mit dem Doser (Dosierspritze) k\u00f6nnen Sie die Fl\u00fcssigkeit entnehmen und dabei gleichzeitig in Millilitern abmessen.<\/p>\n<p class=\"Normal\">Die <strong>250 ml Variante biete ich Ihnen in der Glasflasche 28 mm<\/strong> an. Wahlweise k\u00f6nnen Sie zu dieser Flasche einen Doser mit dem passenden Einsatz zum Entnehmen und Abmessen gleich mit ausw\u00e4hlen. Auch die 500 ml biete ich in der Glasflasche PP28 an. Auch hier ist ein Doser-Einsatz dabei, wenn Sie einen Doser dazu kaufen. Ohne die Bestellung eines Dosers liefere ich keinen Doser-Einsatz und keinen passenden Deckel f\u00fcr das Doser-System mit.<\/p>\n<p>Ein Qualit\u00e4tsprodukt von <a href=\"https:\/\/www.natao.org\/cdh3000-cdl-wasserdesinfektion.htm\">OX-IT.<\/a><\/p>\n<p>M\u00f6chtest du eine CDL (Chlordioxid L\u00f6sung), die noch st\u00e4rker und noch l\u00e4nger haltbar ist? Dann schaue dir <span style=\"color: #0000ff;\"><strong><a style=\"color: #0000ff;\" href=\"https:\/\/shop.nlq24.eu\/produkt\/cdh3000-premium-chlordioxid-loesung-03-in-mironglas\/\">CDH3000 Premium<\/a><\/strong><\/span>\u00a0einmal an.<\/p>\n","protected":false},"excerpt":{"rendered":"<p><span class=\"tm6\">CDH1500 vorsichtig verwenden. Vor Gebrauch stets Etikett und Produktinformationen lesen. <\/span><\/p>\n","protected":false},"featured_media":68888,"comment_status":"open","ping_status":"closed","template":"","meta":[],"product_brand":[],"product_cat":[31,81],"product_tag":[2191,2192,68,617,123,706,124,2243,2244,2245,1798],"class_list":{"0":"post-64850","1":"product","2":"type-product","3":"status-publish","4":"has-post-thumbnail","6":"product_cat-cdh3000-cdl3000","7":"product_cat-alle-produkte-im-ueberblick","8":"product_tag-cdh1500","9":"product_tag-cdl-chlordioxid","10":"product_tag-chlordioxid-loesung","11":"product_tag-cdh","12":"product_tag-cds","13":"product_tag-cds-cdl","14":"product_tag-cdl","15":"product_tag-cdh-spray","16":"product_tag-cdh-sprueher","17":"product_tag-chlordioxid-spray","18":"product_tag-chlordioxid-fertigloesung","19":"product_shipping_class-standard","20":"pa_flaschenart-glasflasche-din18","21":"pa_flaschenart-glasflasche-pp28","22":"pa_flaschenart-hdpe-flasche","23":"pa_milliliter-2-x-500-ml","24":"pa_milliliter-100-ml","25":"pa_milliliter-250-ml","26":"pa_milliliter-500-ml","27":"pa_milliliter-1000-ml","29":"first","30":"instock","31":"taxable","32":"shipping-taxable","33":"purchasable","34":"product-type-variable"},"_links":{"self":[{"href":"https:\/\/shop.nlq24.eu\/de\/wp-json\/wp\/v2\/product\/64850","targetHints":{"allow":["GET"]}}],"collection":[{"href":"https:\/\/shop.nlq24.eu\/de\/wp-json\/wp\/v2\/product"}],"about":[{"href":"https:\/\/shop.nlq24.eu\/de\/wp-json\/wp\/v2\/types\/product"}],"replies":[{"embeddable":true,"href":"https:\/\/shop.nlq24.eu\/de\/wp-json\/wp\/v2\/comments?post=64850"}],"wp:featuredmedia":[{"embeddable":true,"href":"https:\/\/shop.nlq24.eu\/de\/wp-json\/wp\/v2\/media\/68888"}],"wp:attachment":[{"href":"https:\/\/shop.nlq24.eu\/de\/wp-json\/wp\/v2\/media?parent=64850"}],"wp:term":[{"taxonomy":"product_brand","embeddable":true,"href":"https:\/\/shop.nlq24.eu\/de\/wp-json\/wp\/v2\/product_brand?post=64850"},{"taxonomy":"product_cat","embeddable":true,"href":"https:\/\/shop.nlq24.eu\/de\/wp-json\/wp\/v2\/product_cat?post=64850"},{"taxonomy":"product_tag","embeddable":true,"href":"https:\/\/shop.nlq24.eu\/de\/wp-json\/wp\/v2\/product_tag?post=64850"}],"curies":[{"name":"wp","href":"https:\/\/api.w.org\/{rel}","templated":true}]}}