{"id":658,"date":"2019-01-03T21:18:02","date_gmt":"2019-01-03T21:18:02","guid":{"rendered":"https:\/\/www.nlq24.de\/?post_type=product&#038;p=658"},"modified":"2025-12-04T11:10:34","modified_gmt":"2025-12-04T11:10:34","slug":"membrane-fuer-umkehrosmoseanlage","status":"publish","type":"product","link":"https:\/\/shop.nlq24.eu\/de\/Produkt\/membrane-fuer-umkehrosmoseanlage\/","title":{"rendered":"Membrane f\u00fcr Umkehrosmose Anlage"},"content":{"rendered":"<div class=\"Description\">\n<p><b>Membrane f\u00fcr Umkehrosmose Anlage<\/b><\/p>\n<p>Sie sind das Herzst\u00fcck einer jeder Umkehrosmose Anlage. Diese sind hier in verschiedenen Leistungsgr\u00f6\u00dfen w\u00e4hlbar.<\/p>\n<p><b>Von der Natur gelernt \u2013 mit der Membrane umgekehrt nachgemacht <\/b><br \/>\nDie Membrane f\u00fcr Umkehrosmose Anlagen besteht aus einer mehrschichtigen laserperforierten Polymer-Folie. Dabei werden mikroskopisch kleine Poren in die Folie geschnitten. Sie haben im Mittel eine Porengr\u00f6\u00dfe von <strong>0,0001 Mikron<\/strong>. Das Wasser wird mit Druck durch diese halbdurchl\u00e4ssige (permeable) Membrane gepresst. Da Wassermolek\u00fcle die kleinsten Molek\u00fcle sind, k\u00f6nnen nur diese die feinen Poren der Membrane durchdringen. Egal, ob coliforme Keime, Bakterien, Herbizide, Fungizide, Nitrat, Nitrit, Uran, Schwermetalle jeglicher Art, Medikamentenr\u00fcckst\u00e4nde usw. die unerw\u00fcnschten Schadstoffe werden zur\u00fcckgehalten. Bei dem Vorgang werden sie direkt \u00fcber das Abwasser von der Membrane entfernt. Die Membrane entfernt dabei bis zu 100% aller Schadstoffe.<\/p>\n<\/div>\n<p>Folgende Leistungsmengen stehen f\u00fcr Ihre Umkehrosmose Anlage zur Auswahl:<\/p>\n<p>GDP 150 = ca. 570 Liter \/ 24 Stunden (passt in alle Umkehrosmose-Anlagen mit 50 &#8211; 200 GPD,\u00a0 f\u00fcr mehr Leistung!)<br \/>\nGDP600 = bis zu 2000 Liter in 24 h (bis zu 1,6 Liter\/min).<\/p>\n<p>Hier findest du Filtersets f\u00fcr <strong><a href=\"https:\/\/shop.nlq24.eu\/produkt\/umkehrosmose-filterset-10-zoll\/\">10 Zoll Anlagen<\/a><\/strong>.<\/p>\n","protected":false},"excerpt":{"rendered":"<p>Membrane f\u00fcr Umkehrosmoseanlagen<\/p>\n","protected":false},"featured_media":664,"comment_status":"open","ping_status":"closed","template":"","meta":[],"product_brand":[],"product_cat":[48,53,54,81],"product_tag":[490,403,409],"class_list":{"0":"post-658","1":"product","2":"type-product","3":"status-publish","4":"has-post-thumbnail","6":"product_cat-wasserfilter-umkehrosmose","7":"product_cat-umkehrosmose-membranen","8":"product_cat-umkehrosmose-zubehoer","9":"product_cat-alle-produkte-im-ueberblick","10":"product_tag-umkehrosmose","11":"product_tag-membranen","12":"product_tag-membrane","13":"product_shipping_class-standard","15":"first","16":"instock","17":"sale","18":"taxable","19":"shipping-taxable","20":"purchasable","21":"product-type-variable"},"_links":{"self":[{"href":"https:\/\/shop.nlq24.eu\/de\/wp-json\/wp\/v2\/product\/658","targetHints":{"allow":["GET"]}}],"collection":[{"href":"https:\/\/shop.nlq24.eu\/de\/wp-json\/wp\/v2\/product"}],"about":[{"href":"https:\/\/shop.nlq24.eu\/de\/wp-json\/wp\/v2\/types\/product"}],"replies":[{"embeddable":true,"href":"https:\/\/shop.nlq24.eu\/de\/wp-json\/wp\/v2\/comments?post=658"}],"wp:featuredmedia":[{"embeddable":true,"href":"https:\/\/shop.nlq24.eu\/de\/wp-json\/wp\/v2\/media\/664"}],"wp:attachment":[{"href":"https:\/\/shop.nlq24.eu\/de\/wp-json\/wp\/v2\/media?parent=658"}],"wp:term":[{"taxonomy":"product_brand","embeddable":true,"href":"https:\/\/shop.nlq24.eu\/de\/wp-json\/wp\/v2\/product_brand?post=658"},{"taxonomy":"product_cat","embeddable":true,"href":"https:\/\/shop.nlq24.eu\/de\/wp-json\/wp\/v2\/product_cat?post=658"},{"taxonomy":"product_tag","embeddable":true,"href":"https:\/\/shop.nlq24.eu\/de\/wp-json\/wp\/v2\/product_tag?post=658"}],"curies":[{"name":"wp","href":"https:\/\/api.w.org\/{rel}","templated":true}]}}