{"id":65813,"date":"2020-04-19T10:31:20","date_gmt":"2020-04-19T10:31:20","guid":{"rendered":"https:\/\/shop.nlq24.eu\/?post_type=product&#038;p=65813"},"modified":"2025-10-13T08:07:37","modified_gmt":"2025-10-13T08:07:37","slug":"spruehkopf-spruehaufsatz-28-mm","status":"publish","type":"product","link":"https:\/\/shop.nlq24.eu\/de\/Produkt\/spruehkopf-spruehaufsatz-28-mm\/","title":{"rendered":"Spr\u00fchkopf &#8211; Sprayer 28 mm mit Pistolengriff"},"content":{"rendered":"<h3><strong>Spr\u00fchkopf &#8211; Sprayer 28 mm mit Pistolengriff<\/strong><\/h3>\n<p class=\"Normal tm5\">Dieser Spr\u00fchkopf passt sowohl auf PE- als auch auf Glasflaschen mit dem Ma\u00df <strong>28 mm<\/strong> an der M\u00fcndung. Er ist mit einer<strong> stufenlos einstellbaren<\/strong> <strong><span class=\"tm6\">Spr\u00fch-D\u00fcse<\/span><\/strong> versehen. Diese erm\u00f6glicht es Ihnen, sowohl einen <strong><span class=\"tm6\">schmalen Spr\u00fch-Strahl<\/span><\/strong> als auch einen <strong><span class=\"tm6\">breit gef\u00e4cherten Spr\u00fchsto\u00df<\/span><\/strong> damit zu produzieren. Ein Spr\u00fchsto\u00df bringt Ihnen eine Menge von ca. 13, ml. Dies wurde mit dem F\u00fcllgut Wasser ermittelt. Bei anderen Substanzen \/Fl\u00fcssigkeiten kann dies also abweichen.<\/p>\n<p class=\"Normal tm5\">Der Pistolen-Griff erm\u00f6glicht Ihnen ein kraftvolles Spr\u00fchen.<\/p>\n<p class=\"Normal tm5\">Das Ansaugrohr hat eine L\u00e4nge von 225 mm. Dies wurde ab der Dichtung gemessen. Sie k\u00f6nnen es nat\u00fcrlich, je nach Gr\u00f6\u00dfe des Gef\u00e4\u00dfes, bzw. der Flasche, auch in der L\u00e4nge mit einem Cuttermesser oder einer scharfen Schere, verk\u00fcrzen.<\/p>\n<p class=\"Normal tm5\">Das Gewinde 28\/410 erm\u00f6glicht einen Einsatz dieses Spr\u00fchkopfes auf den PP28 Glasflaschen und auch auf 28\/410 PE-Flaschen (28 mm). Der Spr\u00fchkopf bleibt auch bei fest angezogenem Verschluss beweglich und drehbar.<\/p>\n<h3 class=\"tm5\"><strong>Einsatzbereiche des Spr\u00fchkopfes<\/strong><\/h3>\n<p class=\"Normal tm5\">Sie k\u00f6nnen der Spr\u00fchkopf sehr gut f\u00fcr Fl\u00fcssigkeiten, wie Desinfektionsmittel und Reinigungsmittel benutzen. Aber auch anderen Fl\u00fcssigkeiten lassen sich, durch die verstellbare D\u00fcse, problemlos damit verspr\u00fchen.<\/p>\n<h3 class=\"tm5\"><strong>Ma\u00dfe und Gewichte des Spr\u00fchkopfes:<\/strong><\/h3>\n<p class=\"Normal tm5\">Die H\u00f6he Ihres neuen Spr\u00fchkopfes betr\u00e4gt: 76,4 mm, der Durchmesser 32 mm.<\/p>\n<p class=\"Normal tm5\">Das Gewicht liegt bei ca. 34 Gramm.<\/p>\n<h3 class=\"tm5\"><strong>w\u00e4hlbare Farben:<\/strong><\/h3>\n<p class=\"Normal tm5\">Den Spr\u00fchkopf gibt es in den Farben schwarz und wei\u00df.<\/p>\n<p>Als Galerie-Bild habe ich den Spr\u00fchkopf auf einer Braunglasflasche PP28 montiert, um einen m\u00f6glichen Einsatz aufzuzeigen.<\/p>\n<p>PP28 Glasflaschen finden sie <a href=\"https:\/\/shop.nlq24.eu\/produkt\/glasflasche-pp28\/\">HIER.<\/a><\/p>\n<p class=\"Normal\">\n","protected":false},"excerpt":{"rendered":"<p>Spr\u00fchkopf PP28 mit Pistolengriff<\/p>\n","protected":false},"featured_media":65807,"comment_status":"open","ping_status":"closed","template":"","meta":[],"product_brand":[],"product_cat":[466,43,81,89,90,91,113,327,328],"product_tag":[2257,644,2258,645,776,93,1741,1742,361],"class_list":{"0":"post-65813","1":"product","2":"type-product","3":"status-publish","4":"has-post-thumbnail","6":"product_cat-glasflaschen-pp28","7":"product_cat-dosieren-abmessen","8":"product_cat-alle-produkte-im-ueberblick","9":"product_cat-glasflaschen","10":"product_cat-sprayerflaschen-aus-hdpe-oder-glas","11":"product_cat-sprayer-flaschen","12":"product_cat-verschluesse-fuer-pp28-glasflaschen","13":"product_cat-verschluesse-und-zubehoer","14":"product_cat-flaschen-verschluesse-zubehoer","15":"product_tag-spruehkopf","16":"product_tag-sprayeraufsatz","17":"product_tag-pistolen-sprueher","18":"product_tag-spruehopf","19":"product_tag-sprayer-aufsatz","20":"product_tag-sprayer","21":"product_tag-spruehaufsatz","22":"product_tag-spruehverschluss","23":"product_tag-spruehpumpe","24":"product_shipping_class-standard","26":"first","27":"instock","28":"taxable","29":"shipping-taxable","30":"purchasable","31":"product-type-variable"},"_links":{"self":[{"href":"https:\/\/shop.nlq24.eu\/de\/wp-json\/wp\/v2\/product\/65813","targetHints":{"allow":["GET"]}}],"collection":[{"href":"https:\/\/shop.nlq24.eu\/de\/wp-json\/wp\/v2\/product"}],"about":[{"href":"https:\/\/shop.nlq24.eu\/de\/wp-json\/wp\/v2\/types\/product"}],"replies":[{"embeddable":true,"href":"https:\/\/shop.nlq24.eu\/de\/wp-json\/wp\/v2\/comments?post=65813"}],"wp:featuredmedia":[{"embeddable":true,"href":"https:\/\/shop.nlq24.eu\/de\/wp-json\/wp\/v2\/media\/65807"}],"wp:attachment":[{"href":"https:\/\/shop.nlq24.eu\/de\/wp-json\/wp\/v2\/media?parent=65813"}],"wp:term":[{"taxonomy":"product_brand","embeddable":true,"href":"https:\/\/shop.nlq24.eu\/de\/wp-json\/wp\/v2\/product_brand?post=65813"},{"taxonomy":"product_cat","embeddable":true,"href":"https:\/\/shop.nlq24.eu\/de\/wp-json\/wp\/v2\/product_cat?post=65813"},{"taxonomy":"product_tag","embeddable":true,"href":"https:\/\/shop.nlq24.eu\/de\/wp-json\/wp\/v2\/product_tag?post=65813"}],"curies":[{"name":"wp","href":"https:\/\/api.w.org\/{rel}","templated":true}]}}