{"id":66955,"date":"2020-05-05T18:46:39","date_gmt":"2020-05-05T18:46:39","guid":{"rendered":"https:\/\/shop.nlq24.eu\/?post_type=product&#038;p=66955"},"modified":"2026-01-22T17:28:07","modified_gmt":"2026-01-22T17:28:07","slug":"duschfilter-slim-aquafilter-duschkopf","status":"publish","type":"product","link":"https:\/\/shop.nlq24.eu\/de\/Produkt\/duschfilter-slim-aquafilter-duschkopf\/","title":{"rendered":"Duschfilter &#8222;Slim&#8220; Aquafilter Duschkopf"},"content":{"rendered":"<p>Kaufen Sie hier Ihren <strong>Duschfilter &#8222;Slim&#8220; von Aquafilter. Den Marken-Duschkopf mit Design von der Firma Aquafilter!<\/strong><\/p>\n<p class=\"Normal\"><strong><span class=\"tm6\">Schmaler Duschfilter mit 3 in 1 Wasserfilter \u2013 die super frische Wellness-Dusche!<\/span><\/strong><\/p>\n<p>Sp\u00fclen Sie sich den Stress vom Alltag einfach herunter. Erleben Sie entspannende Wellness-Momente. Das Wasser f\u00fchlt sich besonders frisch und sanft an. Bis zu 99 % des Gehalts an Chlor im Wasser werden durch diesen Duschfilter eliminiert. Ebenso werden Schwermetalle wie z.B. Quecksilber und Blei, herausgefiltert.<\/p>\n<p class=\"Normal\"><strong><span class=\"tm6\"><br \/>\nBei systematischer Anwendung kann das Hautbild positiv beeinflusst werden.<br \/>\n<\/span><\/strong>Dieser Duschfilter sch\u00fctzt Ihre Haut die Haare und die Lunge durch die Filterung vor unerw\u00fcnschten Stoffen. Zudem sch\u00fctzt er Sie vor den sch\u00e4dlichen Einfl\u00fcssen durch Chlor und Schwermetalle. Durch das reinere Wasser ben\u00f6tigen Sie wesentlich weniger Shampoo und Duschgel. Das schont die Umwelt. Eine KDF-Filterschicht wirkt gleichzeitig antibakteriell.<\/p>\n<p class=\"Normal\"><strong><span class=\"tm6\">Welche Vorteile bietet Ihnen dieser Duschfilter?<\/span><\/strong><\/p>\n<p class=\"Normal\">Reines Wasser bring eine Linderung von trockener, ger\u00f6teter Haut und gereizten Augen. Ihre Haut f\u00fchlt sich wieder wohl. Zudem erhalten Sie glatte und leichter k\u00e4mmbare Haare. Ihre Schleimh\u00e4ute und die Lunge werden gesch\u00fctzt. Zudem haben Sie keine \u00fcblen Ger\u00fcche vom Leitungswasser. Schwermetalle werden entfernt bzw. reduziert. Chlor-Ionen werden zu unsch\u00e4dlichen Chloriden umgewandelt. Shampoo und Duschgels pflegen Sie besser. Auch im Urlaub k\u00f6nnen Sie dieses Wasser genie\u00dfen. Nehmen Sie den Duschfilter einfach mit!<\/p>\n<p class=\"Normal\"><strong><span class=\"tm6\">Technische Daten:<\/span><\/strong><\/p>\n<p class=\"Normal\">Der Anschluss ist kompatibel mit fast allen Dusch-Schl\u00e4uchen. Sie k\u00f6nnen ihn schnell und einfacher anschlie\u00dfen.<\/p>\n<p class=\"Normal\">Neben dem sch\u00f6nen Chrom-Design ist der Duschfilter auch in der Farbe schwarz oder wei\u00df ausw\u00e4hlbar<\/p>\n<p class=\"Normal\">Der 3 in 1 Wasserfilter-Einsatz h\u00e4lt bis zu 6 Monate. Danach tauschen Sie den Wasserfilter-Einsatz, einfach aus. Sie merken es auch daran, wenn Kalk wieder anhaftet.<\/p>\n<p class=\"Normal\"><strong><span class=\"tm6\"><br \/>\nZum Duschfilter 3 in 1:<\/span><\/strong><\/p>\n<p class=\"Normal\">Wenn ihr Leitungswasser durch die Duschfilter Patrone flie\u00dft, wird es durch die einzigartige Kombination aus der KDF-55 und der Keramikball-Filterkartusche geleitet. Das Wasser wird dadurch befreit von Chemikalien wie zum Beispiel Chlor, Bakterien, Schwermetallen und anderen Verunreinigungen. Sie erhalten dadurch kristallklares Duschwasser.<\/p>\n<p class=\"Normal\"><strong><span class=\"tm6\"><br \/>\nWas ist KDF?\u00a0<\/span><\/strong><\/p>\n<p class=\"Normal\">Es handelt sich dabei um eine hochreine, granulierte kupfer- und zink basierte Beimischung, also ein Redoxmittel. Diese arbeitet mit Oxidation und Ionen-Reduktion. Der Redox-Prozess funktioniert durch den Austausch von Elektronen. Dieser Austausch verwandelt viele sch\u00e4dliche Verunreinigungen in harmlose Zusatzstoffe (wie z.B. Chlor zu Chlorid). Andere Schadstoffe, wie beispielsweise Schwermetalle, binden sich in dem KDF-Mittel. Es reduziert bzw. beseitigt somit diese Substanzen. Die Keramik-B\u00e4llchen verringern den Gehalt an Chlor und verbessern somit die Wirkung des KDF-55 zus\u00e4tzlich. Somit verringern Sie den Anteil der Chemikalien, Bakterien und anderen Schadstoffen, die sich im Leitungswasser befinden k\u00f6nnen abermals.<\/p>\n<table border=\"2px\" width=\"100%\">\n<tbody>\n<tr>\n<td style=\"text-align: center;\">Entfernung von Sedimenten<\/td>\n<td style=\"text-align: center;\">Entfernung von CHLOR<\/td>\n<td style=\"text-align: center;\">Entfernung von Schwermetallen<\/td>\n<td style=\"text-align: center;\">Bakteriostatisch<\/td>\n<\/tr>\n<tr>\n<td><img loading=\"lazy\" decoding=\"async\" class=\"aligncenter\" src=\"http:\/\/aquafilter.com\/source\/Marketing_Materials\/IKONY\/Katalog_IKONY.png\" width=\"80\" height=\"80\" \/><\/td>\n<td><img loading=\"lazy\" decoding=\"async\" class=\"aligncenter\" src=\"http:\/\/aquafilter.com\/source\/Marketing_Materials\/IKONY\/IK_chlor.png\" width=\"80\" height=\"80\" \/><\/td>\n<td><img loading=\"lazy\" decoding=\"async\" class=\"aligncenter\" src=\"http:\/\/aquafilter.com\/source\/Marketing_Materials\/IKONY\/IK_metale.png\" width=\"80\" height=\"80\" \/><\/td>\n<td><img loading=\"lazy\" decoding=\"async\" class=\"aligncenter\" src=\"http:\/\/aquafilter.com\/source\/Marketing_Materials\/IKONY\/IK_antybakteryjny.png\" width=\"80\" height=\"80\" \/><\/td>\n<\/tr>\n<\/tbody>\n<\/table>\n<p>&nbsp;<\/p>\n<p><strong>Ersatz-Duschfilter finden Sie <a href=\"https:\/\/shop.nlq24.eu\/de\/produkt\/duschfilter-ersatz-patrone\/\">hier<\/a>.<\/strong><\/p>\n<h3>Varianten zur Auswahl:<\/h3>\n<p>Der wei\u00dfe Duschfilter hat die Bezeichnung FSH-8-CW.<br \/>\nDer chromfarbende Duschfilter hat die Bezeichnung FSH-8-CCH.<br \/>\nDer schwarze Duschfilter hat die Bezeichnung FSH-8-CW.<\/p>\n<p class=\"Normal\"><strong><span class=\"tm6\"><br \/>\nLieferumfang:<\/span><\/strong><\/p>\n<p class=\"Normal\">1 Duschkopf mit einem 3 in 1 Wasserfilter sowie ein Dichtungsset.<\/p>\n<p class=\"Normal\">Die Einbauanleitung f\u00fcr den Duschfilter finden Sie <u><a href=\"https:\/\/shop.nlq24.eu\/produkt\/duschfilter-sanfter-regen\/\">HIER<\/a><\/u><\/p>\n","protected":false},"excerpt":{"rendered":"<p>Duschfilter mit Duschkopf und Filter-Einsatz &#8222;Slim&#8220;<\/p>\n","protected":false},"featured_media":66957,"comment_status":"open","ping_status":"closed","template":"","meta":[],"product_brand":[],"product_cat":[48,49,50,81,415,416,2879],"product_tag":[597,753,131,132,133,2678],"class_list":{"0":"post-66955","1":"product","2":"type-product","3":"status-publish","4":"has-post-thumbnail","6":"product_cat-wasserfilter-umkehrosmose","7":"product_cat-duschfilter-zubehoer","8":"product_cat-umkehrosmose-anlagen-wasserfilter","9":"product_cat-alle-produkte-im-ueberblick","10":"product_cat-wasserveredelung","11":"product_cat-wasserveredelung-wasserfilter","12":"product_cat-weihnachtstipps","13":"product_tag-duschkopf","14":"product_tag-sanfter-regen","15":"product_tag-duschfilter","16":"product_tag-duschersatzfilter","17":"product_tag-duschkopf-mit-wasserreingung","18":"product_tag-duschfilter-slim","19":"product_shipping_class-standard","21":"first","22":"instock","23":"taxable","24":"shipping-taxable","25":"purchasable","26":"product-type-variable"},"_links":{"self":[{"href":"https:\/\/shop.nlq24.eu\/de\/wp-json\/wp\/v2\/product\/66955","targetHints":{"allow":["GET"]}}],"collection":[{"href":"https:\/\/shop.nlq24.eu\/de\/wp-json\/wp\/v2\/product"}],"about":[{"href":"https:\/\/shop.nlq24.eu\/de\/wp-json\/wp\/v2\/types\/product"}],"replies":[{"embeddable":true,"href":"https:\/\/shop.nlq24.eu\/de\/wp-json\/wp\/v2\/comments?post=66955"}],"wp:featuredmedia":[{"embeddable":true,"href":"https:\/\/shop.nlq24.eu\/de\/wp-json\/wp\/v2\/media\/66957"}],"wp:attachment":[{"href":"https:\/\/shop.nlq24.eu\/de\/wp-json\/wp\/v2\/media?parent=66955"}],"wp:term":[{"taxonomy":"product_brand","embeddable":true,"href":"https:\/\/shop.nlq24.eu\/de\/wp-json\/wp\/v2\/product_brand?post=66955"},{"taxonomy":"product_cat","embeddable":true,"href":"https:\/\/shop.nlq24.eu\/de\/wp-json\/wp\/v2\/product_cat?post=66955"},{"taxonomy":"product_tag","embeddable":true,"href":"https:\/\/shop.nlq24.eu\/de\/wp-json\/wp\/v2\/product_tag?post=66955"}],"curies":[{"name":"wp","href":"https:\/\/api.w.org\/{rel}","templated":true}]}}