{"id":676,"date":"2019-01-05T08:30:06","date_gmt":"2019-01-05T08:30:06","guid":{"rendered":"https:\/\/www.nlq24.de\/?post_type=product&#038;p=676"},"modified":"2026-03-18T07:29:50","modified_gmt":"2026-03-18T07:29:50","slug":"umkehrosmose-filterset-10-zoll","status":"publish","type":"product","link":"https:\/\/shop.nlq24.eu\/de\/Produkt\/umkehrosmose-filterset-10-zoll\/","title":{"rendered":"Umkehrosmose Filter-Set 10 Zoll, 5 Filter"},"content":{"rendered":"<div class=\"Description SmallTopPadding\">\n<p class=\"Normal\">Dieses g\u00fcnstige Umkehrosmose Filter-Set 10 Zoll, ist ideal f\u00fcr deine 10 Zoll Umkehrosmose-Anlage. Die 10 Zoll beziehen sich auf die L\u00e4nge der Filter. Sie liegt bei 25,4 cm.<\/p>\n<p class=\"Normal\">Egal, ob du eine 5,6 oder 7 Stufen-Anlage besitzt. Mit diesen Kartuschen kannst du auch eine kleinere Anlage nachr\u00fcsten. Die 10 Zoll beziehen sich nur auf die 3 Hauptfilter, welche im den 3 gro\u00dfen Geh\u00e4usen verbaut sind. Andere Nachfilter sind davon nicht abh\u00e4ngig.<\/p>\n<p class=\"Normal\">Das Set beinhaltet die folgenden <strong><span class=\"tm6\">f\u00fcnf<\/span><\/strong> Filter und damit mehr Filter als \u00fcbliche Sets:<\/p>\n<p class=\"Normal\">1.) Sediment Polypropylen Patrone, 5 \u00b5m &#8211; 9 7\/8 &#8220; x 2 1\/2&#8243;, FCPS5<br \/>\n2.) Sediment Polypropylen Patrone, 20 \u00b5m &#8211; 9 7\/8&#8243; x 2 1\/2&#8243; FCPS20<br \/>\n3.) Aktivkohle-block Patrone (gepresste Aktivkohle) &#8211; 9 7\/8&#8243; x 2 1\/2&#8243;, FCCBL<br \/>\n4.) Aktivkohle-Nachfilter aus Kokosnuss-Schalen &#8211; 1\/4&#8243; Innengewinde, AICRO &#8211; 2&#8243;<br \/>\n5.) Mineralisierungs-Kartusche &#8211; 1\/4&#8243; Innengewinde, AIMRO &#8211; 2&#8243; (<strong><span class=\"tm7\">gratis!*<\/span><\/strong>)<br \/>\n* bei Smart Filter-Sets ist diese nicht enthalten.<\/p>\n<h3><strong><br \/>\n1. Stufe des Umkehrosmose Filter-Sets 10 Zoll<br \/>\nSedimentfilter 5 Mikron:<\/strong><\/h3>\n<p class=\"Normal\">Der Sedimentfilter verf\u00fcgt \u00fcber eine Durchl\u00e4ssigkeit der Poren nur von 5 Mikron und besteht aus einem qualitativ hochwertigen Polypropylen-Vlies. Die an der Oberfl\u00e4che angesiedelten Mikro-Poren haben eine besonders hohe Aufnahmef\u00e4higkeit. Damit werden grobe Verunreinigungen aus Ihrem Wasser eliminiert. Durch diese Struktur kann dieser Filter grobe Verunreinigungen, wie z.B. Sand, Schlamm sowie auch Rostpartikel aus Ihrem Wasser filtern.<\/p>\n<h3><strong>2. Stufe: Sedimentfilter 20 Mikron<\/strong><\/h3>\n<p class=\"Normal\">Der Sedimentfilter verf\u00fcgt \u00fcber eine Durchl\u00e4ssigkeit der Poren von 20 Mikron. Er besteht ebenso aus einem qualitativ hochwertigem Polypropylen-Vlies. Die an der Oberfl\u00e4che angesiedelten Mikro-Poren haben eine besonders hohe Aufnahmef\u00e4higkeit. Dies ist wichtig f\u00fcr die noch feineren Verunreinigungen in Ihrem Wasser. Durch diese besondere Struktur k\u00f6nnen auch diese f\u00fcr Sie herausgefiltert werden.<\/p>\n<h3><strong>3. Stufe: Aktivkohle-Blockfilter<\/strong><\/h3>\n<p class=\"Normal\">Der Aktivkohle-Blockfilter wird in einem speziellen thermischen Verfahren erhitzt. Auf diese Weise entsteht eine besondere Oberfl\u00e4chenstruktur. Diese wiederum, kann weitere Teilchen in dem Wasser binden. Hierzu z\u00e4hlen nicht nur organische, sondern auch anorganische Verunreinigungen. Ebenso L\u00f6sungsmittel, Phenol und Benzol. Sie werden so deutlich reduziert. Der Filter reduziert auch Chlor-Molek\u00fcle, organische Verunreinigungen sowie andere Geruchsstoffe aus Ihrem Trinkwasser. Der Aktivkohlefilter sorgt f\u00fcr eine deutliche Verbesserung des Geschmacks und ebenso der Optik des gefilterten Wassers. Es wird glasklar.<\/p>\n<h3><b>4. Stufe: Aktivkohle-Nachfilter (<\/b><span style=\"font-size: 20.16px;\"><b>Kokosnuss<\/b><\/span><b>-Schalen)<\/b><\/h3>\n<p class=\"Normal\">Der Aktivkohle-Nachfilter besteht aus einem pflanzliches Aktivkohlegranulat. Es wurde sorgsam aus ausgew\u00e4hlten Kokosnuss-Schalen gewonnen. Die schonende Verarbeitung sorgt f\u00fcr einen angenehmen und belebenden Geschmack.<\/p>\n<h3><strong>5. Stufe: Mineralisierungs-Kartusche<\/strong><\/h3>\n<p class=\"Normal\">Ihre Umkehrosmose-Membrane filtert auch Mineralien aus Ihrem Wasser. Durch diese Kartusche geben Sie Ihrem Wasser diese wieder zur\u00fcck. Sie halten das Wasser basisch. Die hermetisch versiegelte Mineralisierungs-Kartusche, enth\u00e4lt <strong>Kalzium und Magnesium<\/strong>. Diese nat\u00fcrlichen Mineralien werden also dadurch dem gefiltertem Wasser wieder zur\u00fcck gegeben. Der Prozess erfolgt nach dem Passieren der Membrane. Diese Re-Mineralisierung f\u00fchrt zu einer Neutralisierung des pH-Wert. Ihre Mineralisierungs-Kartusche enth\u00e4lt neben Kalziumkarbonat auch Magnesiumoxid. Dies ist die Besonderheit an diesem 5 Stufigen Umkehrosmose Filter-Set 10 Zoll.<\/p>\n<p class=\"Normal\">Deine <strong>Umkehrosmose Membrane<\/strong> solltest du alle 24 Monate wechseln. Diese erh\u00e4ltst du <strong><u><a href=\"https:\/\/shop.nlq24.eu\/produkt\/membranen-fuer-umkehrosmoseanlagen-div-leistungsstufen\/\"><span class=\"tm6\">h i e r .<\/span><\/a><\/u><\/strong><\/p>\n<\/div>\n","protected":false},"excerpt":{"rendered":"<p>Filterset f\u00fcr 10 Zoll Umkehrosmose Anlagen (Standard) 4 Filter + Mineralisierungskartusche<\/p>\n","protected":false},"featured_media":89041,"comment_status":"open","ping_status":"closed","template":"","meta":[],"product_brand":[],"product_cat":[48,52,53,54,81],"product_tag":[611,704,3911,410,413,490],"class_list":{"0":"post-676","1":"product","2":"type-product","3":"status-publish","4":"has-post-thumbnail","6":"product_cat-wasserfilter-umkehrosmose","7":"product_cat-umkehrosmose-ersatz-filter","8":"product_cat-umkehrosmose-membranen","9":"product_cat-umkehrosmose-zubehoer","10":"product_cat-alle-produkte-im-ueberblick","11":"product_tag-ersatzfilter","12":"product_tag-umkehrosmose-filterset-10-zoll","13":"product_tag-filterset-fuer-7-star","14":"product_tag-filterset","15":"product_tag-filterset-10-zoll","16":"product_tag-umkehrosmose","17":"product_shipping_class-standard","19":"first","20":"outofstock","21":"taxable","22":"shipping-taxable","23":"purchasable","24":"product-type-simple"},"_links":{"self":[{"href":"https:\/\/shop.nlq24.eu\/de\/wp-json\/wp\/v2\/product\/676","targetHints":{"allow":["GET"]}}],"collection":[{"href":"https:\/\/shop.nlq24.eu\/de\/wp-json\/wp\/v2\/product"}],"about":[{"href":"https:\/\/shop.nlq24.eu\/de\/wp-json\/wp\/v2\/types\/product"}],"replies":[{"embeddable":true,"href":"https:\/\/shop.nlq24.eu\/de\/wp-json\/wp\/v2\/comments?post=676"}],"wp:featuredmedia":[{"embeddable":true,"href":"https:\/\/shop.nlq24.eu\/de\/wp-json\/wp\/v2\/media\/89041"}],"wp:attachment":[{"href":"https:\/\/shop.nlq24.eu\/de\/wp-json\/wp\/v2\/media?parent=676"}],"wp:term":[{"taxonomy":"product_brand","embeddable":true,"href":"https:\/\/shop.nlq24.eu\/de\/wp-json\/wp\/v2\/product_brand?post=676"},{"taxonomy":"product_cat","embeddable":true,"href":"https:\/\/shop.nlq24.eu\/de\/wp-json\/wp\/v2\/product_cat?post=676"},{"taxonomy":"product_tag","embeddable":true,"href":"https:\/\/shop.nlq24.eu\/de\/wp-json\/wp\/v2\/product_tag?post=676"}],"curies":[{"name":"wp","href":"https:\/\/api.w.org\/{rel}","templated":true}]}}