{"id":68,"date":"2018-09-18T13:50:02","date_gmt":"2018-09-18T13:50:02","guid":{"rendered":"https:\/\/www.nlq24.de\/?post_type=product&#038;p=68"},"modified":"2023-01-05T11:28:02","modified_gmt":"2023-01-05T11:28:02","slug":"saeureresistente-leerkapseln-groesse-0","status":"publish","type":"product","link":"https:\/\/shop.nlq24.eu\/de\/Produkt\/saeureresistente-leerkapseln-groesse-0\/","title":{"rendered":"Magensaftresistente Leerkapseln, Gr\u00f6\u00dfe 0"},"content":{"rendered":"<p><strong>Derzeit leider nicht erh\u00e4ltlich! Schauen Sie sich die <a href=\"https:\/\/shop.nlq24.eu\/de\/produkt\/magensaftresistente-leerkapseln-00\/\">Magensaftresistenten Leerkapseln Gr\u00f6\u00dfe &#8222;00&#8220;<\/a> an.<\/strong><\/p>\n<p>Diese transparenten magensaftresistenten Leerkapseln kommen <strong>ohne Gelatine<\/strong> aus, denn Sie bestehen aus Zellulose. Es handelt sich also um vegetarische Kapseln. Sie sind in einem Polybeutel abgepackt und haben die <strong>Gr\u00f6\u00dfe 0<\/strong>. Diese Gr\u00f6\u00dfe liegt in der Mitte m\u00f6glicher Dimensionen und ist weder zu klein, noch zu gro\u00df. Die Kapseln sind s\u00e4ure resistent. Die lange <strong>Best\u00e4ndigkeitszeit <\/strong>sorgt daf\u00fcr,dass der Inhalt erst im D\u00fcnndarm freigesetzt wird. Somit sind sie also d\u00fcnndarml\u00f6slich und magensaftresistent. Nach den Erfahrungen meiner Kunden \u00fcberstehen Sie den Weg durch den Magensaft problemlos und l\u00f6sen sich erst dort auf. Sie bestehen aus HPMC (Hydroxypropyl Methyl Cellulose), also aus Zellulose.<\/p>\n<p>Sollte Gr\u00f6\u00dfe &#8222;0&#8220; nicht mehr verf\u00fcgbar sein, nutzen Sie doch einfach die etwas gr\u00f6\u00dfere Gr\u00f6\u00dfe &#8222;00&#8220; &#8211; <a href=\"https:\/\/shop.nlq24.eu\/produkt\/magensaftresistente-leerkapseln-00\/\">Magensaftresistente Leerkapseln Gr\u00f6\u00dfe &#8222;00&#8220;.<\/a><\/p>\n<p>Gewicht: <span style=\"color: #000000;\">96\u00b16 mg<\/span> \/St\u00fcck<\/p>\n<div>\n<table style=\"border-collapse: collapse; width: 703px; height: 75px;\" border=\"1\">\n<tbody>\n<tr>\n<td style=\"width: 7.98414%; text-align: center;\"><strong>Gr\u00f6\u00dfe\u00a0\u00a0<\/strong><\/td>\n<td style=\"width: 14.3396%; text-align: center;\"><strong>H\u00f6he verschlossen<\/strong><\/td>\n<td style=\"width: 26.5542%; text-align: center;\"><strong>m\u00f6gliche F\u00fcllmenge (nach Dichte)<\/strong><\/td>\n<td style=\"width: 14.9354%; text-align: center;\"><strong>Gewicht ca.<\/strong><\/td>\n<td style=\"width: 10.4667%; text-align: center;\"><strong>Inhalt<\/strong><\/td>\n<\/tr>\n<tr>\n<td style=\"width: 7.98414%; text-align: center;\"><strong>&#8222;0&#8220;<\/strong><\/td>\n<td style=\"width: 14.3396%; text-align: center;\"><strong>21,4 mm<\/strong><\/td>\n<td style=\"width: 26.5542%; text-align: center;\"><strong>\u00a0400 mg &#8211; 800 mg<\/strong><\/td>\n<td style=\"width: 14.9354%; text-align: center;\"><strong>ca. 100 mg<\/strong><\/td>\n<td style=\"width: 10.4667%; text-align: center;\"><strong>ca. 0,68 ml<\/strong><\/td>\n<\/tr>\n<\/tbody>\n<\/table>\n<\/div>\n<div><\/div>\n<div>Der Durchmesser vom Unterteil betr\u00e4gt ca. 7,34 mm, von der Verschlusskappe 7,64 mm.<\/div>\n<div><\/div>\n<div>Varianten:<\/div>\n<div>100, 200, 300, 400, 500, 600, 700, 800, 900, 1000 und 2000 St\u00fcck magensaftresistente Leerkapseln<\/div>\n<div>Diese Kapseln sind nicht zum Bef\u00fcllen mit Fl\u00fcssigkeiten bestimmt. Jedoch gab es Anwender die diese trotzdem daf\u00fcr genutzt haben. Nach deren R\u00fcckmeldung sinkt die Zersetzungszeit bei dieser Nutzung etwas. Sie soll jedoch immer noch erstaunlich lange und ausreichend sein.<\/div>\n<div><\/div>\n<div><strong>Lagern<\/strong> Sie die Leerkapseln trocken, dunkel und k\u00fchl. Die optimale Temperatur liegt zwischen 15-25 \u00b0C . Die relative Luftfeuchte sollte zwischen 35-65% liegen. Gro\u00dfe Temperaturschwankungen sollten Sie vermeiden.<\/div>\n<div><\/div>\n<div>Hier finden Sie das <a href=\"https:\/\/shop.nlq24.eu\/wp-content\/uploads\/2018\/09\/Analysezertifkat-s\u00e4ureresistente-Kapseln-Wiedergabe-Deutsch2.pdf\">Analysezertifkat Englisch mit deutscher \u00dcbersetzung.<\/a><\/div>\n<div>Der Hersteller legte mir folgende Zertifizierungen\/Lizenzen vor:<br \/>\nLizenz zur Herstellung von Arzneimitteln nach ISO 14001:2004<br \/>\nISO 9001:2008<br \/>\nGMP Zertifikat von der NSF f\u00fcr NSF\/ANSI Standard 173 Section 8 f\u00fcr Nahrungserg\u00e4nzungsmittel<br \/>\nCertificate of Drug Master File (DMF)<br \/>\nRegistrierungszertifikat bei der FDA (USA)<br \/>\nHALAL Zertifikat (Halal food producer certificate)<\/div>\n<div>Sind Sie Apotheker oder Wiederverk\u00e4ufer, fragen Sie nach Wiederverkaufspreisen.<\/div>\n","protected":false},"excerpt":{"rendered":"<p>Magensaftresistente Leerkapseln, Gr\u00f6\u00dfe &#8222;0&#8220; aus Zellulose (HPMC)<\/p>\n","protected":false},"featured_media":5989,"comment_status":"open","ping_status":"closed","template":"","meta":[],"product_brand":[],"product_cat":[81,125],"product_tag":[126,127,128],"class_list":{"0":"post-68","1":"product","2":"type-product","3":"status-publish","4":"has-post-thumbnail","6":"product_cat-alle-produkte-im-ueberblick","7":"product_cat-magensaftresistente-leerkapseln","8":"product_tag-leerkapseln","9":"product_tag-magensaftresistente-leerkapseln","10":"product_tag-saeureresistente-leerkapseln","11":"product_shipping_class-standard","12":"pa_stueck-216","13":"pa_stueck-217","14":"pa_stueck-218","15":"pa_stueck-219","16":"pa_stueck-220","17":"pa_stueck-221","18":"pa_stueck-222","19":"pa_stueck-223","20":"pa_stueck-213","21":"pa_stueck-214","22":"pa_stueck-215","24":"first","25":"outofstock","26":"taxable","27":"shipping-taxable","28":"purchasable","29":"product-type-variable"},"_links":{"self":[{"href":"https:\/\/shop.nlq24.eu\/de\/wp-json\/wp\/v2\/product\/68","targetHints":{"allow":["GET"]}}],"collection":[{"href":"https:\/\/shop.nlq24.eu\/de\/wp-json\/wp\/v2\/product"}],"about":[{"href":"https:\/\/shop.nlq24.eu\/de\/wp-json\/wp\/v2\/types\/product"}],"replies":[{"embeddable":true,"href":"https:\/\/shop.nlq24.eu\/de\/wp-json\/wp\/v2\/comments?post=68"}],"wp:featuredmedia":[{"embeddable":true,"href":"https:\/\/shop.nlq24.eu\/de\/wp-json\/wp\/v2\/media\/5989"}],"wp:attachment":[{"href":"https:\/\/shop.nlq24.eu\/de\/wp-json\/wp\/v2\/media?parent=68"}],"wp:term":[{"taxonomy":"product_brand","embeddable":true,"href":"https:\/\/shop.nlq24.eu\/de\/wp-json\/wp\/v2\/product_brand?post=68"},{"taxonomy":"product_cat","embeddable":true,"href":"https:\/\/shop.nlq24.eu\/de\/wp-json\/wp\/v2\/product_cat?post=68"},{"taxonomy":"product_tag","embeddable":true,"href":"https:\/\/shop.nlq24.eu\/de\/wp-json\/wp\/v2\/product_tag?post=68"}],"curies":[{"name":"wp","href":"https:\/\/api.w.org\/{rel}","templated":true}]}}