{"id":682,"date":"2019-01-05T11:34:31","date_gmt":"2019-01-05T11:34:31","guid":{"rendered":"https:\/\/www.nlq24.de\/?post_type=product&#038;p=682"},"modified":"2024-12-12T19:26:48","modified_gmt":"2024-12-12T19:26:48","slug":"ph-neutral-kartusche","status":"publish","type":"product","link":"https:\/\/shop.nlq24.eu\/de\/Produkt\/ph-neutral-kartusche\/","title":{"rendered":"pH-Neutral-Kartusche f\u00fcr Umkehrosmose-Anlage"},"content":{"rendered":"<h3>pH-Neutral-Kartusche f\u00fcr Umkehrosmose-Anlage<\/h3>\n<div class=\"Description SmallTopPadding\">\n<p>Das gefilterte Wasser einer Umkehrosmose Anlage ist generell zun\u00e4chst sauer. Dies liegt daran, dass Mineralien bei dem Vorgang herausgefiltert werden. Diese pH-Neutral-Kartusche f\u00fcr Umkehrosmose-Anlage, verwandelt Ihr Umkehrosmose-Wasser dann aber wieder in ein perfekt ausgewogenes, pH-neutrales Wasser. Dadurch tr\u00e4gt Sie zu einer Neutralisierung von S\u00e4ure bei. Sie reichern Ihr Wasser durch den Vorgang mit nat\u00fcrlichen Calcium-, Magnesium-, Natrium- und Kalium-Ionen an. Somit heben Sie durch die Nutzung der Kartusche pH Wert auf etwa 7 an. Dadurch hat das Wasser schlie\u00dflich einen sehr niedrigen Redox-Wert und somit einen gro\u00dfen \u00dcberschuss an freien Elektronen.<\/p>\n<p><strong>Wechseln<\/strong> Sie diese pH-Neutral-Kartusche <strong>alle 6 Monate<\/strong>. Dadurch bleibt die Veredelung Ihres Umkehrosmose- Trinkwassers auf einem hohen Niveau.<\/p>\n<p>Dies Kartusche passt zu allen <a href=\"https:\/\/shop.nlq24.eu\/produkt\/mini-umkehrosmoseanlage-smartline-gold\/\">Umkehrosmose-Anlagen<\/a>.im Shop.<\/p>\n<p>Mehr zum Thema Wasser ist Leben, erfahren Sie auf <strong><a href=\"https:\/\/www.natao.org\/wasserreinigung.htm\">Natao.org.<\/a><\/strong><\/p>\n<p><strong>Sie kaufen 1 Kartusche mit Anschluss-Set<\/strong><\/p>\n<\/div>\n","protected":false},"excerpt":{"rendered":"<p>Dusch-Ersatzfilter-Einsatz FHSH-6-C f\u00fcr &#8222;sanfter Regen&#8220;<\/p>\n","protected":false},"featured_media":683,"comment_status":"open","ping_status":"closed","template":"","meta":[],"product_brand":[],"product_cat":[48,54,81,415,416],"product_tag":[1785,1786,1787,1783,1784],"class_list":{"0":"post-682","1":"product","2":"type-product","3":"status-publish","4":"has-post-thumbnail","6":"product_cat-wasserfilter-umkehrosmose","7":"product_cat-umkehrosmose-zubehoer","8":"product_cat-alle-produkte-im-ueberblick","9":"product_cat-wasserveredelung","10":"product_cat-wasserveredelung-wasserfilter","11":"product_tag-ph-kartusche","12":"product_tag-ph-wert-korrektur","13":"product_tag-ph-neutral-kartusche-fuer-umkehrosmose-anlage","14":"product_tag-ph-neutralisierung","15":"product_tag-alkaline-filter","16":"product_shipping_class-standard","18":"first","19":"outofstock","20":"sale","21":"taxable","22":"shipping-taxable","23":"purchasable","24":"product-type-simple"},"_links":{"self":[{"href":"https:\/\/shop.nlq24.eu\/de\/wp-json\/wp\/v2\/product\/682","targetHints":{"allow":["GET"]}}],"collection":[{"href":"https:\/\/shop.nlq24.eu\/de\/wp-json\/wp\/v2\/product"}],"about":[{"href":"https:\/\/shop.nlq24.eu\/de\/wp-json\/wp\/v2\/types\/product"}],"replies":[{"embeddable":true,"href":"https:\/\/shop.nlq24.eu\/de\/wp-json\/wp\/v2\/comments?post=682"}],"wp:featuredmedia":[{"embeddable":true,"href":"https:\/\/shop.nlq24.eu\/de\/wp-json\/wp\/v2\/media\/683"}],"wp:attachment":[{"href":"https:\/\/shop.nlq24.eu\/de\/wp-json\/wp\/v2\/media?parent=682"}],"wp:term":[{"taxonomy":"product_brand","embeddable":true,"href":"https:\/\/shop.nlq24.eu\/de\/wp-json\/wp\/v2\/product_brand?post=682"},{"taxonomy":"product_cat","embeddable":true,"href":"https:\/\/shop.nlq24.eu\/de\/wp-json\/wp\/v2\/product_cat?post=682"},{"taxonomy":"product_tag","embeddable":true,"href":"https:\/\/shop.nlq24.eu\/de\/wp-json\/wp\/v2\/product_tag?post=682"}],"curies":[{"name":"wp","href":"https:\/\/api.w.org\/{rel}","templated":true}]}}