{"id":68232,"date":"2020-06-05T19:03:01","date_gmt":"2020-06-05T19:03:01","guid":{"rendered":"https:\/\/shop.nlq24.eu\/?post_type=product&#038;p=68232"},"modified":"2025-06-03T20:59:24","modified_gmt":"2025-06-03T20:59:24","slug":"cdh3000-long","status":"publish","type":"product","link":"https:\/\/shop.nlq24.eu\/de\/Produkt\/cdh3000-long\/","title":{"rendered":"CDH3000 LONG (CDL) unaktiviert f\u00fcr 1000 ml + 2 Doser + 250 ml Doser-System Flasche IEW"},"content":{"rendered":"<p><span style=\"font-size: 100%;\">Diese CDH3000 LONG Chlordioxid L\u00f6sung (CDL) besteht aus 2 Komponenten und ist beim Kauf <strong>unaktiviert<\/strong>. Dadurch ist diese <\/span>bis zum Tag der Aktivierung <strong>jahrelang haltbar!<\/strong><\/p>\n<p><strong>F\u00dcR DICH ZUSAMMENGESTELLT:<\/strong><\/p>\n<p>Du erh\u00e4ltst eine gro\u00dfe <strong>Vorratsflasche<\/strong> <strong>mit 2 Doser Spritzen<\/strong><strong>\u00a0f\u00fcr 1000 ml CDH3000. Optimal <\/strong>f\u00fcr eine verl\u00e4ngerte gut g\u00e4ngige Nutzung.<br \/>\nBei einer l\u00e4nger andauernden Nutzung kann der Doser n\u00e4mlich schwerg\u00e4ngiger werden. Daher erh\u00e4ltst du f\u00fcr die l\u00e4ngere Nutzung gleich <strong>2 Doser (Dosierspritzen)<\/strong>.<br \/>\nEnthalten ist zudem eine 250 ml Doser-System-Flasche mit Doser-Einsatz, in welche du einen Teil des aktivierten CDH\u00b4s umf\u00fclle kannst. Diese 250 ml Flasche ist zur Benutzung sehr handlich. Ein Umf\u00fcllen sollte nur stattfinden, wenn die Flasche, aus der das CDH entnommen werden soll, im K\u00fchlschrank zuvor herunter gek\u00fchlt wurde. Hintergrund ist, dass beim Umf\u00fcllen nicht so viel Chlordioxid Gas entweicht. Bei gek\u00fchlter CDH L\u00f6sung ist das Chlordioxid Gas \u00fcberwiegend im Wasser gebunden, w\u00e4hrend es bei einer warmen L\u00f6sung den Drang hat, sich in die Luft zu verteilen.<\/p>\n<p>Hier kannst du zus\u00e4tzlich einen geeigneten <strong><a href=\"https:\/\/shop.nlq24.eu\/produkt\/trichter-75-mm\/\">TRICHTER<\/a><\/strong> kaufen. Solltest du das aktivierte CDH nicht zuvor k\u00fchlen, sollte das Umf\u00fcllen in einem gut bel\u00fcfteten Raum erfolgen.<\/p>\n<h3><strong>Praktisch aktiviert:<\/strong><\/h3>\n<p>Nach dem \u00d6ffnen beider Flaschen dr\u00fccke den Aktivator aus der Aktivator-Flasche direkt in die Stamml\u00f6sung. Danach wird die Stamml\u00f6sung mit dem Deckel verschlossen und aktiviert sich nun \u00fcber 6 -12 Stunden, je nach Temperatur.<\/p>\n<h3><strong>Perfekte Mischung:<\/strong><\/h3>\n<p>Die Komponenten sind genau aufeinander abgestimmt und berechnet so dass du daraus eine perfekte Chlordioxid L\u00f6sung (CDL) &lt; 0,3 % erh\u00e4ltst.<\/p>\n<h3><strong>Inhalt des Sets:<\/strong><\/h3>\n<p><span style=\"font-size: 100%;\"><strong>Stamml\u00f6sung:<\/strong> Natriumchlorit-L\u00f6sung 1,8%, verd\u00fcnnt aus einer Natriumchlorit L\u00f6sung 25%. <\/span><span style=\"font-size: 100%;\">Sie hat <strong>keine<\/strong> technische oder Industrie-Qualit\u00e4t. <strong>A<\/strong><\/span><span style=\"font-size: 100%;\"><strong>ktivator:<\/strong> Salzs\u00e4ure 4% in gesonderte Flasche. Zus\u00e4tzlich: 1 Doser Systemflasche f\u00fcr 250 ml mit 2 Doser (Dosierspritzen)<\/span><\/p>\n<p>&nbsp;<\/p>\n<p><span class=\"style7\"><span style=\"color: #000000; font-size: 110%;\">Bei der Mischung der Komponenten entsteht CDH3000.<\/span><\/span><\/p>\n<p><span class=\"style7\"><span style=\"color: #000000; font-size: 110%;\">CDH3000 vorsichtig verwenden und vor Gebrauch stets Etikett und Produktinformationen lesen. <\/span><br \/>\n<\/span><\/p>\n<h3><span class=\"style7\">Gefahren- und Sicherheitshinweise f\u00fcr<br \/>\n<\/span><\/h3>\n<p><span class=\"style7\"><strong>Stamml\u00f6sung: Natriumchlorit 1,8 %:<br \/>\n<\/strong><strong><br \/>\n<\/strong><\/span><span style=\"color: #282828;\">Hinweise: <\/span>Bei Verschlucken: Reichlich Wasser zur Verd\u00fcnnung trinken.<\/p>\n<p><span class=\"style7\"><strong><span style=\"font-size: 115%;\">Aktivator: Salzs\u00e4ure 4%<\/span>:<br \/>\n<\/strong><strong><img loading=\"lazy\" decoding=\"async\" class=\"alignnone wp-image-34427\" src=\"https:\/\/shop.nlq24.eu\/wp-content\/uploads\/2019\/01\/Achtung-Gefahrzeichen-Pictogram.jpg\" alt=\"\" width=\"67\" height=\"67\" \/><br \/>\nAchtung<br \/>\n<\/strong><\/span>Kann gegen\u00fcber Metallen korrosiv sein. Verursacht Hautreizungen. Verursacht schwere Augenreizung. Bei Kontakt mit den Augen: Einige Minuten lang behutsam mit Wasser sp\u00fclen. Vorhandene Kontaktlinsen nach M\u00f6glichkeit entfernen. Weiter sp\u00fclen. Bei Verschlucken: Mund aussp\u00fclen. Kein Erbrechen herbeif\u00fchren. Schutzhandschuhe\/Schutzkleidung\/ Augenschutz\/Gesichtsschutz tragen. Bei der Mischung der Stamml\u00f6sung Natriumchlorit 1,8% und S\u00e4ure entsteht Chlordioxid-Gas.<\/p>\n<h4><strong>F\u00fcr die aktivierte CDH3000 LONG-L\u00f6sung gilt:<\/strong><\/h4>\n<p>Die CDH3000-Fl\u00fcssigkeit kann unverd\u00fcnnt organisches Material entf\u00e4rben. Nach Einatmen von \u00fcber der Fl\u00fcssigkeit befindlichem Gas, sorge f\u00fcr Frischluft. Bei Kontakt mit den Augen, sp\u00fcle das Auge bei ge\u00f6ffnetem Lidspalt mit Wasser. Nach versehentlichem Verschlucken, trinke reichlich Wasser zur Verd\u00fcnnung. Solltest du anhaltende Beschwerden haben, suche einen Arzt oder Heilpraktiker auf. Lasse keine gr\u00f6\u00dferen Mengen in die Kanalisation oder Gew\u00e4sser gelangen. Lagere es k\u00fchl und vor Licht gesch\u00fctzt in der geschlossenen Flasche.<\/p>\n<p>Suchst du eine fertig aktivierte Chlordioxid L\u00f6sung, schaue <span style=\"color: #0000ff;\"><a style=\"color: #0000ff;\" href=\"https:\/\/shop.nlq24.eu\/produkt\/cdh3000-chlordioxid-loesung\/\"><strong>hier<\/strong>.<\/a><\/span><br \/>\nSoll diese in einer Flasche mit perfektem Lichtschutz geliefert werden, schauen dir einfach einmal das <a href=\"https:\/\/shop.nlq24.eu\/produkt\/cdh3000-premium-chlordioxid-loesung-03-in-mironglas\/\"><strong>CDH3000 Premium<\/strong><\/a> an.<\/p>\n","protected":false},"excerpt":{"rendered":"<p>CDH3000 LONG Chlordioxid L\u00f6sung (CDL) unaktiviert <span class=\"style7\"><span style=\"color: #000000; font-size: 110%;\">vorsichtig verwenden und vor Gebrauch stets Etikett und Produktinformationen lesen.<\/span><\/span><\/p>\n","protected":false},"featured_media":69627,"comment_status":"open","ping_status":"closed","template":"","meta":[],"product_brand":[],"product_cat":[15],"product_tag":[2705,2707,1660,88,1661,123,1662,1831,188,576,2700],"class_list":{"0":"post-68232","1":"product","2":"type-product","3":"status-publish","4":"has-post-thumbnail","6":"product_cat-ohne-produkt-kategorie","7":"product_tag-cdh-iew","8":"product_tag-cdh-long-iew","9":"product_tag-cdh3000-long","10":"product_tag-salzsaeure-4","11":"product_tag-cdh3000-lang-haltbar","12":"product_tag-cds","13":"product_tag-cdl-laenger-haltbar","14":"product_tag-chlorine-dioxide-solution-2","15":"product_tag-chlordioxid-set","16":"product_tag-aktivator","17":"product_tag-iew","18":"product_shipping_class-standard","19":"pa_milliliter-250-ml","20":"pa_milliliter-500-ml","21":"pa_milliliter-1000-ml","22":"pa_milliliter-2-x-500-ml","24":"first","25":"instock","26":"taxable","27":"shipping-taxable","28":"purchasable","29":"product-type-simple"},"_links":{"self":[{"href":"https:\/\/shop.nlq24.eu\/de\/wp-json\/wp\/v2\/product\/68232","targetHints":{"allow":["GET"]}}],"collection":[{"href":"https:\/\/shop.nlq24.eu\/de\/wp-json\/wp\/v2\/product"}],"about":[{"href":"https:\/\/shop.nlq24.eu\/de\/wp-json\/wp\/v2\/types\/product"}],"replies":[{"embeddable":true,"href":"https:\/\/shop.nlq24.eu\/de\/wp-json\/wp\/v2\/comments?post=68232"}],"wp:featuredmedia":[{"embeddable":true,"href":"https:\/\/shop.nlq24.eu\/de\/wp-json\/wp\/v2\/media\/69627"}],"wp:attachment":[{"href":"https:\/\/shop.nlq24.eu\/de\/wp-json\/wp\/v2\/media?parent=68232"}],"wp:term":[{"taxonomy":"product_brand","embeddable":true,"href":"https:\/\/shop.nlq24.eu\/de\/wp-json\/wp\/v2\/product_brand?post=68232"},{"taxonomy":"product_cat","embeddable":true,"href":"https:\/\/shop.nlq24.eu\/de\/wp-json\/wp\/v2\/product_cat?post=68232"},{"taxonomy":"product_tag","embeddable":true,"href":"https:\/\/shop.nlq24.eu\/de\/wp-json\/wp\/v2\/product_tag?post=68232"}],"curies":[{"name":"wp","href":"https:\/\/api.w.org\/{rel}","templated":true}]}}