{"id":685,"date":"2019-01-05T18:57:00","date_gmt":"2019-01-05T18:57:00","guid":{"rendered":"https:\/\/www.nlq24.de\/?post_type=product&#038;p=685"},"modified":"2024-12-12T19:25:13","modified_gmt":"2024-12-12T19:25:13","slug":"umkehrosmose-wasserhahn-chrom-standard","status":"publish","type":"product","link":"https:\/\/shop.nlq24.eu\/de\/Produkt\/umkehrosmose-wasserhahn-chrom-standard\/","title":{"rendered":"Umkehrosmose Wasserhahn Chrom &#8211; Standard"},"content":{"rendered":"<div>Dieser g\u00fcnstige, verchromter Wasserhahn aus Metall pa\u00dft zu jeder normalen Umkehrosmoseanlage. Er hat ein zeitloses Design. Eine perfekte Funktionalit\u00e4t verbindet sich mit wenig Platzbedarf<\/div>\n<div><\/div>\n<div><strong>Die Ma\u00dfe sind:<\/strong> H\u00f6he: 280mm \/ max Breite: 12mm. Der Durchmesser des Bohrlochs betr\u00e4gt 8mm<\/div>\n<div class=\"content--description\">\n<div class=\"product--description\">\n<div><\/div>\n<div>Dieser Wasserhahn ist f\u00fcr eine zus\u00e4tzlichen Installation neben einem Wasserhahn f\u00fcr Leitungswasser vorgesehen.<\/div>\n<div>Sollten Sie sich sich EINEN Wasserhahn f\u00fcr Kalt- Warm und Osmosewasser w\u00fcnschen, schauen Sie sich die<br \/>\n<strong> 3 in 1 Wasserh\u00e4hne<\/strong> an.<\/div>\n<p>&nbsp;<\/p>\n<\/div>\n<\/div>\n","protected":false},"excerpt":{"rendered":"<p>Umkehrosmose Wasserhahn Chrom (Standard)<\/p>\n","protected":false},"featured_media":688,"comment_status":"open","ping_status":"closed","template":"","meta":[],"product_brand":[],"product_cat":[48,50,54,81,417],"product_tag":[490,584,585,588],"class_list":{"0":"post-685","1":"product","2":"type-product","3":"status-publish","4":"has-post-thumbnail","6":"product_cat-wasserfilter-umkehrosmose","7":"product_cat-umkehrosmose-anlagen-wasserfilter","8":"product_cat-umkehrosmose-zubehoer","9":"product_cat-alle-produkte-im-ueberblick","10":"product_cat-umkehrosmosewasserhaehne","11":"product_tag-umkehrosmose","12":"product_tag-chrom","13":"product_tag-wasserhahn","14":"product_tag-amatur","15":"product_shipping_class-standard","17":"first","18":"instock","19":"taxable","20":"shipping-taxable","21":"purchasable","22":"product-type-simple"},"_links":{"self":[{"href":"https:\/\/shop.nlq24.eu\/de\/wp-json\/wp\/v2\/product\/685","targetHints":{"allow":["GET"]}}],"collection":[{"href":"https:\/\/shop.nlq24.eu\/de\/wp-json\/wp\/v2\/product"}],"about":[{"href":"https:\/\/shop.nlq24.eu\/de\/wp-json\/wp\/v2\/types\/product"}],"replies":[{"embeddable":true,"href":"https:\/\/shop.nlq24.eu\/de\/wp-json\/wp\/v2\/comments?post=685"}],"wp:featuredmedia":[{"embeddable":true,"href":"https:\/\/shop.nlq24.eu\/de\/wp-json\/wp\/v2\/media\/688"}],"wp:attachment":[{"href":"https:\/\/shop.nlq24.eu\/de\/wp-json\/wp\/v2\/media?parent=685"}],"wp:term":[{"taxonomy":"product_brand","embeddable":true,"href":"https:\/\/shop.nlq24.eu\/de\/wp-json\/wp\/v2\/product_brand?post=685"},{"taxonomy":"product_cat","embeddable":true,"href":"https:\/\/shop.nlq24.eu\/de\/wp-json\/wp\/v2\/product_cat?post=685"},{"taxonomy":"product_tag","embeddable":true,"href":"https:\/\/shop.nlq24.eu\/de\/wp-json\/wp\/v2\/product_tag?post=685"}],"curies":[{"name":"wp","href":"https:\/\/api.w.org\/{rel}","templated":true}]}}