{"id":69684,"date":"2020-07-03T13:13:35","date_gmt":"2020-07-03T13:13:35","guid":{"rendered":"https:\/\/shop.nlq24.eu\/?post_type=product&#038;p=69684"},"modified":"2024-12-12T19:09:31","modified_gmt":"2024-12-12T19:09:31","slug":"stumpfe-kanuele-zum-dosieren","status":"publish","type":"product","link":"https:\/\/shop.nlq24.eu\/de\/Produkt\/stumpfe-kanuele-zum-dosieren\/","title":{"rendered":"Stumpfe Kan\u00fcle zum Dosieren"},"content":{"rendered":"<h3><strong>Stumpfe Kan\u00fcle zum Abmessen und Dosieren, z.B. von Wasserdesinfektions- Zutaten<\/strong><\/h3>\n<div>Diese Kan\u00fcle kann Ihnen als Dosierhilfe zur Entnahme von Fl\u00fcssigkeiten und zum Abmessen dienen. Sie passt auf die im Shop angebotenen Einmalspritzen. Sie ist nicht zur medizinischen Anwendung bestimmt. Die L\u00e4nge der Kan\u00fcle betr\u00e4gt 120 mm. Der Au\u00dfendurchmesser liegt bei 0,8 mm. Hersteller ist die Firma Braun.<\/div>\n<div>Mit dieser Kan\u00fcle (und einer <a href=\"https:\/\/shop.nlq24.eu\/produkt\/einmalspritze-20-ml-chirana\/\">Spritze<\/a>) k\u00f6nnen Sie Substanzen aus Glas- und PE-Flaschen bis zu 100 ml entnehmen. Die Kan\u00fcle passt dabei sogar durch den Tropferverschluss der DIN18 Glasflaschen. Sie erm\u00f6glicht Ihnen das genaue Abmessen von Fl\u00fcssigkeiten, ohne dass Sie den Tropfer entfernen m\u00fcssen. Sollten Sie Fl\u00fcssigkeiten damit entnehmen wollen, die miteinander reagieren, so sollten Sie diese vor der Entnahme der reaktiven Fl\u00fcssigkeit gr\u00fcndlich reinigen. Sie k\u00f6nnten aber auch, die ungef\u00e4hr ben\u00f6tigte Fl\u00fcssigkeit, zuvor in einen <a href=\"https:\/\/shop.nlq24.eu\/produkt\/messbecher-30-ml-aus-bestaendigem-hdpe\/\">Messbecher<\/a> f\u00fcllen. Schlie\u00dflich k\u00f6nnen Sie dann die Fl\u00fcssigkeit auch von dort entnehmen. Eine Reaktion in dem Originalbeh\u00e4lter wird somit ausgeschlossen. Diese Kan\u00fcle ist auch zum Bef\u00fcllen von Tintenpatronen (Drucker) geeignet.<\/div>\n<div><\/div>\n<div>Ma\u00dfe: 5\/10 X 1,6 Durchmesser, 100 mm L\u00e4nge<\/div>\n","protected":false},"excerpt":{"rendered":"<p>Stumpfe Kan\u00fcle zum Abmessen und Dosieren, z.B. von Wasserdesinfektions- Zutaten Diese Kan\u00fcle kann Ihnen als Dosierhilfe zur Entnahme von Fl\u00fcssigkeiten und zum Abmessen dienen. Sie passt auf die im Shop angebotenen Einmalspritzen. Sie ist nicht zur medizinischen Anwendung bestimmt. Die L\u00e4nge der Kan\u00fcle betr\u00e4gt 120 mm. Der Au\u00dfendurchmesser liegt bei 0,8 mm. Hersteller ist die [&#8230;]\n","protected":false},"featured_media":69681,"comment_status":"open","ping_status":"closed","template":"","meta":[],"product_brand":[],"product_cat":[43,116,327],"product_tag":[2708,3546],"class_list":{"0":"post-69684","1":"product","2":"type-product","3":"status-publish","4":"has-post-thumbnail","6":"product_cat-dosieren-abmessen","7":"product_cat-einmalspritzen","8":"product_cat-verschluesse-und-zubehoer","9":"product_tag-stumpfe-kanuele","10":"product_tag-kanuele-2","12":"first","13":"outofstock","14":"taxable","15":"shipping-taxable","16":"purchasable","17":"product-type-simple"},"_links":{"self":[{"href":"https:\/\/shop.nlq24.eu\/de\/wp-json\/wp\/v2\/product\/69684","targetHints":{"allow":["GET"]}}],"collection":[{"href":"https:\/\/shop.nlq24.eu\/de\/wp-json\/wp\/v2\/product"}],"about":[{"href":"https:\/\/shop.nlq24.eu\/de\/wp-json\/wp\/v2\/types\/product"}],"replies":[{"embeddable":true,"href":"https:\/\/shop.nlq24.eu\/de\/wp-json\/wp\/v2\/comments?post=69684"}],"wp:featuredmedia":[{"embeddable":true,"href":"https:\/\/shop.nlq24.eu\/de\/wp-json\/wp\/v2\/media\/69681"}],"wp:attachment":[{"href":"https:\/\/shop.nlq24.eu\/de\/wp-json\/wp\/v2\/media?parent=69684"}],"wp:term":[{"taxonomy":"product_brand","embeddable":true,"href":"https:\/\/shop.nlq24.eu\/de\/wp-json\/wp\/v2\/product_brand?post=69684"},{"taxonomy":"product_cat","embeddable":true,"href":"https:\/\/shop.nlq24.eu\/de\/wp-json\/wp\/v2\/product_cat?post=69684"},{"taxonomy":"product_tag","embeddable":true,"href":"https:\/\/shop.nlq24.eu\/de\/wp-json\/wp\/v2\/product_tag?post=69684"}],"curies":[{"name":"wp","href":"https:\/\/api.w.org\/{rel}","templated":true}]}}