{"id":70,"date":"2018-09-18T14:14:00","date_gmt":"2018-09-18T14:14:00","guid":{"rendered":"https:\/\/www.nlq24.de\/?post_type=product&#038;p=70"},"modified":"2026-02-20T10:46:20","modified_gmt":"2026-02-20T10:46:20","slug":"sprayer-glasflasche-100-ml-din18","status":"publish","type":"product","link":"https:\/\/shop.nlq24.eu\/de\/Produkt\/sprayer-glasflasche-100-ml-din18\/","title":{"rendered":"Sprayer Glasflasche 100 ml, DIN18 STD"},"content":{"rendered":"<p class=\"Normal\">Diese runde Sprayer Glasflasche 100 ml, DIN18 verf\u00fcgt \u00fcber einen Sprayaufsatz. Dieser hat einen Hub von ca. 0,15 ml pro Spr\u00fchsto\u00df. Mit 100 ml Volumen haben Sie eine g\u00e4ngige und ausreichende Menge zur Verf\u00fcgung. Die Flasche hat eine Gr\u00f6\u00dfe von 47 x 110 mm und besteht aus Braunglas. Das Gewinde hat die Gr\u00f6\u00dfe DIN18. Es passt damit auch zu anderem Zubeh\u00f6r f\u00fcr diese Flaschengr\u00f6\u00dfe, <strong>au\u00dfer der langen Pipette 114 mm<\/strong>. Diese passt nur auf die <a href=\"https:\/\/shop.nlq24.eu\/produkt\/glasflasche-din18-slim-braun\/\">Glasflasche Slim Vario<\/a>.<br \/>\nMit einem Gewicht von ca. 108 Gramm liegt diese Sprayer Glasflasche leicht in der Hand. Das Braunglas bietet Ihnen einen hohen Lichtschutz f\u00fcr Ihr F\u00fcllgut.<\/p>\n<p class=\"Normal\"><strong><span class=\"tm5\">Praktisch<\/span><\/strong> f\u00fcr Sie ist zudem, dass die Spr\u00fchpumpe ist mit einer Abdeckkappe ausgestattet ist. Dies erm\u00f6glicht es Ihnen, auch F\u00fcllgut zu nutzen, welches nicht ausd\u00fcnsten oder ausgasen darf. Dies w\u00e4re z.B. der Fall, wenn Sie CDH3000 darin verwenden m\u00f6chten. Durch die Abdeckkappe kann das Gas nicht entweichen. Das Ansaugrohr des Sprayerkopfes hat eine ausreichende L\u00e4nge, auch f\u00fcr andere Flaschen mit der Gr\u00f6\u00dfe DIN18. Es kann ggf. manuell gek\u00fcrzt werden. Der Sprayaufsatz besteht aus dem Material PE\/PP und ist gegen viele Fl\u00fcssigkeiten chemiebest\u00e4ndig. Jedoch sollten Sie dies jeweils pr\u00fcfen. Das Material ist best\u00e4ndig gegen S\u00e4ure und Basen mit pH Werten zwischen pH 4 &#8211; 9. F\u00fcr diese Flaschengr\u00f6\u00dfe gibt es auch noch andere Verschl\u00fcsse. Ein komplette Glasflasche mit verschiedenen Verschl\u00fcssen und Volumen zur Auswahl, finden Sie mit der <a href=\"https:\/\/shop.nlq24.eu\/produkt\/glasflasche-din18-slim-braun\/\">Glasflasche Slim Vario<\/a>.<\/p>\n","protected":false},"excerpt":{"rendered":"<p>Sprayer Glasflasche rund 100 ml Volumen mit Spr\u00fchaufsatz, DIN18 STD<\/p>\n","protected":false},"featured_media":75048,"comment_status":"open","ping_status":"closed","template":"","meta":[],"product_brand":[],"product_cat":[43,81,90,91,328],"product_tag":[92,93,103],"class_list":{"0":"post-70","1":"product","2":"type-product","3":"status-publish","4":"has-post-thumbnail","6":"product_cat-dosieren-abmessen","7":"product_cat-alle-produkte-im-ueberblick","8":"product_cat-sprayerflaschen-aus-hdpe-oder-glas","9":"product_cat-sprayer-flaschen","10":"product_cat-flaschen-verschluesse-zubehoer","11":"product_tag-sprayerflasche","12":"product_tag-sprayer","13":"product_tag-glasflasche","14":"product_shipping_class-standard","16":"first","17":"instock","18":"taxable","19":"shipping-taxable","20":"purchasable","21":"product-type-variable"},"_links":{"self":[{"href":"https:\/\/shop.nlq24.eu\/de\/wp-json\/wp\/v2\/product\/70","targetHints":{"allow":["GET"]}}],"collection":[{"href":"https:\/\/shop.nlq24.eu\/de\/wp-json\/wp\/v2\/product"}],"about":[{"href":"https:\/\/shop.nlq24.eu\/de\/wp-json\/wp\/v2\/types\/product"}],"replies":[{"embeddable":true,"href":"https:\/\/shop.nlq24.eu\/de\/wp-json\/wp\/v2\/comments?post=70"}],"wp:featuredmedia":[{"embeddable":true,"href":"https:\/\/shop.nlq24.eu\/de\/wp-json\/wp\/v2\/media\/75048"}],"wp:attachment":[{"href":"https:\/\/shop.nlq24.eu\/de\/wp-json\/wp\/v2\/media?parent=70"}],"wp:term":[{"taxonomy":"product_brand","embeddable":true,"href":"https:\/\/shop.nlq24.eu\/de\/wp-json\/wp\/v2\/product_brand?post=70"},{"taxonomy":"product_cat","embeddable":true,"href":"https:\/\/shop.nlq24.eu\/de\/wp-json\/wp\/v2\/product_cat?post=70"},{"taxonomy":"product_tag","embeddable":true,"href":"https:\/\/shop.nlq24.eu\/de\/wp-json\/wp\/v2\/product_tag?post=70"}],"curies":[{"name":"wp","href":"https:\/\/api.w.org\/{rel}","templated":true}]}}