{"id":705,"date":"2019-01-07T17:00:18","date_gmt":"2019-01-07T17:00:18","guid":{"rendered":"https:\/\/www.nlq24.de\/?post_type=product&#038;p=705"},"modified":"2026-02-04T11:14:48","modified_gmt":"2026-02-04T11:14:48","slug":"pe-flaschen-weiss-in-varianten","status":"publish","type":"product","link":"https:\/\/shop.nlq24.eu\/de\/Produkt\/pe-flaschen-weiss-in-varianten\/","title":{"rendered":"HDPE-Flasche 20-410 mit Tropfer, Sprayer, Spritzeinsatz"},"content":{"rendered":"<p>Diese HDPE-Flasche 20-410 ist weiss durchgef\u00e4rbt und bietet hohen Lichtschutz f\u00fcr den Inhalt. Sie ist in verschiedenen Volumen erh\u00e4ltlich.\u00a0 Als Verschluss dient entweder ein<strong> Sprayer- oder ein mit Tropferverschlu\u00df sowie einen Spritzeinsatz mit Runddeckel bei der 200 ml Variante.<\/strong>, Die Tropferverschl\u00fcsse k\u00f6nnen Sie in verschiedenen Farben w\u00e4hlen kann. Zur Auswahl stehen wahlweise die Farben: <strong>wei\u00df, schwarz <span style=\"color: #666699;\">oder die Sonderfarbe: Silbermetallisiert.<\/span><\/strong><\/p>\n<p>Diese Kunststoffflaschen werden aus Polyethylen (PE) im Spritz-Verfahren hergestellt.<br \/>\nPolyethylen (PE) besitzt eine hohe Best\u00e4ndigkeit gegen S\u00e4uren, Laugen und weitere Chemikalien.<\/p>\n<p>Im Gegensatz zu PET-Flaschen, wie man sie von Getr\u00e4nkeverpackungen kennt, ist diese HDPE-Flasche 20-410 weicher und flexibler. Man kann sie zum Dosieren oder Entleeren zusammen dr\u00fccken. Eine Verformung der Flasche,\u00a0 sowie\u00a0 Knicke, Dellen, etc. entstehen hierbei nicht. Diese Flaschen nehmen nach dem Zusammendr\u00fccken ihre urspr\u00fcngliche Form wieder an.<\/p>\n<p>PE-Flaschen haben ein geringes Eigengewicht. Dies ist gerade beim Versand wichtig, denn das niedrige Gewicht spart Emissionen. Aber auch f\u00fcr Unterwegs, im Urlaub, und auf Reisen ist dies sehr von Vorteil.<\/p>\n<p>Die M\u00fcndung der Flasche (das Gewinde) hat die Gr\u00f6\u00dfe 20-410.<\/p>\n<p><strong>Folgende Varianten sind m\u00f6glich:<\/strong><\/p>\n<p><strong>30, 50, 100 oder 200 ml<\/strong> Volumen mit wei\u00dfem, schwarzem, silbernem, Verschluss oder mit Spr\u00fchaufsatz- Spr\u00fchkopf als <strong>Spr\u00fchflasche<\/strong>.<\/p>\n<p>Die 200 ml Variante gibt es auch mit einem <strong>Spritzeinsatz<\/strong>. Mit diesem k\u00f6nnen gut <strong>Desinfektionsmittel verspritzen<\/strong>. Zu dem Spritzeinsatz gibt es einen speziellen Runddeckel.<\/p>\n<p>F\u00fcr diese Flaschen gibt es jedoch keinen Kindersicherheitsverschluss. Wenn Sie einen solchen ben\u00f6tigen, sollten Sie sich die halb transparenten, bruchsicheren <a href=\"https:\/\/shop.nlq24.eu\/produkt\/pp-flaschen-bruchsicher-halbtransparent-mit-kindersicherheitsverschluss-div-groessen-farben\/\"><strong>PP-Flaschen<\/strong><\/a> ansehen.<\/p>\n","protected":false},"excerpt":{"rendered":"<p>HDPE-Flasche 20-410 mit farbigem Tropfer oder Sprayer<\/p>\n","protected":false},"featured_media":5242,"comment_status":"open","ping_status":"closed","template":"","meta":[],"product_brand":[],"product_cat":[81,328,330,393],"product_tag":[608,658,695,92,775,433,436,544,606],"class_list":{"0":"post-705","1":"product","2":"type-product","3":"status-publish","4":"has-post-thumbnail","6":"product_cat-alle-produkte-im-ueberblick","7":"product_cat-flaschen-verschluesse-zubehoer","8":"product_cat-hdpe-flaschen-weiss-durchgefaerbt","9":"product_cat-hdpe-flaschen-zubehoer","10":"product_tag-20-410","11":"product_tag-spayerflasche","12":"product_tag-auftraegerspitze","13":"product_tag-sprayerflasche","14":"product_tag-hdpe-flasche-20-410","15":"product_tag-pe-flasche","16":"product_tag-hdpe","17":"product_tag-flasche","18":"product_tag-tropferspitze","19":"product_shipping_class-standard","20":"pa_milliliter-30-ml","21":"pa_milliliter-50-ml","22":"pa_milliliter-200-ml","23":"pa_milliliter-100-ml","25":"first","26":"instock","27":"taxable","28":"shipping-taxable","29":"purchasable","30":"product-type-variable"},"_links":{"self":[{"href":"https:\/\/shop.nlq24.eu\/de\/wp-json\/wp\/v2\/product\/705","targetHints":{"allow":["GET"]}}],"collection":[{"href":"https:\/\/shop.nlq24.eu\/de\/wp-json\/wp\/v2\/product"}],"about":[{"href":"https:\/\/shop.nlq24.eu\/de\/wp-json\/wp\/v2\/types\/product"}],"replies":[{"embeddable":true,"href":"https:\/\/shop.nlq24.eu\/de\/wp-json\/wp\/v2\/comments?post=705"}],"wp:featuredmedia":[{"embeddable":true,"href":"https:\/\/shop.nlq24.eu\/de\/wp-json\/wp\/v2\/media\/5242"}],"wp:attachment":[{"href":"https:\/\/shop.nlq24.eu\/de\/wp-json\/wp\/v2\/media?parent=705"}],"wp:term":[{"taxonomy":"product_brand","embeddable":true,"href":"https:\/\/shop.nlq24.eu\/de\/wp-json\/wp\/v2\/product_brand?post=705"},{"taxonomy":"product_cat","embeddable":true,"href":"https:\/\/shop.nlq24.eu\/de\/wp-json\/wp\/v2\/product_cat?post=705"},{"taxonomy":"product_tag","embeddable":true,"href":"https:\/\/shop.nlq24.eu\/de\/wp-json\/wp\/v2\/product_tag?post=705"}],"curies":[{"name":"wp","href":"https:\/\/api.w.org\/{rel}","templated":true}]}}