{"id":73,"date":"2018-09-18T14:20:31","date_gmt":"2018-09-18T14:20:31","guid":{"rendered":"https:\/\/www.nlq24.de\/?post_type=product&#038;p=73"},"modified":"2024-12-12T19:47:42","modified_gmt":"2024-12-12T19:47:42","slug":"sprayer-flasche-hdpe-20-410","status":"publish","type":"product","link":"https:\/\/shop.nlq24.eu\/de\/Produkt\/sprayer-flasche-hdpe-20-410\/","title":{"rendered":"Sprayer Flasche HDPE 20-410 mit Spr\u00fchaufsatz"},"content":{"rendered":"<p class=\"Normal\">Diese Sprayer Flasche aus HDPE verf\u00fcgt \u00fcber einen Sprayaufsatz. Der Hub pro Spr\u00fchsto\u00df betr\u00e4gt ca. 0,18 ml. Sie k\u00f6nnen verschiedene Volumen dieser Flasche ausw\u00e4hlen.<br \/>\n<strong><span class=\"tm5\">Praktisch<\/span><\/strong> f\u00fcr Sie: Die Spr\u00fchpumpe ist <strong><span class=\"tm5\">mit<\/span><\/strong> einer Abdeckkappe ausgestattet. Dies erm\u00f6glicht es Ihnen, auch F\u00fcllgut zu nutzen, welches nicht ausd\u00fcnsten oder ausgasen darf. Dies ist z.B. bei CDH der Fall. Durch die Abdeckkappe kann das Gas nicht entweichen. Die Gewindegr\u00f6\u00dfe der Flasche hat das Ma\u00df 20-410. Das Ansaugrohr des Sprayerkopfes hat eine ausreichende L\u00e4nge f\u00fcr alle Flaschen mit 20-410 Gewinde und kann ggf. manuell gek\u00fcrzt werden. Das wei\u00df durchgef\u00e4rbte HDPE bietet dem Inhalt einen hohen Lichtschutz. Der Sprayaufsatz besteht aus dem Material PE\/PP und ist zu vielen Inhalten chemiebest\u00e4ndig. Jedoch sollten Sie dies jeweils pr\u00fcfen. Das Material ist best\u00e4ndig gegen S\u00e4ure und Basen mit pH Werten zwischen pH 4 &#8211; 9. F\u00fcr diese Flaschengr\u00f6\u00dfe gibt es auch noch andere Verschl\u00fcsse, wie den <span style=\"color: #0000ff;\"><strong><a style=\"color: #0000ff;\" href=\"https:\/\/shop.nlq24.eu\/produkt\/verschluesse-tropfer-sprayer-fuer-weisse-pe-flaschen\/\">Tropferverschluss<\/a><\/strong><\/span>.<\/p>\n<p class=\"Normal\"><strong><span class=\"tm5\">Diese Sprayer Flasche aus HDPE gibt es in folgenden Varianten:<br \/>\n<\/span><\/strong>30, 50, oder 200 ml Volumen.<\/p>\n<p class=\"Normal\">\n","protected":false},"excerpt":{"rendered":"<p>Sprayer Flasche HDPE 20-410 mit Spr\u00fchaufsatz<\/p>\n","protected":false},"featured_media":3919,"comment_status":"open","ping_status":"closed","template":"","meta":[],"product_brand":[],"product_cat":[328,43,330,81,90,91],"product_tag":[539,735,92,736,93,96],"class_list":{"0":"post-73","1":"product","2":"type-product","3":"status-publish","4":"has-post-thumbnail","6":"product_cat-flaschen-verschluesse-zubehoer","7":"product_cat-dosieren-abmessen","8":"product_cat-hdpe-flaschen-weiss-durchgefaerbt","9":"product_cat-alle-produkte-im-ueberblick","10":"product_cat-sprayerflaschen-aus-hdpe-oder-glas","11":"product_cat-sprayer-flaschen","12":"product_tag-sprayflasche","13":"product_tag-sprayer-pe","14":"product_tag-sprayerflasche","15":"product_tag-sprayer-hdpe","16":"product_tag-sprayer","17":"product_tag-plastiksprayer","18":"product_shipping_class-standard","19":"pa_milliliter-100-ml","20":"pa_milliliter-200-ml","21":"pa_milliliter-30-ml","22":"pa_milliliter-50-ml","24":"first","25":"instock","26":"taxable","27":"shipping-taxable","28":"purchasable","29":"product-type-variable"},"_links":{"self":[{"href":"https:\/\/shop.nlq24.eu\/de\/wp-json\/wp\/v2\/product\/73","targetHints":{"allow":["GET"]}}],"collection":[{"href":"https:\/\/shop.nlq24.eu\/de\/wp-json\/wp\/v2\/product"}],"about":[{"href":"https:\/\/shop.nlq24.eu\/de\/wp-json\/wp\/v2\/types\/product"}],"replies":[{"embeddable":true,"href":"https:\/\/shop.nlq24.eu\/de\/wp-json\/wp\/v2\/comments?post=73"}],"wp:featuredmedia":[{"embeddable":true,"href":"https:\/\/shop.nlq24.eu\/de\/wp-json\/wp\/v2\/media\/3919"}],"wp:attachment":[{"href":"https:\/\/shop.nlq24.eu\/de\/wp-json\/wp\/v2\/media?parent=73"}],"wp:term":[{"taxonomy":"product_brand","embeddable":true,"href":"https:\/\/shop.nlq24.eu\/de\/wp-json\/wp\/v2\/product_brand?post=73"},{"taxonomy":"product_cat","embeddable":true,"href":"https:\/\/shop.nlq24.eu\/de\/wp-json\/wp\/v2\/product_cat?post=73"},{"taxonomy":"product_tag","embeddable":true,"href":"https:\/\/shop.nlq24.eu\/de\/wp-json\/wp\/v2\/product_tag?post=73"}],"curies":[{"name":"wp","href":"https:\/\/api.w.org\/{rel}","templated":true}]}}