{"id":73270,"date":"2020-09-16T11:40:21","date_gmt":"2020-09-16T11:40:21","guid":{"rendered":"https:\/\/shop.nlq24.eu\/?post_type=product&#038;p=73270"},"modified":"2024-12-12T19:07:18","modified_gmt":"2024-12-12T19:07:18","slug":"deutscher-honig-schleswig-holstein","status":"publish","type":"product","link":"https:\/\/shop.nlq24.eu\/de\/Produkt\/deutscher-honig-schleswig-holstein\/","title":{"rendered":"Deutscher Honig aus Schleswig-Holstein, 500 g"},"content":{"rendered":"<p class=\"Normal\">MHD 10\/2023<\/p>\n<p class=\"Normal\">Ihr neuer Deutscher Honig ist ein Produkt aus Schleswig-Holstein im Kreis Stormarn. DER Honig aus dem Norden!<\/p>\n<p>Dieses Naturprodukt entsteht durch die unglaublich flei\u00dfige Sammelarbeit der Honigbienen. Gesch\u00e4tzt sind durchschnittlich etwa 20.000 Flugeins\u00e4tzen f\u00fcr einen Liter Nektar oder Honigtau n\u00f6tig. Aus so einem Liter kann man ca. 150 Gramm Honig gewinnen. Kaufen Sie sich diese Mineralien Power, die Ihnen Freude bringen wird. Daf\u00fcr fliegt eine Biene gesch\u00e4tzt 40 Mal in die Natur. Dabei wenden die Bienen f\u00fcr Sie durchschnittlich 10.000 Flugstunden auf. Ein tolle Leistung f\u00fcr Ihren Honig.<\/p>\n<p class=\"Normal\">Bei der Aufnahme, verd\u00fcnnt die Biene den Nektar mit ihrem Speichel. Dieser enth\u00e4lt wiederum Enzyme. Diese sind dann schlie\u00dflich ma\u00dfgeblich an der Umwandlung des Nektars in Honig beteiligt. Der Honig enth\u00e4lt wichtige Mineralien, welche wir Sie sich gut nutzbar machen k\u00f6nnen.<\/p>\n<p class=\"Normal tm5\"><span class=\"tm6\">Beim Imkern wird schlie\u00dflich der gereinigte Honig behutsam in Gl\u00e4ser abgef\u00fcllt.<\/span><\/p>\n<h3>Qualit\u00e4t und Liebe vom Hobby Imker!<\/h3>\n<div dir=\"auto\">Ludger Fr\u00f6hlich ist ein 20 Jahre junger Student. Das Imkern \u00fcbernahm er bereits mit 17 Jahren von seinem Gro\u00dfvater, welcher dies leidenschaftlich \u00fcber Jahrzehnte hinweg betrieb.<\/div>\n<div dir=\"auto\">Seine Bienenv\u00f6lker stehen bei ihm Zu Hause, im idyllischen Dorf K\u00f6thel, welches im Kreis Stormarn angesiedelt ist.<\/div>\n<div dir=\"auto\"><\/div>\n<div dir=\"auto\">K\u00f6thel ist ein kleines 400-Seelen-Dorf, welches zwischen Hamburg und L\u00fcbeck liegt, also ganz auf dem Lande!<\/div>\n<div dir=\"auto\">Umgeben ist das Dorf von Wald, Wiesen und Feldern, in denen seine Bienen w\u00e4hrend Bl\u00fctezeit flei\u00dfig Pollen sammeln.<\/div>\n<div dir=\"auto\"><\/div>\n<div dir=\"auto\">Abh\u00e4ngig von der Jahreszeit und der sich daran ausrichtenden Bl\u00fctentracht, f\u00e4llt somit auch die Art des geernteten Honigs aus.<\/div>\n<div dir=\"auto\">So gibt es im Fr\u00fchjahr, wenn der Raps bl\u00fcht, einen sehr hellen und milden Honig, da der Anteil an Raps-Pollen so gro\u00df ist.<\/div>\n<div dir=\"auto\">Dieser ist dann der Honig der &#8222;<strong>Fr\u00fchjahrsbl\u00fcte<\/strong>&#8222;.<\/div>\n<div dir=\"auto\"><\/div>\n<div dir=\"auto\"><\/div>\n<div dir=\"auto\">Im Fr\u00fchsommer wenn der Raps langsam verbl\u00fcht und andere wertvolle Bl\u00fcten florieren,<\/div>\n<div dir=\"auto\">wie zum Beispiel die der Linden, wird der Honig aromatischer und <strong>dunkler<\/strong>.<\/div>\n<div dir=\"auto\">In dieser Zeit entsteht dann der Honig der &#8222;<strong>Fr\u00fchsommerbl\u00fcte<\/strong>&#8222;.<\/div>\n<div dir=\"auto\"><\/div>\n<div dir=\"auto\"><\/div>\n<div dir=\"auto\">\n<div dir=\"auto\">Im Sp\u00e4tsommer wenn die sp\u00e4ten wertvolle Bl\u00fcten florieren, wird dieser Honig aromatischer und <strong>dunkler und am Anfang noch fl\u00fcssiger<\/strong>.<\/div>\n<div dir=\"auto\">In dieser Zeit entsteht dann der Honig der &#8222;&#8218;<strong>Sp\u00e4tsommerbl\u00fcte<\/strong>&#8222;.<\/div>\n<div dir=\"auto\"><\/div>\n<\/div>\n<p>&nbsp;<\/p>\n<h3 class=\"Normal tm5\"><span class=\"tm6\"><strong>Inhaltsstoffe:<\/strong><\/span><\/h3>\n<p class=\"Normal tm5\"><span class=\"tm6\">Fruchtzucker (Fructose) &#8211; 40 %, Traubenzucker (Glucose) &#8211; 30 % und Vielfachzucker &#8211; 10% Wasser &#8211; 17 % Beistoffe &#8211; 3 % Enzyme, Inhibine, Vitamine, Mineralstoffe und Spurenelemente, S\u00e4uren, ebenso Aminos\u00e4uren, Proteine und Aromastoffe.\u00a0<\/span><\/p>\n<h3 class=\"Normal tm5\"><span class=\"tm6\"><strong>Lagerf\u00e4higkeit von Honig:<\/strong><\/span><\/h3>\n<p class=\"Normal tm5\"><span class=\"tm6\">Sie k\u00f6nnen Ihren neuen Honig \u00fcber viele Jahre lagern, ohne dass Ihnen dieser verdirbt. Gesetzlich ist jedoch die Anbringung eines Haltbarkeitsdatums vorgeschrieben, welches oben angegeben ist. Lagern Sie diesen wertvollen Honig k\u00fchl und dunkel.<\/span><\/p>\n<p class=\"Normal\">\n","protected":false},"excerpt":{"rendered":"<p>Deutscher Honig aus Schleswig-Holstein Stormarn MHD: 10\/2023!<\/p>\n","protected":false},"featured_media":73279,"comment_status":"open","ping_status":"closed","template":"","meta":[],"product_brand":[],"product_cat":[2879,38,81],"product_tag":[2830,2832,2916],"class_list":{"0":"post-73270","1":"product","2":"type-product","3":"status-publish","4":"has-post-thumbnail","6":"product_cat-weihnachtstipps","7":"product_cat-mineralien","8":"product_cat-alle-produkte-im-ueberblick","9":"product_tag-honig","10":"product_tag-nordischer-honig","11":"product_tag-deutscher-honig","12":"product_shipping_class-standard","14":"first","15":"outofstock","16":"sale","17":"taxable","18":"shipping-taxable","19":"purchasable","20":"product-type-variable"},"_links":{"self":[{"href":"https:\/\/shop.nlq24.eu\/de\/wp-json\/wp\/v2\/product\/73270","targetHints":{"allow":["GET"]}}],"collection":[{"href":"https:\/\/shop.nlq24.eu\/de\/wp-json\/wp\/v2\/product"}],"about":[{"href":"https:\/\/shop.nlq24.eu\/de\/wp-json\/wp\/v2\/types\/product"}],"replies":[{"embeddable":true,"href":"https:\/\/shop.nlq24.eu\/de\/wp-json\/wp\/v2\/comments?post=73270"}],"wp:featuredmedia":[{"embeddable":true,"href":"https:\/\/shop.nlq24.eu\/de\/wp-json\/wp\/v2\/media\/73279"}],"wp:attachment":[{"href":"https:\/\/shop.nlq24.eu\/de\/wp-json\/wp\/v2\/media?parent=73270"}],"wp:term":[{"taxonomy":"product_brand","embeddable":true,"href":"https:\/\/shop.nlq24.eu\/de\/wp-json\/wp\/v2\/product_brand?post=73270"},{"taxonomy":"product_cat","embeddable":true,"href":"https:\/\/shop.nlq24.eu\/de\/wp-json\/wp\/v2\/product_cat?post=73270"},{"taxonomy":"product_tag","embeddable":true,"href":"https:\/\/shop.nlq24.eu\/de\/wp-json\/wp\/v2\/product_tag?post=73270"}],"curies":[{"name":"wp","href":"https:\/\/api.w.org\/{rel}","templated":true}]}}