{"id":73688,"date":"2020-11-04T11:14:47","date_gmt":"2020-11-04T11:14:47","guid":{"rendered":"https:\/\/shop.nlq24.eu\/?post_type=product&#038;p=73688"},"modified":"2026-04-06T10:41:42","modified_gmt":"2026-04-06T10:41:42","slug":"schlauch-fuer-umkehrosmoseanlage-1-4-zoll","status":"publish","type":"product","link":"https:\/\/shop.nlq24.eu\/de\/Produkt\/schlauch-fuer-umkehrosmoseanlage-1-4-zoll\/","title":{"rendered":"Schlauch f\u00fcr Umkehrosmoseanlage 1\/4 Zoll"},"content":{"rendered":"<p>Dieser Schlauch f\u00fcr Umkehrosmoseanlage 1\/4 Zoll passt zu den g\u00e4ngigen Umkehrosmose Wasserh\u00e4hnen.<\/p>\n<p>Die Bestelleinheit ist 1 laufender Meter. Ben\u00f6tigen Sie also 1 Meter, ist die Anzahl mit 1 anzugeben, bei 2 Metern mit 2 usw.<\/p>\n","protected":false},"excerpt":{"rendered":"<p>Dieser Schlauch f\u00fcr Umkehrosmoseanlage 1\/4 Zoll passt zu den g\u00e4ngigen Umkehrosmose Wasserh\u00e4hnen. Die Bestelleinheit ist 1 laufender Meter. Ben\u00f6tigen Sie also 1 Meter, ist die Anzahl mit 1 anzugeben, bei 2 Metern mit 2 usw.<\/p>\n","protected":false},"featured_media":73689,"comment_status":"open","ping_status":"closed","template":"","meta":[],"product_brand":[],"product_cat":[54,417],"product_tag":[2856,2852,2853,2854,2855],"class_list":{"0":"post-73688","1":"product","2":"type-product","3":"status-publish","4":"has-post-thumbnail","6":"product_cat-umkehrosmose-zubehoer","7":"product_cat-umkehrosmosewasserhaehne","8":"product_tag-schlauch-wasserhahn","9":"product_tag-schlauch-fuer-umkehrosmoseanlage-1-4-zoll","10":"product_tag-schlauch","11":"product_tag-umkehrosmose-schlauch","12":"product_tag-anschluss-schlauch","13":"product_shipping_class-standard","15":"first","16":"instock","17":"taxable","18":"shipping-taxable","19":"purchasable","20":"product-type-simple"},"_links":{"self":[{"href":"https:\/\/shop.nlq24.eu\/de\/wp-json\/wp\/v2\/product\/73688","targetHints":{"allow":["GET"]}}],"collection":[{"href":"https:\/\/shop.nlq24.eu\/de\/wp-json\/wp\/v2\/product"}],"about":[{"href":"https:\/\/shop.nlq24.eu\/de\/wp-json\/wp\/v2\/types\/product"}],"replies":[{"embeddable":true,"href":"https:\/\/shop.nlq24.eu\/de\/wp-json\/wp\/v2\/comments?post=73688"}],"wp:featuredmedia":[{"embeddable":true,"href":"https:\/\/shop.nlq24.eu\/de\/wp-json\/wp\/v2\/media\/73689"}],"wp:attachment":[{"href":"https:\/\/shop.nlq24.eu\/de\/wp-json\/wp\/v2\/media?parent=73688"}],"wp:term":[{"taxonomy":"product_brand","embeddable":true,"href":"https:\/\/shop.nlq24.eu\/de\/wp-json\/wp\/v2\/product_brand?post=73688"},{"taxonomy":"product_cat","embeddable":true,"href":"https:\/\/shop.nlq24.eu\/de\/wp-json\/wp\/v2\/product_cat?post=73688"},{"taxonomy":"product_tag","embeddable":true,"href":"https:\/\/shop.nlq24.eu\/de\/wp-json\/wp\/v2\/product_tag?post=73688"}],"curies":[{"name":"wp","href":"https:\/\/api.w.org\/{rel}","templated":true}]}}