{"id":73838,"date":"2020-11-14T20:44:29","date_gmt":"2020-11-14T20:44:29","guid":{"rendered":"https:\/\/shop.nlq24.eu\/?post_type=product&#038;p=73838"},"modified":"2026-03-17T12:21:33","modified_gmt":"2026-03-17T12:21:33","slug":"spruehaufsatz-schwarz","status":"publish","type":"product","link":"https:\/\/shop.nlq24.eu\/de\/Produkt\/spruehaufsatz-schwarz\/","title":{"rendered":"Spr\u00fchaufsatz -Pumpzerst\u00e4uber f\u00fcr Glasflaschen DIN18 &#8211; schwarz"},"content":{"rendered":"<h3 class=\"Normal\"><u>Spr\u00fchaufsatz -Pumpzerst\u00e4uber f\u00fcr Glasflaschen DIN18 &#8211; schwarz<\/u><\/h3>\n<p><strong>Mironglasflasche 100 ml<\/strong>. Aber auch auf andere Flaschen mit DIN18 Gewinde.<\/p>\n<p class=\"Normal\">Dieser Spr\u00fchverschluss f\u00fcr Glasflasche passt auf Ihre Miron Glasflaschen mit der Gewindegr\u00f6\u00dfe DIN18. Er ist mit einem Schraubverschluss versehen. Zudem verf\u00fcgt er \u00fcber eine Spr\u00fchpumpe, welche mit einer Schutzkappe versehen ist. Damit sch\u00fctzen Sie das F\u00fcllgut vor dem Auslaufen. Dadurch findet auch keine Ausgasung von drucklosen Gasen statt. Zudem ist diese schwarze Verst\u00e4uber optimal f\u00fcr eine lichtgesch\u00fctzte Aufbewahrung geeignet.<\/p>\n<ul type=\"circle\">\n<li>Gewicht: ca 6,9 gramm<\/li>\n<li>Gewinde: ND 18 (18 mm), passend zu Glasflaschen mit Gewinde ND18 &#8211; DIN18 (18 mm)<\/li>\n<li>Ausf\u00fchrung: Pumpzerst\u00e4uber (Spraykopf) mit schwarzer Schutzkappe<\/li>\n<li>Volumen pro Spraysto\u00df: ca 0,10 ml pro Hub<\/li>\n<li>L\u00e4nge des Saugschlauches gesamt: ca. 122 mm (Schlauch einfach auf gew\u00fcnschte L\u00e4nge k\u00fcrzen)<\/li>\n<li>H\u00f6he der Kappe: 41 mm<\/li>\n<li>Durchmesser: 33 mm<\/li>\n<li>Verschlussart: Standard<\/li>\n<li>Material und Bestandteile:\n<ul>\n<li>Schraubkappe aus schwarzem PP<\/li>\n<li>Schlauch aus transparentem PP<\/li>\n<li>Kappe aus schwarzem PP<\/li>\n<li>Dichtungswerkstoff: Nitril<\/li>\n<\/ul>\n<\/li>\n<li>Geeignet f\u00fcr alle w\u00e4ssrigen\/alkoholischen Fl\u00fcssigkeiten, die zerst\u00e4ubt werden sollen, z.B. Bachbl\u00fcten, Desinfektionsmittel.<\/li>\n<li>Nicht zul\u00e4ssig f\u00fcr: Aroma \u00f6le, \u00d6l, aggressive Chemikalien etc.<\/li>\n<li>F\u00fcr Flaschen von 10 bis 100 ml<\/li>\n<li>Optimal f\u00fcr Mironglasflaschen f\u00fcr licht gesch\u00fctzte Nutzung<\/li>\n<\/ul>\n<p class=\"Normal\">Er besteht aus dem Material PP. Der Hub, das ist die Dosis pro Bet\u00e4tigung der Spr\u00fchpumpe, betr\u00e4gt ca. 0,10 ml.<\/p>\n<h4><strong>Ansaugrohr variierbar\u00a0<\/strong><\/h4>\n<p class=\"Normal\">Das Ansaugrohr hat eine ausreichende L\u00e4nge f\u00fcr alle Flaschen mit der Gewindegr\u00f6\u00dfe DIN18. Sie k\u00f6nnen es einfach mit einem Cuttermesser auf die ben\u00f6tigte L\u00e4nge k\u00fcrzen.<\/p>\n<p>Passt optimal zu diesen <a href=\"https:\/\/shop.nlq24.eu\/produkt\/miron-glasflasche\/\">Mironglasflaschen<\/a>.<\/p>\n","protected":false},"excerpt":{"rendered":"<p>Sprayer-Aufsatz DIN18 schwarz aus PP<\/p>\n","protected":false},"featured_media":73841,"comment_status":"open","ping_status":"closed","template":"","meta":[],"product_brand":[],"product_cat":[43,81,90,941,91,109,327,328],"product_tag":[644,776,93,2911,2912,361],"class_list":{"0":"post-73838","1":"product","2":"type-product","3":"status-publish","4":"has-post-thumbnail","6":"product_cat-dosieren-abmessen","7":"product_cat-alle-produkte-im-ueberblick","8":"product_cat-sprayerflaschen-aus-hdpe-oder-glas","9":"product_cat-glasflaschen-din18","10":"product_cat-sprayer-flaschen","11":"product_cat-verschluesse-din18","12":"product_cat-verschluesse-und-zubehoer","13":"product_cat-flaschen-verschluesse-zubehoer","14":"product_tag-sprayeraufsatz","15":"product_tag-sprayer-aufsatz","16":"product_tag-sprayer","17":"product_tag-sprayer-schwarz","18":"product_tag-spruehverschluss-schwarz","19":"product_tag-spruehpumpe","20":"product_shipping_class-standard","22":"first","23":"instock","24":"taxable","25":"shipping-taxable","26":"purchasable","27":"product-type-simple"},"_links":{"self":[{"href":"https:\/\/shop.nlq24.eu\/de\/wp-json\/wp\/v2\/product\/73838","targetHints":{"allow":["GET"]}}],"collection":[{"href":"https:\/\/shop.nlq24.eu\/de\/wp-json\/wp\/v2\/product"}],"about":[{"href":"https:\/\/shop.nlq24.eu\/de\/wp-json\/wp\/v2\/types\/product"}],"replies":[{"embeddable":true,"href":"https:\/\/shop.nlq24.eu\/de\/wp-json\/wp\/v2\/comments?post=73838"}],"wp:featuredmedia":[{"embeddable":true,"href":"https:\/\/shop.nlq24.eu\/de\/wp-json\/wp\/v2\/media\/73841"}],"wp:attachment":[{"href":"https:\/\/shop.nlq24.eu\/de\/wp-json\/wp\/v2\/media?parent=73838"}],"wp:term":[{"taxonomy":"product_brand","embeddable":true,"href":"https:\/\/shop.nlq24.eu\/de\/wp-json\/wp\/v2\/product_brand?post=73838"},{"taxonomy":"product_cat","embeddable":true,"href":"https:\/\/shop.nlq24.eu\/de\/wp-json\/wp\/v2\/product_cat?post=73838"},{"taxonomy":"product_tag","embeddable":true,"href":"https:\/\/shop.nlq24.eu\/de\/wp-json\/wp\/v2\/product_tag?post=73838"}],"curies":[{"name":"wp","href":"https:\/\/api.w.org\/{rel}","templated":true}]}}