{"id":74004,"date":"2020-12-10T10:54:59","date_gmt":"2020-12-10T10:54:59","guid":{"rendered":"https:\/\/shop.nlq24.eu\/?post_type=product&#038;p=74004"},"modified":"2025-07-29T07:13:38","modified_gmt":"2025-07-29T07:13:38","slug":"cdh3000-long-ms-milchsaeure","status":"publish","type":"product","link":"https:\/\/shop.nlq24.eu\/de\/Produkt\/cdh3000-long-ms-milchsaeure\/","title":{"rendered":"CDH3000 LONG MS (CDL\/CDS) unaktiviert &#8211; Aktivator Milchs\u00e4ure"},"content":{"rendered":"<p><span style=\"font-size: 100%;\">Diese CDH3000 LONG Chlordioxid L\u00f6sung (CDL\/CDS) besteht aus 2 Komponenten und ist beim Kauf <strong>unaktiviert<\/strong>. Dadurch ist diese <\/span>bis zum Tag der Aktivierung <strong>jahrelang haltbar!<\/strong><\/p>\n<p>Als Aktivator dient hier eine Milchs\u00e4ure 21 %. CDH wird hier als reine Chemikalie verkauft.<\/p>\n<h3><strong>Praktisch:<\/strong><\/h3>\n<p>Der Aktivator Milchs\u00e4ure 21 % befindet sich in einer kleinen <strong>bruchsicheren Flasche<\/strong>. Nach dem \u00d6ffnen beider Flaschen dr\u00fccke den kompletten Aktivator aus der kleinen Flasche direkt in die Stamml\u00f6sung. Danach wird die Stamml\u00f6sung mit dem Deckel verschlossen und aktiviert sich nun \u00fcber 6 -12 Stunden, je nach Temperatur.<\/p>\n<h3><strong>Perfekte Mischung:<\/strong><\/h3>\n<p>Die Komponenten sind genau aufeinander abgestimmt und berechnet so dass Sie daraus eine perfekte Chlordioxid L\u00f6sung (CDL\/CDS) &lt; 0,3 % erhalten. Diese ist zur Trinkwasserdesinfektion zugelassen.<\/p>\n<h3><strong>Inhalt des Sets:<\/strong><\/h3>\n<p><span style=\"font-size: 100%;\"><strong>Stamml\u00f6sung:<\/strong> Natriumchlorit-L\u00f6sung 1,8%. <\/span><span style=\"font-size: 100%;\">\u00a0<strong>A<\/strong><\/span><span style=\"font-size: 100%;\"><strong>ktivator:<\/strong> Milchs\u00e4ure 21% in bruchsicherer HPDE Flasche.<\/span><\/p>\n<p>&nbsp;<\/p>\n<p><span class=\"style7\"><span style=\"color: #000000; font-size: 110%;\">CDH3000 LONG MS vorsichtig verwenden und vor Gebrauch stets Etikett und Produktinformationen lesen.<\/span><\/span><\/p>\n<h3><span class=\"style7\">Gefahren- und Sicherheitshinweise f\u00fcr<br \/>\n<\/span><\/h3>\n<p><span class=\"style7\"><strong>Stamml\u00f6sung: Natriumchlorit 1,8 %:<br \/>\n<\/strong><strong><br \/>\n<\/strong><\/span><span style=\"color: #282828;\"><span style=\"color: #282828;\">Hinweise: <\/span><\/span>Bei Verschlucken: Reichlich Wasser zur Verd\u00fcnnung trinken.<\/p>\n<hr \/>\n<p><span class=\"style7\"><strong>Aktivator:\u00a0<\/strong><strong><br \/>\n<\/strong><\/span><\/p>\n<div><u><strong>Rechtsdrehende Milchs\u00e4ure 21%<\/strong><\/u><\/div>\n<div>Diese Milchs\u00e4ure 21 % rechtsdrehend hat eine Top Qualit\u00e4t und wurde nat\u00fcrlich f\u00fcr Sie gewonnen.<\/div>\n<div>\n<p><img loading=\"lazy\" decoding=\"async\" class=\"\" src=\"https:\/\/shop.es-drei.de\/images\/ghs\/50px-GHS-pictogram-acid.svg.jpg\" alt=\"GHS-Piktogramm-'c4tzend\" width=\"71\" height=\"71\" data-cke-saved-src=\"https:\/\/shop.es-drei.de\/images\/ghs\/50px-GHS-pictogram-acid.svg.jpg\" \/><\/p>\n<p><strong>\u00a0 Gefahr<\/strong><\/p>\n<p><strong>Gefahren- und Sicherheitshinweise:<\/strong><br \/>\nVerursacht schwere Augensch\u00e4den. Verursacht Hautreizungen. Schutzhandschuhe\/Schutzkleidung\/Augenschutz\/Gesichtsschutz tragen. BEI BER\u00dcHRUNG MIT DER HAUT: Mit viel Wasser waschen. BEI KONTAKT MIT DEN AUGEN: Einige Minuten lang behutsam mit Wasser aussp\u00fclen. Eventuell vorhandene Kontaktlinsen nach M\u00f6glichkeit entfernen. Weiter sp\u00fclen.<\/p>\n<p class=\"Normal\">\n<\/div>\n<hr \/>\n<h4><strong>F\u00fcr die aktivierte CDH3000 LONG MS-L\u00f6sung gilt:<\/strong><\/h4>\n<p class=\"Normal tm5\">Die CDH3000-Fl\u00fcssigkeit kann unverd\u00fcnnt organisches Material entf\u00e4rben. Nach Einatmen von \u00fcber der Fl\u00fcssigkeit befindlichem Gas, sorge f\u00fcr Frischluft. Bei Kontakt mit den Augen, sp\u00fcle das Auge bei ge\u00f6ffnetem Lidspalt mit Wasser. Nach versehentlichem Verschlucken, trinke reichlich Wasser zur Verd\u00fcnnung. Solltest du anhaltende Beschwerden haben, suche einen Arzt oder Heilpraktiker auf. Lasse keine gr\u00f6\u00dferen Mengen in die Kanalisation oder Gew\u00e4sser gelangen. Lagere es k\u00fchl und vor Licht gesch\u00fctzt in der geschlossenen Flasche.<\/p>\n<hr \/>\n<p>Suchst du eine fertig aktivierte Chlordioxid L\u00f6sung, schaue <span style=\"color: #0000ff;\"><a style=\"color: #0000ff;\" href=\"https:\/\/shop.nlq24.eu\/produkt\/cdh3000-chlordioxid-loesung\/\"><strong>hier<\/strong>.<\/a><\/span><br \/>\nSoll diese in einer Flasche mit perfektem Lichtschutz geliefert werden, schaue dir einfach einmal das <a href=\"https:\/\/shop.nlq24.eu\/produkt\/cdh3000-premium-chlordioxid-loesung-03-in-mironglas\/\"><strong>CDH3000 Premium<\/strong><\/a> an.<\/p>\n","protected":false},"excerpt":{"rendered":"<p>CDH3000 LONG MS Chlordioxid L\u00f6sung (CDL\/CDS) unaktiviert mit Aktivator Milchs\u00e4ure<span class=\"style7\"><span style=\"color: #000000; font-size: 110%;\">\u00a0vorsichtig verwenden und vor Gebrauch stets Etikett und Produktinformationen lesen.<\/span><\/span><\/p>\n","protected":false},"featured_media":87674,"comment_status":"open","ping_status":"closed","template":"","meta":[],"product_brand":[],"product_cat":[81,3415],"product_tag":[123,2922,1660,1661,188,1662,1820,576,1831,759,768],"class_list":{"0":"post-74004","1":"product","2":"type-product","3":"status-publish","4":"has-post-thumbnail","6":"product_cat-alle-produkte-im-ueberblick","7":"product_cat-cdh3000-long-unaktiviert-laenger-haltbar","8":"product_tag-cds","9":"product_tag-cdh-long-ms","10":"product_tag-cdh3000-long","11":"product_tag-cdh3000-lang-haltbar","12":"product_tag-chlordioxid-set","13":"product_tag-cdl-laenger-haltbar","14":"product_tag-milchsaeure","15":"product_tag-aktivator","16":"product_tag-chlorine-dioxide-solution-2","17":"product_tag-hydrochloric-acid","18":"product_tag-hcl","19":"product_shipping_class-standard","20":"pa_milliliter-2-x-500-ml","21":"pa_milliliter-250-ml","22":"pa_milliliter-500-ml","23":"pa_milliliter-1000-ml","25":"first","26":"instock","27":"taxable","28":"shipping-taxable","29":"purchasable","30":"product-type-variable"},"_links":{"self":[{"href":"https:\/\/shop.nlq24.eu\/de\/wp-json\/wp\/v2\/product\/74004","targetHints":{"allow":["GET"]}}],"collection":[{"href":"https:\/\/shop.nlq24.eu\/de\/wp-json\/wp\/v2\/product"}],"about":[{"href":"https:\/\/shop.nlq24.eu\/de\/wp-json\/wp\/v2\/types\/product"}],"replies":[{"embeddable":true,"href":"https:\/\/shop.nlq24.eu\/de\/wp-json\/wp\/v2\/comments?post=74004"}],"wp:featuredmedia":[{"embeddable":true,"href":"https:\/\/shop.nlq24.eu\/de\/wp-json\/wp\/v2\/media\/87674"}],"wp:attachment":[{"href":"https:\/\/shop.nlq24.eu\/de\/wp-json\/wp\/v2\/media?parent=74004"}],"wp:term":[{"taxonomy":"product_brand","embeddable":true,"href":"https:\/\/shop.nlq24.eu\/de\/wp-json\/wp\/v2\/product_brand?post=74004"},{"taxonomy":"product_cat","embeddable":true,"href":"https:\/\/shop.nlq24.eu\/de\/wp-json\/wp\/v2\/product_cat?post=74004"},{"taxonomy":"product_tag","embeddable":true,"href":"https:\/\/shop.nlq24.eu\/de\/wp-json\/wp\/v2\/product_tag?post=74004"}],"curies":[{"name":"wp","href":"https:\/\/api.w.org\/{rel}","templated":true}]}}