{"id":74147,"date":"2020-12-17T11:44:39","date_gmt":"2020-12-17T11:44:39","guid":{"rendered":"https:\/\/shop.nlq24.eu\/?post_type=product&#038;p=74147"},"modified":"2026-03-23T11:14:21","modified_gmt":"2026-03-23T11:14:21","slug":"erdfrequenz-generator","status":"publish","type":"product","link":"https:\/\/shop.nlq24.eu\/de\/Produkt\/erdfrequenz-generator\/","title":{"rendered":"Dualer Erdfrequenz-Generator &#8211; Schumann Frequenz"},"content":{"rendered":"<p class=\"Normal\">Ein <strong><span class=\"tm5\">Dualer Erdfrequenz-Generator bringt Harmonie durch die Schumann Frequenz in Ihr Leben<\/span><\/strong><\/p>\n<p class=\"Normal tm6 tm7\"><span class=\"tm8\">Eine Innovation von Meditech ist der neue <\/span><strong><span class=\"tm5\">Duale Erdfrequenz-Generator<\/span><\/strong><span class=\"tm8\"> (Dual Earth Frequency Generator). Dieses Ger\u00e4t eignet sich gut f\u00fcr Sie, wenn Sie ein \u201estrahlungsbewusstes Leben\u201c f\u00fchren m\u00f6chten und Risiken minimieren wollen. Der neue <\/span><strong><span class=\"tm5\">Duale Erd-Frequenz-Generator<\/span><\/strong><span class=\"tm8\"> erzeugt die Schumann-Resonanz (die Erdfrequenz) von 7,83 Hz und \u00fcbertr\u00e4gt diese in Ihre Wohnumgebung.<\/span><\/p>\n<p class=\"Normal tm6 tm7\"><span class=\"tm8\">\u00a0<\/span><\/p>\n<p class=\"Normal tm6 tm7\"><span class=\"tm8\">Es handelt sich um die Erdfrequenz, die f\u00fcr das Wohlergehen allen Lebens auf der Erde und damit auch f\u00fcr den Menschen unabdingbar ist! &#8222;Der Herzschlag der Erde&#8220;. Wenn diese Frequenz nicht vorhanden ist oder durch andere Strahlung wie 5G, 4G, Wi-Fi, Bluetooth, Mikrowelle oder das Mobiltelefon verdr\u00e4ngt wird, kann es zu Beschwerden wie Angst, Unruhe, Stress oder allgemeinem Unwohlsein kommen. Der K\u00f6rper k\u00f6nnte aus dem Gleichgewicht geraten und es k\u00f6nnen dann vage Beschwerden wie M\u00fcdigkeit, Kopfschmerzen und andere auftreten.<br \/>\n<\/span><\/p>\n<p class=\"Normal tm6 tm7\"><span class=\"tm8\">Mit Ihrem neuen <\/span><strong><span class=\"tm5\">Duale Erdfrequenz-Generator<\/span><\/strong><span class=\"tm8\"> k\u00f6nnen Sie etwas dagegen tun, die Resonanz von Mutter Erde, die Schumann Frequenz, wieder in Ihr Leben bringen. Der neue <\/span><strong><span class=\"tm5\">Duale Erdfrequenz-Generator<\/span><\/strong><span class=\"tm8\"> emittiert ein Vibrationsfeld von eben diesen 7,83 Hz. Mit Hilfe eines im Dezember 2020 verbesserten Sendesystems ist dieses Schwingungsfeld noch st\u00e4rker und daher noch besser dazu geeignet, die immer mehr zunehmende Masse an fremden Strahlungen um uns herum f\u00fcr uns zu neutralisieren. Mit dem neuen <\/span><strong><span class=\"tm5\">Duale Erdfrequenz-Generator<\/span><\/strong><span class=\"tm8\"> ist es m\u00f6glich, Ihr Wohnumfeld aber auch Ihre Arbeitsumgebung besser zu harmonisieren. Er kann auch dazu beitragen, den Schlaf zu verbessern, Verspannungen und Schmerzen zu lindern und St\u00f6rungen beim Trinken und Essen zu harmonisieren. <\/span><\/p>\n<p class=\"Normal tm6 tm7\"><span class=\"tm8\">\u00a0<\/span><\/p>\n<p class=\"Normal tm6 tm7\"><span class=\"tm8\">Weitere Informationen dazu geben wir in unserem <\/span><strong><span class=\"tm5\">Blog-Artikel<\/span><\/strong><span class=\"tm8\">: \u201e<strong><a href=\"https:\/\/shop.nlq24.eu\/zurueck-zur-eigenfrequenz\/\">Zur\u00fcck zur Eigenfrequenz<\/a><\/strong>&#8222;. Mit dem <\/span><strong><span class=\"tm5\">Dualen Erd-Frequenz-Generator<\/span><\/strong><span class=\"tm8\">. Ausf\u00fchrliche weitere Infos finden Sie im Blog im Artikel: <a href=\"https:\/\/shop.nlq24.eu\/de\/weitere-info-erdfrequenzgenerator\/\"><strong>Information zum Erdfrequenzgenerator.<\/strong><\/a><\/span><\/p>\n<p>Hier findest du die <strong><a href=\"https:\/\/shop.nlq24.eu\/de\/anleitung-dualer-erdfrequenzgenerator\/\">Bedienungsanleitung zum dualen Erdfrequenzgenerator<\/a><\/strong><\/p>\n<p class=\"Normal tm5 tm6\"><strong><span class=\"tm8\">Ihre Vorteile:<\/span><\/strong><\/p>\n<p class=\"Normal tm5 tm6\"><span class=\"tm7\">\u2713 Elektromagnetische Strahlung wirkungsvoll neutralisieren.<\/span><\/p>\n<p class=\"Normal tm5 tm6\"><span class=\"tm7\">\u2713 Mehr Ausgewogenheit und Frieden in Ihrer Umgebung<\/span><\/p>\n<p class=\"Normal tm5 tm6\"><span class=\"tm7\">\u2713 Hochwertiges Produkt<\/span><\/p>\n<p class=\"Normal tm6 tm7\"><span class=\"tm8\">Kaufen Sie sich noch heute Ihren <\/span><strong><span class=\"tm5\">Dualen Erd-Frequenz-Generator zur Herstellung der Schumann Frequenz!<\/span><\/strong><\/p>\n<p>Das Ger\u00e4t ist mit 9 cm l\u00e4nge und ca. 4,5 cm breite sehr handlich und kann durch seinem Batteriebetrieb auch sehr gut mobil unterwegs benutzt werden. Z.B. im Auto, Wohnmobil, Camping oder Boot.<\/p>\n<p>Lieferung ohne LR03 Batterie.<\/p>\n<h3>Bedienung Erdfrequenzgenerator<\/h3>\n<p>Die Bedienung ist ganz einfach: Dr\u00fccken Sie 3 Sekunden auf den ON Schalter. Danach f\u00e4hrt der Prozessor hoch und gibt dann die Frequenz permanent ab. Zuerst leuchtet die Diode schneller und wird dann langsamer, bis sie langsam, ab und an blinkt.<\/p>\n<p>Schalten Sie den Erdfrequenzgenerator ab, wenn Sie diesen nicht mehr nutzen wollen. Dazu dr\u00fccken Sie wieder 3 Sekunden auf den ON Schalter. Anschlie\u00dfend geht dieser aus.<\/p>\n<p>Die Diode mit dem Mond Zeichen ist aktiv, wenn Sie den Prozessor neu starten. Dazu dr\u00fccken Sie bei eingeschaltetem Ger\u00e4t einmal kurz die ON- Taste. F\u00fcr eine kurze Zeit blinken dann beide Dioden, bis der Prozessor sich neu justiert hat. Dieser Vorgang ist grunds\u00e4tzlich nicht n\u00f6tig.<\/p>\n<p>&nbsp;<\/p>\n<p>Die gr\u00fcne Diode des EFG blinkt nach dem Anschalten zun\u00e4chst alle 0,5 Sekunden und f\u00e4hrt sich hoch. Dann wechselt er in den Stromsparmodus (Modus 3 = Dauermodus), den normalen Modus. Dabei blinkt die Diode dann nur noch alle 3 Sekunden.<\/p>\n<h3>Aufstellen des Erdfrequenzgenerators<\/h3>\n<p>Stellen Sie den Erdfrequenzgenerator im Raum auf. Die Frequenz wird vom vorderen breiten Teil des Generators ausgesendet. Richten Sie diesen auf den Platz \/Raum, an dem Sie sich aufhalten. Um so dichter der Erdfrequenzgenerator ist, desto st\u00e4rker ist die Wirkung der Erdfrequenz, die ausgesendet wird. Daher kann auch das Tragen in der Hosentasche sinnvoll sein. Ebenso das Mitf\u00fchren im Auto\/ Caravan\/ Wohnmobil\/Boot.<\/p>\n<p>Berichten Sie gern \u00fcber Ihre Erfahrungen mit dem Erdfrequenzgenerator in der Produktbewertung oder im G\u00e4stebuch.<\/p>\n<p>Hier geht es zur\u00a0 <a href=\"https:\/\/shop.nlq24.eu\/wp-content\/uploads\/2021\/05\/Anleitung-Dualer-EFG-Erdfrequenz-Generator-Gebrauchsanweisung-DE.pdf\">Anleitung Dualer EFG Erdfrequenz Generator Gebrauchsanweisung DE<\/a><\/p>\n","protected":false},"excerpt":{"rendered":"<p>Dualer Erdfrequenz-Generator &#8211; Schumann Frequenz<\/p>\n","protected":false},"featured_media":74148,"comment_status":"open","ping_status":"closed","template":"","meta":[],"product_brand":[],"product_cat":[81,2928],"product_tag":[2933,3951,2930,2931,2932],"class_list":{"0":"post-74147","1":"product","2":"type-product","3":"status-publish","4":"has-post-thumbnail","6":"product_cat-alle-produkte-im-ueberblick","7":"product_cat-frequenztechnik-elektrosmog","8":"product_tag-frequenz-generator","9":"product_tag-dualer-erdfrequenz","10":"product_tag-dualer-erdfrequenz-generator-schumann-frequenz","11":"product_tag-erdfrequenz","12":"product_tag-schumann-frequenz","13":"product_shipping_class-standard","15":"first","16":"instock","17":"taxable","18":"shipping-taxable","19":"purchasable","20":"product-type-simple"},"_links":{"self":[{"href":"https:\/\/shop.nlq24.eu\/de\/wp-json\/wp\/v2\/product\/74147","targetHints":{"allow":["GET"]}}],"collection":[{"href":"https:\/\/shop.nlq24.eu\/de\/wp-json\/wp\/v2\/product"}],"about":[{"href":"https:\/\/shop.nlq24.eu\/de\/wp-json\/wp\/v2\/types\/product"}],"replies":[{"embeddable":true,"href":"https:\/\/shop.nlq24.eu\/de\/wp-json\/wp\/v2\/comments?post=74147"}],"wp:featuredmedia":[{"embeddable":true,"href":"https:\/\/shop.nlq24.eu\/de\/wp-json\/wp\/v2\/media\/74148"}],"wp:attachment":[{"href":"https:\/\/shop.nlq24.eu\/de\/wp-json\/wp\/v2\/media?parent=74147"}],"wp:term":[{"taxonomy":"product_brand","embeddable":true,"href":"https:\/\/shop.nlq24.eu\/de\/wp-json\/wp\/v2\/product_brand?post=74147"},{"taxonomy":"product_cat","embeddable":true,"href":"https:\/\/shop.nlq24.eu\/de\/wp-json\/wp\/v2\/product_cat?post=74147"},{"taxonomy":"product_tag","embeddable":true,"href":"https:\/\/shop.nlq24.eu\/de\/wp-json\/wp\/v2\/product_tag?post=74147"}],"curies":[{"name":"wp","href":"https:\/\/api.w.org\/{rel}","templated":true}]}}