{"id":74219,"date":"2020-12-18T19:00:56","date_gmt":"2020-12-18T19:00:56","guid":{"rendered":"https:\/\/shop.nlq24.eu\/?post_type=product&#038;p=74219"},"modified":"2026-04-15T12:42:12","modified_gmt":"2026-04-15T12:42:12","slug":"lebensumfeld-polarisierer-3","status":"publish","type":"product","link":"https:\/\/shop.nlq24.eu\/de\/Produkt\/lebensumfeld-polarisierer-3\/","title":{"rendered":"Lebensumfeld Polarisierer"},"content":{"rendered":"<h3><strong>Lebensumfeld Polarisierer\u00a0<\/strong><\/h3>\n<h3><strong>Neutralisierung von sch\u00e4dlichen Wellenl\u00e4ngen<\/strong><\/h3>\n<p class=\"Normal tm5 tm7\"><span class=\"tm8\">Ein Ger\u00e4t, welches du an einem festen Platz in deiner Wohnung aufstellen oder einstecken kannst. Das ist dein neuer <\/span><strong><span class=\"tm9\">Lebensumfeld\u00a0Polarisierer<\/span><\/strong><span class=\"tm8\">. Sein Antennensystem neutralisiert sch\u00e4dliche Wellenl\u00e4ngen. Zudem werden durch das Ger\u00e4t normale, nat\u00fcrliche Frequenzen wiederhergestellt, verst\u00e4rkt verbessert. Dank dem <\/span><strong><span class=\"tm9\">Lebensumfeld Polarisierer\u00a0<\/span><\/strong><span class=\"tm8\">kannst du die unsichtbare unerw\u00fcnschte Auswirkung negativer Strahlung vermindern. Und nicht nur das: Du kannst sie damit in etwas Positives verwandeln. Auch die Qualit\u00e4t deines Wasser zu Hause, wird durch das Ger\u00e4t positiv beeinflusst.<\/span><\/p>\n<p class=\"Normal tm5 tm7\"><span class=\"tm8\">\u00a0<\/span><\/p>\n<h3><strong>Energiereiches Wasser<\/strong><\/h3>\n<p class=\"Normal tm5 tm7\"><span class=\"tm8\">Ist das elektrische Leitungssystem in deinem Haus mit der Wasserleitung geerdet? Dann werden auch die elektrischen Muster der Stoffe im Wasser,dank des Polarisators, korrigiert. Normalerweise zerstreut Wasser Energien. Mit dem Polarisierer wird das Wasser stattdessen Energie geben. Damit verbessert der Lebensfeld Polarisierer sofort auch die <strong>Qualit\u00e4t des Wassers<\/strong> im Haus.<\/span><\/p>\n<p class=\"Normal tm5 tm7\"><span class=\"tm8\">\u00a0<\/span><\/p>\n<h3><strong>Was ist der Lebensumfeld Polarisierer?<\/strong><\/h3>\n<p class=\"Normal tm5 tm7\"><span class=\"tm8\">Dieses Antennensystem, welches einen unendlich gro\u00dfen Bereich von Wellenl\u00e4ngen absorbiert, zusammenfasst (konzentriert), neu gruppiert, umkehrt (invertiert) und wieder ausstrahlt, kann eine neue Harmonie in dein Leben bringen. Diese Version wurde speziell f\u00fcr deine Wohn- und Arbeitsumgebung konzipiert. Durch den Anschluss an die Steckdose vergr\u00f6\u00dfern Sie das Antennensystem und erh\u00f6hen die Reichweite um ein vielfaches.<\/span><\/p>\n<p class=\"Normal tm5 tm7\"><span class=\"tm8\">\u00a0<\/span><\/p>\n<h4 class=\"Normal tm5 tm7\"><strong><span class=\"tm9\">Wie funktioniert die Polarisierung?<\/span><\/strong><\/h4>\n<p class=\"Normal tm5 tm7\"><span class=\"tm8\">Die Strahlung ist heutzutage \u00fcberall. Denke an Mikrowellen, Fernsehger\u00e4te, Leuchtstoffr\u00f6hren, Fernseh- und Radarstationen, Mikrowellen-Sendemasten, Sendemasten, Radio- und Telefonger\u00e4te, das DECT-Telefon, Computer, das Stromnetz, Werkzeuge und Ger\u00e4te, die von Wechselstrommotoren angetrieben werden. Zu all dem kommen dann noch h\u00e4usliche Einfl\u00fcsse, wie Wi-Fi, WLAN, Handys und auch der \u201eSmart Meter\u201c &#8211; Stromz\u00e4hler im Z\u00e4hlerschrank.<\/span><\/p>\n<p class=\"Normal tm5 tm7\"><span class=\"tm8\">\u00a0<\/span><\/p>\n<p class=\"Normal tm5 tm7\"><span class=\"tm8\">Ich finde es \u00fcbrigens v\u00f6llig inakzeptabel, dass durch derartig viele unnat\u00fcrliche Strahlungsquellen zum Teil ernsthafte Gesundheitssch\u00e4den auftreten k\u00f6nnten. <\/span><\/p>\n<p class=\"Normal tm5 tm7\"><span class=\"tm8\">\u00a0<\/span><\/p>\n<h4 class=\"Normal tm5 tm7\"><strong><span class=\"tm9\">Warum sollten Sie einen Lebensumfeld-Polarisierer benutzen?<\/span><\/strong><\/h4>\n<p class=\"Normal tm5 tm7\"><span class=\"tm8\">&#8211; Ein <\/span><strong><span class=\"tm9\">Lebensumfeld-Polarisierer <\/span><\/strong><span class=\"tm8\">sch\u00fctzt und optimiert biologische Systeme ebenso, wie alle Formen des Lebens.<\/span><\/p>\n<p class=\"Normal tm5 tm7\"><span class=\"tm8\">&#8211; Jedes Medium wie z.B.: Wasser, Fl\u00fcssigkeiten, Lebensmittel, Pflanzen sowie Menschen und Tiere haben ein Frequenzfeld und \u00fcbertragen so auch Informationen. Neben der Normalisierung der elektromagnetischen Umgebung und der Reduzierung von Elektrosmog wird unser Energiefeld (auch Aura genannt) durch die Eliminierung behindernder dissonanter Schwingungen gesch\u00fctzt.<\/span><\/p>\n<p class=\"Normal tm5 tm7\"><span class=\"tm8\">&#8211; Neben dem Schutz vor und der Neutralisierung von sch\u00e4dlichen Wellenl\u00e4ngen hat dieser Polarisator auch eine wiederherstellende, verst\u00e4rkende und vitalisierende Wirkung auf die normalen Frequenzen der Zellvibrationen.<\/span><\/p>\n<p class=\"Normal tm5 tm7\"><span class=\"tm8\">&#8211; Wenn das elektrische Leitungssystem in Ihrem Haus mit der Wasserversorgung geerdet wird, werden durch den Polarisierer auch die elektrischen Muster der in dem Wasser enthaltenen Substanzen korrigiert. Mit Ihrem Polarisierer energetisierst und nutz du das Wasser so, dass die Schwingungen besser sind, als bei jedem kommerziell destillierten Wasser. Dies wurde getestet.<\/span><\/p>\n<p class=\"Normal tm5 tm7\"><strong><span class=\"tm9\">\u00a0<\/span><\/strong><\/p>\n<h3><strong>Wie funktioniert der Lebensumfeld-Polarisierer?<\/strong><\/h3>\n<p class=\"Normal tm5 tm7\"><span class=\"tm8\">&#8211; Dieser Polarisierer wird weder mit Strom, noch mit Batterien betrieben. Er arbeitet\u00a0 als Antennensystem welches harmonisierend wirkt. Daher ist die Leistung gleichbleibend hoch. Er hat ein eingebautes Antennensystem. Der <\/span><strong><span class=\"tm9\">Lebensumfeld-Polarisierer<\/span><\/strong><span class=\"tm8\">\u00a0wird in eine Steckdose gesteckt und verwendet so die Verkabelung in dem Stromkreis des Hauses als Antenne.<\/span><\/p>\n<p class=\"Normal tm5 tm7\"><span class=\"tm8\">&#8211; Alle Teile des <\/span><strong><span class=\"tm9\">Lebensumfeld-Polarisierer<\/span><\/strong><span class=\"tm8\">\u00a0werden in einem &#8222;Bad der Frequenzen&#8220; intensiv mit Frequenzen \u201ebehandelt\u201c. Diese werden eine Stunde lang mit den Informationen des \u201eMultiwellen-Oszillators\u201c programmiert. Dieser verwendet einen Frequenzbereich von 144 Hz bis 12.300 GHz. Die Kraft von Ihrem neuen <\/span><strong><span class=\"tm9\">Lebensumfeld-Polarisierer <\/span><\/strong><span class=\"tm8\">ist daher noch intensiver. Dadurch bringt er sogar einen Vorteil gegen\u00fcber den Vorg\u00e4nger Modellen.<\/span><\/p>\n<p class=\"Normal tm5 tm7\"><span class=\"tm8\">&#8211; Dieser Polarisator wurde speziell f\u00fcr Ihr zu Hause oder f\u00fcr Ihre Arbeitsr\u00e4ume entwickelt. Er nutzt das gesamte Verkabelungssystem im Haus als <strong>leistungsstarke Antenne<\/strong>.<\/span><\/p>\n<p class=\"Normal tm5 tm7\"><span class=\"tm8\">&#8211; Harmonische Schwingungen werden auf das gesamtes Grundst\u00fcck und in Ihr Umfeld \u00fcbertragen. Die elektrischen Felder aller Ger\u00e4te, die an das Stromnetz angeschlossen sind, stehen so im Einklang mit Ihren biologischen Lebenssystemen.<\/span><\/p>\n<p class=\"Normal tm5 tm7\"><span class=\"tm8\">&#8211; Normalerweise wird nur ein Polarisator f\u00fcr jedes elektrische Stromnetz ben\u00f6tigt. Bei schwerer Belastung kann aber auch mehr n\u00f6tig sein.<\/span><\/p>\n<p class=\"Normal tm5 tm7\"><span class=\"tm8\">\u00a0MEHR INFORMATIONEN? <strong><a href=\"https:\/\/shop.nlq24.eu\/de\/lebensumfeld-polarisierer-info\/\">Klicke HIER<\/a><\/strong>.<\/span><\/p>\n<p class=\"Normal tm5\"><strong><span class=\"tm9\">Hinweis: <\/span><\/strong><\/p>\n<p class=\"Normal tm5\"><span class=\"tm8\">Sei vorsichtig, wenn du<\/span><span class=\"tm8\">\u00a0den <\/span><strong><span class=\"tm9\">Lebensumfeld Polarisierer <\/span><\/strong><span class=\"tm8\">transportierst:<br \/>\nDer Polarisierer sollte nicht herunterfallen oder nass werden. Sollte dies einmal versehentlich geschehen und er macht beim leichten Sch\u00fctteln des Ger\u00e4tes ein klapperndes Ger\u00e4usch, senden diesen zur Reparatur ein oder kaufen einen neuen<\/span><span class=\"tm8\"> Polarisierer.<\/span><\/p>\n<p>&nbsp;<\/p>\n<h3>Bedienungsanleitung f\u00fcr den Lebensumfeld-Polarisierer<\/h3>\n<p>Stecke den Lebensumfeld-Polarisierer einfach in die Steckdose. Damit benutzt dieser dann das Stromnetz im Haus als Antenne, um dadurch, negativ wirkende Strahlen aufzufangen. In dem Polarisierer\u00a0 werden diese dann invertiert (neutralisiert). Wenn zudem Ihr Stromnetz auch noch an dem Wasserleitungsnetz geerdet ist, nutzen er auch dieses zus\u00e4tzlich als Antenne. Oder trage diesen z.B. im Rucksack bei dir. So einfach ist das&#8230;<\/p>\n<p>&nbsp;<\/p>\n<p class=\"Normal tm5\"><span class=\"tm8\">Nun viel Spa\u00df mit der neuen Harmonie&#8230;<\/span><\/p>\n","protected":false},"excerpt":{"rendered":"<h3><strong>Lebensumfeld Polarisierer<\/strong><\/h3>\n","protected":false},"featured_media":87456,"comment_status":"open","ping_status":"closed","template":"","meta":[],"product_brand":[],"product_cat":[2879,2928],"product_tag":[2966,3760,2962,2964,2965],"class_list":{"0":"post-74219","1":"product","2":"type-product","3":"status-publish","4":"has-post-thumbnail","6":"product_cat-weihnachtstipps","7":"product_cat-frequenztechnik-elektrosmog","8":"product_tag-energiefelder","9":"product_tag-polarisierer-plus","10":"product_tag-lebensumfeld-polarisierer-3","11":"product_tag-antennensysteme","12":"product_tag-positive-energie","13":"product_shipping_class-standard","15":"first","16":"instock","17":"taxable","18":"shipping-taxable","19":"purchasable","20":"product-type-simple"},"_links":{"self":[{"href":"https:\/\/shop.nlq24.eu\/de\/wp-json\/wp\/v2\/product\/74219","targetHints":{"allow":["GET"]}}],"collection":[{"href":"https:\/\/shop.nlq24.eu\/de\/wp-json\/wp\/v2\/product"}],"about":[{"href":"https:\/\/shop.nlq24.eu\/de\/wp-json\/wp\/v2\/types\/product"}],"replies":[{"embeddable":true,"href":"https:\/\/shop.nlq24.eu\/de\/wp-json\/wp\/v2\/comments?post=74219"}],"wp:featuredmedia":[{"embeddable":true,"href":"https:\/\/shop.nlq24.eu\/de\/wp-json\/wp\/v2\/media\/87456"}],"wp:attachment":[{"href":"https:\/\/shop.nlq24.eu\/de\/wp-json\/wp\/v2\/media?parent=74219"}],"wp:term":[{"taxonomy":"product_brand","embeddable":true,"href":"https:\/\/shop.nlq24.eu\/de\/wp-json\/wp\/v2\/product_brand?post=74219"},{"taxonomy":"product_cat","embeddable":true,"href":"https:\/\/shop.nlq24.eu\/de\/wp-json\/wp\/v2\/product_cat?post=74219"},{"taxonomy":"product_tag","embeddable":true,"href":"https:\/\/shop.nlq24.eu\/de\/wp-json\/wp\/v2\/product_tag?post=74219"}],"curies":[{"name":"wp","href":"https:\/\/api.w.org\/{rel}","templated":true}]}}