{"id":74246,"date":"2020-12-20T12:42:12","date_gmt":"2020-12-20T12:42:12","guid":{"rendered":"https:\/\/shop.nlq24.eu\/?post_type=product&#038;p=74246"},"modified":"2024-02-14T17:58:51","modified_gmt":"2024-02-14T17:58:51","slug":"alkalische-wasserflasche-quantum-energy","status":"publish","type":"product","link":"https:\/\/shop.nlq24.eu\/de\/Produkt\/alkalische-wasserflasche-quantum-energy\/","title":{"rendered":"Alkalische Wasserflasche &#8211; Quantum Energy  nicht mehr lieferbar"},"content":{"rendered":"<p>Die Alkalische Wasserflasche &#8211; Quantum Energy macht Ihr Wasser basisch und versetzt es mit positiver Energie. Quantum Energy Wasserflasche<\/p>\n<p>Preis gesenkt wegen leichter Korrosion an den Senkelhaltern an der Au\u00dfentasche.<\/p>\n<p>Machen Sie Ihr Trinkwasser alkalisch, neutralisieren Sie k\u00f6rpereigene sauren Substanzen und halten das pH Gleichgewicht.<\/p>\n<p>&nbsp;<\/p>\n<h3>Wasser mit negativen Ionen wirkt positiv:<\/h3>\n<p>Das neue Potentialwasser, welches Sie mit einem ORP unter -200mV in ca. 3-5 Minuten selbst herstellen, ist ein<br \/>\nstarkes Antioxidans, welches freie Radikale beseitigt und damit die Immunit\u00e4t st\u00e4rken soll. Base soll ja die Alterungsprozess bremsen.<\/p>\n<p>&nbsp;<\/p>\n<h3>N\u00fctzliche Mikroelemente verbessern das Wasser:<\/h3>\n<p>Verschiedene nat\u00fcrliche Mineralstoffe sind nach der Aufbewahrung und Energetisierung in Ihrem Wasser enthalten, die den K\u00f6rper mit notwendigen Mikroelementen versorgen.<\/p>\n<p>Diese Flasche Energetisiert Wasser mit kleinen molekularen Clustern Strukturen:<\/p>\n<p>Die Energetisierung durch die enthaltenen Steine soll die Diffusionsf\u00e4higkeit und Sauerstoff-Affinit\u00e4t, dieses energetisierten Wassers verbessern. Dadurch sollen N\u00e4hrstoffe und mehr Sauerstoff in die K\u00f6rperzellen aufgenommen werden. Eine bessere Zellg\u00e4ngigkeit soll so den Stoffwechseln verbessern.<\/p>\n<p>&nbsp;<\/p>\n<h3>Gut auch f\u00fcr unterwegs<\/h3>\n<p>Diese Flasche ist aus 304er Edelstahl hergestellt. Sie ist mit Ihrer Gr\u00f6\u00dfe klein (ca. 360 ml) und leicht. Daher ist sie bequem f\u00fcr unterwegs nutzbar.<br \/>\nGenie\u00dfen Sie gesundes Energiewasser genie\u00dfen, wo auch immer Sie!<br \/>\nHandlich mit Umh\u00e4nge-Gurt auch f\u00fcr unterwegs!<\/p>\n<p>Genie\u00dfen Sie jetzt Ihr basisches Energiewasser!<\/p>\n","protected":false},"excerpt":{"rendered":"<p>Alkalische Wasserflasche &#8211; Quantum Energy<\/p>\n","protected":false},"featured_media":74253,"comment_status":"open","ping_status":"closed","template":"","meta":[],"product_brand":[],"product_cat":[50,416],"product_tag":[2983,2703,2980,2981,2982],"class_list":{"0":"post-74246","1":"product","2":"type-product","3":"status-publish","4":"has-post-thumbnail","6":"product_cat-umkehrosmose-anlagen-wasserfilter","7":"product_cat-wasserveredelung-wasserfilter","8":"product_tag-basisches-wasser","9":"product_tag-energie-wasser","10":"product_tag-alkalische-wasserflasche-quantum-energy","11":"product_tag-tachyon-wasser","12":"product_tag-tachyon-energie","13":"product_shipping_class-standard","15":"first","16":"outofstock","17":"sale","18":"taxable","19":"shipping-taxable","20":"purchasable","21":"product-type-simple"},"_links":{"self":[{"href":"https:\/\/shop.nlq24.eu\/de\/wp-json\/wp\/v2\/product\/74246","targetHints":{"allow":["GET"]}}],"collection":[{"href":"https:\/\/shop.nlq24.eu\/de\/wp-json\/wp\/v2\/product"}],"about":[{"href":"https:\/\/shop.nlq24.eu\/de\/wp-json\/wp\/v2\/types\/product"}],"replies":[{"embeddable":true,"href":"https:\/\/shop.nlq24.eu\/de\/wp-json\/wp\/v2\/comments?post=74246"}],"wp:featuredmedia":[{"embeddable":true,"href":"https:\/\/shop.nlq24.eu\/de\/wp-json\/wp\/v2\/media\/74253"}],"wp:attachment":[{"href":"https:\/\/shop.nlq24.eu\/de\/wp-json\/wp\/v2\/media?parent=74246"}],"wp:term":[{"taxonomy":"product_brand","embeddable":true,"href":"https:\/\/shop.nlq24.eu\/de\/wp-json\/wp\/v2\/product_brand?post=74246"},{"taxonomy":"product_cat","embeddable":true,"href":"https:\/\/shop.nlq24.eu\/de\/wp-json\/wp\/v2\/product_cat?post=74246"},{"taxonomy":"product_tag","embeddable":true,"href":"https:\/\/shop.nlq24.eu\/de\/wp-json\/wp\/v2\/product_tag?post=74246"}],"curies":[{"name":"wp","href":"https:\/\/api.w.org\/{rel}","templated":true}]}}